{"id":13041,"date":"2023-03-20T23:47:45","date_gmt":"2023-03-20T22:47:45","guid":{"rendered":"https:\/\/micasatucasaibiza.com\/?page_id=13041"},"modified":"2026-03-11T01:23:04","modified_gmt":"2026-03-11T00:23:04","slug":"ibiza-concierge-services","status":"publish","type":"page","link":"https:\/\/micasatucasaibiza.com\/de\/unser-concierge-service\/","title":{"rendered":"Concierge"},"content":{"rendered":"<p>Sobald Sie Ihre luxuri\u00f6se Villa von Mi Casa Tu Casa gebucht haben, ist es Zeit f\u00fcr uns, Ihnen dabei zu helfen, Ihren Aufenthalt noch angenehmer zu gestalten. Unser Concierge-Manager bietet Ihnen gerne professionelle ortsbezogene Beratung, sowie einige reizvolle Zusatzleistungen sowohl in der Villa als auch au\u00dferhalb. Von einem K\u00fchlschrank mit leckerem Essen f\u00fcr Ihre Ankunft bis hin zu einem Privatkoch, der k\u00f6stliche mediterrane Leckereien zubereitet, oder einem herrlichen Bootscharter zum Strand von Formentera, k\u00f6nnen wir eine Reihe von Leistungen organisieren, um unvergessliche Erinnerungen zu schaffen. Bitte lesen Sie weiter und treffen Sie Ihre Wahl\u2026<\/p>","protected":false},"excerpt":{"rendered":"<p>Sobald Sie Ihre luxuri\u00f6se Villa von Mi Casa Tu Casa gebucht haben, ist es Zeit f\u00fcr uns, Ihnen dabei zu helfen, Ihren Aufenthalt noch angenehmer zu gestalten. Unser Concierge-Manager bietet &hellip;<\/p>\n","protected":false},"author":1,"featured_media":0,"parent":0,"menu_order":22,"comment_status":"closed","ping_status":"closed","template":"pages\/template-concierge.php","meta":{"_acf_changed":false,"footnotes":""},"class_list":["post-13041","page","type-page","status-publish","hentry"],"acf":[],"yoast_head":"<!-- This site is optimized with the Yoast SEO plugin v27.0 - https:\/\/yoast.com\/product\/yoast-seo-wordpress\/ -->\n<title>Concierge | Mi Casa Tu Casa Ibiza<\/title>\n<meta name=\"description\" content=\"Unsere Arbeit h\u00f6rt nicht auf, wenn Sie in einer unserer Villen ankommen. Wir k\u00f6nnen Ihnen bei allen Aspekten Ihres Urlaubs helfen.\" \/>\n<meta name=\"robots\" content=\"index, follow, max-snippet:-1, max-image-preview:large, max-video-preview:-1\" \/>\n<link rel=\"canonical\" href=\"\/de\/\" \/>\n<meta property=\"og:locale\" content=\"de_DE\" \/>\n<meta property=\"og:type\" content=\"article\" \/>\n<meta property=\"og:title\" content=\"Concierge | Mi Casa Tu Casa Ibiza\" \/>\n<meta property=\"og:description\" content=\"Unsere Arbeit h\u00f6rt nicht auf, wenn Sie in einer unserer Villen ankommen. Wir k\u00f6nnen Ihnen bei allen Aspekten Ihres Urlaubs helfen.\" \/>\n<meta property=\"og:url\" content=\"\/de\/\" \/>\n<meta property=\"og:site_name\" content=\"Mi Casa Tu Casa Ibiza\" \/>\n<meta property=\"article:publisher\" content=\"https:\/\/www.facebook.com\/MiCasaTuCasaIbiza\/\" \/>\n<meta property=\"article:modified_time\" content=\"2026-03-11T00:23:04+00:00\" \/>\n<meta name=\"twitter:label1\" content=\"Gesch\u00e4tzte Lesezeit\" \/>\n\t<meta name=\"twitter:data1\" content=\"1\u00a0Minute\" \/>\n<script type=\"application\/ld+json\" class=\"yoast-schema-graph\">{\"@context\":\"https:\/\/schema.org\",\"@graph\":[{\"@type\":\"WebPage\",\"@id\":\"https:\/\/micasatucasaibiza.com\/de\/ibiza-concierge-services\/\",\"url\":\"\/de\/\",\"name\":\"Concierge | Mi Casa Tu Casa Ibiza\",\"isPartOf\":{\"@id\":\"https:\/\/micasatucasaibiza.com\/de\/#website\"},\"datePublished\":\"2023-03-20T22:47:45+00:00\",\"dateModified\":\"2026-03-11T00:23:04+00:00\",\"description\":\"Unsere Arbeit h\u00f6rt nicht auf, wenn Sie in einer unserer Villen ankommen. Wir k\u00f6nnen Ihnen bei allen Aspekten Ihres Urlaubs helfen.\",\"breadcrumb\":{\"@id\":\"\/de\/#breadcrumb\"},\"inLanguage\":\"de\",\"potentialAction\":[{\"@type\":\"ReadAction\",\"target\":[[\"\/de\/\"]]}]},{\"@type\":\"BreadcrumbList\",\"@id\":\"\/de\/#breadcrumb\",\"itemListElement\":[{\"@type\":\"ListItem\",\"position\":1,\"name\":\"Home\",\"item\":\"https:\/\/micasatucasaibiza.com\/de\/\"},{\"@type\":\"ListItem\",\"position\":2,\"name\":\"Concierge\"}]},{\"@type\":\"WebSite\",\"@id\":\"https:\/\/micasatucasaibiza.com\/de\/#website\",\"url\":\"https:\/\/micasatucasaibiza.com\/de\/\",\"name\":\"Mi Casa Tu Casa Ibiza\",\"description\":\"Special villas. Exclusively managed.\",\"publisher\":{\"@id\":\"https:\/\/micasatucasaibiza.com\/de\/#organization\"},\"potentialAction\":[{\"@type\":\"SearchAction\",\"target\":{\"@type\":\"EntryPoint\",\"urlTemplate\":\"https:\/\/micasatucasaibiza.com\/de\/?s={search_term_string}\"},\"query-input\":{\"@type\":\"PropertyValueSpecification\",\"valueRequired\":true,\"valueName\":\"search_term_string\"}}],\"inLanguage\":\"de\"},{\"@type\":\"Organization\",\"@id\":\"https:\/\/micasatucasaibiza.com\/de\/#organization\",\"name\":\"Mi Casa Tu Casa Ibiza\",\"url\":\"https:\/\/micasatucasaibiza.com\/de\/\",\"logo\":{\"@type\":\"ImageObject\",\"inLanguage\":\"de\",\"@id\":\"https:\/\/micasatucasaibiza.com\/de\/#\/schema\/logo\/image\/\",\"url\":\"https:\/\/micasatucasaibiza.com\/wp-content\/uploads\/logo.gif\",\"contentUrl\":\"https:\/\/micasatucasaibiza.com\/wp-content\/uploads\/logo.gif\",\"width\":226,\"height\":97,\"caption\":\"Mi Casa Tu Casa Ibiza\"},\"image\":{\"@id\":\"https:\/\/micasatucasaibiza.com\/de\/#\/schema\/logo\/image\/\"},\"sameAs\":[\"https:\/\/www.facebook.com\/MiCasaTuCasaIbiza\/\",\"https:\/\/www.instagram.com\/micasatucasaibiza\/\"]}]}<\/script>\n<!-- \/ Yoast SEO plugin. -->","yoast_head_json":{"title":"Concierge | Mi Casa Tu Casa Ibiza","description":"Unsere Arbeit h\u00f6rt nicht auf, wenn Sie in einer unserer Villen ankommen. Wir k\u00f6nnen Ihnen bei allen Aspekten Ihres Urlaubs helfen.","robots":{"index":"index","follow":"follow","max-snippet":"max-snippet:-1","max-image-preview":"max-image-preview:large","max-video-preview":"max-video-preview:-1"},"canonical":"\/de\/","og_locale":"de_DE","og_type":"article","og_title":"Concierge | Mi Casa Tu Casa Ibiza","og_description":"Unsere Arbeit h\u00f6rt nicht auf, wenn Sie in einer unserer Villen ankommen. Wir k\u00f6nnen Ihnen bei allen Aspekten Ihres Urlaubs helfen.","og_url":"\/de\/","og_site_name":"Mi Casa Tu Casa Ibiza","article_publisher":"https:\/\/www.facebook.com\/MiCasaTuCasaIbiza\/","article_modified_time":"2026-03-11T00:23:04+00:00","twitter_misc":{"Gesch\u00e4tzte Lesezeit":"1\u00a0Minute"},"schema":{"@context":"https:\/\/schema.org","@graph":[{"@type":"WebPage","@id":"https:\/\/micasatucasaibiza.com\/de\/ibiza-concierge-services\/","url":"\/de\/","name":"Concierge | Mi Casa Tu Casa Ibiza","isPartOf":{"@id":"https:\/\/micasatucasaibiza.com\/de\/#website"},"datePublished":"2023-03-20T22:47:45+00:00","dateModified":"2026-03-11T00:23:04+00:00","description":"Unsere Arbeit h\u00f6rt nicht auf, wenn Sie in einer unserer Villen ankommen. Wir k\u00f6nnen Ihnen bei allen Aspekten Ihres Urlaubs helfen.","breadcrumb":{"@id":"\/de\/#breadcrumb"},"inLanguage":"de","potentialAction":[{"@type":"ReadAction","target":[["\/de\/"]]}]},{"@type":"BreadcrumbList","@id":"\/de\/#breadcrumb","itemListElement":[{"@type":"ListItem","position":1,"name":"Home","item":"https:\/\/micasatucasaibiza.com\/de\/"},{"@type":"ListItem","position":2,"name":"Concierge"}]},{"@type":"WebSite","@id":"https:\/\/micasatucasaibiza.com\/de\/#website","url":"https:\/\/micasatucasaibiza.com\/de\/","name":"Mi Casa Tu Casa Ibiza","description":"Special villas. Exclusively managed.","publisher":{"@id":"https:\/\/micasatucasaibiza.com\/de\/#organization"},"potentialAction":[{"@type":"SearchAction","target":{"@type":"EntryPoint","urlTemplate":"https:\/\/micasatucasaibiza.com\/de\/?s={search_term_string}"},"query-input":{"@type":"PropertyValueSpecification","valueRequired":true,"valueName":"search_term_string"}}],"inLanguage":"de"},{"@type":"Organization","@id":"https:\/\/micasatucasaibiza.com\/de\/#organization","name":"Mi Casa Tu Casa Ibiza","url":"https:\/\/micasatucasaibiza.com\/de\/","logo":{"@type":"ImageObject","inLanguage":"de","@id":"https:\/\/micasatucasaibiza.com\/de\/#\/schema\/logo\/image\/","url":"https:\/\/micasatucasaibiza.com\/wp-content\/uploads\/logo.gif","contentUrl":"https:\/\/micasatucasaibiza.com\/wp-content\/uploads\/logo.gif","width":226,"height":97,"caption":"Mi Casa Tu Casa Ibiza"},"image":{"@id":"https:\/\/micasatucasaibiza.com\/de\/#\/schema\/logo\/image\/"},"sameAs":["https:\/\/www.facebook.com\/MiCasaTuCasaIbiza\/","https:\/\/www.instagram.com\/micasatucasaibiza\/"]}]}},"_links":{"self":[{"href":"https:\/\/micasatucasaibiza.com\/de\/wp-json\/wp\/v2\/pages\/13041","targetHints":{"allow":["GET"]}}],"collection":[{"href":"https:\/\/micasatucasaibiza.com\/de\/wp-json\/wp\/v2\/pages"}],"about":[{"href":"https:\/\/micasatucasaibiza.com\/de\/wp-json\/wp\/v2\/types\/page"}],"author":[{"embeddable":true,"href":"https:\/\/micasatucasaibiza.com\/de\/wp-json\/wp\/v2\/users\/1"}],"replies":[{"embeddable":true,"href":"https:\/\/micasatucasaibiza.com\/de\/wp-json\/wp\/v2\/comments?post=13041"}],"version-history":[{"count":9,"href":"https:\/\/micasatucasaibiza.com\/de\/wp-json\/wp\/v2\/pages\/13041\/revisions"}],"predecessor-version":[{"id":18486,"href":"https:\/\/micasatucasaibiza.com\/de\/wp-json\/wp\/v2\/pages\/13041\/revisions\/18486"}],"wp:attachment":[{"href":"https:\/\/micasatucasaibiza.com\/de\/wp-json\/wp\/v2\/media?parent=13041"}],"curies":[{"name":"wp","href":"https:\/\/api.w.org\/{rel}","templated":true}]}}