{"id":13188,"date":"2023-03-16T17:06:07","date_gmt":"2023-03-16T16:06:07","guid":{"rendered":"https:\/\/micasatucasaibiza.com\/?page_id=13188"},"modified":"2025-06-19T11:34:48","modified_gmt":"2025-06-19T09:34:48","slug":"template-1-2","status":"publish","type":"page","link":"https:\/\/micasatucasaibiza.com\/de\/unser-concierge-service\/private-chef-bar-services\/","title":{"rendered":"Private Chef and Bar Services"},"content":{"rendered":"<p>Wir arbeiten mit ausgezeichneten K\u00f6chen zusammen, die unsere Villen bestens kennen und Ihnen k\u00f6stliche Gerichte zubereiten k\u00f6nnen. Es ist eine wunderbare M\u00f6glichkeit, in der Villa zu entspannen \u2013 stilvoll und ganz privat.<br data-start=\"1138\" data-end=\"1141\" \/>Ob Fr\u00fchst\u00fcck, Mittagessen, Abendessen oder ein pers\u00f6nlicher Koch rund um die Uhr \u2013 unser Chef-Partner geht ganz auf Ihre W\u00fcnsche ein.<br data-start=\"1274\" data-end=\"1277\" \/>Von mediterranen Grillabenden \u00fcber Fine Dining bis hin zu exquisitem Sushi \u2013 der Geschmack ist garantiert <em data-start=\"1383\" data-end=\"1394\">delicioso<\/em>.<br data-start=\"1395\" data-end=\"1398\" \/>Dank frischer Zutaten direkt vom Markt und aus den besten Bio-G\u00e4rten der Insel sind alle Gerichte gesund und voller Frische.<\/p>","protected":false},"excerpt":{"rendered":"<p>Wir arbeiten mit ausgezeichneten K\u00f6chen zusammen, die unsere Villen bestens kennen und Ihnen k\u00f6stliche Gerichte zubereiten k\u00f6nnen. Es ist eine wunderbare M\u00f6glichkeit, in der Villa zu entspannen \u2013 stilvoll und &hellip;<\/p>\n","protected":false},"author":1,"featured_media":13072,"parent":13041,"menu_order":27,"comment_status":"closed","ping_status":"closed","template":"pages\/template-service.php","meta":{"_acf_changed":false,"footnotes":""},"class_list":["post-13188","page","type-page","status-publish","has-post-thumbnail","hentry"],"acf":[],"yoast_head":"<!-- This site is optimized with the Yoast SEO plugin v27.4 - https:\/\/yoast.com\/product\/yoast-seo-wordpress\/ -->\n<title>| Private Chef and Bar Services | Mi Casa Tu Casa Ibiza<\/title>\n<meta name=\"robots\" content=\"index, follow, max-snippet:-1, max-image-preview:large, max-video-preview:-1\" \/>\n<link rel=\"canonical\" href=\"\/de\/\" \/>\n<meta property=\"og:locale\" content=\"de_DE\" \/>\n<meta property=\"og:type\" content=\"article\" \/>\n<meta property=\"og:title\" content=\"| Private Chef and Bar Services | Mi Casa Tu Casa Ibiza\" \/>\n<meta property=\"og:url\" content=\"\/de\/\" \/>\n<meta property=\"og:site_name\" content=\"Mi Casa Tu Casa Ibiza\" \/>\n<meta property=\"article:publisher\" content=\"https:\/\/www.facebook.com\/MiCasaTuCasaIbiza\/\" \/>\n<meta property=\"article:modified_time\" content=\"2025-06-19T09:34:48+00:00\" \/>\n<meta property=\"og:image\" content=\"https:\/\/micasatucasaibiza.com\/wp-content\/uploads\/2023\/02\/concierge-private-chefs.jpg\" \/>\n\t<meta property=\"og:image:width\" content=\"1120\" \/>\n\t<meta property=\"og:image:height\" content=\"786\" \/>\n\t<meta property=\"og:image:type\" content=\"image\/jpeg\" \/>\n<meta name=\"twitter:label1\" content=\"Gesch\u00e4tzte Lesezeit\" \/>\n\t<meta name=\"twitter:data1\" content=\"1\u00a0Minute\" \/>\n<script type=\"application\/ld+json\" class=\"yoast-schema-graph\">{\"@context\":\"https:\\\/\\\/schema.org\",\"@graph\":[{\"@type\":\"WebPage\",\"@id\":\"https:\\\/\\\/micasatucasaibiza.com\\\/de\\\/ibiza-concierge-services\\\/private-chef-bar-services\\\/\",\"url\":\"\\\/de\\\/\",\"name\":\"| Private Chef and Bar Services | Mi Casa Tu Casa Ibiza\",\"isPartOf\":{\"@id\":\"https:\\\/\\\/micasatucasaibiza.com\\\/de\\\/#website\"},\"primaryImageOfPage\":{\"@id\":\"\\\/de\\\/#primaryimage\"},\"image\":{\"@id\":\"\\\/#primaryimage\"},\"thumbnailUrl\":\"https:\\\/\\\/micasatucasaibiza.com\\\/wp-content\\\/uploads\\\/2023\\\/02\\\/concierge-private-chefs.jpg\",\"datePublished\":\"2023-03-16T16:06:07+00:00\",\"dateModified\":\"2025-06-19T09:34:48+00:00\",\"breadcrumb\":{\"@id\":\"\\\/de\\\/#breadcrumb\"},\"inLanguage\":\"de\",\"potentialAction\":[{\"@type\":\"ReadAction\",\"target\":[[\"\\\/de\\\/\"]]}]},{\"@type\":\"ImageObject\",\"inLanguage\":\"de\",\"@id\":\"\\\/de\\\/#primaryimage\",\"url\":\"https:\\\/\\\/micasatucasaibiza.com\\\/wp-content\\\/uploads\\\/2023\\\/02\\\/concierge-private-chefs.jpg\",\"contentUrl\":\"https:\\\/\\\/micasatucasaibiza.com\\\/wp-content\\\/uploads\\\/2023\\\/02\\\/concierge-private-chefs.jpg\",\"width\":1120,\"height\":786,\"caption\":\"Concierge Private Chefs\"},{\"@type\":\"BreadcrumbList\",\"@id\":\"\\\/de\\\/#breadcrumb\",\"itemListElement\":[{\"@type\":\"ListItem\",\"position\":1,\"name\":\"Home\",\"item\":\"https:\\\/\\\/micasatucasaibiza.com\\\/de\\\/\"},{\"@type\":\"ListItem\",\"position\":2,\"name\":\"Concierge\",\"item\":\"https:\\\/\\\/micasatucasaibiza.com\\\/de\\\/ibiza-concierge-services\\\/\"},{\"@type\":\"ListItem\",\"position\":3,\"name\":\"Private Chef and Bar Services\"}]},{\"@type\":\"WebSite\",\"@id\":\"https:\\\/\\\/micasatucasaibiza.com\\\/de\\\/#website\",\"url\":\"https:\\\/\\\/micasatucasaibiza.com\\\/de\\\/\",\"name\":\"Mi Casa Tu Casa Ibiza\",\"description\":\"Special villas. Exclusively managed.\",\"publisher\":{\"@id\":\"https:\\\/\\\/micasatucasaibiza.com\\\/de\\\/#organization\"},\"potentialAction\":[{\"@type\":\"SearchAction\",\"target\":{\"@type\":\"EntryPoint\",\"urlTemplate\":\"https:\\\/\\\/micasatucasaibiza.com\\\/de\\\/?s={search_term_string}\"},\"query-input\":{\"@type\":\"PropertyValueSpecification\",\"valueRequired\":true,\"valueName\":\"search_term_string\"}}],\"inLanguage\":\"de\"},{\"@type\":\"Organization\",\"@id\":\"https:\\\/\\\/micasatucasaibiza.com\\\/de\\\/#organization\",\"name\":\"Mi Casa Tu Casa Ibiza\",\"url\":\"https:\\\/\\\/micasatucasaibiza.com\\\/de\\\/\",\"logo\":{\"@type\":\"ImageObject\",\"inLanguage\":\"de\",\"@id\":\"https:\\\/\\\/micasatucasaibiza.com\\\/de\\\/#\\\/schema\\\/logo\\\/image\\\/\",\"url\":\"https:\\\/\\\/micasatucasaibiza.com\\\/wp-content\\\/uploads\\\/logo.gif\",\"contentUrl\":\"https:\\\/\\\/micasatucasaibiza.com\\\/wp-content\\\/uploads\\\/logo.gif\",\"width\":226,\"height\":97,\"caption\":\"Mi Casa Tu Casa Ibiza\"},\"image\":{\"@id\":\"https:\\\/\\\/micasatucasaibiza.com\\\/de\\\/#\\\/schema\\\/logo\\\/image\\\/\"},\"sameAs\":[\"https:\\\/\\\/www.facebook.com\\\/MiCasaTuCasaIbiza\\\/\",\"https:\\\/\\\/www.instagram.com\\\/micasatucasaibiza\\\/\"]}]}<\/script>\n<!-- \/ Yoast SEO plugin. -->","yoast_head_json":{"title":"| Private Chef and Bar Services | Mi Casa Tu Casa Ibiza","robots":{"index":"index","follow":"follow","max-snippet":"max-snippet:-1","max-image-preview":"max-image-preview:large","max-video-preview":"max-video-preview:-1"},"canonical":"\/de\/","og_locale":"de_DE","og_type":"article","og_title":"| Private Chef and Bar Services | Mi Casa Tu Casa Ibiza","og_url":"\/de\/","og_site_name":"Mi Casa Tu Casa Ibiza","article_publisher":"https:\/\/www.facebook.com\/MiCasaTuCasaIbiza\/","article_modified_time":"2025-06-19T09:34:48+00:00","og_image":[{"width":1120,"height":786,"url":"https:\/\/micasatucasaibiza.com\/wp-content\/uploads\/2023\/02\/concierge-private-chefs.jpg","type":"image\/jpeg"}],"twitter_misc":{"Gesch\u00e4tzte Lesezeit":"1\u00a0Minute"},"schema":{"@context":"https:\/\/schema.org","@graph":[{"@type":"WebPage","@id":"https:\/\/micasatucasaibiza.com\/de\/ibiza-concierge-services\/private-chef-bar-services\/","url":"\/de\/","name":"| Private Chef and Bar Services | Mi Casa Tu Casa Ibiza","isPartOf":{"@id":"https:\/\/micasatucasaibiza.com\/de\/#website"},"primaryImageOfPage":{"@id":"\/de\/#primaryimage"},"image":{"@id":"\/#primaryimage"},"thumbnailUrl":"https:\/\/micasatucasaibiza.com\/wp-content\/uploads\/2023\/02\/concierge-private-chefs.jpg","datePublished":"2023-03-16T16:06:07+00:00","dateModified":"2025-06-19T09:34:48+00:00","breadcrumb":{"@id":"\/de\/#breadcrumb"},"inLanguage":"de","potentialAction":[{"@type":"ReadAction","target":[["\/de\/"]]}]},{"@type":"ImageObject","inLanguage":"de","@id":"\/de\/#primaryimage","url":"https:\/\/micasatucasaibiza.com\/wp-content\/uploads\/2023\/02\/concierge-private-chefs.jpg","contentUrl":"https:\/\/micasatucasaibiza.com\/wp-content\/uploads\/2023\/02\/concierge-private-chefs.jpg","width":1120,"height":786,"caption":"Concierge Private Chefs"},{"@type":"BreadcrumbList","@id":"\/de\/#breadcrumb","itemListElement":[{"@type":"ListItem","position":1,"name":"Home","item":"https:\/\/micasatucasaibiza.com\/de\/"},{"@type":"ListItem","position":2,"name":"Concierge","item":"https:\/\/micasatucasaibiza.com\/de\/ibiza-concierge-services\/"},{"@type":"ListItem","position":3,"name":"Private Chef and Bar Services"}]},{"@type":"WebSite","@id":"https:\/\/micasatucasaibiza.com\/de\/#website","url":"https:\/\/micasatucasaibiza.com\/de\/","name":"Mi Casa Tu Casa Ibiza","description":"Special villas. Exclusively managed.","publisher":{"@id":"https:\/\/micasatucasaibiza.com\/de\/#organization"},"potentialAction":[{"@type":"SearchAction","target":{"@type":"EntryPoint","urlTemplate":"https:\/\/micasatucasaibiza.com\/de\/?s={search_term_string}"},"query-input":{"@type":"PropertyValueSpecification","valueRequired":true,"valueName":"search_term_string"}}],"inLanguage":"de"},{"@type":"Organization","@id":"https:\/\/micasatucasaibiza.com\/de\/#organization","name":"Mi Casa Tu Casa Ibiza","url":"https:\/\/micasatucasaibiza.com\/de\/","logo":{"@type":"ImageObject","inLanguage":"de","@id":"https:\/\/micasatucasaibiza.com\/de\/#\/schema\/logo\/image\/","url":"https:\/\/micasatucasaibiza.com\/wp-content\/uploads\/logo.gif","contentUrl":"https:\/\/micasatucasaibiza.com\/wp-content\/uploads\/logo.gif","width":226,"height":97,"caption":"Mi Casa Tu Casa Ibiza"},"image":{"@id":"https:\/\/micasatucasaibiza.com\/de\/#\/schema\/logo\/image\/"},"sameAs":["https:\/\/www.facebook.com\/MiCasaTuCasaIbiza\/","https:\/\/www.instagram.com\/micasatucasaibiza\/"]}]}},"_links":{"self":[{"href":"https:\/\/micasatucasaibiza.com\/de\/wp-json\/wp\/v2\/pages\/13188","targetHints":{"allow":["GET"]}}],"collection":[{"href":"https:\/\/micasatucasaibiza.com\/de\/wp-json\/wp\/v2\/pages"}],"about":[{"href":"https:\/\/micasatucasaibiza.com\/de\/wp-json\/wp\/v2\/types\/page"}],"author":[{"embeddable":true,"href":"https:\/\/micasatucasaibiza.com\/de\/wp-json\/wp\/v2\/users\/1"}],"replies":[{"embeddable":true,"href":"https:\/\/micasatucasaibiza.com\/de\/wp-json\/wp\/v2\/comments?post=13188"}],"version-history":[{"count":10,"href":"https:\/\/micasatucasaibiza.com\/de\/wp-json\/wp\/v2\/pages\/13188\/revisions"}],"predecessor-version":[{"id":17117,"href":"https:\/\/micasatucasaibiza.com\/de\/wp-json\/wp\/v2\/pages\/13188\/revisions\/17117"}],"up":[{"embeddable":true,"href":"https:\/\/micasatucasaibiza.com\/de\/wp-json\/wp\/v2\/pages\/13041"}],"wp:featuredmedia":[{"embeddable":true,"href":"https:\/\/micasatucasaibiza.com\/de\/wp-json\/wp\/v2\/media\/13072"}],"wp:attachment":[{"href":"https:\/\/micasatucasaibiza.com\/de\/wp-json\/wp\/v2\/media?parent=13188"}],"curies":[{"name":"wp","href":"https:\/\/api.w.org\/{rel}","templated":true}]}}