{"id":16463,"date":"2025-04-30T00:22:15","date_gmt":"2025-04-29T22:22:15","guid":{"rendered":"https:\/\/micasatucasaibiza.com\/?page_id=16463"},"modified":"2026-01-14T17:37:41","modified_gmt":"2026-01-14T16:37:41","slug":"ibiza-concierge-services-3","status":"publish","type":"page","link":"https:\/\/micasatucasaibiza.com\/de\/familienerlebnisse\/","title":{"rendered":"Familienerlebnisse"},"content":{"rendered":"<p>Ein Familienurlaub ist die beste Gelegenheit, um Erinnerungen zu schaffen, die ein Leben lang halten. Ganz gleich, ob Sie Ihre Zeit in einer unserer familienfreundlichen Villen auf Ibiza verbringen oder die Insel erkunden, wir haben sorgf\u00e4ltig eine Auswahl an Aktivit\u00e4ten und Abenteuern zusammengestellt, die Kinder und Erwachsene gleicherma\u00dfen begeistern. Vom Planschen im kristallklaren Wasser der besten Familienstr\u00e4nde Ibizas bis zur Erkundung von Naturpfaden und Pinienw\u00e4ldern zu Fu\u00df oder mit dem Fahrrad &#8211; jeder Tag ist ein neues Abenteuer. F\u00fcr die Kleinsten gibt es Kreativ-Workshops, umweltfreundliche Bauernh\u00f6fe oder Spielpl\u00e4tze mit Piratenthemen, w\u00e4hrend die Gr\u00f6\u00dferen sich in aufregende Outdoor-Sportarten wie Seilrutschen, Surfen auf einer Wellenmaschine, Paddleboarding oder Segelkurse st\u00fcrzen.<\/p>","protected":false},"excerpt":{"rendered":"<p>Ein Familienurlaub ist die beste Gelegenheit, um Erinnerungen zu schaffen, die ein Leben lang halten. Ganz gleich, ob Sie Ihre Zeit in einer unserer familienfreundlichen Villen auf Ibiza verbringen oder &hellip;<\/p>\n","protected":false},"author":18,"featured_media":0,"parent":0,"menu_order":33,"comment_status":"closed","ping_status":"closed","template":"pages\/template-concierge.php","meta":{"_acf_changed":false,"footnotes":""},"class_list":["post-16463","page","type-page","status-publish","hentry"],"acf":[],"yoast_head":"<!-- This site is optimized with the Yoast SEO plugin v27.0 - https:\/\/yoast.com\/product\/yoast-seo-wordpress\/ -->\n<title>Familienerlebnisse | Mi Casa Tu Casa Ibiza<\/title>\n<meta name=\"description\" content=\"Familienfreundliche Villen auf Ibiza mit individuellem Service. Wir organisieren Kinderaktivit\u00e4ten, Babysitter, Babyzubeh\u00f6r und Erlebnisse f\u00fcr die ganze Familie.\" \/>\n<meta name=\"robots\" content=\"index, follow, max-snippet:-1, max-image-preview:large, max-video-preview:-1\" \/>\n<link rel=\"canonical\" href=\"\/de\/\" \/>\n<meta property=\"og:locale\" content=\"de_DE\" \/>\n<meta property=\"og:type\" content=\"article\" \/>\n<meta property=\"og:title\" content=\"Familienerlebnisse | Mi Casa Tu Casa Ibiza\" \/>\n<meta property=\"og:description\" content=\"Familienfreundliche Villen auf Ibiza mit individuellem Service. Wir organisieren Kinderaktivit\u00e4ten, Babysitter, Babyzubeh\u00f6r und Erlebnisse f\u00fcr die ganze Familie.\" \/>\n<meta property=\"og:url\" content=\"\/de\/\" \/>\n<meta property=\"og:site_name\" content=\"Mi Casa Tu Casa Ibiza\" \/>\n<meta property=\"article:publisher\" content=\"https:\/\/www.facebook.com\/MiCasaTuCasaIbiza\/\" \/>\n<meta property=\"article:modified_time\" content=\"2026-01-14T16:37:41+00:00\" \/>\n<meta name=\"twitter:label1\" content=\"Gesch\u00e4tzte Lesezeit\" \/>\n\t<meta name=\"twitter:data1\" content=\"1\u00a0Minute\" \/>\n<script type=\"application\/ld+json\" class=\"yoast-schema-graph\">{\"@context\":\"https:\/\/schema.org\",\"@graph\":[{\"@type\":\"WebPage\",\"@id\":\"https:\/\/micasatucasaibiza.com\/de\/family-experiences\/\",\"url\":\"\/de\/\",\"name\":\"Familienerlebnisse | Mi Casa Tu Casa Ibiza\",\"isPartOf\":{\"@id\":\"https:\/\/micasatucasaibiza.com\/de\/#website\"},\"datePublished\":\"2025-04-29T22:22:15+00:00\",\"dateModified\":\"2026-01-14T16:37:41+00:00\",\"description\":\"Familienfreundliche Villen auf Ibiza mit individuellem Service. Wir organisieren Kinderaktivit\u00e4ten, Babysitter, Babyzubeh\u00f6r und Erlebnisse f\u00fcr die ganze Familie.\",\"breadcrumb\":{\"@id\":\"\/de\/#breadcrumb\"},\"inLanguage\":\"de\",\"potentialAction\":[{\"@type\":\"ReadAction\",\"target\":[[\"\/de\/\"]]}]},{\"@type\":\"BreadcrumbList\",\"@id\":\"\/de\/#breadcrumb\",\"itemListElement\":[{\"@type\":\"ListItem\",\"position\":1,\"name\":\"Home\",\"item\":\"https:\/\/micasatucasaibiza.com\/de\/\"},{\"@type\":\"ListItem\",\"position\":2,\"name\":\"Family Experiences\"}]},{\"@type\":\"WebSite\",\"@id\":\"https:\/\/micasatucasaibiza.com\/de\/#website\",\"url\":\"https:\/\/micasatucasaibiza.com\/de\/\",\"name\":\"Mi Casa Tu Casa Ibiza\",\"description\":\"Special villas. Exclusively managed.\",\"publisher\":{\"@id\":\"https:\/\/micasatucasaibiza.com\/de\/#organization\"},\"potentialAction\":[{\"@type\":\"SearchAction\",\"target\":{\"@type\":\"EntryPoint\",\"urlTemplate\":\"https:\/\/micasatucasaibiza.com\/de\/?s={search_term_string}\"},\"query-input\":{\"@type\":\"PropertyValueSpecification\",\"valueRequired\":true,\"valueName\":\"search_term_string\"}}],\"inLanguage\":\"de\"},{\"@type\":\"Organization\",\"@id\":\"https:\/\/micasatucasaibiza.com\/de\/#organization\",\"name\":\"Mi Casa Tu Casa Ibiza\",\"url\":\"https:\/\/micasatucasaibiza.com\/de\/\",\"logo\":{\"@type\":\"ImageObject\",\"inLanguage\":\"de\",\"@id\":\"https:\/\/micasatucasaibiza.com\/de\/#\/schema\/logo\/image\/\",\"url\":\"https:\/\/micasatucasaibiza.com\/wp-content\/uploads\/logo.gif\",\"contentUrl\":\"https:\/\/micasatucasaibiza.com\/wp-content\/uploads\/logo.gif\",\"width\":226,\"height\":97,\"caption\":\"Mi Casa Tu Casa Ibiza\"},\"image\":{\"@id\":\"https:\/\/micasatucasaibiza.com\/de\/#\/schema\/logo\/image\/\"},\"sameAs\":[\"https:\/\/www.facebook.com\/MiCasaTuCasaIbiza\/\",\"https:\/\/www.instagram.com\/micasatucasaibiza\/\"]}]}<\/script>\n<!-- \/ Yoast SEO plugin. -->","yoast_head_json":{"title":"Familienerlebnisse | Mi Casa Tu Casa Ibiza","description":"Familienfreundliche Villen auf Ibiza mit individuellem Service. Wir organisieren Kinderaktivit\u00e4ten, Babysitter, Babyzubeh\u00f6r und Erlebnisse f\u00fcr die ganze Familie.","robots":{"index":"index","follow":"follow","max-snippet":"max-snippet:-1","max-image-preview":"max-image-preview:large","max-video-preview":"max-video-preview:-1"},"canonical":"\/de\/","og_locale":"de_DE","og_type":"article","og_title":"Familienerlebnisse | Mi Casa Tu Casa Ibiza","og_description":"Familienfreundliche Villen auf Ibiza mit individuellem Service. Wir organisieren Kinderaktivit\u00e4ten, Babysitter, Babyzubeh\u00f6r und Erlebnisse f\u00fcr die ganze Familie.","og_url":"\/de\/","og_site_name":"Mi Casa Tu Casa Ibiza","article_publisher":"https:\/\/www.facebook.com\/MiCasaTuCasaIbiza\/","article_modified_time":"2026-01-14T16:37:41+00:00","twitter_misc":{"Gesch\u00e4tzte Lesezeit":"1\u00a0Minute"},"schema":{"@context":"https:\/\/schema.org","@graph":[{"@type":"WebPage","@id":"https:\/\/micasatucasaibiza.com\/de\/family-experiences\/","url":"\/de\/","name":"Familienerlebnisse | Mi Casa Tu Casa Ibiza","isPartOf":{"@id":"https:\/\/micasatucasaibiza.com\/de\/#website"},"datePublished":"2025-04-29T22:22:15+00:00","dateModified":"2026-01-14T16:37:41+00:00","description":"Familienfreundliche Villen auf Ibiza mit individuellem Service. Wir organisieren Kinderaktivit\u00e4ten, Babysitter, Babyzubeh\u00f6r und Erlebnisse f\u00fcr die ganze Familie.","breadcrumb":{"@id":"\/de\/#breadcrumb"},"inLanguage":"de","potentialAction":[{"@type":"ReadAction","target":[["\/de\/"]]}]},{"@type":"BreadcrumbList","@id":"\/de\/#breadcrumb","itemListElement":[{"@type":"ListItem","position":1,"name":"Home","item":"https:\/\/micasatucasaibiza.com\/de\/"},{"@type":"ListItem","position":2,"name":"Family Experiences"}]},{"@type":"WebSite","@id":"https:\/\/micasatucasaibiza.com\/de\/#website","url":"https:\/\/micasatucasaibiza.com\/de\/","name":"Mi Casa Tu Casa Ibiza","description":"Special villas. Exclusively managed.","publisher":{"@id":"https:\/\/micasatucasaibiza.com\/de\/#organization"},"potentialAction":[{"@type":"SearchAction","target":{"@type":"EntryPoint","urlTemplate":"https:\/\/micasatucasaibiza.com\/de\/?s={search_term_string}"},"query-input":{"@type":"PropertyValueSpecification","valueRequired":true,"valueName":"search_term_string"}}],"inLanguage":"de"},{"@type":"Organization","@id":"https:\/\/micasatucasaibiza.com\/de\/#organization","name":"Mi Casa Tu Casa Ibiza","url":"https:\/\/micasatucasaibiza.com\/de\/","logo":{"@type":"ImageObject","inLanguage":"de","@id":"https:\/\/micasatucasaibiza.com\/de\/#\/schema\/logo\/image\/","url":"https:\/\/micasatucasaibiza.com\/wp-content\/uploads\/logo.gif","contentUrl":"https:\/\/micasatucasaibiza.com\/wp-content\/uploads\/logo.gif","width":226,"height":97,"caption":"Mi Casa Tu Casa Ibiza"},"image":{"@id":"https:\/\/micasatucasaibiza.com\/de\/#\/schema\/logo\/image\/"},"sameAs":["https:\/\/www.facebook.com\/MiCasaTuCasaIbiza\/","https:\/\/www.instagram.com\/micasatucasaibiza\/"]}]}},"_links":{"self":[{"href":"https:\/\/micasatucasaibiza.com\/de\/wp-json\/wp\/v2\/pages\/16463","targetHints":{"allow":["GET"]}}],"collection":[{"href":"https:\/\/micasatucasaibiza.com\/de\/wp-json\/wp\/v2\/pages"}],"about":[{"href":"https:\/\/micasatucasaibiza.com\/de\/wp-json\/wp\/v2\/types\/page"}],"author":[{"embeddable":true,"href":"https:\/\/micasatucasaibiza.com\/de\/wp-json\/wp\/v2\/users\/18"}],"replies":[{"embeddable":true,"href":"https:\/\/micasatucasaibiza.com\/de\/wp-json\/wp\/v2\/comments?post=16463"}],"version-history":[{"count":10,"href":"https:\/\/micasatucasaibiza.com\/de\/wp-json\/wp\/v2\/pages\/16463\/revisions"}],"predecessor-version":[{"id":17902,"href":"https:\/\/micasatucasaibiza.com\/de\/wp-json\/wp\/v2\/pages\/16463\/revisions\/17902"}],"wp:attachment":[{"href":"https:\/\/micasatucasaibiza.com\/de\/wp-json\/wp\/v2\/media?parent=16463"}],"curies":[{"name":"wp","href":"https:\/\/api.w.org\/{rel}","templated":true}]}}