{"id":16540,"date":"2025-05-09T01:41:36","date_gmt":"2025-05-08T23:41:36","guid":{"rendered":"https:\/\/micasatucasaibiza.com\/?page_id=16540"},"modified":"2026-03-03T11:12:51","modified_gmt":"2026-03-03T10:12:51","slug":"template-1-3-2-2","status":"publish","type":"page","link":"https:\/\/micasatucasaibiza.com\/de\/familienerlebnisse\/coole-orte-zum-besuchen\/","title":{"rendered":"Coole Ausflugsziele"},"content":{"rendered":"<p>Ibiza bietet unendlich viele M\u00f6glichkeiten f\u00fcr familienfreundliche Aktivit\u00e4ten, die die Fantasie Ihrer Kinder befl\u00fcgeln werden. Erkunden Sie die versteckten Sch\u00e4tze der Insel, von farbenfrohen Hippie-M\u00e4rkten bis hin zu faszinierenden H\u00f6hlen, oder genie\u00dfen Sie einen Tag voller Spa\u00df in einem der ber\u00fchmten Wasserparks Ibizas. F\u00fcr jedes Alter und jedes Interesse ist etwas dabei. Ihre Kinder werden eine unvergessliche Zeit haben, wenn sie die nat\u00fcrliche Sch\u00f6nheit und die aufregenden Orte entdecken, die Ibiza zu bieten hat. Lassen Sie sich von uns zu den besten Familienaktivit\u00e4ten f\u00fcr Ihren Urlaub in einer Villa auf Ibiza f\u00fchren.<\/p>","protected":false},"excerpt":{"rendered":"<p>Ibiza bietet unendlich viele M\u00f6glichkeiten f\u00fcr familienfreundliche Aktivit\u00e4ten, die die Fantasie Ihrer Kinder befl\u00fcgeln werden. Erkunden Sie die versteckten Sch\u00e4tze der Insel, von farbenfrohen Hippie-M\u00e4rkten bis hin zu faszinierenden H\u00f6hlen, &hellip;<\/p>\n","protected":false},"author":18,"featured_media":0,"parent":16463,"menu_order":35,"comment_status":"closed","ping_status":"closed","template":"pages\/template-service.php","meta":{"_acf_changed":false,"footnotes":""},"class_list":["post-16540","page","type-page","status-publish","hentry"],"acf":[],"yoast_head":"<!-- This site is optimized with the Yoast SEO plugin v27.0 - https:\/\/yoast.com\/product\/yoast-seo-wordpress\/ -->\n<title>| Coole Ausflugsziele | Mi Casa Tu Casa Ibiza<\/title>\n<meta name=\"robots\" content=\"index, follow, max-snippet:-1, max-image-preview:large, max-video-preview:-1\" \/>\n<link rel=\"canonical\" href=\"\/de\/\" \/>\n<meta property=\"og:locale\" content=\"de_DE\" \/>\n<meta property=\"og:type\" content=\"article\" \/>\n<meta property=\"og:title\" content=\"| Coole Ausflugsziele | Mi Casa Tu Casa Ibiza\" \/>\n<meta property=\"og:url\" content=\"\/de\/\" \/>\n<meta property=\"og:site_name\" content=\"Mi Casa Tu Casa Ibiza\" \/>\n<meta property=\"article:publisher\" content=\"https:\/\/www.facebook.com\/MiCasaTuCasaIbiza\/\" \/>\n<meta property=\"article:modified_time\" content=\"2026-03-03T10:12:51+00:00\" \/>\n<meta name=\"twitter:label1\" content=\"Gesch\u00e4tzte Lesezeit\" \/>\n\t<meta name=\"twitter:data1\" content=\"1\u00a0Minute\" \/>\n<script type=\"application\/ld+json\" class=\"yoast-schema-graph\">{\"@context\":\"https:\/\/schema.org\",\"@graph\":[{\"@type\":\"WebPage\",\"@id\":\"https:\/\/micasatucasaibiza.com\/de\/family-experiences\/cool-places-to-visit\/\",\"url\":\"\/de\/\",\"name\":\"| Coole Ausflugsziele | Mi Casa Tu Casa Ibiza\",\"isPartOf\":{\"@id\":\"https:\/\/micasatucasaibiza.com\/de\/#website\"},\"datePublished\":\"2025-05-08T23:41:36+00:00\",\"dateModified\":\"2026-03-03T10:12:51+00:00\",\"breadcrumb\":{\"@id\":\"\/de\/#breadcrumb\"},\"inLanguage\":\"de\",\"potentialAction\":[{\"@type\":\"ReadAction\",\"target\":[[\"\/de\/\"]]}]},{\"@type\":\"BreadcrumbList\",\"@id\":\"\/de\/#breadcrumb\",\"itemListElement\":[{\"@type\":\"ListItem\",\"position\":1,\"name\":\"Home\",\"item\":\"https:\/\/micasatucasaibiza.com\/de\/\"},{\"@type\":\"ListItem\",\"position\":2,\"name\":\"Family Experiences\",\"item\":\"https:\/\/micasatucasaibiza.com\/de\/family-experiences\/\"},{\"@type\":\"ListItem\",\"position\":3,\"name\":\"Cool places to visit\"}]},{\"@type\":\"WebSite\",\"@id\":\"https:\/\/micasatucasaibiza.com\/de\/#website\",\"url\":\"https:\/\/micasatucasaibiza.com\/de\/\",\"name\":\"Mi Casa Tu Casa Ibiza\",\"description\":\"Special villas. Exclusively managed.\",\"publisher\":{\"@id\":\"https:\/\/micasatucasaibiza.com\/de\/#organization\"},\"potentialAction\":[{\"@type\":\"SearchAction\",\"target\":{\"@type\":\"EntryPoint\",\"urlTemplate\":\"https:\/\/micasatucasaibiza.com\/de\/?s={search_term_string}\"},\"query-input\":{\"@type\":\"PropertyValueSpecification\",\"valueRequired\":true,\"valueName\":\"search_term_string\"}}],\"inLanguage\":\"de\"},{\"@type\":\"Organization\",\"@id\":\"https:\/\/micasatucasaibiza.com\/de\/#organization\",\"name\":\"Mi Casa Tu Casa Ibiza\",\"url\":\"https:\/\/micasatucasaibiza.com\/de\/\",\"logo\":{\"@type\":\"ImageObject\",\"inLanguage\":\"de\",\"@id\":\"https:\/\/micasatucasaibiza.com\/de\/#\/schema\/logo\/image\/\",\"url\":\"https:\/\/micasatucasaibiza.com\/wp-content\/uploads\/logo.gif\",\"contentUrl\":\"https:\/\/micasatucasaibiza.com\/wp-content\/uploads\/logo.gif\",\"width\":226,\"height\":97,\"caption\":\"Mi Casa Tu Casa Ibiza\"},\"image\":{\"@id\":\"https:\/\/micasatucasaibiza.com\/de\/#\/schema\/logo\/image\/\"},\"sameAs\":[\"https:\/\/www.facebook.com\/MiCasaTuCasaIbiza\/\",\"https:\/\/www.instagram.com\/micasatucasaibiza\/\"]}]}<\/script>\n<!-- \/ Yoast SEO plugin. -->","yoast_head_json":{"title":"| Coole Ausflugsziele | Mi Casa Tu Casa Ibiza","robots":{"index":"index","follow":"follow","max-snippet":"max-snippet:-1","max-image-preview":"max-image-preview:large","max-video-preview":"max-video-preview:-1"},"canonical":"\/de\/","og_locale":"de_DE","og_type":"article","og_title":"| Coole Ausflugsziele | Mi Casa Tu Casa Ibiza","og_url":"\/de\/","og_site_name":"Mi Casa Tu Casa Ibiza","article_publisher":"https:\/\/www.facebook.com\/MiCasaTuCasaIbiza\/","article_modified_time":"2026-03-03T10:12:51+00:00","twitter_misc":{"Gesch\u00e4tzte Lesezeit":"1\u00a0Minute"},"schema":{"@context":"https:\/\/schema.org","@graph":[{"@type":"WebPage","@id":"https:\/\/micasatucasaibiza.com\/de\/family-experiences\/cool-places-to-visit\/","url":"\/de\/","name":"| Coole Ausflugsziele | Mi Casa Tu Casa Ibiza","isPartOf":{"@id":"https:\/\/micasatucasaibiza.com\/de\/#website"},"datePublished":"2025-05-08T23:41:36+00:00","dateModified":"2026-03-03T10:12:51+00:00","breadcrumb":{"@id":"\/de\/#breadcrumb"},"inLanguage":"de","potentialAction":[{"@type":"ReadAction","target":[["\/de\/"]]}]},{"@type":"BreadcrumbList","@id":"\/de\/#breadcrumb","itemListElement":[{"@type":"ListItem","position":1,"name":"Home","item":"https:\/\/micasatucasaibiza.com\/de\/"},{"@type":"ListItem","position":2,"name":"Family Experiences","item":"https:\/\/micasatucasaibiza.com\/de\/family-experiences\/"},{"@type":"ListItem","position":3,"name":"Cool places to visit"}]},{"@type":"WebSite","@id":"https:\/\/micasatucasaibiza.com\/de\/#website","url":"https:\/\/micasatucasaibiza.com\/de\/","name":"Mi Casa Tu Casa Ibiza","description":"Special villas. Exclusively managed.","publisher":{"@id":"https:\/\/micasatucasaibiza.com\/de\/#organization"},"potentialAction":[{"@type":"SearchAction","target":{"@type":"EntryPoint","urlTemplate":"https:\/\/micasatucasaibiza.com\/de\/?s={search_term_string}"},"query-input":{"@type":"PropertyValueSpecification","valueRequired":true,"valueName":"search_term_string"}}],"inLanguage":"de"},{"@type":"Organization","@id":"https:\/\/micasatucasaibiza.com\/de\/#organization","name":"Mi Casa Tu Casa Ibiza","url":"https:\/\/micasatucasaibiza.com\/de\/","logo":{"@type":"ImageObject","inLanguage":"de","@id":"https:\/\/micasatucasaibiza.com\/de\/#\/schema\/logo\/image\/","url":"https:\/\/micasatucasaibiza.com\/wp-content\/uploads\/logo.gif","contentUrl":"https:\/\/micasatucasaibiza.com\/wp-content\/uploads\/logo.gif","width":226,"height":97,"caption":"Mi Casa Tu Casa Ibiza"},"image":{"@id":"https:\/\/micasatucasaibiza.com\/de\/#\/schema\/logo\/image\/"},"sameAs":["https:\/\/www.facebook.com\/MiCasaTuCasaIbiza\/","https:\/\/www.instagram.com\/micasatucasaibiza\/"]}]}},"_links":{"self":[{"href":"https:\/\/micasatucasaibiza.com\/de\/wp-json\/wp\/v2\/pages\/16540","targetHints":{"allow":["GET"]}}],"collection":[{"href":"https:\/\/micasatucasaibiza.com\/de\/wp-json\/wp\/v2\/pages"}],"about":[{"href":"https:\/\/micasatucasaibiza.com\/de\/wp-json\/wp\/v2\/types\/page"}],"author":[{"embeddable":true,"href":"https:\/\/micasatucasaibiza.com\/de\/wp-json\/wp\/v2\/users\/18"}],"replies":[{"embeddable":true,"href":"https:\/\/micasatucasaibiza.com\/de\/wp-json\/wp\/v2\/comments?post=16540"}],"version-history":[{"count":11,"href":"https:\/\/micasatucasaibiza.com\/de\/wp-json\/wp\/v2\/pages\/16540\/revisions"}],"predecessor-version":[{"id":18371,"href":"https:\/\/micasatucasaibiza.com\/de\/wp-json\/wp\/v2\/pages\/16540\/revisions\/18371"}],"up":[{"embeddable":true,"href":"https:\/\/micasatucasaibiza.com\/de\/wp-json\/wp\/v2\/pages\/16463"}],"wp:attachment":[{"href":"https:\/\/micasatucasaibiza.com\/de\/wp-json\/wp\/v2\/media?parent=16540"}],"curies":[{"name":"wp","href":"https:\/\/api.w.org\/{rel}","templated":true}]}}