{"id":17428,"date":"2025-10-21T17:18:30","date_gmt":"2025-10-21T15:18:30","guid":{"rendered":"https:\/\/micasatucasaibiza.com\/?page_id=17428"},"modified":"2026-02-17T19:53:27","modified_gmt":"2026-02-17T18:53:27","slug":"2-3-bedrooms","status":"publish","type":"page","link":"https:\/\/micasatucasaibiza.com\/de\/ibiza-luxus-villen-zur-miete\/2-3-schlafzimmer\/","title":{"rendered":"2\/3 Schlafzimmer"},"content":{"rendered":"<p class=\"qtranxs-available-languages-message qtranxs-available-languages-message-de\">Leider ist der Eintrag nur auf <a href=\"https:\/\/micasatucasaibiza.com\/wp-json\/wp\/v2\/pages\/17428\" class=\"qtranxs-available-language-link qtranxs-available-language-link-en\" title=\"English\">English<\/a> und <a href=\"https:\/\/micasatucasaibiza.com\/fr\/wp-json\/wp\/v2\/pages\/17428\" class=\"qtranxs-available-language-link qtranxs-available-language-link-fr\" title=\"Fran\u00e7ais\">Fran\u00e7ais<\/a> verf\u00fcgbar.<\/p><p>Sometimes small is exactly what you need. Our collection of 3 and 2 bedroom villas in Ibiza are made for slower mornings, easy laughter, and long evenings by the pool. Ideal for one family, close friends, or anyone seeking privacy without losing connection, each home is peaceful, personal, and perfectly placed.<\/p>","protected":false},"excerpt":{"rendered":"<p>Leider ist der Eintrag nur auf English und Fran\u00e7ais verf\u00fcgbar.Sometimes small is exactly what you need. Our collection of 3 and 2 bedroom villas in Ibiza are made for slower &hellip;<\/p>\n","protected":false},"author":1,"featured_media":14941,"parent":8,"menu_order":4,"comment_status":"closed","ping_status":"closed","template":"pages\/template-villas-filter.php","meta":{"_acf_changed":false,"footnotes":""},"class_list":["post-17428","page","type-page","status-publish","has-post-thumbnail","hentry"],"acf":[],"yoast_head":"<!-- This site is optimized with the Yoast SEO plugin v27.5 - https:\/\/yoast.com\/product\/yoast-seo-wordpress\/ -->\n<title>Villen mit 2\u20133 Schlafzimmern auf Ibiza | Mi Casa Tu Casa<\/title>\n<meta name=\"description\" content=\"Sorgf\u00e4ltig ausgew\u00e4hlte Villen mit 2\u20133 Schlafzimmern, Concierge-Service und Privatsph\u00e4re. Buchen Sie Ihre 2-Schlafzimmer-Villa Ibiza oder eine intime Villa f\u00fcr 2 auf Ibiza. Exklusiv verwaltet f\u00fcr einen m\u00fchelosen Aufenthalt\" \/>\n<meta name=\"robots\" content=\"index, follow, max-snippet:-1, max-image-preview:large, max-video-preview:-1\" \/>\n<link rel=\"canonical\" href=\"\/de\/\" \/>\n<meta property=\"og:locale\" content=\"de_DE\" \/>\n<meta property=\"og:type\" content=\"article\" \/>\n<meta property=\"og:title\" content=\"Villen mit 2\u20133 Schlafzimmern auf Ibiza | Mi Casa Tu Casa\" \/>\n<meta property=\"og:description\" content=\"Sorgf\u00e4ltig ausgew\u00e4hlte Villen mit 2\u20133 Schlafzimmern, Concierge-Service und Privatsph\u00e4re. Buchen Sie Ihre 2-Schlafzimmer-Villa Ibiza oder eine intime Villa f\u00fcr 2 auf Ibiza. Exklusiv verwaltet f\u00fcr einen m\u00fchelosen Aufenthalt\" \/>\n<meta property=\"og:url\" content=\"\/de\/\" \/>\n<meta property=\"og:site_name\" content=\"Mi Casa Tu Casa Ibiza\" \/>\n<meta property=\"article:publisher\" content=\"https:\/\/www.facebook.com\/MiCasaTuCasaIbiza\/\" \/>\n<meta property=\"article:modified_time\" content=\"2026-02-17T18:53:27+00:00\" \/>\n<meta property=\"og:image\" content=\"https:\/\/micasatucasaibiza.com\/wp-content\/uploads\/2024\/02\/card-bedrooms-2.jpg\" \/>\n\t<meta property=\"og:image:width\" content=\"420\" \/>\n\t<meta property=\"og:image:height\" content=\"590\" \/>\n\t<meta property=\"og:image:type\" content=\"image\/jpeg\" \/>\n<meta name=\"twitter:label1\" content=\"Gesch\u00e4tzte Lesezeit\" \/>\n\t<meta name=\"twitter:data1\" content=\"1\u00a0Minute\" \/>\n<script type=\"application\/ld+json\" class=\"yoast-schema-graph\">{\"@context\":\"https:\\\/\\\/schema.org\",\"@graph\":[{\"@type\":\"WebPage\",\"@id\":\"https:\\\/\\\/micasatucasaibiza.com\\\/de\\\/ibiza-luxury-rental-villas\\\/2-3-bedrooms\\\/\",\"url\":\"\\\/de\\\/\",\"name\":\"Villen mit 2\u20133 Schlafzimmern auf Ibiza | Mi Casa Tu Casa\",\"isPartOf\":{\"@id\":\"https:\\\/\\\/micasatucasaibiza.com\\\/de\\\/#website\"},\"primaryImageOfPage\":{\"@id\":\"\\\/de\\\/#primaryimage\"},\"image\":{\"@id\":\"\\\/#primaryimage\"},\"thumbnailUrl\":\"https:\\\/\\\/micasatucasaibiza.com\\\/wp-content\\\/uploads\\\/2024\\\/02\\\/card-bedrooms-2.jpg\",\"datePublished\":\"2025-10-21T15:18:30+00:00\",\"dateModified\":\"2026-02-17T18:53:27+00:00\",\"description\":\"Sorgf\u00e4ltig ausgew\u00e4hlte Villen mit 2\u20133 Schlafzimmern, Concierge-Service und Privatsph\u00e4re. Buchen Sie Ihre 2-Schlafzimmer-Villa Ibiza oder eine intime Villa f\u00fcr 2 auf Ibiza. Exklusiv verwaltet f\u00fcr einen m\u00fchelosen Aufenthalt\",\"breadcrumb\":{\"@id\":\"\\\/de\\\/#breadcrumb\"},\"inLanguage\":\"de\",\"potentialAction\":[{\"@type\":\"ReadAction\",\"target\":[[\"\\\/de\\\/\"]]}]},{\"@type\":\"ImageObject\",\"inLanguage\":\"de\",\"@id\":\"\\\/de\\\/#primaryimage\",\"url\":\"https:\\\/\\\/micasatucasaibiza.com\\\/wp-content\\\/uploads\\\/2024\\\/02\\\/card-bedrooms-2.jpg\",\"contentUrl\":\"https:\\\/\\\/micasatucasaibiza.com\\\/wp-content\\\/uploads\\\/2024\\\/02\\\/card-bedrooms-2.jpg\",\"width\":420,\"height\":590,\"caption\":\"Card Bedrooms 2\"},{\"@type\":\"BreadcrumbList\",\"@id\":\"\\\/de\\\/#breadcrumb\",\"itemListElement\":[{\"@type\":\"ListItem\",\"position\":1,\"name\":\"Home\",\"item\":\"https:\\\/\\\/micasatucasaibiza.com\\\/de\\\/\"},{\"@type\":\"ListItem\",\"position\":2,\"name\":\"Our villas\",\"item\":\"https:\\\/\\\/micasatucasaibiza.com\\\/de\\\/ibiza-luxury-rental-villas\\\/\"},{\"@type\":\"ListItem\",\"position\":3,\"name\":\"2\\\/3 Bedrooms\"}]},{\"@type\":\"WebSite\",\"@id\":\"https:\\\/\\\/micasatucasaibiza.com\\\/de\\\/#website\",\"url\":\"https:\\\/\\\/micasatucasaibiza.com\\\/de\\\/\",\"name\":\"Mi Casa Tu Casa Ibiza\",\"description\":\"Special villas. Exclusively managed.\",\"publisher\":{\"@id\":\"https:\\\/\\\/micasatucasaibiza.com\\\/de\\\/#organization\"},\"potentialAction\":[{\"@type\":\"SearchAction\",\"target\":{\"@type\":\"EntryPoint\",\"urlTemplate\":\"https:\\\/\\\/micasatucasaibiza.com\\\/de\\\/?s={search_term_string}\"},\"query-input\":{\"@type\":\"PropertyValueSpecification\",\"valueRequired\":true,\"valueName\":\"search_term_string\"}}],\"inLanguage\":\"de\"},{\"@type\":\"Organization\",\"@id\":\"https:\\\/\\\/micasatucasaibiza.com\\\/de\\\/#organization\",\"name\":\"Mi Casa Tu Casa Ibiza\",\"url\":\"https:\\\/\\\/micasatucasaibiza.com\\\/de\\\/\",\"logo\":{\"@type\":\"ImageObject\",\"inLanguage\":\"de\",\"@id\":\"https:\\\/\\\/micasatucasaibiza.com\\\/de\\\/#\\\/schema\\\/logo\\\/image\\\/\",\"url\":\"https:\\\/\\\/micasatucasaibiza.com\\\/wp-content\\\/uploads\\\/logo.gif\",\"contentUrl\":\"https:\\\/\\\/micasatucasaibiza.com\\\/wp-content\\\/uploads\\\/logo.gif\",\"width\":226,\"height\":97,\"caption\":\"Mi Casa Tu Casa Ibiza\"},\"image\":{\"@id\":\"https:\\\/\\\/micasatucasaibiza.com\\\/de\\\/#\\\/schema\\\/logo\\\/image\\\/\"},\"sameAs\":[\"https:\\\/\\\/www.facebook.com\\\/MiCasaTuCasaIbiza\\\/\",\"https:\\\/\\\/www.instagram.com\\\/micasatucasaibiza\\\/\"]}]}<\/script>\n<!-- \/ Yoast SEO plugin. -->","yoast_head_json":{"title":"Villen mit 2\u20133 Schlafzimmern auf Ibiza | Mi Casa Tu Casa","description":"Sorgf\u00e4ltig ausgew\u00e4hlte Villen mit 2\u20133 Schlafzimmern, Concierge-Service und Privatsph\u00e4re. Buchen Sie Ihre 2-Schlafzimmer-Villa Ibiza oder eine intime Villa f\u00fcr 2 auf Ibiza. Exklusiv verwaltet f\u00fcr einen m\u00fchelosen Aufenthalt","robots":{"index":"index","follow":"follow","max-snippet":"max-snippet:-1","max-image-preview":"max-image-preview:large","max-video-preview":"max-video-preview:-1"},"canonical":"\/de\/","og_locale":"de_DE","og_type":"article","og_title":"Villen mit 2\u20133 Schlafzimmern auf Ibiza | Mi Casa Tu Casa","og_description":"Sorgf\u00e4ltig ausgew\u00e4hlte Villen mit 2\u20133 Schlafzimmern, Concierge-Service und Privatsph\u00e4re. Buchen Sie Ihre 2-Schlafzimmer-Villa Ibiza oder eine intime Villa f\u00fcr 2 auf Ibiza. Exklusiv verwaltet f\u00fcr einen m\u00fchelosen Aufenthalt","og_url":"\/de\/","og_site_name":"Mi Casa Tu Casa Ibiza","article_publisher":"https:\/\/www.facebook.com\/MiCasaTuCasaIbiza\/","article_modified_time":"2026-02-17T18:53:27+00:00","og_image":[{"width":420,"height":590,"url":"https:\/\/micasatucasaibiza.com\/wp-content\/uploads\/2024\/02\/card-bedrooms-2.jpg","type":"image\/jpeg"}],"twitter_misc":{"Gesch\u00e4tzte Lesezeit":"1\u00a0Minute"},"schema":{"@context":"https:\/\/schema.org","@graph":[{"@type":"WebPage","@id":"https:\/\/micasatucasaibiza.com\/de\/ibiza-luxury-rental-villas\/2-3-bedrooms\/","url":"\/de\/","name":"Villen mit 2\u20133 Schlafzimmern auf Ibiza | Mi Casa Tu Casa","isPartOf":{"@id":"https:\/\/micasatucasaibiza.com\/de\/#website"},"primaryImageOfPage":{"@id":"\/de\/#primaryimage"},"image":{"@id":"\/#primaryimage"},"thumbnailUrl":"https:\/\/micasatucasaibiza.com\/wp-content\/uploads\/2024\/02\/card-bedrooms-2.jpg","datePublished":"2025-10-21T15:18:30+00:00","dateModified":"2026-02-17T18:53:27+00:00","description":"Sorgf\u00e4ltig ausgew\u00e4hlte Villen mit 2\u20133 Schlafzimmern, Concierge-Service und Privatsph\u00e4re. Buchen Sie Ihre 2-Schlafzimmer-Villa Ibiza oder eine intime Villa f\u00fcr 2 auf Ibiza. Exklusiv verwaltet f\u00fcr einen m\u00fchelosen Aufenthalt","breadcrumb":{"@id":"\/de\/#breadcrumb"},"inLanguage":"de","potentialAction":[{"@type":"ReadAction","target":[["\/de\/"]]}]},{"@type":"ImageObject","inLanguage":"de","@id":"\/de\/#primaryimage","url":"https:\/\/micasatucasaibiza.com\/wp-content\/uploads\/2024\/02\/card-bedrooms-2.jpg","contentUrl":"https:\/\/micasatucasaibiza.com\/wp-content\/uploads\/2024\/02\/card-bedrooms-2.jpg","width":420,"height":590,"caption":"Card Bedrooms 2"},{"@type":"BreadcrumbList","@id":"\/de\/#breadcrumb","itemListElement":[{"@type":"ListItem","position":1,"name":"Home","item":"https:\/\/micasatucasaibiza.com\/de\/"},{"@type":"ListItem","position":2,"name":"Our villas","item":"https:\/\/micasatucasaibiza.com\/de\/ibiza-luxury-rental-villas\/"},{"@type":"ListItem","position":3,"name":"2\/3 Bedrooms"}]},{"@type":"WebSite","@id":"https:\/\/micasatucasaibiza.com\/de\/#website","url":"https:\/\/micasatucasaibiza.com\/de\/","name":"Mi Casa Tu Casa Ibiza","description":"Special villas. Exclusively managed.","publisher":{"@id":"https:\/\/micasatucasaibiza.com\/de\/#organization"},"potentialAction":[{"@type":"SearchAction","target":{"@type":"EntryPoint","urlTemplate":"https:\/\/micasatucasaibiza.com\/de\/?s={search_term_string}"},"query-input":{"@type":"PropertyValueSpecification","valueRequired":true,"valueName":"search_term_string"}}],"inLanguage":"de"},{"@type":"Organization","@id":"https:\/\/micasatucasaibiza.com\/de\/#organization","name":"Mi Casa Tu Casa Ibiza","url":"https:\/\/micasatucasaibiza.com\/de\/","logo":{"@type":"ImageObject","inLanguage":"de","@id":"https:\/\/micasatucasaibiza.com\/de\/#\/schema\/logo\/image\/","url":"https:\/\/micasatucasaibiza.com\/wp-content\/uploads\/logo.gif","contentUrl":"https:\/\/micasatucasaibiza.com\/wp-content\/uploads\/logo.gif","width":226,"height":97,"caption":"Mi Casa Tu Casa Ibiza"},"image":{"@id":"https:\/\/micasatucasaibiza.com\/de\/#\/schema\/logo\/image\/"},"sameAs":["https:\/\/www.facebook.com\/MiCasaTuCasaIbiza\/","https:\/\/www.instagram.com\/micasatucasaibiza\/"]}]}},"_links":{"self":[{"href":"https:\/\/micasatucasaibiza.com\/de\/wp-json\/wp\/v2\/pages\/17428","targetHints":{"allow":["GET"]}}],"collection":[{"href":"https:\/\/micasatucasaibiza.com\/de\/wp-json\/wp\/v2\/pages"}],"about":[{"href":"https:\/\/micasatucasaibiza.com\/de\/wp-json\/wp\/v2\/types\/page"}],"author":[{"embeddable":true,"href":"https:\/\/micasatucasaibiza.com\/de\/wp-json\/wp\/v2\/users\/1"}],"replies":[{"embeddable":true,"href":"https:\/\/micasatucasaibiza.com\/de\/wp-json\/wp\/v2\/comments?post=17428"}],"version-history":[{"count":11,"href":"https:\/\/micasatucasaibiza.com\/de\/wp-json\/wp\/v2\/pages\/17428\/revisions"}],"predecessor-version":[{"id":18207,"href":"https:\/\/micasatucasaibiza.com\/de\/wp-json\/wp\/v2\/pages\/17428\/revisions\/18207"}],"up":[{"embeddable":true,"href":"https:\/\/micasatucasaibiza.com\/de\/wp-json\/wp\/v2\/pages\/8"}],"wp:featuredmedia":[{"embeddable":true,"href":"https:\/\/micasatucasaibiza.com\/de\/wp-json\/wp\/v2\/media\/14941"}],"wp:attachment":[{"href":"https:\/\/micasatucasaibiza.com\/de\/wp-json\/wp\/v2\/media?parent=17428"}],"curies":[{"name":"wp","href":"https:\/\/api.w.org\/{rel}","templated":true}]}}