{"id":17940,"date":"2026-01-19T12:24:16","date_gmt":"2026-01-19T11:24:16","guid":{"rendered":"https:\/\/micasatucasaibiza.com\/?page_id=17940"},"modified":"2026-03-10T03:25:22","modified_gmt":"2026-03-10T02:25:22","slug":"santa-eulalia","status":"publish","type":"page","link":"https:\/\/micasatucasaibiza.com\/de\/ibiza-luxus-villen-zur-miete\/location\/santa-eulalia\/","title":{"rendered":"Santa Eulalia"},"content":{"rendered":"<p><\/p>\n<p data-start=\"2547\" data-end=\"3067\">An Ibizas Ostk\u00fcste vereint Santa Eulalia Strandleben mit Eleganz. Stellen Sie sich fr\u00fche Schwimmg\u00e4nge in t\u00fcrkisfarbenen Flachwasserzonen, Mittagessen unter Sonnenschirmen und Abende an der Marina-Promenade vor. Ein Villa-Mietaufenthalt in Santa Eulalia bietet einfachen Zugang zu wundersch\u00f6nen Str\u00e4nden, Boutique-Shopping und einigen der besten Restaurants der Insel. Es ist entspannt, stilvoll und ideal f\u00fcr Familien oder Paare, die die kleinen Details ohne Menschenmassen genie\u00dfen m\u00f6chten.<\/p>\n<p data-start=\"3069\" data-end=\"3773\">\n<p><\/p>","protected":false},"excerpt":{"rendered":"<p>An Ibizas Ostk\u00fcste vereint Santa Eulalia Strandleben mit Eleganz. Stellen Sie sich fr\u00fche Schwimmg\u00e4nge in t\u00fcrkisfarbenen Flachwasserzonen, Mittagessen unter Sonnenschirmen und Abende an der Marina-Promenade vor. Ein Villa-Mietaufenthalt in Santa &hellip;<\/p>\n","protected":false},"author":1,"featured_media":0,"parent":17934,"menu_order":13,"comment_status":"closed","ping_status":"closed","template":"pages\/template-villas-location.php","meta":{"_acf_changed":false,"footnotes":""},"class_list":["post-17940","page","type-page","status-publish","hentry"],"acf":[],"yoast_head":"<!-- This site is optimized with the Yoast SEO plugin v27.0 - https:\/\/yoast.com\/product\/yoast-seo-wordpress\/ -->\n<title>Santa Eulalia Villa Rental Ibiza | Mi Casa Tu Casa<\/title>\n<meta name=\"description\" content=\"Book your Santa Eulalia villa rental with Mi Casa Tu Casa. Coastal calm, private pools, and personal concierge service await\" \/>\n<meta name=\"robots\" content=\"index, follow, max-snippet:-1, max-image-preview:large, max-video-preview:-1\" \/>\n<link rel=\"canonical\" href=\"\/de\/\" \/>\n<meta property=\"og:locale\" content=\"de_DE\" \/>\n<meta property=\"og:type\" content=\"article\" \/>\n<meta property=\"og:title\" content=\"Santa Eulalia Villa Rental Ibiza | Mi Casa Tu Casa\" \/>\n<meta property=\"og:description\" content=\"Book your Santa Eulalia villa rental with Mi Casa Tu Casa. Coastal calm, private pools, and personal concierge service await\" \/>\n<meta property=\"og:url\" content=\"\/de\/\" \/>\n<meta property=\"og:site_name\" content=\"Mi Casa Tu Casa Ibiza\" \/>\n<meta property=\"article:publisher\" content=\"https:\/\/www.facebook.com\/MiCasaTuCasaIbiza\/\" \/>\n<meta property=\"article:modified_time\" content=\"2026-03-10T02:25:22+00:00\" \/>\n<meta name=\"twitter:label1\" content=\"Gesch\u00e4tzte Lesezeit\" \/>\n\t<meta name=\"twitter:data1\" content=\"1\u00a0Minute\" \/>\n<script type=\"application\/ld+json\" class=\"yoast-schema-graph\">{\"@context\":\"https:\/\/schema.org\",\"@graph\":[{\"@type\":\"WebPage\",\"@id\":\"https:\/\/micasatucasaibiza.com\/de\/ibiza-luxury-rental-villas\/location\/santa-eulalia\/\",\"url\":\"\/de\/\",\"name\":\"Santa Eulalia Villa Rental Ibiza | Mi Casa Tu Casa\",\"isPartOf\":{\"@id\":\"https:\/\/micasatucasaibiza.com\/de\/#website\"},\"datePublished\":\"2026-01-19T11:24:16+00:00\",\"dateModified\":\"2026-03-10T02:25:22+00:00\",\"description\":\"Book your Santa Eulalia villa rental with Mi Casa Tu Casa. Coastal calm, private pools, and personal concierge service await\",\"breadcrumb\":{\"@id\":\"\/de\/#breadcrumb\"},\"inLanguage\":\"de\",\"potentialAction\":[{\"@type\":\"ReadAction\",\"target\":[[\"\/de\/\"]]}]},{\"@type\":\"BreadcrumbList\",\"@id\":\"\/de\/#breadcrumb\",\"itemListElement\":[{\"@type\":\"ListItem\",\"position\":1,\"name\":\"Home\",\"item\":\"https:\/\/micasatucasaibiza.com\/de\/\"},{\"@type\":\"ListItem\",\"position\":2,\"name\":\"Our villas\",\"item\":\"https:\/\/micasatucasaibiza.com\/de\/ibiza-luxury-rental-villas\/\"},{\"@type\":\"ListItem\",\"position\":3,\"name\":\"Location\",\"item\":\"https:\/\/micasatucasaibiza.com\/de\/ibiza-luxury-rental-villas\/location\/\"},{\"@type\":\"ListItem\",\"position\":4,\"name\":\"Santa Eulalia\"}]},{\"@type\":\"WebSite\",\"@id\":\"https:\/\/micasatucasaibiza.com\/de\/#website\",\"url\":\"https:\/\/micasatucasaibiza.com\/de\/\",\"name\":\"Mi Casa Tu Casa Ibiza\",\"description\":\"Special villas. Exclusively managed.\",\"publisher\":{\"@id\":\"https:\/\/micasatucasaibiza.com\/de\/#organization\"},\"potentialAction\":[{\"@type\":\"SearchAction\",\"target\":{\"@type\":\"EntryPoint\",\"urlTemplate\":\"https:\/\/micasatucasaibiza.com\/de\/?s={search_term_string}\"},\"query-input\":{\"@type\":\"PropertyValueSpecification\",\"valueRequired\":true,\"valueName\":\"search_term_string\"}}],\"inLanguage\":\"de\"},{\"@type\":\"Organization\",\"@id\":\"https:\/\/micasatucasaibiza.com\/de\/#organization\",\"name\":\"Mi Casa Tu Casa Ibiza\",\"url\":\"https:\/\/micasatucasaibiza.com\/de\/\",\"logo\":{\"@type\":\"ImageObject\",\"inLanguage\":\"de\",\"@id\":\"https:\/\/micasatucasaibiza.com\/de\/#\/schema\/logo\/image\/\",\"url\":\"https:\/\/micasatucasaibiza.com\/wp-content\/uploads\/logo.gif\",\"contentUrl\":\"https:\/\/micasatucasaibiza.com\/wp-content\/uploads\/logo.gif\",\"width\":226,\"height\":97,\"caption\":\"Mi Casa Tu Casa Ibiza\"},\"image\":{\"@id\":\"https:\/\/micasatucasaibiza.com\/de\/#\/schema\/logo\/image\/\"},\"sameAs\":[\"https:\/\/www.facebook.com\/MiCasaTuCasaIbiza\/\",\"https:\/\/www.instagram.com\/micasatucasaibiza\/\"]}]}<\/script>\n<!-- \/ Yoast SEO plugin. -->","yoast_head_json":{"title":"Santa Eulalia Villa Rental Ibiza | Mi Casa Tu Casa","description":"Book your Santa Eulalia villa rental with Mi Casa Tu Casa. Coastal calm, private pools, and personal concierge service await","robots":{"index":"index","follow":"follow","max-snippet":"max-snippet:-1","max-image-preview":"max-image-preview:large","max-video-preview":"max-video-preview:-1"},"canonical":"\/de\/","og_locale":"de_DE","og_type":"article","og_title":"Santa Eulalia Villa Rental Ibiza | Mi Casa Tu Casa","og_description":"Book your Santa Eulalia villa rental with Mi Casa Tu Casa. Coastal calm, private pools, and personal concierge service await","og_url":"\/de\/","og_site_name":"Mi Casa Tu Casa Ibiza","article_publisher":"https:\/\/www.facebook.com\/MiCasaTuCasaIbiza\/","article_modified_time":"2026-03-10T02:25:22+00:00","twitter_misc":{"Gesch\u00e4tzte Lesezeit":"1\u00a0Minute"},"schema":{"@context":"https:\/\/schema.org","@graph":[{"@type":"WebPage","@id":"https:\/\/micasatucasaibiza.com\/de\/ibiza-luxury-rental-villas\/location\/santa-eulalia\/","url":"\/de\/","name":"Santa Eulalia Villa Rental Ibiza | Mi Casa Tu Casa","isPartOf":{"@id":"https:\/\/micasatucasaibiza.com\/de\/#website"},"datePublished":"2026-01-19T11:24:16+00:00","dateModified":"2026-03-10T02:25:22+00:00","description":"Book your Santa Eulalia villa rental with Mi Casa Tu Casa. Coastal calm, private pools, and personal concierge service await","breadcrumb":{"@id":"\/de\/#breadcrumb"},"inLanguage":"de","potentialAction":[{"@type":"ReadAction","target":[["\/de\/"]]}]},{"@type":"BreadcrumbList","@id":"\/de\/#breadcrumb","itemListElement":[{"@type":"ListItem","position":1,"name":"Home","item":"https:\/\/micasatucasaibiza.com\/de\/"},{"@type":"ListItem","position":2,"name":"Our villas","item":"https:\/\/micasatucasaibiza.com\/de\/ibiza-luxury-rental-villas\/"},{"@type":"ListItem","position":3,"name":"Location","item":"https:\/\/micasatucasaibiza.com\/de\/ibiza-luxury-rental-villas\/location\/"},{"@type":"ListItem","position":4,"name":"Santa Eulalia"}]},{"@type":"WebSite","@id":"https:\/\/micasatucasaibiza.com\/de\/#website","url":"https:\/\/micasatucasaibiza.com\/de\/","name":"Mi Casa Tu Casa Ibiza","description":"Special villas. Exclusively managed.","publisher":{"@id":"https:\/\/micasatucasaibiza.com\/de\/#organization"},"potentialAction":[{"@type":"SearchAction","target":{"@type":"EntryPoint","urlTemplate":"https:\/\/micasatucasaibiza.com\/de\/?s={search_term_string}"},"query-input":{"@type":"PropertyValueSpecification","valueRequired":true,"valueName":"search_term_string"}}],"inLanguage":"de"},{"@type":"Organization","@id":"https:\/\/micasatucasaibiza.com\/de\/#organization","name":"Mi Casa Tu Casa Ibiza","url":"https:\/\/micasatucasaibiza.com\/de\/","logo":{"@type":"ImageObject","inLanguage":"de","@id":"https:\/\/micasatucasaibiza.com\/de\/#\/schema\/logo\/image\/","url":"https:\/\/micasatucasaibiza.com\/wp-content\/uploads\/logo.gif","contentUrl":"https:\/\/micasatucasaibiza.com\/wp-content\/uploads\/logo.gif","width":226,"height":97,"caption":"Mi Casa Tu Casa Ibiza"},"image":{"@id":"https:\/\/micasatucasaibiza.com\/de\/#\/schema\/logo\/image\/"},"sameAs":["https:\/\/www.facebook.com\/MiCasaTuCasaIbiza\/","https:\/\/www.instagram.com\/micasatucasaibiza\/"]}]}},"_links":{"self":[{"href":"https:\/\/micasatucasaibiza.com\/de\/wp-json\/wp\/v2\/pages\/17940","targetHints":{"allow":["GET"]}}],"collection":[{"href":"https:\/\/micasatucasaibiza.com\/de\/wp-json\/wp\/v2\/pages"}],"about":[{"href":"https:\/\/micasatucasaibiza.com\/de\/wp-json\/wp\/v2\/types\/page"}],"author":[{"embeddable":true,"href":"https:\/\/micasatucasaibiza.com\/de\/wp-json\/wp\/v2\/users\/1"}],"replies":[{"embeddable":true,"href":"https:\/\/micasatucasaibiza.com\/de\/wp-json\/wp\/v2\/comments?post=17940"}],"version-history":[{"count":10,"href":"https:\/\/micasatucasaibiza.com\/de\/wp-json\/wp\/v2\/pages\/17940\/revisions"}],"predecessor-version":[{"id":18453,"href":"https:\/\/micasatucasaibiza.com\/de\/wp-json\/wp\/v2\/pages\/17940\/revisions\/18453"}],"up":[{"embeddable":true,"href":"https:\/\/micasatucasaibiza.com\/de\/wp-json\/wp\/v2\/pages\/17934"}],"wp:attachment":[{"href":"https:\/\/micasatucasaibiza.com\/de\/wp-json\/wp\/v2\/media?parent=17940"}],"curies":[{"name":"wp","href":"https:\/\/api.w.org\/{rel}","templated":true}]}}