{"id":17942,"date":"2026-01-19T12:24:42","date_gmt":"2026-01-19T11:24:42","guid":{"rendered":"https:\/\/micasatucasaibiza.com\/?page_id=17942"},"modified":"2026-03-10T03:31:49","modified_gmt":"2026-03-10T02:31:49","slug":"ibiza-town","status":"publish","type":"page","link":"https:\/\/micasatucasaibiza.com\/de\/ibiza-luxus-villen-zur-miete\/location\/ibiza-town\/","title":{"rendered":"Ibiza-Stadt"},"content":{"rendered":"<p><\/p>\n<p data-start=\"2899\" data-end=\"3700\">Ibiza-Stadt hat Rhythmus. Kopfsteinpflasterstra\u00dfen, elegante Boutiquen, Dachbars, die bei Sonnenuntergang golden leuchten. Und wenn Sie in einer Villa in der N\u00e4he von Ibiza-Stadt wohnen, k\u00f6nnen Sie diese Energie genie\u00dfen, wann immer Ihnen danach ist. Nah genug, um den Puls der Insel zu sp\u00fcren, weit genug, um sich auf ruhige Terrassen, stille Pools und gr\u00fcne H\u00fcgel zur\u00fcckzuziehen, wenn Sie durchatmen m\u00f6chten. Die meisten unserer Villen liegen innerhalb von 25 Minuten von der Inselhauptstadt, aber diese Auswahl wundersch\u00f6ner H\u00e4user ist nur 10 bis 15 Minuten Fahrt entfernt. Besuchen Sie \u201eLa Marina\u201c, das lebhafte Hafenviertel, f\u00fcr Drinks und Shopping, und schlendern Sie anschlie\u00dfend durch Dalt Vila unter den jahrhundertealten Stadtmauern zum Abendessen.<\/p>\n<p data-start=\"3702\" data-end=\"4125\">\n<p><\/p>","protected":false},"excerpt":{"rendered":"<p>Ibiza-Stadt hat Rhythmus. Kopfsteinpflasterstra\u00dfen, elegante Boutiquen, Dachbars, die bei Sonnenuntergang golden leuchten. Und wenn Sie in einer Villa in der N\u00e4he von Ibiza-Stadt wohnen, k\u00f6nnen Sie diese Energie genie\u00dfen, wann &hellip;<\/p>\n","protected":false},"author":1,"featured_media":0,"parent":17934,"menu_order":14,"comment_status":"closed","ping_status":"closed","template":"pages\/template-villas-location.php","meta":{"_acf_changed":false,"footnotes":""},"class_list":["post-17942","page","type-page","status-publish","hentry"],"acf":[],"yoast_head":"<!-- This site is optimized with the Yoast SEO plugin v27.0 - https:\/\/yoast.com\/product\/yoast-seo-wordpress\/ -->\n<title>Luxury Villas to Rent Near Ibiza Town | Mi Casa Tu Casa<\/title>\n<meta name=\"description\" content=\"Discover luxury villas to rent near Ibiza Town from island experts. Enjoy private pools, sea views and smooth service for your perfect Ibiza villa stay\" \/>\n<meta name=\"robots\" content=\"index, follow, max-snippet:-1, max-image-preview:large, max-video-preview:-1\" \/>\n<link rel=\"canonical\" href=\"\/de\/\" \/>\n<meta property=\"og:locale\" content=\"de_DE\" \/>\n<meta property=\"og:type\" content=\"article\" \/>\n<meta property=\"og:title\" content=\"Luxury Villas to Rent Near Ibiza Town | Mi Casa Tu Casa\" \/>\n<meta property=\"og:description\" content=\"Discover luxury villas to rent near Ibiza Town from island experts. Enjoy private pools, sea views and smooth service for your perfect Ibiza villa stay\" \/>\n<meta property=\"og:url\" content=\"\/de\/\" \/>\n<meta property=\"og:site_name\" content=\"Mi Casa Tu Casa Ibiza\" \/>\n<meta property=\"article:publisher\" content=\"https:\/\/www.facebook.com\/MiCasaTuCasaIbiza\/\" \/>\n<meta property=\"article:modified_time\" content=\"2026-03-10T02:31:49+00:00\" \/>\n<meta name=\"twitter:label1\" content=\"Gesch\u00e4tzte Lesezeit\" \/>\n\t<meta name=\"twitter:data1\" content=\"1\u00a0Minute\" \/>\n<script type=\"application\/ld+json\" class=\"yoast-schema-graph\">{\"@context\":\"https:\/\/schema.org\",\"@graph\":[{\"@type\":\"WebPage\",\"@id\":\"https:\/\/micasatucasaibiza.com\/de\/ibiza-luxury-rental-villas\/location\/ibiza-town\/\",\"url\":\"\/de\/\",\"name\":\"Luxury Villas to Rent Near Ibiza Town | Mi Casa Tu Casa\",\"isPartOf\":{\"@id\":\"https:\/\/micasatucasaibiza.com\/de\/#website\"},\"datePublished\":\"2026-01-19T11:24:42+00:00\",\"dateModified\":\"2026-03-10T02:31:49+00:00\",\"description\":\"Discover luxury villas to rent near Ibiza Town from island experts. Enjoy private pools, sea views and smooth service for your perfect Ibiza villa stay\",\"breadcrumb\":{\"@id\":\"\/de\/#breadcrumb\"},\"inLanguage\":\"de\",\"potentialAction\":[{\"@type\":\"ReadAction\",\"target\":[[\"\/de\/\"]]}]},{\"@type\":\"BreadcrumbList\",\"@id\":\"\/de\/#breadcrumb\",\"itemListElement\":[{\"@type\":\"ListItem\",\"position\":1,\"name\":\"Home\",\"item\":\"https:\/\/micasatucasaibiza.com\/de\/\"},{\"@type\":\"ListItem\",\"position\":2,\"name\":\"Our villas\",\"item\":\"https:\/\/micasatucasaibiza.com\/de\/ibiza-luxury-rental-villas\/\"},{\"@type\":\"ListItem\",\"position\":3,\"name\":\"Location\",\"item\":\"https:\/\/micasatucasaibiza.com\/de\/ibiza-luxury-rental-villas\/location\/\"},{\"@type\":\"ListItem\",\"position\":4,\"name\":\"Ibiza Town\"}]},{\"@type\":\"WebSite\",\"@id\":\"https:\/\/micasatucasaibiza.com\/de\/#website\",\"url\":\"https:\/\/micasatucasaibiza.com\/de\/\",\"name\":\"Mi Casa Tu Casa Ibiza\",\"description\":\"Special villas. Exclusively managed.\",\"publisher\":{\"@id\":\"https:\/\/micasatucasaibiza.com\/de\/#organization\"},\"potentialAction\":[{\"@type\":\"SearchAction\",\"target\":{\"@type\":\"EntryPoint\",\"urlTemplate\":\"https:\/\/micasatucasaibiza.com\/de\/?s={search_term_string}\"},\"query-input\":{\"@type\":\"PropertyValueSpecification\",\"valueRequired\":true,\"valueName\":\"search_term_string\"}}],\"inLanguage\":\"de\"},{\"@type\":\"Organization\",\"@id\":\"https:\/\/micasatucasaibiza.com\/de\/#organization\",\"name\":\"Mi Casa Tu Casa Ibiza\",\"url\":\"https:\/\/micasatucasaibiza.com\/de\/\",\"logo\":{\"@type\":\"ImageObject\",\"inLanguage\":\"de\",\"@id\":\"https:\/\/micasatucasaibiza.com\/de\/#\/schema\/logo\/image\/\",\"url\":\"https:\/\/micasatucasaibiza.com\/wp-content\/uploads\/logo.gif\",\"contentUrl\":\"https:\/\/micasatucasaibiza.com\/wp-content\/uploads\/logo.gif\",\"width\":226,\"height\":97,\"caption\":\"Mi Casa Tu Casa Ibiza\"},\"image\":{\"@id\":\"https:\/\/micasatucasaibiza.com\/de\/#\/schema\/logo\/image\/\"},\"sameAs\":[\"https:\/\/www.facebook.com\/MiCasaTuCasaIbiza\/\",\"https:\/\/www.instagram.com\/micasatucasaibiza\/\"]}]}<\/script>\n<!-- \/ Yoast SEO plugin. -->","yoast_head_json":{"title":"Luxury Villas to Rent Near Ibiza Town | Mi Casa Tu Casa","description":"Discover luxury villas to rent near Ibiza Town from island experts. Enjoy private pools, sea views and smooth service for your perfect Ibiza villa stay","robots":{"index":"index","follow":"follow","max-snippet":"max-snippet:-1","max-image-preview":"max-image-preview:large","max-video-preview":"max-video-preview:-1"},"canonical":"\/de\/","og_locale":"de_DE","og_type":"article","og_title":"Luxury Villas to Rent Near Ibiza Town | Mi Casa Tu Casa","og_description":"Discover luxury villas to rent near Ibiza Town from island experts. Enjoy private pools, sea views and smooth service for your perfect Ibiza villa stay","og_url":"\/de\/","og_site_name":"Mi Casa Tu Casa Ibiza","article_publisher":"https:\/\/www.facebook.com\/MiCasaTuCasaIbiza\/","article_modified_time":"2026-03-10T02:31:49+00:00","twitter_misc":{"Gesch\u00e4tzte Lesezeit":"1\u00a0Minute"},"schema":{"@context":"https:\/\/schema.org","@graph":[{"@type":"WebPage","@id":"https:\/\/micasatucasaibiza.com\/de\/ibiza-luxury-rental-villas\/location\/ibiza-town\/","url":"\/de\/","name":"Luxury Villas to Rent Near Ibiza Town | Mi Casa Tu Casa","isPartOf":{"@id":"https:\/\/micasatucasaibiza.com\/de\/#website"},"datePublished":"2026-01-19T11:24:42+00:00","dateModified":"2026-03-10T02:31:49+00:00","description":"Discover luxury villas to rent near Ibiza Town from island experts. Enjoy private pools, sea views and smooth service for your perfect Ibiza villa stay","breadcrumb":{"@id":"\/de\/#breadcrumb"},"inLanguage":"de","potentialAction":[{"@type":"ReadAction","target":[["\/de\/"]]}]},{"@type":"BreadcrumbList","@id":"\/de\/#breadcrumb","itemListElement":[{"@type":"ListItem","position":1,"name":"Home","item":"https:\/\/micasatucasaibiza.com\/de\/"},{"@type":"ListItem","position":2,"name":"Our villas","item":"https:\/\/micasatucasaibiza.com\/de\/ibiza-luxury-rental-villas\/"},{"@type":"ListItem","position":3,"name":"Location","item":"https:\/\/micasatucasaibiza.com\/de\/ibiza-luxury-rental-villas\/location\/"},{"@type":"ListItem","position":4,"name":"Ibiza Town"}]},{"@type":"WebSite","@id":"https:\/\/micasatucasaibiza.com\/de\/#website","url":"https:\/\/micasatucasaibiza.com\/de\/","name":"Mi Casa Tu Casa Ibiza","description":"Special villas. Exclusively managed.","publisher":{"@id":"https:\/\/micasatucasaibiza.com\/de\/#organization"},"potentialAction":[{"@type":"SearchAction","target":{"@type":"EntryPoint","urlTemplate":"https:\/\/micasatucasaibiza.com\/de\/?s={search_term_string}"},"query-input":{"@type":"PropertyValueSpecification","valueRequired":true,"valueName":"search_term_string"}}],"inLanguage":"de"},{"@type":"Organization","@id":"https:\/\/micasatucasaibiza.com\/de\/#organization","name":"Mi Casa Tu Casa Ibiza","url":"https:\/\/micasatucasaibiza.com\/de\/","logo":{"@type":"ImageObject","inLanguage":"de","@id":"https:\/\/micasatucasaibiza.com\/de\/#\/schema\/logo\/image\/","url":"https:\/\/micasatucasaibiza.com\/wp-content\/uploads\/logo.gif","contentUrl":"https:\/\/micasatucasaibiza.com\/wp-content\/uploads\/logo.gif","width":226,"height":97,"caption":"Mi Casa Tu Casa Ibiza"},"image":{"@id":"https:\/\/micasatucasaibiza.com\/de\/#\/schema\/logo\/image\/"},"sameAs":["https:\/\/www.facebook.com\/MiCasaTuCasaIbiza\/","https:\/\/www.instagram.com\/micasatucasaibiza\/"]}]}},"_links":{"self":[{"href":"https:\/\/micasatucasaibiza.com\/de\/wp-json\/wp\/v2\/pages\/17942","targetHints":{"allow":["GET"]}}],"collection":[{"href":"https:\/\/micasatucasaibiza.com\/de\/wp-json\/wp\/v2\/pages"}],"about":[{"href":"https:\/\/micasatucasaibiza.com\/de\/wp-json\/wp\/v2\/types\/page"}],"author":[{"embeddable":true,"href":"https:\/\/micasatucasaibiza.com\/de\/wp-json\/wp\/v2\/users\/1"}],"replies":[{"embeddable":true,"href":"https:\/\/micasatucasaibiza.com\/de\/wp-json\/wp\/v2\/comments?post=17942"}],"version-history":[{"count":10,"href":"https:\/\/micasatucasaibiza.com\/de\/wp-json\/wp\/v2\/pages\/17942\/revisions"}],"predecessor-version":[{"id":18457,"href":"https:\/\/micasatucasaibiza.com\/de\/wp-json\/wp\/v2\/pages\/17942\/revisions\/18457"}],"up":[{"embeddable":true,"href":"https:\/\/micasatucasaibiza.com\/de\/wp-json\/wp\/v2\/pages\/17934"}],"wp:attachment":[{"href":"https:\/\/micasatucasaibiza.com\/de\/wp-json\/wp\/v2\/media?parent=17942"}],"curies":[{"name":"wp","href":"https:\/\/api.w.org\/{rel}","templated":true}]}}