{"id":18328,"date":"2026-02-24T12:52:07","date_gmt":"2026-02-24T11:52:07","guid":{"rendered":"https:\/\/micasatucasaibiza.com\/?page_id=18328"},"modified":"2026-03-10T00:58:23","modified_gmt":"2026-03-09T23:58:23","slug":"san-jose-2","status":"publish","type":"page","link":"https:\/\/micasatucasaibiza.com\/de\/ibiza-luxus-villen-zur-miete\/location\/south-coast\/","title":{"rendered":"South Coast"},"content":{"rendered":"<p><\/p>\n<p data-start=\"1047\" data-end=\"1521\">Die S\u00fcdk\u00fcste bietet Ihnen das Beste aus zwei Welten. Ruhige Str\u00e4nde und malerische Buchten treffen auf lebhafte Beachclubs und hervorragende Fischrestaurants \u2013 alles direkt vor Ihrer T\u00fcr. Unsere Luxusvillen an der S\u00fcdk\u00fcste sind ideal gelegen f\u00fcr Tage, die vom Pool zum Mittagessen und zu entspannten Nachmittagen auf schattigen Terrassen \u00fcbergehen. Mieten Sie Ihre Ferienvilla bei uns und genie\u00dfen Sie m\u00fchelosen Sommer im Ibiza-Stil.<\/p>\n<p><\/p>","protected":false},"excerpt":{"rendered":"<p>Die S\u00fcdk\u00fcste bietet Ihnen das Beste aus zwei Welten. Ruhige Str\u00e4nde und malerische Buchten treffen auf lebhafte Beachclubs und hervorragende Fischrestaurants \u2013 alles direkt vor Ihrer T\u00fcr. Unsere Luxusvillen an &hellip;<\/p>\n","protected":false},"author":1,"featured_media":0,"parent":17934,"menu_order":9,"comment_status":"closed","ping_status":"closed","template":"pages\/template-villas-location.php","meta":{"_acf_changed":false,"footnotes":""},"class_list":["post-18328","page","type-page","status-publish","hentry"],"acf":[],"yoast_head":"<!-- This site is optimized with the Yoast SEO plugin v27.0 - https:\/\/yoast.com\/product\/yoast-seo-wordpress\/ -->\n<title>| South Coast | Mi Casa Tu Casa Ibiza<\/title>\n<meta name=\"robots\" content=\"index, follow, max-snippet:-1, max-image-preview:large, max-video-preview:-1\" \/>\n<link rel=\"canonical\" href=\"\/de\/\" \/>\n<meta property=\"og:locale\" content=\"de_DE\" \/>\n<meta property=\"og:type\" content=\"article\" \/>\n<meta property=\"og:title\" content=\"| South Coast | Mi Casa Tu Casa Ibiza\" \/>\n<meta property=\"og:url\" content=\"\/de\/\" \/>\n<meta property=\"og:site_name\" content=\"Mi Casa Tu Casa Ibiza\" \/>\n<meta property=\"article:publisher\" content=\"https:\/\/www.facebook.com\/MiCasaTuCasaIbiza\/\" \/>\n<meta property=\"article:modified_time\" content=\"2026-03-09T23:58:23+00:00\" \/>\n<meta name=\"twitter:label1\" content=\"Gesch\u00e4tzte Lesezeit\" \/>\n\t<meta name=\"twitter:data1\" content=\"1\u00a0Minute\" \/>\n<script type=\"application\/ld+json\" class=\"yoast-schema-graph\">{\"@context\":\"https:\/\/schema.org\",\"@graph\":[{\"@type\":\"WebPage\",\"@id\":\"https:\/\/micasatucasaibiza.com\/de\/ibiza-luxury-rental-villas\/location\/south-coast\/\",\"url\":\"\/de\/\",\"name\":\"| South Coast | Mi Casa Tu Casa Ibiza\",\"isPartOf\":{\"@id\":\"https:\/\/micasatucasaibiza.com\/de\/#website\"},\"datePublished\":\"2026-02-24T11:52:07+00:00\",\"dateModified\":\"2026-03-09T23:58:23+00:00\",\"breadcrumb\":{\"@id\":\"\/de\/#breadcrumb\"},\"inLanguage\":\"de\",\"potentialAction\":[{\"@type\":\"ReadAction\",\"target\":[[\"\/de\/\"]]}]},{\"@type\":\"BreadcrumbList\",\"@id\":\"\/de\/#breadcrumb\",\"itemListElement\":[{\"@type\":\"ListItem\",\"position\":1,\"name\":\"Home\",\"item\":\"https:\/\/micasatucasaibiza.com\/de\/\"},{\"@type\":\"ListItem\",\"position\":2,\"name\":\"Our villas\",\"item\":\"https:\/\/micasatucasaibiza.com\/de\/ibiza-luxury-rental-villas\/\"},{\"@type\":\"ListItem\",\"position\":3,\"name\":\"Location\",\"item\":\"https:\/\/micasatucasaibiza.com\/de\/ibiza-luxury-rental-villas\/location\/\"},{\"@type\":\"ListItem\",\"position\":4,\"name\":\"South Coast\"}]},{\"@type\":\"WebSite\",\"@id\":\"https:\/\/micasatucasaibiza.com\/de\/#website\",\"url\":\"https:\/\/micasatucasaibiza.com\/de\/\",\"name\":\"Mi Casa Tu Casa Ibiza\",\"description\":\"Special villas. Exclusively managed.\",\"publisher\":{\"@id\":\"https:\/\/micasatucasaibiza.com\/de\/#organization\"},\"potentialAction\":[{\"@type\":\"SearchAction\",\"target\":{\"@type\":\"EntryPoint\",\"urlTemplate\":\"https:\/\/micasatucasaibiza.com\/de\/?s={search_term_string}\"},\"query-input\":{\"@type\":\"PropertyValueSpecification\",\"valueRequired\":true,\"valueName\":\"search_term_string\"}}],\"inLanguage\":\"de\"},{\"@type\":\"Organization\",\"@id\":\"https:\/\/micasatucasaibiza.com\/de\/#organization\",\"name\":\"Mi Casa Tu Casa Ibiza\",\"url\":\"https:\/\/micasatucasaibiza.com\/de\/\",\"logo\":{\"@type\":\"ImageObject\",\"inLanguage\":\"de\",\"@id\":\"https:\/\/micasatucasaibiza.com\/de\/#\/schema\/logo\/image\/\",\"url\":\"https:\/\/micasatucasaibiza.com\/wp-content\/uploads\/logo.gif\",\"contentUrl\":\"https:\/\/micasatucasaibiza.com\/wp-content\/uploads\/logo.gif\",\"width\":226,\"height\":97,\"caption\":\"Mi Casa Tu Casa Ibiza\"},\"image\":{\"@id\":\"https:\/\/micasatucasaibiza.com\/de\/#\/schema\/logo\/image\/\"},\"sameAs\":[\"https:\/\/www.facebook.com\/MiCasaTuCasaIbiza\/\",\"https:\/\/www.instagram.com\/micasatucasaibiza\/\"]}]}<\/script>\n<!-- \/ Yoast SEO plugin. -->","yoast_head_json":{"title":"| South Coast | Mi Casa Tu Casa Ibiza","robots":{"index":"index","follow":"follow","max-snippet":"max-snippet:-1","max-image-preview":"max-image-preview:large","max-video-preview":"max-video-preview:-1"},"canonical":"\/de\/","og_locale":"de_DE","og_type":"article","og_title":"| South Coast | Mi Casa Tu Casa Ibiza","og_url":"\/de\/","og_site_name":"Mi Casa Tu Casa Ibiza","article_publisher":"https:\/\/www.facebook.com\/MiCasaTuCasaIbiza\/","article_modified_time":"2026-03-09T23:58:23+00:00","twitter_misc":{"Gesch\u00e4tzte Lesezeit":"1\u00a0Minute"},"schema":{"@context":"https:\/\/schema.org","@graph":[{"@type":"WebPage","@id":"https:\/\/micasatucasaibiza.com\/de\/ibiza-luxury-rental-villas\/location\/south-coast\/","url":"\/de\/","name":"| South Coast | Mi Casa Tu Casa Ibiza","isPartOf":{"@id":"https:\/\/micasatucasaibiza.com\/de\/#website"},"datePublished":"2026-02-24T11:52:07+00:00","dateModified":"2026-03-09T23:58:23+00:00","breadcrumb":{"@id":"\/de\/#breadcrumb"},"inLanguage":"de","potentialAction":[{"@type":"ReadAction","target":[["\/de\/"]]}]},{"@type":"BreadcrumbList","@id":"\/de\/#breadcrumb","itemListElement":[{"@type":"ListItem","position":1,"name":"Home","item":"https:\/\/micasatucasaibiza.com\/de\/"},{"@type":"ListItem","position":2,"name":"Our villas","item":"https:\/\/micasatucasaibiza.com\/de\/ibiza-luxury-rental-villas\/"},{"@type":"ListItem","position":3,"name":"Location","item":"https:\/\/micasatucasaibiza.com\/de\/ibiza-luxury-rental-villas\/location\/"},{"@type":"ListItem","position":4,"name":"South Coast"}]},{"@type":"WebSite","@id":"https:\/\/micasatucasaibiza.com\/de\/#website","url":"https:\/\/micasatucasaibiza.com\/de\/","name":"Mi Casa Tu Casa Ibiza","description":"Special villas. Exclusively managed.","publisher":{"@id":"https:\/\/micasatucasaibiza.com\/de\/#organization"},"potentialAction":[{"@type":"SearchAction","target":{"@type":"EntryPoint","urlTemplate":"https:\/\/micasatucasaibiza.com\/de\/?s={search_term_string}"},"query-input":{"@type":"PropertyValueSpecification","valueRequired":true,"valueName":"search_term_string"}}],"inLanguage":"de"},{"@type":"Organization","@id":"https:\/\/micasatucasaibiza.com\/de\/#organization","name":"Mi Casa Tu Casa Ibiza","url":"https:\/\/micasatucasaibiza.com\/de\/","logo":{"@type":"ImageObject","inLanguage":"de","@id":"https:\/\/micasatucasaibiza.com\/de\/#\/schema\/logo\/image\/","url":"https:\/\/micasatucasaibiza.com\/wp-content\/uploads\/logo.gif","contentUrl":"https:\/\/micasatucasaibiza.com\/wp-content\/uploads\/logo.gif","width":226,"height":97,"caption":"Mi Casa Tu Casa Ibiza"},"image":{"@id":"https:\/\/micasatucasaibiza.com\/de\/#\/schema\/logo\/image\/"},"sameAs":["https:\/\/www.facebook.com\/MiCasaTuCasaIbiza\/","https:\/\/www.instagram.com\/micasatucasaibiza\/"]}]}},"_links":{"self":[{"href":"https:\/\/micasatucasaibiza.com\/de\/wp-json\/wp\/v2\/pages\/18328","targetHints":{"allow":["GET"]}}],"collection":[{"href":"https:\/\/micasatucasaibiza.com\/de\/wp-json\/wp\/v2\/pages"}],"about":[{"href":"https:\/\/micasatucasaibiza.com\/de\/wp-json\/wp\/v2\/types\/page"}],"author":[{"embeddable":true,"href":"https:\/\/micasatucasaibiza.com\/de\/wp-json\/wp\/v2\/users\/1"}],"replies":[{"embeddable":true,"href":"https:\/\/micasatucasaibiza.com\/de\/wp-json\/wp\/v2\/comments?post=18328"}],"version-history":[{"count":6,"href":"https:\/\/micasatucasaibiza.com\/de\/wp-json\/wp\/v2\/pages\/18328\/revisions"}],"predecessor-version":[{"id":18418,"href":"https:\/\/micasatucasaibiza.com\/de\/wp-json\/wp\/v2\/pages\/18328\/revisions\/18418"}],"up":[{"embeddable":true,"href":"https:\/\/micasatucasaibiza.com\/de\/wp-json\/wp\/v2\/pages\/17934"}],"wp:attachment":[{"href":"https:\/\/micasatucasaibiza.com\/de\/wp-json\/wp\/v2\/media?parent=18328"}],"curies":[{"name":"wp","href":"https:\/\/api.w.org\/{rel}","templated":true}]}}