{"id":210,"date":"2014-03-07T08:08:18","date_gmt":"2014-03-07T07:08:18","guid":{"rendered":"http:\/\/pc-808:8081\/micasatucasaibiza.com\/site\/?page_id=210"},"modified":"2026-02-10T21:46:02","modified_gmt":"2026-02-10T20:46:02","slug":"development","status":"publish","type":"page","link":"https:\/\/micasatucasaibiza.com\/de\/bauprojekte\/","title":{"rendered":"Bauprojekte"},"content":{"rendered":"<p><\/p>\n<p>W\u00e4hrend der letzten f\u00fcnf Jahre haben wir sieben gro\u00dfe Bauprojekte an Villen durchgef\u00fchrt und eine Bandbreite verschiedener anderer Arbeiten f\u00fcr unsere Kunden beaufsichtigt. Wir haben eine Leidenschaft f\u00fcr Bauprojekte und daf\u00fcr, wundersch\u00f6ne Ferienh\u00e4user zu schaffen. Eine Villa zu bauen oder zu renovieren macht viel Spa\u00df und ist eine sehr motivierende Erfahrung. Jedoch kann es f\u00fcr viele Eigent\u00fcmer eine abschreckende Aufgabe sein, ein Projekt dieser Gr\u00f6\u00dfenordnung aus gro\u00dfer Entfernung durchzuf\u00fchren. Wir k\u00f6nnen Ihnen die Belastung abnehmen und alles f\u00fcr Sie erledigen. Wir haben ein Netzwerk zuverl\u00e4ssiger Betriebe, deren F\u00e4higkeit, Arbeiten auf mehr als zufriedenstellende Art auszuf\u00fchren, wir \u00fcberpr\u00fcft und getestet haben \u2013 sowohl bez\u00fcglich der ben\u00f6tigten Zeit und der Kosten als auch bez\u00fcglich der Qualit\u00e4t der Arbeit. Wir arbeiten mit absoluter Kostentransparenz und wir haben eine sehr pers\u00f6nliche und engagierte Herangehensweise, kurz gesagt, wir werden Ihre Gesch\u00e4fte f\u00fchren, als w\u00e4ren Sie unsere und Ihr Heim mit der selben Sorgfalt behandeln, als ob es unseres w\u00e4re.<\/p>\n<p><\/p>","protected":false},"excerpt":{"rendered":"<p>W\u00e4hrend der letzten f\u00fcnf Jahre haben wir sieben gro\u00dfe Bauprojekte an Villen durchgef\u00fchrt und eine Bandbreite verschiedener anderer Arbeiten f\u00fcr unsere Kunden beaufsichtigt. Wir haben eine Leidenschaft f\u00fcr Bauprojekte und &hellip;<\/p>\n","protected":false},"author":1,"featured_media":0,"parent":0,"menu_order":42,"comment_status":"closed","ping_status":"closed","template":"","meta":{"_acf_changed":false,"footnotes":""},"class_list":["post-210","page","type-page","status-publish","hentry"],"acf":[],"yoast_head":"<!-- This site is optimized with the Yoast SEO plugin v27.4 - https:\/\/yoast.com\/product\/yoast-seo-wordpress\/ -->\n<title>Villa Development Ibiza Mi Casa Tu Casa - Development<\/title>\n<meta name=\"description\" content=\"Over the last five years we have managed seven major villa development projects and overseen a variety of other works for our clients.\" \/>\n<meta name=\"robots\" content=\"index, follow, max-snippet:-1, max-image-preview:large, max-video-preview:-1\" \/>\n<link rel=\"canonical\" href=\"\/de\/\" \/>\n<meta property=\"og:locale\" content=\"de_DE\" \/>\n<meta property=\"og:type\" content=\"article\" \/>\n<meta property=\"og:title\" content=\"Villa Development Ibiza Mi Casa Tu Casa - Development\" \/>\n<meta property=\"og:description\" content=\"Over the last five years we have managed seven major villa development projects and overseen a variety of other works for our clients.\" \/>\n<meta property=\"og:url\" content=\"\/de\/\" \/>\n<meta property=\"og:site_name\" content=\"Mi Casa Tu Casa Ibiza\" \/>\n<meta property=\"article:publisher\" content=\"https:\/\/www.facebook.com\/MiCasaTuCasaIbiza\/\" \/>\n<meta property=\"article:modified_time\" content=\"2026-02-10T20:46:02+00:00\" \/>\n<meta name=\"twitter:label1\" content=\"Gesch\u00e4tzte Lesezeit\" \/>\n\t<meta name=\"twitter:data1\" content=\"1\u00a0Minute\" \/>\n<script type=\"application\/ld+json\" class=\"yoast-schema-graph\">{\"@context\":\"https:\\\/\\\/schema.org\",\"@graph\":[{\"@type\":\"WebPage\",\"@id\":\"https:\\\/\\\/micasatucasaibiza.com\\\/de\\\/development\\\/\",\"url\":\"\\\/de\\\/\",\"name\":\"Villa Development Ibiza Mi Casa Tu Casa - Development\",\"isPartOf\":{\"@id\":\"https:\\\/\\\/micasatucasaibiza.com\\\/de\\\/#website\"},\"datePublished\":\"2014-03-07T07:08:18+00:00\",\"dateModified\":\"2026-02-10T20:46:02+00:00\",\"description\":\"Over the last five years we have managed seven major villa development projects and overseen a variety of other works for our clients.\",\"breadcrumb\":{\"@id\":\"\\\/de\\\/#breadcrumb\"},\"inLanguage\":\"de\",\"potentialAction\":[{\"@type\":\"ReadAction\",\"target\":[[\"\\\/de\\\/\"]]}]},{\"@type\":\"BreadcrumbList\",\"@id\":\"\\\/de\\\/#breadcrumb\",\"itemListElement\":[{\"@type\":\"ListItem\",\"position\":1,\"name\":\"Home\",\"item\":\"https:\\\/\\\/micasatucasaibiza.com\\\/de\\\/\"},{\"@type\":\"ListItem\",\"position\":2,\"name\":\"Development\"}]},{\"@type\":\"WebSite\",\"@id\":\"https:\\\/\\\/micasatucasaibiza.com\\\/de\\\/#website\",\"url\":\"https:\\\/\\\/micasatucasaibiza.com\\\/de\\\/\",\"name\":\"Mi Casa Tu Casa Ibiza\",\"description\":\"Special villas. Exclusively managed.\",\"publisher\":{\"@id\":\"https:\\\/\\\/micasatucasaibiza.com\\\/de\\\/#organization\"},\"potentialAction\":[{\"@type\":\"SearchAction\",\"target\":{\"@type\":\"EntryPoint\",\"urlTemplate\":\"https:\\\/\\\/micasatucasaibiza.com\\\/de\\\/?s={search_term_string}\"},\"query-input\":{\"@type\":\"PropertyValueSpecification\",\"valueRequired\":true,\"valueName\":\"search_term_string\"}}],\"inLanguage\":\"de\"},{\"@type\":\"Organization\",\"@id\":\"https:\\\/\\\/micasatucasaibiza.com\\\/de\\\/#organization\",\"name\":\"Mi Casa Tu Casa Ibiza\",\"url\":\"https:\\\/\\\/micasatucasaibiza.com\\\/de\\\/\",\"logo\":{\"@type\":\"ImageObject\",\"inLanguage\":\"de\",\"@id\":\"https:\\\/\\\/micasatucasaibiza.com\\\/de\\\/#\\\/schema\\\/logo\\\/image\\\/\",\"url\":\"https:\\\/\\\/micasatucasaibiza.com\\\/wp-content\\\/uploads\\\/logo.gif\",\"contentUrl\":\"https:\\\/\\\/micasatucasaibiza.com\\\/wp-content\\\/uploads\\\/logo.gif\",\"width\":226,\"height\":97,\"caption\":\"Mi Casa Tu Casa Ibiza\"},\"image\":{\"@id\":\"https:\\\/\\\/micasatucasaibiza.com\\\/de\\\/#\\\/schema\\\/logo\\\/image\\\/\"},\"sameAs\":[\"https:\\\/\\\/www.facebook.com\\\/MiCasaTuCasaIbiza\\\/\",\"https:\\\/\\\/www.instagram.com\\\/micasatucasaibiza\\\/\"]}]}<\/script>\n<!-- \/ Yoast SEO plugin. -->","yoast_head_json":{"title":"Villa Development Ibiza Mi Casa Tu Casa - Development","description":"Over the last five years we have managed seven major villa development projects and overseen a variety of other works for our clients.","robots":{"index":"index","follow":"follow","max-snippet":"max-snippet:-1","max-image-preview":"max-image-preview:large","max-video-preview":"max-video-preview:-1"},"canonical":"\/de\/","og_locale":"de_DE","og_type":"article","og_title":"Villa Development Ibiza Mi Casa Tu Casa - Development","og_description":"Over the last five years we have managed seven major villa development projects and overseen a variety of other works for our clients.","og_url":"\/de\/","og_site_name":"Mi Casa Tu Casa Ibiza","article_publisher":"https:\/\/www.facebook.com\/MiCasaTuCasaIbiza\/","article_modified_time":"2026-02-10T20:46:02+00:00","twitter_misc":{"Gesch\u00e4tzte Lesezeit":"1\u00a0Minute"},"schema":{"@context":"https:\/\/schema.org","@graph":[{"@type":"WebPage","@id":"https:\/\/micasatucasaibiza.com\/de\/development\/","url":"\/de\/","name":"Villa Development Ibiza Mi Casa Tu Casa - Development","isPartOf":{"@id":"https:\/\/micasatucasaibiza.com\/de\/#website"},"datePublished":"2014-03-07T07:08:18+00:00","dateModified":"2026-02-10T20:46:02+00:00","description":"Over the last five years we have managed seven major villa development projects and overseen a variety of other works for our clients.","breadcrumb":{"@id":"\/de\/#breadcrumb"},"inLanguage":"de","potentialAction":[{"@type":"ReadAction","target":[["\/de\/"]]}]},{"@type":"BreadcrumbList","@id":"\/de\/#breadcrumb","itemListElement":[{"@type":"ListItem","position":1,"name":"Home","item":"https:\/\/micasatucasaibiza.com\/de\/"},{"@type":"ListItem","position":2,"name":"Development"}]},{"@type":"WebSite","@id":"https:\/\/micasatucasaibiza.com\/de\/#website","url":"https:\/\/micasatucasaibiza.com\/de\/","name":"Mi Casa Tu Casa Ibiza","description":"Special villas. Exclusively managed.","publisher":{"@id":"https:\/\/micasatucasaibiza.com\/de\/#organization"},"potentialAction":[{"@type":"SearchAction","target":{"@type":"EntryPoint","urlTemplate":"https:\/\/micasatucasaibiza.com\/de\/?s={search_term_string}"},"query-input":{"@type":"PropertyValueSpecification","valueRequired":true,"valueName":"search_term_string"}}],"inLanguage":"de"},{"@type":"Organization","@id":"https:\/\/micasatucasaibiza.com\/de\/#organization","name":"Mi Casa Tu Casa Ibiza","url":"https:\/\/micasatucasaibiza.com\/de\/","logo":{"@type":"ImageObject","inLanguage":"de","@id":"https:\/\/micasatucasaibiza.com\/de\/#\/schema\/logo\/image\/","url":"https:\/\/micasatucasaibiza.com\/wp-content\/uploads\/logo.gif","contentUrl":"https:\/\/micasatucasaibiza.com\/wp-content\/uploads\/logo.gif","width":226,"height":97,"caption":"Mi Casa Tu Casa Ibiza"},"image":{"@id":"https:\/\/micasatucasaibiza.com\/de\/#\/schema\/logo\/image\/"},"sameAs":["https:\/\/www.facebook.com\/MiCasaTuCasaIbiza\/","https:\/\/www.instagram.com\/micasatucasaibiza\/"]}]}},"_links":{"self":[{"href":"https:\/\/micasatucasaibiza.com\/de\/wp-json\/wp\/v2\/pages\/210","targetHints":{"allow":["GET"]}}],"collection":[{"href":"https:\/\/micasatucasaibiza.com\/de\/wp-json\/wp\/v2\/pages"}],"about":[{"href":"https:\/\/micasatucasaibiza.com\/de\/wp-json\/wp\/v2\/types\/page"}],"author":[{"embeddable":true,"href":"https:\/\/micasatucasaibiza.com\/de\/wp-json\/wp\/v2\/users\/1"}],"replies":[{"embeddable":true,"href":"https:\/\/micasatucasaibiza.com\/de\/wp-json\/wp\/v2\/comments?post=210"}],"version-history":[{"count":5,"href":"https:\/\/micasatucasaibiza.com\/de\/wp-json\/wp\/v2\/pages\/210\/revisions"}],"predecessor-version":[{"id":18164,"href":"https:\/\/micasatucasaibiza.com\/de\/wp-json\/wp\/v2\/pages\/210\/revisions\/18164"}],"wp:attachment":[{"href":"https:\/\/micasatucasaibiza.com\/de\/wp-json\/wp\/v2\/media?parent=210"}],"curies":[{"name":"wp","href":"https:\/\/api.w.org\/{rel}","templated":true}]}}