{"id":249,"date":"2014-03-10T13:46:51","date_gmt":"2014-03-10T12:46:51","guid":{"rendered":"http:\/\/fixitlab.com.\/dev\/mcdemo\/?page_id=249"},"modified":"2026-02-10T21:40:02","modified_gmt":"2026-02-10T20:40:02","slug":"car-hire","status":"publish","type":"page","link":"https:\/\/micasatucasaibiza.com\/de\/unser-concierge-service\/autovermietung\/","title":{"rendered":"Autovermietung"},"content":{"rendered":"<p><\/p>\n<p style=\"text-align: center;\">Da die meisten unserer Villen wunderbar privat sind und versteckt in der wundersch\u00f6nen Landschaft Ibizas liegen, ist es praktisch unerl\u00e4sslich, einen Mietwagen zu haben, um Sie \u00fcber die Caminos zu Ihren Lieblingsrestaurants und -str\u00e4nden zu bringen. Wir arbeiten mit einem fantastischen lokalen Spezialisten zusammen, der exzellenten Service, wunderbar niedrige Preise und eine gro\u00dfartige Auswahl an Autos bietet, einschlie\u00dflich Economy-, Elektro-, 4&#215;4-, Familien- und Luxusmodelle. Sie befinden sich auch praktisch am Flughafen direkt beim Terminal, sodass kein l\u00e4stiger Shuttlebus erforderlich ist &#8211; wir k\u00f6nnen nicht untersch\u00e4tzen, wie wichtig das ist, da eine lange Wartezeit auf Ihren Mietwagen Ihre Ankunft ruinieren kann.<\/p>\n<p><\/p>","protected":false},"excerpt":{"rendered":"<p>Da die meisten unserer Villen wunderbar privat sind und versteckt in der wundersch\u00f6nen Landschaft Ibizas liegen, ist es praktisch unerl\u00e4sslich, einen Mietwagen zu haben, um Sie \u00fcber die Caminos zu &hellip;<\/p>\n","protected":false},"author":1,"featured_media":7368,"parent":13041,"menu_order":23,"comment_status":"closed","ping_status":"closed","template":"pages\/template-car.php","meta":{"_acf_changed":false,"footnotes":""},"class_list":["post-249","page","type-page","status-publish","has-post-thumbnail","hentry"],"acf":[],"yoast_head":"<!-- This site is optimized with the Yoast SEO plugin v27.0 - https:\/\/yoast.com\/product\/yoast-seo-wordpress\/ -->\n<title>Ibiza Car Hire | Autovermietung | Mi Casa Tu Casa Ibiza<\/title>\n<meta name=\"description\" content=\"Looking for a car hire in Ibiza, then look no further as Mi Casa Tu Casa in pernership with Motoluis and our page allows you to choose your vehicle and date requirements.\" \/>\n<meta name=\"robots\" content=\"index, follow, max-snippet:-1, max-image-preview:large, max-video-preview:-1\" \/>\n<link rel=\"canonical\" href=\"\/de\/\" \/>\n<meta property=\"og:locale\" content=\"de_DE\" \/>\n<meta property=\"og:type\" content=\"article\" \/>\n<meta property=\"og:title\" content=\"Ibiza Car Hire | Autovermietung | Mi Casa Tu Casa Ibiza\" \/>\n<meta property=\"og:description\" content=\"Looking for a car hire in Ibiza, then look no further as Mi Casa Tu Casa in pernership with Motoluis and our page allows you to choose your vehicle and date requirements.\" \/>\n<meta property=\"og:url\" content=\"\/de\/\" \/>\n<meta property=\"og:site_name\" content=\"Mi Casa Tu Casa Ibiza\" \/>\n<meta property=\"article:publisher\" content=\"https:\/\/www.facebook.com\/MiCasaTuCasaIbiza\/\" \/>\n<meta property=\"article:modified_time\" content=\"2026-02-10T20:40:02+00:00\" \/>\n<meta property=\"og:image\" content=\"https:\/\/micasatucasaibiza.com\/wp-content\/uploads\/2019\/08\/car-hire.jpg\" \/>\n\t<meta property=\"og:image:width\" content=\"1555\" \/>\n\t<meta property=\"og:image:height\" content=\"1101\" \/>\n\t<meta property=\"og:image:type\" content=\"image\/jpeg\" \/>\n<meta name=\"twitter:label1\" content=\"Gesch\u00e4tzte Lesezeit\" \/>\n\t<meta name=\"twitter:data1\" content=\"1\u00a0Minute\" \/>\n<script type=\"application\/ld+json\" class=\"yoast-schema-graph\">{\"@context\":\"https:\/\/schema.org\",\"@graph\":[{\"@type\":\"WebPage\",\"@id\":\"https:\/\/micasatucasaibiza.com\/de\/ibiza-concierge-services\/car-hire\/\",\"url\":\"\/de\/\",\"name\":\"Ibiza Car Hire | Autovermietung | Mi Casa Tu Casa Ibiza\",\"isPartOf\":{\"@id\":\"https:\/\/micasatucasaibiza.com\/de\/#website\"},\"primaryImageOfPage\":{\"@id\":\"\/de\/#primaryimage\"},\"image\":{\"@id\":\"\/#primaryimage\"},\"thumbnailUrl\":\"https:\/\/micasatucasaibiza.com\/wp-content\/uploads\/2019\/08\/car-hire.jpg\",\"datePublished\":\"2014-03-10T12:46:51+00:00\",\"dateModified\":\"2026-02-10T20:40:02+00:00\",\"description\":\"Looking for a car hire in Ibiza, then look no further as Mi Casa Tu Casa in pernership with Motoluis and our page allows you to choose your vehicle and date requirements.\",\"breadcrumb\":{\"@id\":\"\/de\/#breadcrumb\"},\"inLanguage\":\"de\",\"potentialAction\":[{\"@type\":\"ReadAction\",\"target\":[[\"\/de\/\"]]}]},{\"@type\":\"ImageObject\",\"inLanguage\":\"de\",\"@id\":\"\/de\/#primaryimage\",\"url\":\"https:\/\/micasatucasaibiza.com\/wp-content\/uploads\/2019\/08\/car-hire.jpg\",\"contentUrl\":\"https:\/\/micasatucasaibiza.com\/wp-content\/uploads\/2019\/08\/car-hire.jpg\",\"width\":1555,\"height\":1101,\"caption\":\"Car Hire\"},{\"@type\":\"BreadcrumbList\",\"@id\":\"\/de\/#breadcrumb\",\"itemListElement\":[{\"@type\":\"ListItem\",\"position\":1,\"name\":\"Home\",\"item\":\"https:\/\/micasatucasaibiza.com\/de\/\"},{\"@type\":\"ListItem\",\"position\":2,\"name\":\"Concierge\",\"item\":\"https:\/\/micasatucasaibiza.com\/de\/ibiza-concierge-services\/\"},{\"@type\":\"ListItem\",\"position\":3,\"name\":\"Car Hire\"}]},{\"@type\":\"WebSite\",\"@id\":\"https:\/\/micasatucasaibiza.com\/de\/#website\",\"url\":\"https:\/\/micasatucasaibiza.com\/de\/\",\"name\":\"Mi Casa Tu Casa Ibiza\",\"description\":\"Special villas. Exclusively managed.\",\"publisher\":{\"@id\":\"https:\/\/micasatucasaibiza.com\/de\/#organization\"},\"potentialAction\":[{\"@type\":\"SearchAction\",\"target\":{\"@type\":\"EntryPoint\",\"urlTemplate\":\"https:\/\/micasatucasaibiza.com\/de\/?s={search_term_string}\"},\"query-input\":{\"@type\":\"PropertyValueSpecification\",\"valueRequired\":true,\"valueName\":\"search_term_string\"}}],\"inLanguage\":\"de\"},{\"@type\":\"Organization\",\"@id\":\"https:\/\/micasatucasaibiza.com\/de\/#organization\",\"name\":\"Mi Casa Tu Casa Ibiza\",\"url\":\"https:\/\/micasatucasaibiza.com\/de\/\",\"logo\":{\"@type\":\"ImageObject\",\"inLanguage\":\"de\",\"@id\":\"https:\/\/micasatucasaibiza.com\/de\/#\/schema\/logo\/image\/\",\"url\":\"https:\/\/micasatucasaibiza.com\/wp-content\/uploads\/logo.gif\",\"contentUrl\":\"https:\/\/micasatucasaibiza.com\/wp-content\/uploads\/logo.gif\",\"width\":226,\"height\":97,\"caption\":\"Mi Casa Tu Casa Ibiza\"},\"image\":{\"@id\":\"https:\/\/micasatucasaibiza.com\/de\/#\/schema\/logo\/image\/\"},\"sameAs\":[\"https:\/\/www.facebook.com\/MiCasaTuCasaIbiza\/\",\"https:\/\/www.instagram.com\/micasatucasaibiza\/\"]}]}<\/script>\n<!-- \/ Yoast SEO plugin. -->","yoast_head_json":{"title":"Ibiza Car Hire | Autovermietung | Mi Casa Tu Casa Ibiza","description":"Looking for a car hire in Ibiza, then look no further as Mi Casa Tu Casa in pernership with Motoluis and our page allows you to choose your vehicle and date requirements.","robots":{"index":"index","follow":"follow","max-snippet":"max-snippet:-1","max-image-preview":"max-image-preview:large","max-video-preview":"max-video-preview:-1"},"canonical":"\/de\/","og_locale":"de_DE","og_type":"article","og_title":"Ibiza Car Hire | Autovermietung | Mi Casa Tu Casa Ibiza","og_description":"Looking for a car hire in Ibiza, then look no further as Mi Casa Tu Casa in pernership with Motoluis and our page allows you to choose your vehicle and date requirements.","og_url":"\/de\/","og_site_name":"Mi Casa Tu Casa Ibiza","article_publisher":"https:\/\/www.facebook.com\/MiCasaTuCasaIbiza\/","article_modified_time":"2026-02-10T20:40:02+00:00","og_image":[{"width":1555,"height":1101,"url":"https:\/\/micasatucasaibiza.com\/wp-content\/uploads\/2019\/08\/car-hire.jpg","type":"image\/jpeg"}],"twitter_misc":{"Gesch\u00e4tzte Lesezeit":"1\u00a0Minute"},"schema":{"@context":"https:\/\/schema.org","@graph":[{"@type":"WebPage","@id":"https:\/\/micasatucasaibiza.com\/de\/ibiza-concierge-services\/car-hire\/","url":"\/de\/","name":"Ibiza Car Hire | Autovermietung | Mi Casa Tu Casa Ibiza","isPartOf":{"@id":"https:\/\/micasatucasaibiza.com\/de\/#website"},"primaryImageOfPage":{"@id":"\/de\/#primaryimage"},"image":{"@id":"\/#primaryimage"},"thumbnailUrl":"https:\/\/micasatucasaibiza.com\/wp-content\/uploads\/2019\/08\/car-hire.jpg","datePublished":"2014-03-10T12:46:51+00:00","dateModified":"2026-02-10T20:40:02+00:00","description":"Looking for a car hire in Ibiza, then look no further as Mi Casa Tu Casa in pernership with Motoluis and our page allows you to choose your vehicle and date requirements.","breadcrumb":{"@id":"\/de\/#breadcrumb"},"inLanguage":"de","potentialAction":[{"@type":"ReadAction","target":[["\/de\/"]]}]},{"@type":"ImageObject","inLanguage":"de","@id":"\/de\/#primaryimage","url":"https:\/\/micasatucasaibiza.com\/wp-content\/uploads\/2019\/08\/car-hire.jpg","contentUrl":"https:\/\/micasatucasaibiza.com\/wp-content\/uploads\/2019\/08\/car-hire.jpg","width":1555,"height":1101,"caption":"Car Hire"},{"@type":"BreadcrumbList","@id":"\/de\/#breadcrumb","itemListElement":[{"@type":"ListItem","position":1,"name":"Home","item":"https:\/\/micasatucasaibiza.com\/de\/"},{"@type":"ListItem","position":2,"name":"Concierge","item":"https:\/\/micasatucasaibiza.com\/de\/ibiza-concierge-services\/"},{"@type":"ListItem","position":3,"name":"Car Hire"}]},{"@type":"WebSite","@id":"https:\/\/micasatucasaibiza.com\/de\/#website","url":"https:\/\/micasatucasaibiza.com\/de\/","name":"Mi Casa Tu Casa Ibiza","description":"Special villas. Exclusively managed.","publisher":{"@id":"https:\/\/micasatucasaibiza.com\/de\/#organization"},"potentialAction":[{"@type":"SearchAction","target":{"@type":"EntryPoint","urlTemplate":"https:\/\/micasatucasaibiza.com\/de\/?s={search_term_string}"},"query-input":{"@type":"PropertyValueSpecification","valueRequired":true,"valueName":"search_term_string"}}],"inLanguage":"de"},{"@type":"Organization","@id":"https:\/\/micasatucasaibiza.com\/de\/#organization","name":"Mi Casa Tu Casa Ibiza","url":"https:\/\/micasatucasaibiza.com\/de\/","logo":{"@type":"ImageObject","inLanguage":"de","@id":"https:\/\/micasatucasaibiza.com\/de\/#\/schema\/logo\/image\/","url":"https:\/\/micasatucasaibiza.com\/wp-content\/uploads\/logo.gif","contentUrl":"https:\/\/micasatucasaibiza.com\/wp-content\/uploads\/logo.gif","width":226,"height":97,"caption":"Mi Casa Tu Casa Ibiza"},"image":{"@id":"https:\/\/micasatucasaibiza.com\/de\/#\/schema\/logo\/image\/"},"sameAs":["https:\/\/www.facebook.com\/MiCasaTuCasaIbiza\/","https:\/\/www.instagram.com\/micasatucasaibiza\/"]}]}},"_links":{"self":[{"href":"https:\/\/micasatucasaibiza.com\/de\/wp-json\/wp\/v2\/pages\/249","targetHints":{"allow":["GET"]}}],"collection":[{"href":"https:\/\/micasatucasaibiza.com\/de\/wp-json\/wp\/v2\/pages"}],"about":[{"href":"https:\/\/micasatucasaibiza.com\/de\/wp-json\/wp\/v2\/types\/page"}],"author":[{"embeddable":true,"href":"https:\/\/micasatucasaibiza.com\/de\/wp-json\/wp\/v2\/users\/1"}],"replies":[{"embeddable":true,"href":"https:\/\/micasatucasaibiza.com\/de\/wp-json\/wp\/v2\/comments?post=249"}],"version-history":[{"count":10,"href":"https:\/\/micasatucasaibiza.com\/de\/wp-json\/wp\/v2\/pages\/249\/revisions"}],"predecessor-version":[{"id":18160,"href":"https:\/\/micasatucasaibiza.com\/de\/wp-json\/wp\/v2\/pages\/249\/revisions\/18160"}],"up":[{"embeddable":true,"href":"https:\/\/micasatucasaibiza.com\/de\/wp-json\/wp\/v2\/pages\/13041"}],"wp:featuredmedia":[{"embeddable":true,"href":"https:\/\/micasatucasaibiza.com\/de\/wp-json\/wp\/v2\/media\/7368"}],"wp:attachment":[{"href":"https:\/\/micasatucasaibiza.com\/de\/wp-json\/wp\/v2\/media?parent=249"}],"curies":[{"name":"wp","href":"https:\/\/api.w.org\/{rel}","templated":true}]}}