{"id":3906,"date":"2017-07-21T17:12:00","date_gmt":"2017-07-21T16:12:00","guid":{"rendered":"https:\/\/micasatucasaibiza.com\/?page_id=3906"},"modified":"2026-02-10T21:50:15","modified_gmt":"2026-02-10T20:50:15","slug":"ibiza-guide","status":"publish","type":"page","link":"https:\/\/micasatucasaibiza.com\/de\/ibiza-guide\/","title":{"rendered":"Der Insel-Guide"},"content":{"rendered":"<p>Die wundersch\u00f6ne Insel Ibiza hat etwas Magisches und Einzigartiges an sich. Versteckte T\u00e4ler und mit Pinien bewachsene H\u00fcgel treffen auf ruhige aquamarinblaue Buchten und verf\u00fchrerische Sandstr\u00e4nde. Die Insel ist an Sch\u00f6nheit kaum zu \u00fcberbieten, aber wenn man dann noch die unglaubliche K\u00fcche, die schicken Strandbars und das weltber\u00fchmte Nachtleben hinzuz\u00e4hlt, ist sie ein Ort wie kein anderer. Ibiza ist der perfekte Ort, um sich zu entspannen, neue Energie zu tanken und sich mit Freunden und Familie zu treffen, und nat\u00fcrlich gibt es keinen besseren Ort als eine unserer <a href=\"https:\/\/micasatucasaibiza.com\/de\/ibiza-villen-zur-miete\/\">sch\u00f6nen Ibiza Villen<\/a>. F\u00fcr eine winzige Insel gibt es eine \u00fcberw\u00e4ltigende Anzahl von Str\u00e4nden und buchst\u00e4blich Hunderte von k\u00f6stlichen Restaurants. Die Auswahl im kleinen Land des \u00dcberflusses kann daher eine Herausforderung sein. Damit Sie einen unvergesslichen Urlaub verbringen und jede Minute Ihrer kostbaren Zeit auf der Insel genie\u00dfen k\u00f6nnen, haben wir unseren pers\u00f6nlichen Inself\u00fchrer verfasst, in dem die besten Pl\u00e4tze der Insel, sowohl die ber\u00fchmten als auch die versteckten Juwelen, sowie viele andere erstaunliche Inselerlebnisse beschrieben sind.<\/p>\n<p>Sch\u00f6ne Ferien!<br \/>\nDas Team von Mi Casa Tu Casa<\/p>","protected":false},"excerpt":{"rendered":"<p>Die wundersch\u00f6ne Insel Ibiza hat etwas Magisches und Einzigartiges an sich. Versteckte T\u00e4ler und mit Pinien bewachsene H\u00fcgel treffen auf ruhige aquamarinblaue Buchten und verf\u00fchrerische Sandstr\u00e4nde. Die Insel ist an &hellip;<\/p>\n","protected":false},"author":1,"featured_media":8331,"parent":0,"menu_order":44,"comment_status":"closed","ping_status":"closed","template":"pages\/template-guide.php","meta":{"_acf_changed":false,"footnotes":""},"class_list":["post-3906","page","type-page","status-publish","has-post-thumbnail","hentry"],"acf":[],"yoast_head":"<!-- This site is optimized with the Yoast SEO plugin v27.4 - https:\/\/yoast.com\/product\/yoast-seo-wordpress\/ -->\n<title>Ibiza Urlaubsf\u00fchrer - Beste Restaurants &amp; Strandclubs &amp; Bars<\/title>\n<meta name=\"description\" content=\"DER UMFASSENDSTE aktuelle Ibiza-Urlaubsf\u00fchrer f\u00fcr 2021 Residenten und Insider. Erfahren Sie mehr \u00fcber Str\u00e4nde, Clubs und Restaurants auf der Insel.\" \/>\n<meta name=\"robots\" content=\"index, follow, max-snippet:-1, max-image-preview:large, max-video-preview:-1\" \/>\n<link rel=\"canonical\" href=\"\/de\/\" \/>\n<meta property=\"og:locale\" content=\"de_DE\" \/>\n<meta property=\"og:type\" content=\"article\" \/>\n<meta property=\"og:title\" content=\"Ibiza Urlaubsf\u00fchrer - Beste Restaurants &amp; Strandclubs &amp; Bars\" \/>\n<meta property=\"og:description\" content=\"DER UMFASSENDSTE aktuelle Ibiza-Urlaubsf\u00fchrer f\u00fcr 2021 Residenten und Insider. Erfahren Sie mehr \u00fcber Str\u00e4nde, Clubs und Restaurants auf der Insel.\" \/>\n<meta property=\"og:url\" content=\"\/de\/\" \/>\n<meta property=\"og:site_name\" content=\"Mi Casa Tu Casa Ibiza\" \/>\n<meta property=\"article:publisher\" content=\"https:\/\/www.facebook.com\/MiCasaTuCasaIbiza\/\" \/>\n<meta property=\"article:modified_time\" content=\"2026-02-10T20:50:15+00:00\" \/>\n<meta property=\"og:image\" content=\"https:\/\/micasatucasaibiza.com\/wp-content\/uploads\/2019\/11\/banner-island-guide-2019.jpg\" \/>\n\t<meta property=\"og:image:width\" content=\"2048\" \/>\n\t<meta property=\"og:image:height\" content=\"1152\" \/>\n\t<meta property=\"og:image:type\" content=\"image\/jpeg\" \/>\n<meta name=\"twitter:label1\" content=\"Gesch\u00e4tzte Lesezeit\" \/>\n\t<meta name=\"twitter:data1\" content=\"2\u00a0Minuten\" \/>\n<script type=\"application\/ld+json\" class=\"yoast-schema-graph\">{\"@context\":\"https:\\\/\\\/schema.org\",\"@graph\":[{\"@type\":\"WebPage\",\"@id\":\"https:\\\/\\\/micasatucasaibiza.com\\\/de\\\/ibiza-guide\\\/\",\"url\":\"\\\/de\\\/\",\"name\":\"Ibiza Urlaubsf\u00fchrer - Beste Restaurants & Strandclubs & Bars\",\"isPartOf\":{\"@id\":\"https:\\\/\\\/micasatucasaibiza.com\\\/de\\\/#website\"},\"primaryImageOfPage\":{\"@id\":\"\\\/de\\\/#primaryimage\"},\"image\":{\"@id\":\"\\\/#primaryimage\"},\"thumbnailUrl\":\"https:\\\/\\\/micasatucasaibiza.com\\\/wp-content\\\/uploads\\\/2019\\\/11\\\/banner-island-guide-2019.jpg\",\"datePublished\":\"2017-07-21T16:12:00+00:00\",\"dateModified\":\"2026-02-10T20:50:15+00:00\",\"description\":\"DER UMFASSENDSTE aktuelle Ibiza-Urlaubsf\u00fchrer f\u00fcr 2021 Residenten und Insider. Erfahren Sie mehr \u00fcber Str\u00e4nde, Clubs und Restaurants auf der Insel.\",\"breadcrumb\":{\"@id\":\"\\\/de\\\/#breadcrumb\"},\"inLanguage\":\"de\",\"potentialAction\":[{\"@type\":\"ReadAction\",\"target\":[[\"\\\/de\\\/\"]]}]},{\"@type\":\"ImageObject\",\"inLanguage\":\"de\",\"@id\":\"\\\/de\\\/#primaryimage\",\"url\":\"https:\\\/\\\/micasatucasaibiza.com\\\/wp-content\\\/uploads\\\/2019\\\/11\\\/banner-island-guide-2019.jpg\",\"contentUrl\":\"https:\\\/\\\/micasatucasaibiza.com\\\/wp-content\\\/uploads\\\/2019\\\/11\\\/banner-island-guide-2019.jpg\",\"width\":2048,\"height\":1152,\"caption\":\"Banner Island Guide 2019\"},{\"@type\":\"BreadcrumbList\",\"@id\":\"\\\/de\\\/#breadcrumb\",\"itemListElement\":[{\"@type\":\"ListItem\",\"position\":1,\"name\":\"Home\",\"item\":\"https:\\\/\\\/micasatucasaibiza.com\\\/de\\\/\"},{\"@type\":\"ListItem\",\"position\":2,\"name\":\"Island Guide\"}]},{\"@type\":\"WebSite\",\"@id\":\"https:\\\/\\\/micasatucasaibiza.com\\\/de\\\/#website\",\"url\":\"https:\\\/\\\/micasatucasaibiza.com\\\/de\\\/\",\"name\":\"Mi Casa Tu Casa Ibiza\",\"description\":\"Special villas. Exclusively managed.\",\"publisher\":{\"@id\":\"https:\\\/\\\/micasatucasaibiza.com\\\/de\\\/#organization\"},\"potentialAction\":[{\"@type\":\"SearchAction\",\"target\":{\"@type\":\"EntryPoint\",\"urlTemplate\":\"https:\\\/\\\/micasatucasaibiza.com\\\/de\\\/?s={search_term_string}\"},\"query-input\":{\"@type\":\"PropertyValueSpecification\",\"valueRequired\":true,\"valueName\":\"search_term_string\"}}],\"inLanguage\":\"de\"},{\"@type\":\"Organization\",\"@id\":\"https:\\\/\\\/micasatucasaibiza.com\\\/de\\\/#organization\",\"name\":\"Mi Casa Tu Casa Ibiza\",\"url\":\"https:\\\/\\\/micasatucasaibiza.com\\\/de\\\/\",\"logo\":{\"@type\":\"ImageObject\",\"inLanguage\":\"de\",\"@id\":\"https:\\\/\\\/micasatucasaibiza.com\\\/de\\\/#\\\/schema\\\/logo\\\/image\\\/\",\"url\":\"https:\\\/\\\/micasatucasaibiza.com\\\/wp-content\\\/uploads\\\/logo.gif\",\"contentUrl\":\"https:\\\/\\\/micasatucasaibiza.com\\\/wp-content\\\/uploads\\\/logo.gif\",\"width\":226,\"height\":97,\"caption\":\"Mi Casa Tu Casa Ibiza\"},\"image\":{\"@id\":\"https:\\\/\\\/micasatucasaibiza.com\\\/de\\\/#\\\/schema\\\/logo\\\/image\\\/\"},\"sameAs\":[\"https:\\\/\\\/www.facebook.com\\\/MiCasaTuCasaIbiza\\\/\",\"https:\\\/\\\/www.instagram.com\\\/micasatucasaibiza\\\/\"]}]}<\/script>\n<!-- \/ Yoast SEO plugin. -->","yoast_head_json":{"title":"Ibiza Urlaubsf\u00fchrer - Beste Restaurants & Strandclubs & Bars","description":"DER UMFASSENDSTE aktuelle Ibiza-Urlaubsf\u00fchrer f\u00fcr 2021 Residenten und Insider. Erfahren Sie mehr \u00fcber Str\u00e4nde, Clubs und Restaurants auf der Insel.","robots":{"index":"index","follow":"follow","max-snippet":"max-snippet:-1","max-image-preview":"max-image-preview:large","max-video-preview":"max-video-preview:-1"},"canonical":"\/de\/","og_locale":"de_DE","og_type":"article","og_title":"Ibiza Urlaubsf\u00fchrer - Beste Restaurants & Strandclubs & Bars","og_description":"DER UMFASSENDSTE aktuelle Ibiza-Urlaubsf\u00fchrer f\u00fcr 2021 Residenten und Insider. Erfahren Sie mehr \u00fcber Str\u00e4nde, Clubs und Restaurants auf der Insel.","og_url":"\/de\/","og_site_name":"Mi Casa Tu Casa Ibiza","article_publisher":"https:\/\/www.facebook.com\/MiCasaTuCasaIbiza\/","article_modified_time":"2026-02-10T20:50:15+00:00","og_image":[{"width":2048,"height":1152,"url":"https:\/\/micasatucasaibiza.com\/wp-content\/uploads\/2019\/11\/banner-island-guide-2019.jpg","type":"image\/jpeg"}],"twitter_misc":{"Gesch\u00e4tzte Lesezeit":"2\u00a0Minuten"},"schema":{"@context":"https:\/\/schema.org","@graph":[{"@type":"WebPage","@id":"https:\/\/micasatucasaibiza.com\/de\/ibiza-guide\/","url":"\/de\/","name":"Ibiza Urlaubsf\u00fchrer - Beste Restaurants & Strandclubs & Bars","isPartOf":{"@id":"https:\/\/micasatucasaibiza.com\/de\/#website"},"primaryImageOfPage":{"@id":"\/de\/#primaryimage"},"image":{"@id":"\/#primaryimage"},"thumbnailUrl":"https:\/\/micasatucasaibiza.com\/wp-content\/uploads\/2019\/11\/banner-island-guide-2019.jpg","datePublished":"2017-07-21T16:12:00+00:00","dateModified":"2026-02-10T20:50:15+00:00","description":"DER UMFASSENDSTE aktuelle Ibiza-Urlaubsf\u00fchrer f\u00fcr 2021 Residenten und Insider. Erfahren Sie mehr \u00fcber Str\u00e4nde, Clubs und Restaurants auf der Insel.","breadcrumb":{"@id":"\/de\/#breadcrumb"},"inLanguage":"de","potentialAction":[{"@type":"ReadAction","target":[["\/de\/"]]}]},{"@type":"ImageObject","inLanguage":"de","@id":"\/de\/#primaryimage","url":"https:\/\/micasatucasaibiza.com\/wp-content\/uploads\/2019\/11\/banner-island-guide-2019.jpg","contentUrl":"https:\/\/micasatucasaibiza.com\/wp-content\/uploads\/2019\/11\/banner-island-guide-2019.jpg","width":2048,"height":1152,"caption":"Banner Island Guide 2019"},{"@type":"BreadcrumbList","@id":"\/de\/#breadcrumb","itemListElement":[{"@type":"ListItem","position":1,"name":"Home","item":"https:\/\/micasatucasaibiza.com\/de\/"},{"@type":"ListItem","position":2,"name":"Island Guide"}]},{"@type":"WebSite","@id":"https:\/\/micasatucasaibiza.com\/de\/#website","url":"https:\/\/micasatucasaibiza.com\/de\/","name":"Mi Casa Tu Casa Ibiza","description":"Special villas. Exclusively managed.","publisher":{"@id":"https:\/\/micasatucasaibiza.com\/de\/#organization"},"potentialAction":[{"@type":"SearchAction","target":{"@type":"EntryPoint","urlTemplate":"https:\/\/micasatucasaibiza.com\/de\/?s={search_term_string}"},"query-input":{"@type":"PropertyValueSpecification","valueRequired":true,"valueName":"search_term_string"}}],"inLanguage":"de"},{"@type":"Organization","@id":"https:\/\/micasatucasaibiza.com\/de\/#organization","name":"Mi Casa Tu Casa Ibiza","url":"https:\/\/micasatucasaibiza.com\/de\/","logo":{"@type":"ImageObject","inLanguage":"de","@id":"https:\/\/micasatucasaibiza.com\/de\/#\/schema\/logo\/image\/","url":"https:\/\/micasatucasaibiza.com\/wp-content\/uploads\/logo.gif","contentUrl":"https:\/\/micasatucasaibiza.com\/wp-content\/uploads\/logo.gif","width":226,"height":97,"caption":"Mi Casa Tu Casa Ibiza"},"image":{"@id":"https:\/\/micasatucasaibiza.com\/de\/#\/schema\/logo\/image\/"},"sameAs":["https:\/\/www.facebook.com\/MiCasaTuCasaIbiza\/","https:\/\/www.instagram.com\/micasatucasaibiza\/"]}]}},"_links":{"self":[{"href":"https:\/\/micasatucasaibiza.com\/de\/wp-json\/wp\/v2\/pages\/3906","targetHints":{"allow":["GET"]}}],"collection":[{"href":"https:\/\/micasatucasaibiza.com\/de\/wp-json\/wp\/v2\/pages"}],"about":[{"href":"https:\/\/micasatucasaibiza.com\/de\/wp-json\/wp\/v2\/types\/page"}],"author":[{"embeddable":true,"href":"https:\/\/micasatucasaibiza.com\/de\/wp-json\/wp\/v2\/users\/1"}],"replies":[{"embeddable":true,"href":"https:\/\/micasatucasaibiza.com\/de\/wp-json\/wp\/v2\/comments?post=3906"}],"version-history":[{"count":10,"href":"https:\/\/micasatucasaibiza.com\/de\/wp-json\/wp\/v2\/pages\/3906\/revisions"}],"predecessor-version":[{"id":18166,"href":"https:\/\/micasatucasaibiza.com\/de\/wp-json\/wp\/v2\/pages\/3906\/revisions\/18166"}],"wp:featuredmedia":[{"embeddable":true,"href":"https:\/\/micasatucasaibiza.com\/de\/wp-json\/wp\/v2\/media\/8331"}],"wp:attachment":[{"href":"https:\/\/micasatucasaibiza.com\/de\/wp-json\/wp\/v2\/media?parent=3906"}],"curies":[{"name":"wp","href":"https:\/\/api.w.org\/{rel}","templated":true}]}}