{"id":6,"date":"2014-02-28T19:51:00","date_gmt":"2014-02-28T18:51:00","guid":{"rendered":"http:\/\/pc-808:8081\/micasatucasaibiza.com\/site\/?page_id=6"},"modified":"2026-03-31T11:02:49","modified_gmt":"2026-03-31T09:02:49","slug":"home","status":"publish","type":"page","link":"https:\/\/micasatucasaibiza.com\/de\/","title":{"rendered":"Startseite"},"content":{"rendered":"<p>Mi Casa Tu Casa bietet Ihnen eine handverlesene Sammlung einiger der <strong><a href=\"https:\/\/micasatucasaibiza.com\/de\/ibiza-luxus-villen-zur-miete\/\">sch\u00f6nsten Mietvillen auf Ibiza<\/a><\/strong>. Unsere Villen befinden sich in den sch\u00f6nsten Gegenden der Insel; sie sind wunderbar privat und ruhig und nur eine kurze Autofahrt von herrlichen Buchten und Str\u00e4nden entfernt. Wir sind Spezialisten f\u00fcr die Vermietung von Luxusvillen auf Ibiza und verwalten alle unsere Villen auf exklusiver Basis, was bedeutet, dass sie f\u00fcr Ihre Ankunft makellos vorbereitet sind und dass wir Ihnen w\u00e4hrend Ihres Aufenthalts ein au\u00dfergew\u00f6hnliches Serviceniveau bieten. Lassen Sie Ihre Ibiza-Villa Urlaub Erfahrung beginnen.<\/p>\n<p><strong>Besondere Villen. Exklusiv verwaltet.<\/strong><\/p>","protected":false},"excerpt":{"rendered":"<p>Mi Casa Tu Casa bietet Ihnen eine handverlesene Sammlung einiger der sch\u00f6nsten Mietvillen auf Ibiza. Unsere Villen befinden sich in den sch\u00f6nsten Gegenden der Insel; sie sind wunderbar privat und &hellip;<\/p>\n","protected":false},"author":1,"featured_media":6593,"parent":0,"menu_order":2,"comment_status":"closed","ping_status":"closed","template":"pages\/template-home.php","meta":{"_acf_changed":false,"footnotes":""},"class_list":["post-6","page","type-page","status-publish","has-post-thumbnail","hentry"],"acf":[],"yoast_head":"<!-- This site is optimized with the Yoast SEO plugin v27.0 - https:\/\/yoast.com\/product\/yoast-seo-wordpress\/ -->\n<title>Luxus-Villa-Vermietung Ibiza | Mi Casa Tu Casa Ibiza<\/title>\n<meta name=\"description\" content=\"Wenn Sie auf der Suche nach wirklich atemberaubenden Luxusvillen auf Ibiza sind, dann sind Sie hier genau richtig. St\u00f6bern Sie in den exklusiven Luxusvillen auf Ibiza und sichern Sie sich Ihre Buchung.\" \/>\n<meta name=\"robots\" content=\"index, follow, max-snippet:-1, max-image-preview:large, max-video-preview:-1\" \/>\n<link rel=\"canonical\" href=\"\/de\/\" \/>\n<meta property=\"og:locale\" content=\"de_DE\" \/>\n<meta property=\"og:type\" content=\"article\" \/>\n<meta property=\"og:title\" content=\"Luxus-Villa-Vermietung Ibiza | Mi Casa Tu Casa Ibiza\" \/>\n<meta property=\"og:description\" content=\"Wenn Sie auf der Suche nach wirklich atemberaubenden Luxusvillen auf Ibiza sind, dann sind Sie hier genau richtig. St\u00f6bern Sie in den exklusiven Luxusvillen auf Ibiza und sichern Sie sich Ihre Buchung.\" \/>\n<meta property=\"og:url\" content=\"\/de\/\" \/>\n<meta property=\"og:site_name\" content=\"Mi Casa Tu Casa Ibiza\" \/>\n<meta property=\"article:publisher\" content=\"https:\/\/www.facebook.com\/MiCasaTuCasaIbiza\/\" \/>\n<meta property=\"article:modified_time\" content=\"2026-03-31T09:02:49+00:00\" \/>\n<meta property=\"og:image\" content=\"https:\/\/micasatucasaibiza.com\/wp-content\/uploads\/2019\/06\/cala-tarida-007-2000-px.jpg\" \/>\n\t<meta property=\"og:image:width\" content=\"1813\" \/>\n\t<meta property=\"og:image:height\" content=\"944\" \/>\n\t<meta property=\"og:image:type\" content=\"image\/jpeg\" \/>\n<meta name=\"twitter:label1\" content=\"Gesch\u00e4tzte Lesezeit\" \/>\n\t<meta name=\"twitter:data1\" content=\"1\u00a0Minute\" \/>\n<script type=\"application\/ld+json\" class=\"yoast-schema-graph\">{\"@context\":\"https:\/\/schema.org\",\"@graph\":[{\"@type\":\"WebPage\",\"@id\":\"https:\/\/micasatucasaibiza.com\/de\/\",\"url\":\"\/de\/\",\"name\":\"Luxus-Villa-Vermietung Ibiza | Mi Casa Tu Casa Ibiza\",\"isPartOf\":{\"@id\":\"https:\/\/micasatucasaibiza.com\/de\/#website\"},\"primaryImageOfPage\":{\"@id\":\"\/de\/#primaryimage\"},\"image\":{\"@id\":\"\/#primaryimage\"},\"thumbnailUrl\":\"https:\/\/micasatucasaibiza.com\/wp-content\/uploads\/2019\/06\/cala-tarida-007-2000-px.jpg\",\"datePublished\":\"2014-02-28T18:51:00+00:00\",\"dateModified\":\"2026-03-31T09:02:49+00:00\",\"description\":\"Wenn Sie auf der Suche nach wirklich atemberaubenden Luxusvillen auf Ibiza sind, dann sind Sie hier genau richtig. St\u00f6bern Sie in den exklusiven Luxusvillen auf Ibiza und sichern Sie sich Ihre Buchung.\",\"breadcrumb\":{\"@id\":\"\/de\/#breadcrumb\"},\"inLanguage\":\"de\",\"potentialAction\":[{\"@type\":\"ReadAction\",\"target\":[[\"\/de\/\"]]}]},{\"@type\":\"ImageObject\",\"inLanguage\":\"de\",\"@id\":\"\/de\/#primaryimage\",\"url\":\"https:\/\/micasatucasaibiza.com\/wp-content\/uploads\/2019\/06\/cala-tarida-007-2000-px.jpg\",\"contentUrl\":\"https:\/\/micasatucasaibiza.com\/wp-content\/uploads\/2019\/06\/cala-tarida-007-2000-px.jpg\",\"width\":1813,\"height\":944,\"caption\":\"Cala Tarida 007 2000 Px\"},{\"@type\":\"BreadcrumbList\",\"@id\":\"\/de\/#breadcrumb\",\"itemListElement\":[{\"@type\":\"ListItem\",\"position\":1,\"name\":\"Home\",\"item\":\"https:\/\/micasatucasaibiza.com\/de\/\"},{\"@type\":\"ListItem\",\"position\":2,\"name\":\"Home\"}]},{\"@type\":\"WebSite\",\"@id\":\"https:\/\/micasatucasaibiza.com\/de\/#website\",\"url\":\"https:\/\/micasatucasaibiza.com\/de\/\",\"name\":\"Mi Casa Tu Casa Ibiza\",\"description\":\"Special villas. Exclusively managed.\",\"publisher\":{\"@id\":\"https:\/\/micasatucasaibiza.com\/de\/#organization\"},\"potentialAction\":[{\"@type\":\"SearchAction\",\"target\":{\"@type\":\"EntryPoint\",\"urlTemplate\":\"https:\/\/micasatucasaibiza.com\/de\/?s={search_term_string}\"},\"query-input\":{\"@type\":\"PropertyValueSpecification\",\"valueRequired\":true,\"valueName\":\"search_term_string\"}}],\"inLanguage\":\"de\"},{\"@type\":\"Organization\",\"@id\":\"https:\/\/micasatucasaibiza.com\/de\/#organization\",\"name\":\"Mi Casa Tu Casa Ibiza\",\"url\":\"https:\/\/micasatucasaibiza.com\/de\/\",\"logo\":{\"@type\":\"ImageObject\",\"inLanguage\":\"de\",\"@id\":\"https:\/\/micasatucasaibiza.com\/de\/#\/schema\/logo\/image\/\",\"url\":\"https:\/\/micasatucasaibiza.com\/wp-content\/uploads\/logo.gif\",\"contentUrl\":\"https:\/\/micasatucasaibiza.com\/wp-content\/uploads\/logo.gif\",\"width\":226,\"height\":97,\"caption\":\"Mi Casa Tu Casa Ibiza\"},\"image\":{\"@id\":\"https:\/\/micasatucasaibiza.com\/de\/#\/schema\/logo\/image\/\"},\"sameAs\":[\"https:\/\/www.facebook.com\/MiCasaTuCasaIbiza\/\",\"https:\/\/www.instagram.com\/micasatucasaibiza\/\"]}]}<\/script>\n<!-- \/ Yoast SEO plugin. -->","yoast_head_json":{"title":"Luxus-Villa-Vermietung Ibiza | Mi Casa Tu Casa Ibiza","description":"Wenn Sie auf der Suche nach wirklich atemberaubenden Luxusvillen auf Ibiza sind, dann sind Sie hier genau richtig. St\u00f6bern Sie in den exklusiven Luxusvillen auf Ibiza und sichern Sie sich Ihre Buchung.","robots":{"index":"index","follow":"follow","max-snippet":"max-snippet:-1","max-image-preview":"max-image-preview:large","max-video-preview":"max-video-preview:-1"},"canonical":"\/de\/","og_locale":"de_DE","og_type":"article","og_title":"Luxus-Villa-Vermietung Ibiza | Mi Casa Tu Casa Ibiza","og_description":"Wenn Sie auf der Suche nach wirklich atemberaubenden Luxusvillen auf Ibiza sind, dann sind Sie hier genau richtig. St\u00f6bern Sie in den exklusiven Luxusvillen auf Ibiza und sichern Sie sich Ihre Buchung.","og_url":"\/de\/","og_site_name":"Mi Casa Tu Casa Ibiza","article_publisher":"https:\/\/www.facebook.com\/MiCasaTuCasaIbiza\/","article_modified_time":"2026-03-31T09:02:49+00:00","og_image":[{"width":1813,"height":944,"url":"https:\/\/micasatucasaibiza.com\/wp-content\/uploads\/2019\/06\/cala-tarida-007-2000-px.jpg","type":"image\/jpeg"}],"twitter_misc":{"Gesch\u00e4tzte Lesezeit":"1\u00a0Minute"},"schema":{"@context":"https:\/\/schema.org","@graph":[{"@type":"WebPage","@id":"https:\/\/micasatucasaibiza.com\/de\/","url":"\/de\/","name":"Luxus-Villa-Vermietung Ibiza | Mi Casa Tu Casa Ibiza","isPartOf":{"@id":"https:\/\/micasatucasaibiza.com\/de\/#website"},"primaryImageOfPage":{"@id":"\/de\/#primaryimage"},"image":{"@id":"\/#primaryimage"},"thumbnailUrl":"https:\/\/micasatucasaibiza.com\/wp-content\/uploads\/2019\/06\/cala-tarida-007-2000-px.jpg","datePublished":"2014-02-28T18:51:00+00:00","dateModified":"2026-03-31T09:02:49+00:00","description":"Wenn Sie auf der Suche nach wirklich atemberaubenden Luxusvillen auf Ibiza sind, dann sind Sie hier genau richtig. St\u00f6bern Sie in den exklusiven Luxusvillen auf Ibiza und sichern Sie sich Ihre Buchung.","breadcrumb":{"@id":"\/de\/#breadcrumb"},"inLanguage":"de","potentialAction":[{"@type":"ReadAction","target":[["\/de\/"]]}]},{"@type":"ImageObject","inLanguage":"de","@id":"\/de\/#primaryimage","url":"https:\/\/micasatucasaibiza.com\/wp-content\/uploads\/2019\/06\/cala-tarida-007-2000-px.jpg","contentUrl":"https:\/\/micasatucasaibiza.com\/wp-content\/uploads\/2019\/06\/cala-tarida-007-2000-px.jpg","width":1813,"height":944,"caption":"Cala Tarida 007 2000 Px"},{"@type":"BreadcrumbList","@id":"\/de\/#breadcrumb","itemListElement":[{"@type":"ListItem","position":1,"name":"Home","item":"https:\/\/micasatucasaibiza.com\/de\/"},{"@type":"ListItem","position":2,"name":"Home"}]},{"@type":"WebSite","@id":"https:\/\/micasatucasaibiza.com\/de\/#website","url":"https:\/\/micasatucasaibiza.com\/de\/","name":"Mi Casa Tu Casa Ibiza","description":"Special villas. Exclusively managed.","publisher":{"@id":"https:\/\/micasatucasaibiza.com\/de\/#organization"},"potentialAction":[{"@type":"SearchAction","target":{"@type":"EntryPoint","urlTemplate":"https:\/\/micasatucasaibiza.com\/de\/?s={search_term_string}"},"query-input":{"@type":"PropertyValueSpecification","valueRequired":true,"valueName":"search_term_string"}}],"inLanguage":"de"},{"@type":"Organization","@id":"https:\/\/micasatucasaibiza.com\/de\/#organization","name":"Mi Casa Tu Casa Ibiza","url":"https:\/\/micasatucasaibiza.com\/de\/","logo":{"@type":"ImageObject","inLanguage":"de","@id":"https:\/\/micasatucasaibiza.com\/de\/#\/schema\/logo\/image\/","url":"https:\/\/micasatucasaibiza.com\/wp-content\/uploads\/logo.gif","contentUrl":"https:\/\/micasatucasaibiza.com\/wp-content\/uploads\/logo.gif","width":226,"height":97,"caption":"Mi Casa Tu Casa Ibiza"},"image":{"@id":"https:\/\/micasatucasaibiza.com\/de\/#\/schema\/logo\/image\/"},"sameAs":["https:\/\/www.facebook.com\/MiCasaTuCasaIbiza\/","https:\/\/www.instagram.com\/micasatucasaibiza\/"]}]}},"_links":{"self":[{"href":"https:\/\/micasatucasaibiza.com\/de\/wp-json\/wp\/v2\/pages\/6","targetHints":{"allow":["GET"]}}],"collection":[{"href":"https:\/\/micasatucasaibiza.com\/de\/wp-json\/wp\/v2\/pages"}],"about":[{"href":"https:\/\/micasatucasaibiza.com\/de\/wp-json\/wp\/v2\/types\/page"}],"author":[{"embeddable":true,"href":"https:\/\/micasatucasaibiza.com\/de\/wp-json\/wp\/v2\/users\/1"}],"replies":[{"embeddable":true,"href":"https:\/\/micasatucasaibiza.com\/de\/wp-json\/wp\/v2\/comments?post=6"}],"version-history":[{"count":10,"href":"https:\/\/micasatucasaibiza.com\/de\/wp-json\/wp\/v2\/pages\/6\/revisions"}],"predecessor-version":[{"id":18516,"href":"https:\/\/micasatucasaibiza.com\/de\/wp-json\/wp\/v2\/pages\/6\/revisions\/18516"}],"wp:featuredmedia":[{"embeddable":true,"href":"https:\/\/micasatucasaibiza.com\/de\/wp-json\/wp\/v2\/media\/6593"}],"wp:attachment":[{"href":"https:\/\/micasatucasaibiza.com\/de\/wp-json\/wp\/v2\/media?parent=6"}],"curies":[{"name":"wp","href":"https:\/\/api.w.org\/{rel}","templated":true}]}}