{"id":8,"date":"2014-02-28T19:52:55","date_gmt":"2014-02-28T18:52:55","guid":{"rendered":"http:\/\/pc-808:8081\/micasatucasaibiza.com\/site\/?page_id=8"},"modified":"2026-03-10T02:53:34","modified_gmt":"2026-03-10T01:53:34","slug":"ibiza-rental-villas","status":"publish","type":"page","link":"https:\/\/micasatucasaibiza.com\/de\/ibiza-luxus-villen-zur-miete\/","title":{"rendered":"Unsere Villen"},"content":{"rendered":"<p>Willkommen bei der Mi Casa Tu Casa Ibiza Kollektion von Luxusvillen. Wenn Sie diesen Sommer einen unvergesslichen Urlaub in einer Villa auf Ibiza verbringen m\u00f6chten, dann suchen Sie nicht weiter. Von charmanten Einfamilienh\u00e4usern bis hin zu ger\u00e4umigen Inselanwesen haben wir ein Portfolio von atemberaubenden privaten Luxusvillen in den sch\u00f6nsten Strand- und Landschaftsregionen Ibizas zusammengestellt. Da wir alle unsere Villen auf exklusiver Basis verwalten, k\u00f6nnen wir Ihnen w\u00e4hrend Ihres gesamten Aufenthalts einen sehr pers\u00f6nlichen und ma\u00dfgeschneiderten Service bieten. Diese Villen sind nur \u00fcber uns buchbar, also schauen Sie sich bitte um, nehmen Sie Kontakt auf und denken Sie daran, dass unser Haus Ihr Haus ist, wenn Sie in einer Mi Casa Tu Casa Villa wohnen.<\/p>","protected":false},"excerpt":{"rendered":"<p>Willkommen bei der Mi Casa Tu Casa Ibiza Kollektion von Luxusvillen. Wenn Sie diesen Sommer einen unvergesslichen Urlaub in einer Villa auf Ibiza verbringen m\u00f6chten, dann suchen Sie nicht weiter. &hellip;<\/p>\n","protected":false},"author":1,"featured_media":0,"parent":0,"menu_order":3,"comment_status":"closed","ping_status":"closed","template":"pages\/template-villas.php","meta":{"_acf_changed":false,"footnotes":""},"class_list":["post-8","page","type-page","status-publish","hentry"],"acf":[],"yoast_head":"<!-- This site is optimized with the Yoast SEO plugin v27.0 - https:\/\/yoast.com\/product\/yoast-seo-wordpress\/ -->\n<title>Private Luxus Villen &amp; H\u00e4user zur Miete auf Ibiza | MiCasaTuCasa<\/title>\n<meta name=\"description\" content=\"Handverlesene, exklusive Villen auf der ganzen Insel Ibiza. Unsere Villen liegen in der N\u00e4he der besten Str\u00e4nde und Restaurants und k\u00f6nnen nur \u00fcber uns gebucht werden.\" \/>\n<meta name=\"robots\" content=\"index, follow, max-snippet:-1, max-image-preview:large, max-video-preview:-1\" \/>\n<link rel=\"canonical\" href=\"\/de\/\" \/>\n<meta property=\"og:locale\" content=\"de_DE\" \/>\n<meta property=\"og:type\" content=\"article\" \/>\n<meta property=\"og:title\" content=\"Private Luxus Villen &amp; H\u00e4user zur Miete auf Ibiza | MiCasaTuCasa\" \/>\n<meta property=\"og:description\" content=\"Handverlesene, exklusive Villen auf der ganzen Insel Ibiza. Unsere Villen liegen in der N\u00e4he der besten Str\u00e4nde und Restaurants und k\u00f6nnen nur \u00fcber uns gebucht werden.\" \/>\n<meta property=\"og:url\" content=\"\/de\/\" \/>\n<meta property=\"og:site_name\" content=\"Mi Casa Tu Casa Ibiza\" \/>\n<meta property=\"article:publisher\" content=\"https:\/\/www.facebook.com\/MiCasaTuCasaIbiza\/\" \/>\n<meta property=\"article:modified_time\" content=\"2026-03-10T01:53:34+00:00\" \/>\n<meta name=\"twitter:label1\" content=\"Gesch\u00e4tzte Lesezeit\" \/>\n\t<meta name=\"twitter:data1\" content=\"1\u00a0Minute\" \/>\n<script type=\"application\/ld+json\" class=\"yoast-schema-graph\">{\"@context\":\"https:\/\/schema.org\",\"@graph\":[{\"@type\":\"WebPage\",\"@id\":\"https:\/\/micasatucasaibiza.com\/de\/ibiza-luxury-rental-villas\/\",\"url\":\"\/de\/\",\"name\":\"Private Luxus Villen & H\u00e4user zur Miete auf Ibiza | MiCasaTuCasa\",\"isPartOf\":{\"@id\":\"https:\/\/micasatucasaibiza.com\/de\/#website\"},\"datePublished\":\"2014-02-28T18:52:55+00:00\",\"dateModified\":\"2026-03-10T01:53:34+00:00\",\"description\":\"Handverlesene, exklusive Villen auf der ganzen Insel Ibiza. Unsere Villen liegen in der N\u00e4he der besten Str\u00e4nde und Restaurants und k\u00f6nnen nur \u00fcber uns gebucht werden.\",\"breadcrumb\":{\"@id\":\"\/de\/#breadcrumb\"},\"inLanguage\":\"de\",\"potentialAction\":[{\"@type\":\"ReadAction\",\"target\":[[\"\/de\/\"]]}]},{\"@type\":\"BreadcrumbList\",\"@id\":\"\/de\/#breadcrumb\",\"itemListElement\":[{\"@type\":\"ListItem\",\"position\":1,\"name\":\"Home\",\"item\":\"https:\/\/micasatucasaibiza.com\/de\/\"},{\"@type\":\"ListItem\",\"position\":2,\"name\":\"Our villas\"}]},{\"@type\":\"WebSite\",\"@id\":\"https:\/\/micasatucasaibiza.com\/de\/#website\",\"url\":\"https:\/\/micasatucasaibiza.com\/de\/\",\"name\":\"Mi Casa Tu Casa Ibiza\",\"description\":\"Special villas. Exclusively managed.\",\"publisher\":{\"@id\":\"https:\/\/micasatucasaibiza.com\/de\/#organization\"},\"potentialAction\":[{\"@type\":\"SearchAction\",\"target\":{\"@type\":\"EntryPoint\",\"urlTemplate\":\"https:\/\/micasatucasaibiza.com\/de\/?s={search_term_string}\"},\"query-input\":{\"@type\":\"PropertyValueSpecification\",\"valueRequired\":true,\"valueName\":\"search_term_string\"}}],\"inLanguage\":\"de\"},{\"@type\":\"Organization\",\"@id\":\"https:\/\/micasatucasaibiza.com\/de\/#organization\",\"name\":\"Mi Casa Tu Casa Ibiza\",\"url\":\"https:\/\/micasatucasaibiza.com\/de\/\",\"logo\":{\"@type\":\"ImageObject\",\"inLanguage\":\"de\",\"@id\":\"https:\/\/micasatucasaibiza.com\/de\/#\/schema\/logo\/image\/\",\"url\":\"https:\/\/micasatucasaibiza.com\/wp-content\/uploads\/logo.gif\",\"contentUrl\":\"https:\/\/micasatucasaibiza.com\/wp-content\/uploads\/logo.gif\",\"width\":226,\"height\":97,\"caption\":\"Mi Casa Tu Casa Ibiza\"},\"image\":{\"@id\":\"https:\/\/micasatucasaibiza.com\/de\/#\/schema\/logo\/image\/\"},\"sameAs\":[\"https:\/\/www.facebook.com\/MiCasaTuCasaIbiza\/\",\"https:\/\/www.instagram.com\/micasatucasaibiza\/\"]}]}<\/script>\n<!-- \/ Yoast SEO plugin. -->","yoast_head_json":{"title":"Private Luxus Villen & H\u00e4user zur Miete auf Ibiza | MiCasaTuCasa","description":"Handverlesene, exklusive Villen auf der ganzen Insel Ibiza. Unsere Villen liegen in der N\u00e4he der besten Str\u00e4nde und Restaurants und k\u00f6nnen nur \u00fcber uns gebucht werden.","robots":{"index":"index","follow":"follow","max-snippet":"max-snippet:-1","max-image-preview":"max-image-preview:large","max-video-preview":"max-video-preview:-1"},"canonical":"\/de\/","og_locale":"de_DE","og_type":"article","og_title":"Private Luxus Villen & H\u00e4user zur Miete auf Ibiza | MiCasaTuCasa","og_description":"Handverlesene, exklusive Villen auf der ganzen Insel Ibiza. Unsere Villen liegen in der N\u00e4he der besten Str\u00e4nde und Restaurants und k\u00f6nnen nur \u00fcber uns gebucht werden.","og_url":"\/de\/","og_site_name":"Mi Casa Tu Casa Ibiza","article_publisher":"https:\/\/www.facebook.com\/MiCasaTuCasaIbiza\/","article_modified_time":"2026-03-10T01:53:34+00:00","twitter_misc":{"Gesch\u00e4tzte Lesezeit":"1\u00a0Minute"},"schema":{"@context":"https:\/\/schema.org","@graph":[{"@type":"WebPage","@id":"https:\/\/micasatucasaibiza.com\/de\/ibiza-luxury-rental-villas\/","url":"\/de\/","name":"Private Luxus Villen & H\u00e4user zur Miete auf Ibiza | MiCasaTuCasa","isPartOf":{"@id":"https:\/\/micasatucasaibiza.com\/de\/#website"},"datePublished":"2014-02-28T18:52:55+00:00","dateModified":"2026-03-10T01:53:34+00:00","description":"Handverlesene, exklusive Villen auf der ganzen Insel Ibiza. Unsere Villen liegen in der N\u00e4he der besten Str\u00e4nde und Restaurants und k\u00f6nnen nur \u00fcber uns gebucht werden.","breadcrumb":{"@id":"\/de\/#breadcrumb"},"inLanguage":"de","potentialAction":[{"@type":"ReadAction","target":[["\/de\/"]]}]},{"@type":"BreadcrumbList","@id":"\/de\/#breadcrumb","itemListElement":[{"@type":"ListItem","position":1,"name":"Home","item":"https:\/\/micasatucasaibiza.com\/de\/"},{"@type":"ListItem","position":2,"name":"Our villas"}]},{"@type":"WebSite","@id":"https:\/\/micasatucasaibiza.com\/de\/#website","url":"https:\/\/micasatucasaibiza.com\/de\/","name":"Mi Casa Tu Casa Ibiza","description":"Special villas. Exclusively managed.","publisher":{"@id":"https:\/\/micasatucasaibiza.com\/de\/#organization"},"potentialAction":[{"@type":"SearchAction","target":{"@type":"EntryPoint","urlTemplate":"https:\/\/micasatucasaibiza.com\/de\/?s={search_term_string}"},"query-input":{"@type":"PropertyValueSpecification","valueRequired":true,"valueName":"search_term_string"}}],"inLanguage":"de"},{"@type":"Organization","@id":"https:\/\/micasatucasaibiza.com\/de\/#organization","name":"Mi Casa Tu Casa Ibiza","url":"https:\/\/micasatucasaibiza.com\/de\/","logo":{"@type":"ImageObject","inLanguage":"de","@id":"https:\/\/micasatucasaibiza.com\/de\/#\/schema\/logo\/image\/","url":"https:\/\/micasatucasaibiza.com\/wp-content\/uploads\/logo.gif","contentUrl":"https:\/\/micasatucasaibiza.com\/wp-content\/uploads\/logo.gif","width":226,"height":97,"caption":"Mi Casa Tu Casa Ibiza"},"image":{"@id":"https:\/\/micasatucasaibiza.com\/de\/#\/schema\/logo\/image\/"},"sameAs":["https:\/\/www.facebook.com\/MiCasaTuCasaIbiza\/","https:\/\/www.instagram.com\/micasatucasaibiza\/"]}]}},"_links":{"self":[{"href":"https:\/\/micasatucasaibiza.com\/de\/wp-json\/wp\/v2\/pages\/8","targetHints":{"allow":["GET"]}}],"collection":[{"href":"https:\/\/micasatucasaibiza.com\/de\/wp-json\/wp\/v2\/pages"}],"about":[{"href":"https:\/\/micasatucasaibiza.com\/de\/wp-json\/wp\/v2\/types\/page"}],"author":[{"embeddable":true,"href":"https:\/\/micasatucasaibiza.com\/de\/wp-json\/wp\/v2\/users\/1"}],"replies":[{"embeddable":true,"href":"https:\/\/micasatucasaibiza.com\/de\/wp-json\/wp\/v2\/comments?post=8"}],"version-history":[{"count":11,"href":"https:\/\/micasatucasaibiza.com\/de\/wp-json\/wp\/v2\/pages\/8\/revisions"}],"predecessor-version":[{"id":18439,"href":"https:\/\/micasatucasaibiza.com\/de\/wp-json\/wp\/v2\/pages\/8\/revisions\/18439"}],"wp:attachment":[{"href":"https:\/\/micasatucasaibiza.com\/de\/wp-json\/wp\/v2\/media?parent=8"}],"curies":[{"name":"wp","href":"https:\/\/api.w.org\/{rel}","templated":true}]}}