{"id":8062,"date":"2019-11-03T12:16:52","date_gmt":"2019-11-03T11:16:52","guid":{"rendered":"https:\/\/micasatucasaibiza.com\/?page_id=8062"},"modified":"2026-02-10T21:02:01","modified_gmt":"2026-02-10T20:02:01","slug":"ibiza-family-friendly-villas","status":"publish","type":"page","link":"https:\/\/micasatucasaibiza.com\/de\/familienfreundliche-villen\/","title":{"rendered":"Familienfreundlich"},"content":{"rendered":"<p>Unser Villenportfolio auf Ibiza wurde sorgf\u00e4ltig mit Blick auf Familien ausgew\u00e4hlt. Fast alle Villen eignen sich hervorragend f\u00fcr einen Familienurlaub mit Kindern jeden Alters. Wir beraten Sie gerne, welche Villa f\u00fcr Ihre Gruppe am besten geeignet ist, bevor Sie buchen. Alle Villen sind mit den wichtigsten Utensilien f\u00fcr Kleinkinder ausgestattet und die meisten bieten tolle zus\u00e4tzliche Aktivit\u00e4ten, um die Kinder zu besch\u00e4ftigen, w\u00e4hrend Sie sich eine wertvolle Auszeit g\u00f6nnen.<\/p>\n<h2>Grundausstattung f\u00fcr Kleinkinder<\/h2>\n<p>Jede unserer Villen verf\u00fcgt \u00fcber eine durchdachte Ausstattung f\u00fcr die ganze Familie, um Ihren Aufenthalt so reibungslos und komfortabel wie m\u00f6glich zu gestalten. Standardm\u00e4\u00dfig stehen bei Ihrer Ankunft ein Reisebett, ein Hochstuhl und Bettgitter f\u00fcr Sie bereit, so dass Sie nicht mit sperriger Ausr\u00fcstung reisen m\u00fcssen. Wir wissen, wie wichtig es f\u00fcr die Kleinen ist, sich sicher und geborgen zu f\u00fchlen, und wie wichtig es f\u00fcr Eltern ist, sich um eine Sache weniger k\u00fcmmern zu m\u00fcssen.<\/p>\n<p>Wenn Sie mit mehr als einem Kleinkind reisen oder eine Gruppe kleiner Abenteurer mitbringen, k\u00f6nnen wir Ihnen zus\u00e4tzliche Ausr\u00fcstung zur Verf\u00fcgung stellen, die Ihren Bed\u00fcrfnissen entspricht. Um die Verf\u00fcgbarkeit zu gew\u00e4hrleisten und alles f\u00fcr Ihre Ankunft vorzubereiten, bitten wir Sie, alle zus\u00e4tzlichen Gegenst\u00e4nde im Voraus anzufordern.<\/p>\n<p><img decoding=\"async\" src=\"\/wp-content\/uploads\/2024\/04\/toddler-essentials.jpg\" alt=\"Toddler Essentials\" \/><\/p>\n<h2>Zus\u00e4tzliche Baby- und Kinderausstattung<\/h2>\n<p>Wir m\u00f6chten, dass Ihr Aufenthalt so angenehm und stressfrei wie m\u00f6glich ist, vor allem, wenn Sie mit Kindern reisen oder eine spezielle Ausr\u00fcstung ben\u00f6tigen. Babyausstattung geh\u00f6rt zwar nicht in allen Villen zum Standard, aber wir helfen Ihnen gerne bei der Beschaffung von Babyfonen, Flaschensterilisatoren oder Wickeltischen.<\/p>\n<p>Wenn Sie es vorziehen, Ihre eigenen Artikel zu kaufen, w\u00e4hrend Sie hier sind, k\u00f6nnen wir Ihnen auch gerne den Weg zu vertrauensw\u00fcrdigen \u00f6rtlichen Gesch\u00e4ften und Lieferanten zeigen. Wenn Sie es vorziehen, alles vor Ihrer Ankunft zu organisieren, k\u00f6nnen Sie alles, was Sie brauchen, vorbestellen und direkt an unser B\u00fcro schicken lassen. Wir sorgen dann daf\u00fcr, dass alles in der Villa auf Sie wartet, damit Sie sich sofort einrichten und Ihren Urlaub genie\u00dfen k\u00f6nnen.<\/p>\n<p>&nbsp;<\/p>\n<p><img decoding=\"async\" src=\"\/wp-content\/uploads\/2024\/04\/kids-equipment.jpg\" alt=\"Extra baby &amp; kids' equipment\" \/><\/p>\n<h2>Spiele in der Villa<\/h2>\n<p>Viele unserer Villen sind mit fantastischen Outdoor-Aktivit\u00e4ten ausgestattet, um die ganze Familie w\u00e4hrend Ihres Aufenthalts zu unterhalten. Oft finden Sie Tischtennisplatten, die sich perfekt f\u00fcr freundschaftliche Familienwettk\u00e4mpfe eignen, Petanque-Pl\u00e4tze, auf denen sowohl Erwachsene als auch Kinder traditionelle Spiele genie\u00dfen k\u00f6nnen, und Trampoline, die den Kindern stundenlangen, energiegeladenen Spa\u00df bereiten.<\/p>\n<p>Diese Extras bieten wunderbare M\u00f6glichkeiten f\u00fcr Familienzusammenhalt, Bewegung im Freien und unbeschwertes Spielen in der Sonne Ibizas. Da diese Ausstattung von Haus zu Haus unterschiedlich ist, bitten wir Sie, sich im Voraus zu erkundigen, ob diese Annehmlichkeiten in der von Ihnen gew\u00e4hlten Villa enthalten sind, oder wir helfen Ihnen bei der Auswahl der perfekten Villa, die Ihren Bed\u00fcrfnissen entspricht und ein unvergessliches Urlaubserlebnis f\u00fcr alle garantiert.<\/p>\n<p>&nbsp;<\/p>\n<p><img decoding=\"async\" src=\"\/wp-content\/uploads\/2024\/04\/games-at-villa.jpg\" alt=\"Games at the villa\" \/><\/p>\n<h2>Aktivit\u00e4ten f\u00fcr Kinder auf der Insel<\/h2>\n<p>In unserem\u00a0<a href=\"\/ibiza-guide\/\">Inself\u00fchrer<\/a>, finden Sie viele inspirierende Ideen, wie Sie Ihre Kinder auch au\u00dferhalb der Villa gut unterhalten k\u00f6nnen. Ibiza bietet eine breite Palette von Aktivit\u00e4ten f\u00fcr Kinder jeden Alters, die f\u00fcr Abwechslung und Abenteuer in Ihrem Familienurlaub sorgen.<\/p>\n<p>Viele dieser beliebten Aktivit\u00e4ten sind vor allem in der Hochsaison schnell ausgebucht, daher empfehlen wir Ihnen, fr\u00fchzeitig zu planen und sich einen Platz zu sichern. Um Ihnen die Arbeit zu erleichtern, sind wir Ihnen bei der Buchung behilflich und geben Ihnen Insidertipps zu den besten Orten und Zeiten f\u00fcr einen Besuch. Als Experten vor Ort sorgen wir daf\u00fcr, dass Ihr Urlaub reibungslos und angenehm verl\u00e4uft, und helfen Ihnen, das Beste aus all dem zu machen, was Ibiza f\u00fcr Familien zu bieten hat.<\/p>\n<p><img decoding=\"async\" src=\"\/wp-content\/uploads\/2017\/07\/kids-activities.jpg\" alt=\"Island Kids activities\" \/><\/p>\n<h2>Beheizte Pools<\/h2>\n<p>Einige der Villen verf\u00fcgen \u00fcber einen beheizten Pool, der Ihren Urlaub im Fr\u00fchling und Sp\u00e4tsommer bereichern kann, wenn unbeheizte Pools oft zu k\u00fchl f\u00fcr ein angenehmes Schwimmen sind. Ein beheizter Pool bedeutet, dass Sie unabh\u00e4ngig von der Jahreszeit entspannt schwimmen oder mit der Familie Spa\u00df am Pool haben k\u00f6nnen, so dass Sie Ihren Aufenthalt im Freien weit \u00fcber die Hauptsommermonate hinaus genie\u00dfen k\u00f6nnen.<\/p>\n<p>Bitte beachten Sie, dass f\u00fcr das Beheizen des Pools in der Regel eine zus\u00e4tzliche Geb\u00fchr anf\u00e4llt und dass dieser Service einige Tage vor Ihrer Ankunft angefordert und best\u00e4tigt werden muss, damit der Pool bei Ihrer Ankunft warm und bereit ist. Wir empfehlen Ihnen, uns im Voraus zu informieren, wenn Ihnen ein beheizter Pool wichtig ist, damit wir die Verf\u00fcgbarkeit pr\u00fcfen und alles f\u00fcr Ihren Aufenthalt reibungslos organisieren k\u00f6nnen.<\/p>\n<div class=\"row mt-4rem\">\n<div class=\"col-md-6\">\n<p>&nbsp;<\/p>\n<\/div>\n<div class=\"col-md-6\">\n<div class=\"bpp img-69 mb-1rem\"><img decoding=\"async\" src=\"\/wp-content\/uploads\/2024\/04\/kids-heated-pool.jpg\" alt=\"Heated pools\" \/><\/div>\n<\/div>\n<\/div>\n<div class=\"row mt-4rem\">\n<div class=\"col-md-6 order-md-1\">\n<h3>Kinderbetreuung<\/h3>\n<p>Wir k\u00f6nnen erfahrene Kinderm\u00e4dchen und Kinderbetreuer vermitteln, die direkt in Ihre Villa kommen, damit Sie die wohlverdiente Zeit ohne die Kinder genie\u00dfen k\u00f6nnen, egal ob es sich um einen entspannten Nachmittag oder einen Abend im Freien handelt. Unsere vertrauensw\u00fcrdigen Kinderbetreuerinnen sind hochqualifiziert und sorgen daf\u00fcr, dass Ihre Kleinen mit gr\u00f6\u00dfter Aufmerksamkeit und Freundlichkeit betreut werden, w\u00e4hrend Sie sich eine Auszeit g\u00f6nnen oder einige Aktivit\u00e4ten nur f\u00fcr Erwachsene genie\u00dfen.<\/p>\n<p>Viele unserer Kinderm\u00e4dchen sprechen mehrere Sprachen, damit sich Ihre Kinder bei uns wohlf\u00fchlen und sich engagieren k\u00f6nnen, ganz gleich, woher Sie kommen. Um die Verf\u00fcgbarkeit zu garantieren und uns gen\u00fcgend Zeit zu geben, Ihnen die perfekte Betreuungsperson zu vermitteln, bitten wir Sie, diese Dienste im Voraus zu buchen. F\u00fcr l\u00e4ngere Aufenthalte bieten wir auch flexible Wochenpakete an, mit denen Sie eine regelm\u00e4\u00dfige Kinderbetreuung w\u00e4hrend Ihres Urlaubs planen k\u00f6nnen.<\/p>\n<p>&nbsp;<\/p>\n<\/div>\n<div class=\"col-md-6\">\n<div class=\"bpp img-69 mb-1rem\"><img decoding=\"async\" src=\"\/wp-content\/uploads\/2024\/04\/kids-bubbles.jpg\" alt=\"Childcare\" \/><\/div>\n<\/div>\n<\/div>\n<div class=\"row mt-4rem\">\n<div class=\"col-md-6\">\n<h3>Geburtstagsfeiern<\/h3>\n<p>Wenn Sie Hilfe bei der Organisation einer Kindergeburtstagsfeier w\u00e4hrend Ihres Aufenthalts ben\u00f6tigen, sind wir Ihnen gerne behilflich. Sagen Sie uns einfach im Voraus Bescheid, damit wir alles perfekt planen k\u00f6nnen! Egal, ob es sich um eine kleine Familienfeier oder eine gro\u00dfe Geburtstagsparty handelt, wir k\u00fcmmern uns um alle Details, damit der Tag zu einem magischen Erlebnis wird. Wir arbeiten mit vertrauensw\u00fcrdigen lokalen Anbietern zusammen, von wundersch\u00f6nen, ma\u00dfgefertigten Torten \u00fcber unterhaltsame, ansprechende Unterhaltung bis hin zu zuverl\u00e4ssiger Kinderbetreuung und sch\u00f6ner Dekoration.<\/p>\n<p>Wir wissen, wie wichtig diese Momente sind, und unser Ziel ist es, daf\u00fcr zu sorgen, dass sie zu gl\u00fccklichen Erinnerungen werden. Ganz gleich, ob Ihr Kind von einer Schatzsuche im Garten, einer m\u00e4rchenhaften Teeparty oder einem Piratenabenteuer am Pool tr\u00e4umt, wir helfen ihm dabei, es zum Leben zu erwecken, so dass Sie nur noch l\u00e4cheln und Fotos machen m\u00fcssen.<\/p>\n<p>&nbsp;<\/p>\n<\/div>\n<div class=\"col-md-6\">\n<div class=\"bpp img-69 mb-1rem\"><img decoding=\"async\" src=\"\/wp-content\/uploads\/2024\/04\/kids-birthday-parties.jpg\" alt=\"Birthday parties\" \/><\/div>\n<\/div>\n<\/div>\n<div class=\"row mt-4rem\">\n<div class=\"col-md-6 order-md-1\">\n<h3>Ibiza-Villen mit Poolumz\u00e4unung<\/h3>\n<p>F\u00fcr zus\u00e4tzliche Sicherheit k\u00f6nnen wir Ihnen auf Wunsch eine Poolumz\u00e4unung an Ihrer Villa zur Verf\u00fcgung stellen. Diese Option wird besonders von Familien mit Kleinkindern gesch\u00e4tzt, die noch keine sicheren Schwimmer sind, und bietet eine zus\u00e4tzliche Sicherheit w\u00e4hrend Ihres Aufenthalts. Auch wenn nicht alle H\u00e4user standardm\u00e4\u00dfig \u00fcber eine Poolumz\u00e4unung verf\u00fcgen, arrangieren wir diese gerne f\u00fcr Sie, wann immer dies m\u00f6glich ist. Lassen Sie es uns einfach fr\u00fchzeitig wissen, damit wir die notwendigen Vorbereitungen vor Ihrer Ankunft treffen k\u00f6nnen.<\/p>\n<p>Es ist wichtig zu wissen, dass nach den aktuellen Bestimmungen der Balearenmietlizenz eine Poolumz\u00e4unung nicht gesetzlich vorgeschrieben ist und daher in den meisten Ferienvillen nicht zur Standardausstattung geh\u00f6rt. Wir verstehen jedoch, dass jede Familie andere Sicherheitsbed\u00fcrfnisse hat, und wir tun unser Bestes, um Ihre zu unterst\u00fctzen. Dennoch sollte eine Poolumz\u00e4unung niemals als Ersatz f\u00fcr eine aufmerksame Beaufsichtigung durch Erwachsene angesehen werden. Wenn sich Kinder am oder im Pool aufhalten, ist eine genaue \u00dcberwachung unerl\u00e4sslich, auch wenn Sicherheitsbarrieren vorhanden sind.<\/p>\n<p>&nbsp;<\/p>\n<\/div>\n<div class=\"col-md-6\">\n<div class=\"bpp img-69 mb-1rem\"><img decoding=\"async\" src=\"\/wp-content\/uploads\/2025\/02\/family-villas-pool-fencing.jpg\" alt=\"Family Villas Fenced Pool\" \/><\/div>\n<\/div>\n<\/div>\n<div class=\"mt-4rem text-center\">\n<p>Wir m\u00f6chten Ihnen helfen, Ihren Aufenthalt so reibungslos und angenehm wie m\u00f6glich zu gestalten. Bitte z\u00f6gern Sie nicht, sich bei Fragen zu den oben genannten Leistungen an unseren Concierge Manager zu wenden. Unser Team steht Ihnen vor und w\u00e4hrend Ihres Aufenthalts zur Verf\u00fcgung, um sicherzustellen, dass alles reibungslos abl\u00e4uft und Sie alles haben, was Sie brauchen. Ein Familienurlaub auf Ibiza wie kein anderer, bei dem sich um jedes Detail gek\u00fcmmert wird, damit Sie beruhigt sein k\u00f6nnen (und Spa\u00df haben).<\/p>\n<p>&nbsp;<\/p>\n<p><a class=\"btn btn-primary\" href=\"mailto:concierge@micasatucasaibiza.com\">Kontaktaufnahme<\/a><\/p>\n<\/div>\n<p><\/p>","protected":false},"excerpt":{"rendered":"<p>Unser Villenportfolio auf Ibiza wurde sorgf\u00e4ltig mit Blick auf Familien ausgew\u00e4hlt. Fast alle Villen eignen sich hervorragend f\u00fcr einen Familienurlaub mit Kindern jeden Alters. Wir beraten Sie gerne, welche Villa &hellip;<\/p>\n","protected":false},"author":1,"featured_media":8063,"parent":0,"menu_order":20,"comment_status":"closed","ping_status":"closed","template":"pages\/template-simple.php","meta":{"_acf_changed":false,"footnotes":""},"class_list":["post-8062","page","type-page","status-publish","has-post-thumbnail","hentry"],"acf":[],"yoast_head":"<!-- This site is optimized with the Yoast SEO plugin v27.4 - https:\/\/yoast.com\/product\/yoast-seo-wordpress\/ -->\n<title>Ibiza Family Holiday | Mi Casa Tu Casa Ibiza<\/title>\n<meta name=\"description\" content=\"Unser Villenportfolio wurde sorgf\u00e4ltig mit R\u00fccksicht auf Familien ausgew\u00e4hlt. Fast alle Villen sind f\u00fcr einen Familienurlaub mit Kindern jeden Alters ausgezeichnet geeignet.\" \/>\n<meta name=\"robots\" content=\"index, follow, max-snippet:-1, max-image-preview:large, max-video-preview:-1\" \/>\n<link rel=\"canonical\" href=\"\/de\/\" \/>\n<meta property=\"og:locale\" content=\"de_DE\" \/>\n<meta property=\"og:type\" content=\"article\" \/>\n<meta property=\"og:title\" content=\"Ibiza Family Holiday | Mi Casa Tu Casa Ibiza\" \/>\n<meta property=\"og:description\" content=\"Unser Villenportfolio wurde sorgf\u00e4ltig mit R\u00fccksicht auf Familien ausgew\u00e4hlt. Fast alle Villen sind f\u00fcr einen Familienurlaub mit Kindern jeden Alters ausgezeichnet geeignet.\" \/>\n<meta property=\"og:url\" content=\"\/de\/\" \/>\n<meta property=\"og:site_name\" content=\"Mi Casa Tu Casa Ibiza\" \/>\n<meta property=\"article:publisher\" content=\"https:\/\/www.facebook.com\/MiCasaTuCasaIbiza\/\" \/>\n<meta property=\"article:modified_time\" content=\"2026-02-10T20:02:01+00:00\" \/>\n<meta property=\"og:image\" content=\"https:\/\/micasatucasaibiza.com\/wp-content\/uploads\/2019\/11\/family-friendly-villas-e1572779934682.jpg\" \/>\n\t<meta property=\"og:image:width\" content=\"2048\" \/>\n\t<meta property=\"og:image:height\" content=\"988\" \/>\n\t<meta property=\"og:image:type\" content=\"image\/jpeg\" \/>\n<meta name=\"twitter:label1\" content=\"Gesch\u00e4tzte Lesezeit\" \/>\n\t<meta name=\"twitter:data1\" content=\"5\u00a0Minuten\" \/>\n<script type=\"application\/ld+json\" class=\"yoast-schema-graph\">{\"@context\":\"https:\\\/\\\/schema.org\",\"@graph\":[{\"@type\":\"WebPage\",\"@id\":\"https:\\\/\\\/micasatucasaibiza.com\\\/de\\\/ibiza-family-friendly-villas\\\/\",\"url\":\"\\\/de\\\/\",\"name\":\"Ibiza Family Holiday | Mi Casa Tu Casa Ibiza\",\"isPartOf\":{\"@id\":\"https:\\\/\\\/micasatucasaibiza.com\\\/de\\\/#website\"},\"primaryImageOfPage\":{\"@id\":\"\\\/de\\\/#primaryimage\"},\"image\":{\"@id\":\"\\\/#primaryimage\"},\"thumbnailUrl\":\"https:\\\/\\\/micasatucasaibiza.com\\\/wp-content\\\/uploads\\\/2019\\\/11\\\/family-friendly-villas-e1572779934682.jpg\",\"datePublished\":\"2019-11-03T11:16:52+00:00\",\"dateModified\":\"2026-02-10T20:02:01+00:00\",\"description\":\"Unser Villenportfolio wurde sorgf\u00e4ltig mit R\u00fccksicht auf Familien ausgew\u00e4hlt. Fast alle Villen sind f\u00fcr einen Familienurlaub mit Kindern jeden Alters ausgezeichnet geeignet.\",\"breadcrumb\":{\"@id\":\"\\\/de\\\/#breadcrumb\"},\"inLanguage\":\"de\",\"potentialAction\":[{\"@type\":\"ReadAction\",\"target\":[[\"\\\/de\\\/\"]]}]},{\"@type\":\"ImageObject\",\"inLanguage\":\"de\",\"@id\":\"\\\/de\\\/#primaryimage\",\"url\":\"https:\\\/\\\/micasatucasaibiza.com\\\/wp-content\\\/uploads\\\/2019\\\/11\\\/family-friendly-villas-e1572779934682.jpg\",\"contentUrl\":\"https:\\\/\\\/micasatucasaibiza.com\\\/wp-content\\\/uploads\\\/2019\\\/11\\\/family-friendly-villas-e1572779934682.jpg\",\"width\":2048,\"height\":988,\"caption\":\"Family Friendly Villas\"},{\"@type\":\"BreadcrumbList\",\"@id\":\"\\\/de\\\/#breadcrumb\",\"itemListElement\":[{\"@type\":\"ListItem\",\"position\":1,\"name\":\"Home\",\"item\":\"https:\\\/\\\/micasatucasaibiza.com\\\/de\\\/\"},{\"@type\":\"ListItem\",\"position\":2,\"name\":\"Family friendly villas\"}]},{\"@type\":\"WebSite\",\"@id\":\"https:\\\/\\\/micasatucasaibiza.com\\\/de\\\/#website\",\"url\":\"https:\\\/\\\/micasatucasaibiza.com\\\/de\\\/\",\"name\":\"Mi Casa Tu Casa Ibiza\",\"description\":\"Special villas. Exclusively managed.\",\"publisher\":{\"@id\":\"https:\\\/\\\/micasatucasaibiza.com\\\/de\\\/#organization\"},\"potentialAction\":[{\"@type\":\"SearchAction\",\"target\":{\"@type\":\"EntryPoint\",\"urlTemplate\":\"https:\\\/\\\/micasatucasaibiza.com\\\/de\\\/?s={search_term_string}\"},\"query-input\":{\"@type\":\"PropertyValueSpecification\",\"valueRequired\":true,\"valueName\":\"search_term_string\"}}],\"inLanguage\":\"de\"},{\"@type\":\"Organization\",\"@id\":\"https:\\\/\\\/micasatucasaibiza.com\\\/de\\\/#organization\",\"name\":\"Mi Casa Tu Casa Ibiza\",\"url\":\"https:\\\/\\\/micasatucasaibiza.com\\\/de\\\/\",\"logo\":{\"@type\":\"ImageObject\",\"inLanguage\":\"de\",\"@id\":\"https:\\\/\\\/micasatucasaibiza.com\\\/de\\\/#\\\/schema\\\/logo\\\/image\\\/\",\"url\":\"https:\\\/\\\/micasatucasaibiza.com\\\/wp-content\\\/uploads\\\/logo.gif\",\"contentUrl\":\"https:\\\/\\\/micasatucasaibiza.com\\\/wp-content\\\/uploads\\\/logo.gif\",\"width\":226,\"height\":97,\"caption\":\"Mi Casa Tu Casa Ibiza\"},\"image\":{\"@id\":\"https:\\\/\\\/micasatucasaibiza.com\\\/de\\\/#\\\/schema\\\/logo\\\/image\\\/\"},\"sameAs\":[\"https:\\\/\\\/www.facebook.com\\\/MiCasaTuCasaIbiza\\\/\",\"https:\\\/\\\/www.instagram.com\\\/micasatucasaibiza\\\/\"]}]}<\/script>\n<!-- \/ Yoast SEO plugin. -->","yoast_head_json":{"title":"Ibiza Family Holiday | Mi Casa Tu Casa Ibiza","description":"Unser Villenportfolio wurde sorgf\u00e4ltig mit R\u00fccksicht auf Familien ausgew\u00e4hlt. Fast alle Villen sind f\u00fcr einen Familienurlaub mit Kindern jeden Alters ausgezeichnet geeignet.","robots":{"index":"index","follow":"follow","max-snippet":"max-snippet:-1","max-image-preview":"max-image-preview:large","max-video-preview":"max-video-preview:-1"},"canonical":"\/de\/","og_locale":"de_DE","og_type":"article","og_title":"Ibiza Family Holiday | Mi Casa Tu Casa Ibiza","og_description":"Unser Villenportfolio wurde sorgf\u00e4ltig mit R\u00fccksicht auf Familien ausgew\u00e4hlt. Fast alle Villen sind f\u00fcr einen Familienurlaub mit Kindern jeden Alters ausgezeichnet geeignet.","og_url":"\/de\/","og_site_name":"Mi Casa Tu Casa Ibiza","article_publisher":"https:\/\/www.facebook.com\/MiCasaTuCasaIbiza\/","article_modified_time":"2026-02-10T20:02:01+00:00","og_image":[{"width":2048,"height":988,"url":"https:\/\/micasatucasaibiza.com\/wp-content\/uploads\/2019\/11\/family-friendly-villas-e1572779934682.jpg","type":"image\/jpeg"}],"twitter_misc":{"Gesch\u00e4tzte Lesezeit":"5\u00a0Minuten"},"schema":{"@context":"https:\/\/schema.org","@graph":[{"@type":"WebPage","@id":"https:\/\/micasatucasaibiza.com\/de\/ibiza-family-friendly-villas\/","url":"\/de\/","name":"Ibiza Family Holiday | Mi Casa Tu Casa Ibiza","isPartOf":{"@id":"https:\/\/micasatucasaibiza.com\/de\/#website"},"primaryImageOfPage":{"@id":"\/de\/#primaryimage"},"image":{"@id":"\/#primaryimage"},"thumbnailUrl":"https:\/\/micasatucasaibiza.com\/wp-content\/uploads\/2019\/11\/family-friendly-villas-e1572779934682.jpg","datePublished":"2019-11-03T11:16:52+00:00","dateModified":"2026-02-10T20:02:01+00:00","description":"Unser Villenportfolio wurde sorgf\u00e4ltig mit R\u00fccksicht auf Familien ausgew\u00e4hlt. Fast alle Villen sind f\u00fcr einen Familienurlaub mit Kindern jeden Alters ausgezeichnet geeignet.","breadcrumb":{"@id":"\/de\/#breadcrumb"},"inLanguage":"de","potentialAction":[{"@type":"ReadAction","target":[["\/de\/"]]}]},{"@type":"ImageObject","inLanguage":"de","@id":"\/de\/#primaryimage","url":"https:\/\/micasatucasaibiza.com\/wp-content\/uploads\/2019\/11\/family-friendly-villas-e1572779934682.jpg","contentUrl":"https:\/\/micasatucasaibiza.com\/wp-content\/uploads\/2019\/11\/family-friendly-villas-e1572779934682.jpg","width":2048,"height":988,"caption":"Family Friendly Villas"},{"@type":"BreadcrumbList","@id":"\/de\/#breadcrumb","itemListElement":[{"@type":"ListItem","position":1,"name":"Home","item":"https:\/\/micasatucasaibiza.com\/de\/"},{"@type":"ListItem","position":2,"name":"Family friendly villas"}]},{"@type":"WebSite","@id":"https:\/\/micasatucasaibiza.com\/de\/#website","url":"https:\/\/micasatucasaibiza.com\/de\/","name":"Mi Casa Tu Casa Ibiza","description":"Special villas. Exclusively managed.","publisher":{"@id":"https:\/\/micasatucasaibiza.com\/de\/#organization"},"potentialAction":[{"@type":"SearchAction","target":{"@type":"EntryPoint","urlTemplate":"https:\/\/micasatucasaibiza.com\/de\/?s={search_term_string}"},"query-input":{"@type":"PropertyValueSpecification","valueRequired":true,"valueName":"search_term_string"}}],"inLanguage":"de"},{"@type":"Organization","@id":"https:\/\/micasatucasaibiza.com\/de\/#organization","name":"Mi Casa Tu Casa Ibiza","url":"https:\/\/micasatucasaibiza.com\/de\/","logo":{"@type":"ImageObject","inLanguage":"de","@id":"https:\/\/micasatucasaibiza.com\/de\/#\/schema\/logo\/image\/","url":"https:\/\/micasatucasaibiza.com\/wp-content\/uploads\/logo.gif","contentUrl":"https:\/\/micasatucasaibiza.com\/wp-content\/uploads\/logo.gif","width":226,"height":97,"caption":"Mi Casa Tu Casa Ibiza"},"image":{"@id":"https:\/\/micasatucasaibiza.com\/de\/#\/schema\/logo\/image\/"},"sameAs":["https:\/\/www.facebook.com\/MiCasaTuCasaIbiza\/","https:\/\/www.instagram.com\/micasatucasaibiza\/"]}]}},"_links":{"self":[{"href":"https:\/\/micasatucasaibiza.com\/de\/wp-json\/wp\/v2\/pages\/8062","targetHints":{"allow":["GET"]}}],"collection":[{"href":"https:\/\/micasatucasaibiza.com\/de\/wp-json\/wp\/v2\/pages"}],"about":[{"href":"https:\/\/micasatucasaibiza.com\/de\/wp-json\/wp\/v2\/types\/page"}],"author":[{"embeddable":true,"href":"https:\/\/micasatucasaibiza.com\/de\/wp-json\/wp\/v2\/users\/1"}],"replies":[{"embeddable":true,"href":"https:\/\/micasatucasaibiza.com\/de\/wp-json\/wp\/v2\/comments?post=8062"}],"version-history":[{"count":10,"href":"https:\/\/micasatucasaibiza.com\/de\/wp-json\/wp\/v2\/pages\/8062\/revisions"}],"predecessor-version":[{"id":18157,"href":"https:\/\/micasatucasaibiza.com\/de\/wp-json\/wp\/v2\/pages\/8062\/revisions\/18157"}],"wp:featuredmedia":[{"embeddable":true,"href":"https:\/\/micasatucasaibiza.com\/de\/wp-json\/wp\/v2\/media\/8063"}],"wp:attachment":[{"href":"https:\/\/micasatucasaibiza.com\/de\/wp-json\/wp\/v2\/media?parent=8062"}],"curies":[{"name":"wp","href":"https:\/\/api.w.org\/{rel}","templated":true}]}}