{"id":8907,"date":"2020-04-17T14:08:17","date_gmt":"2020-04-17T12:08:17","guid":{"rendered":"https:\/\/micasatucasaibiza.com\/?page_id=8907"},"modified":"2026-02-10T20:46:25","modified_gmt":"2026-02-10T19:46:25","slug":"booking-conditions","status":"publish","type":"page","link":"https:\/\/micasatucasaibiza.com\/de\/unsere-buchungsbedingungen\/","title":{"rendered":"Buchen Sie mit Vertrauen &#8211; Unsere Buchungsbedingungen"},"content":{"rendered":"<p><strong>Flexible Buchungsbedingungen<\/strong><br \/>\nWir haben mit den Villenbesitzern zusammengearbeitet, um flexible Buchungsbedingungen f\u00fcr unsere G\u00e4ste zu vereinbaren. Nachfolgend finden Sie unsere Standardbuchungsbedingungen.<br \/>\nBitte beachten Sie jedoch, dass die endg\u00fcltigen Bedingungen in Ihrem Mietvertrag festgelegt sind und je nach Villa abweichen k\u00f6nnen.<\/p>\n<ul>\n<li>30 % des Mietpreises sind bei Buchung zu zahlen, die restlichen 70 % acht Wochen vor Anreise.<\/li>\n<li>Sie k\u00f6nnen aus beliebigem Grund bis zu 4 Monate vor Urlaubsbeginn stornieren und erhalten Ihr Geld zur\u00fcck (abz\u00fcglich einer Verwaltungsgeb\u00fchr von 5 %). Bei einigen Villen k\u00f6nnen abweichende Regelungen gelten.<\/li>\n<\/ul>\n<p><strong>Unser Team ist lokal und kompetent<\/strong><br \/>\nWir sind das ganze Jahr \u00fcber auf Ibiza vor Ort und helfen Ihnen gerne bei allen Anliegen vor, w\u00e4hrend oder nach Ihrem Urlaub. Unser mehrsprachiges Team kennt die Insel in- und auswendig und bietet Ihnen rund um die Uhr Unterst\u00fctzung w\u00e4hrend Ihres Aufenthalts.<\/p>\n<p><strong>Der Vorteil einer exklusiv verwalteten Villa<\/strong><br \/>\nWir verwalten nur eine kleine Auswahl an Luxusvillen auf Ibiza. Das bedeutet, dass wir jede Villa und deren Eigent\u00fcmer pers\u00f6nlich kennen \u2013 so k\u00f6nnen unvorhergesehene Situationen schnell und effizient gel\u00f6st werden.<\/p>\n<p><strong>Strenge Reinigungs- und Hygienestandards<\/strong><br \/>\nWir legen stets h\u00f6chsten Wert auf Sauberkeit und halten uns strikt an alle Hygienevorschriften.<\/p>","protected":false},"excerpt":{"rendered":"<p>Flexible Buchungsbedingungen Wir haben mit den Villenbesitzern zusammengearbeitet, um flexible Buchungsbedingungen f\u00fcr unsere G\u00e4ste zu vereinbaren. Nachfolgend finden Sie unsere Standardbuchungsbedingungen. Bitte beachten Sie jedoch, dass die endg\u00fcltigen Bedingungen in &hellip;<\/p>\n","protected":false},"author":1,"featured_media":14380,"parent":0,"menu_order":18,"comment_status":"closed","ping_status":"closed","template":"pages\/template-simple.php","meta":{"_acf_changed":false,"footnotes":""},"class_list":["post-8907","page","type-page","status-publish","has-post-thumbnail","hentry"],"acf":[],"yoast_head":"<!-- This site is optimized with the Yoast SEO plugin v27.0 - https:\/\/yoast.com\/product\/yoast-seo-wordpress\/ -->\n<title>Ibiza Holiday Booking | Mi Casa Tu Casa Ibiza<\/title>\n<meta name=\"description\" content=\"Our Ibiza holiday booking conditions give you more flexibility and more peace of mind and we offer you the best in holiday booking conditions.\" \/>\n<meta name=\"robots\" content=\"index, follow, max-snippet:-1, max-image-preview:large, max-video-preview:-1\" \/>\n<link rel=\"canonical\" href=\"\/de\/\" \/>\n<meta property=\"og:locale\" content=\"de_DE\" \/>\n<meta property=\"og:type\" content=\"article\" \/>\n<meta property=\"og:title\" content=\"Ibiza Holiday Booking | Mi Casa Tu Casa Ibiza\" \/>\n<meta property=\"og:description\" content=\"Our Ibiza holiday booking conditions give you more flexibility and more peace of mind and we offer you the best in holiday booking conditions.\" \/>\n<meta property=\"og:url\" content=\"\/de\/\" \/>\n<meta property=\"og:site_name\" content=\"Mi Casa Tu Casa Ibiza\" \/>\n<meta property=\"article:publisher\" content=\"https:\/\/www.facebook.com\/MiCasaTuCasaIbiza\/\" \/>\n<meta property=\"article:modified_time\" content=\"2026-02-10T19:46:25+00:00\" \/>\n<meta property=\"og:image\" content=\"https:\/\/micasatucasaibiza.com\/wp-content\/uploads\/2023\/06\/booking-conditions.jpg\" \/>\n\t<meta property=\"og:image:width\" content=\"2048\" \/>\n\t<meta property=\"og:image:height\" content=\"1453\" \/>\n\t<meta property=\"og:image:type\" content=\"image\/jpeg\" \/>\n<meta name=\"twitter:label1\" content=\"Gesch\u00e4tzte Lesezeit\" \/>\n\t<meta name=\"twitter:data1\" content=\"2\u00a0Minuten\" \/>\n<script type=\"application\/ld+json\" class=\"yoast-schema-graph\">{\"@context\":\"https:\/\/schema.org\",\"@graph\":[{\"@type\":\"WebPage\",\"@id\":\"https:\/\/micasatucasaibiza.com\/de\/booking-conditions\/\",\"url\":\"\/de\/\",\"name\":\"Ibiza Holiday Booking | Mi Casa Tu Casa Ibiza\",\"isPartOf\":{\"@id\":\"https:\/\/micasatucasaibiza.com\/de\/#website\"},\"primaryImageOfPage\":{\"@id\":\"\/de\/#primaryimage\"},\"image\":{\"@id\":\"\/#primaryimage\"},\"thumbnailUrl\":\"https:\/\/micasatucasaibiza.com\/wp-content\/uploads\/2023\/06\/booking-conditions.jpg\",\"datePublished\":\"2020-04-17T12:08:17+00:00\",\"dateModified\":\"2026-02-10T19:46:25+00:00\",\"description\":\"Our Ibiza holiday booking conditions give you more flexibility and more peace of mind and we offer you the best in holiday booking conditions.\",\"breadcrumb\":{\"@id\":\"\/de\/#breadcrumb\"},\"inLanguage\":\"de\",\"potentialAction\":[{\"@type\":\"ReadAction\",\"target\":[[\"\/de\/\"]]}]},{\"@type\":\"ImageObject\",\"inLanguage\":\"de\",\"@id\":\"\/de\/#primaryimage\",\"url\":\"https:\/\/micasatucasaibiza.com\/wp-content\/uploads\/2023\/06\/booking-conditions.jpg\",\"contentUrl\":\"https:\/\/micasatucasaibiza.com\/wp-content\/uploads\/2023\/06\/booking-conditions.jpg\",\"width\":2048,\"height\":1453,\"caption\":\"booking conditions\"},{\"@type\":\"BreadcrumbList\",\"@id\":\"\/de\/#breadcrumb\",\"itemListElement\":[{\"@type\":\"ListItem\",\"position\":1,\"name\":\"Home\",\"item\":\"https:\/\/micasatucasaibiza.com\/de\/\"},{\"@type\":\"ListItem\",\"position\":2,\"name\":\"Book with confidence &#8211; Our villa holiday booking conditions\"}]},{\"@type\":\"WebSite\",\"@id\":\"https:\/\/micasatucasaibiza.com\/de\/#website\",\"url\":\"https:\/\/micasatucasaibiza.com\/de\/\",\"name\":\"Mi Casa Tu Casa Ibiza\",\"description\":\"Special villas. Exclusively managed.\",\"publisher\":{\"@id\":\"https:\/\/micasatucasaibiza.com\/de\/#organization\"},\"potentialAction\":[{\"@type\":\"SearchAction\",\"target\":{\"@type\":\"EntryPoint\",\"urlTemplate\":\"https:\/\/micasatucasaibiza.com\/de\/?s={search_term_string}\"},\"query-input\":{\"@type\":\"PropertyValueSpecification\",\"valueRequired\":true,\"valueName\":\"search_term_string\"}}],\"inLanguage\":\"de\"},{\"@type\":\"Organization\",\"@id\":\"https:\/\/micasatucasaibiza.com\/de\/#organization\",\"name\":\"Mi Casa Tu Casa Ibiza\",\"url\":\"https:\/\/micasatucasaibiza.com\/de\/\",\"logo\":{\"@type\":\"ImageObject\",\"inLanguage\":\"de\",\"@id\":\"https:\/\/micasatucasaibiza.com\/de\/#\/schema\/logo\/image\/\",\"url\":\"https:\/\/micasatucasaibiza.com\/wp-content\/uploads\/logo.gif\",\"contentUrl\":\"https:\/\/micasatucasaibiza.com\/wp-content\/uploads\/logo.gif\",\"width\":226,\"height\":97,\"caption\":\"Mi Casa Tu Casa Ibiza\"},\"image\":{\"@id\":\"https:\/\/micasatucasaibiza.com\/de\/#\/schema\/logo\/image\/\"},\"sameAs\":[\"https:\/\/www.facebook.com\/MiCasaTuCasaIbiza\/\",\"https:\/\/www.instagram.com\/micasatucasaibiza\/\"]}]}<\/script>\n<!-- \/ Yoast SEO plugin. -->","yoast_head_json":{"title":"Ibiza Holiday Booking | Mi Casa Tu Casa Ibiza","description":"Our Ibiza holiday booking conditions give you more flexibility and more peace of mind and we offer you the best in holiday booking conditions.","robots":{"index":"index","follow":"follow","max-snippet":"max-snippet:-1","max-image-preview":"max-image-preview:large","max-video-preview":"max-video-preview:-1"},"canonical":"\/de\/","og_locale":"de_DE","og_type":"article","og_title":"Ibiza Holiday Booking | Mi Casa Tu Casa Ibiza","og_description":"Our Ibiza holiday booking conditions give you more flexibility and more peace of mind and we offer you the best in holiday booking conditions.","og_url":"\/de\/","og_site_name":"Mi Casa Tu Casa Ibiza","article_publisher":"https:\/\/www.facebook.com\/MiCasaTuCasaIbiza\/","article_modified_time":"2026-02-10T19:46:25+00:00","og_image":[{"width":2048,"height":1453,"url":"https:\/\/micasatucasaibiza.com\/wp-content\/uploads\/2023\/06\/booking-conditions.jpg","type":"image\/jpeg"}],"twitter_misc":{"Gesch\u00e4tzte Lesezeit":"2\u00a0Minuten"},"schema":{"@context":"https:\/\/schema.org","@graph":[{"@type":"WebPage","@id":"https:\/\/micasatucasaibiza.com\/de\/booking-conditions\/","url":"\/de\/","name":"Ibiza Holiday Booking | Mi Casa Tu Casa Ibiza","isPartOf":{"@id":"https:\/\/micasatucasaibiza.com\/de\/#website"},"primaryImageOfPage":{"@id":"\/de\/#primaryimage"},"image":{"@id":"\/#primaryimage"},"thumbnailUrl":"https:\/\/micasatucasaibiza.com\/wp-content\/uploads\/2023\/06\/booking-conditions.jpg","datePublished":"2020-04-17T12:08:17+00:00","dateModified":"2026-02-10T19:46:25+00:00","description":"Our Ibiza holiday booking conditions give you more flexibility and more peace of mind and we offer you the best in holiday booking conditions.","breadcrumb":{"@id":"\/de\/#breadcrumb"},"inLanguage":"de","potentialAction":[{"@type":"ReadAction","target":[["\/de\/"]]}]},{"@type":"ImageObject","inLanguage":"de","@id":"\/de\/#primaryimage","url":"https:\/\/micasatucasaibiza.com\/wp-content\/uploads\/2023\/06\/booking-conditions.jpg","contentUrl":"https:\/\/micasatucasaibiza.com\/wp-content\/uploads\/2023\/06\/booking-conditions.jpg","width":2048,"height":1453,"caption":"booking conditions"},{"@type":"BreadcrumbList","@id":"\/de\/#breadcrumb","itemListElement":[{"@type":"ListItem","position":1,"name":"Home","item":"https:\/\/micasatucasaibiza.com\/de\/"},{"@type":"ListItem","position":2,"name":"Book with confidence &#8211; Our villa holiday booking conditions"}]},{"@type":"WebSite","@id":"https:\/\/micasatucasaibiza.com\/de\/#website","url":"https:\/\/micasatucasaibiza.com\/de\/","name":"Mi Casa Tu Casa Ibiza","description":"Special villas. Exclusively managed.","publisher":{"@id":"https:\/\/micasatucasaibiza.com\/de\/#organization"},"potentialAction":[{"@type":"SearchAction","target":{"@type":"EntryPoint","urlTemplate":"https:\/\/micasatucasaibiza.com\/de\/?s={search_term_string}"},"query-input":{"@type":"PropertyValueSpecification","valueRequired":true,"valueName":"search_term_string"}}],"inLanguage":"de"},{"@type":"Organization","@id":"https:\/\/micasatucasaibiza.com\/de\/#organization","name":"Mi Casa Tu Casa Ibiza","url":"https:\/\/micasatucasaibiza.com\/de\/","logo":{"@type":"ImageObject","inLanguage":"de","@id":"https:\/\/micasatucasaibiza.com\/de\/#\/schema\/logo\/image\/","url":"https:\/\/micasatucasaibiza.com\/wp-content\/uploads\/logo.gif","contentUrl":"https:\/\/micasatucasaibiza.com\/wp-content\/uploads\/logo.gif","width":226,"height":97,"caption":"Mi Casa Tu Casa Ibiza"},"image":{"@id":"https:\/\/micasatucasaibiza.com\/de\/#\/schema\/logo\/image\/"},"sameAs":["https:\/\/www.facebook.com\/MiCasaTuCasaIbiza\/","https:\/\/www.instagram.com\/micasatucasaibiza\/"]}]}},"_links":{"self":[{"href":"https:\/\/micasatucasaibiza.com\/de\/wp-json\/wp\/v2\/pages\/8907","targetHints":{"allow":["GET"]}}],"collection":[{"href":"https:\/\/micasatucasaibiza.com\/de\/wp-json\/wp\/v2\/pages"}],"about":[{"href":"https:\/\/micasatucasaibiza.com\/de\/wp-json\/wp\/v2\/types\/page"}],"author":[{"embeddable":true,"href":"https:\/\/micasatucasaibiza.com\/de\/wp-json\/wp\/v2\/users\/1"}],"replies":[{"embeddable":true,"href":"https:\/\/micasatucasaibiza.com\/de\/wp-json\/wp\/v2\/comments?post=8907"}],"version-history":[{"count":10,"href":"https:\/\/micasatucasaibiza.com\/de\/wp-json\/wp\/v2\/pages\/8907\/revisions"}],"predecessor-version":[{"id":18154,"href":"https:\/\/micasatucasaibiza.com\/de\/wp-json\/wp\/v2\/pages\/8907\/revisions\/18154"}],"wp:featuredmedia":[{"embeddable":true,"href":"https:\/\/micasatucasaibiza.com\/de\/wp-json\/wp\/v2\/media\/14380"}],"wp:attachment":[{"href":"https:\/\/micasatucasaibiza.com\/de\/wp-json\/wp\/v2\/media?parent=8907"}],"curies":[{"name":"wp","href":"https:\/\/api.w.org\/{rel}","templated":true}]}}