{"id":10,"date":"2014-02-28T19:53:07","date_gmt":"2014-02-28T18:53:07","guid":{"rendered":"http:\/\/pc-808:8081\/micasatucasaibiza.com\/site\/?page_id=10"},"modified":"2026-02-10T21:24:12","modified_gmt":"2026-02-10T20:24:12","slug":"about-us","status":"publish","type":"page","link":"https:\/\/micasatucasaibiza.com\/es\/sobre-nosotros\/","title":{"rendered":"Nosotros"},"content":{"rendered":"<p>Comenzamos Mi Casa Tu Casa Ibiza en 2011.\u00a0Cada uno de nosotros trabaj\u00f3 por varios a\u00f1os en el sector de las villas en Ibiza, pero en posiciones muy diferentes, todas distintas pero complementarias. Sab\u00edamos que algunas cosas funcionaban bien con la oferta tradicional de villas para vacaciones, pero otras cosas no tan bien. As\u00ed es que decidimos crear un modelo que fuese ideal tanto para arrendatarios como para propietarios. Dicen que un hogar feliz significa una vida feliz, as\u00ed es que ah\u00ed donde decidimos comenzar. Creemos que al asegurarnos de que una <a href=\"\/es\/alquiler-villas-ibiza\/\">villa luzca bien<\/a>, de mantenerla en buen estado y preparada para unas vacaciones lujosas, el resto de las vacaciones ser\u00e1n felices. Por lo tanto, el tener control y responsabilidad sobre la villa parec\u00edan elementos esenciales para satisfacer nuestra meta. As\u00ed es que decidimos concentrarnos en unas pocas villas especiales para administrarlas de manera exclusiva, y de all\u00ed nace el eslogan de nuestra marca.<\/p>","protected":false},"excerpt":{"rendered":"<p>Comenzamos Mi Casa Tu Casa Ibiza en 2011.\u00a0Cada uno de nosotros trabaj\u00f3 por varios a\u00f1os en el sector de las villas en Ibiza, pero en posiciones muy diferentes, todas distintas &hellip;<\/p>\n","protected":false},"author":1,"featured_media":17506,"parent":0,"menu_order":22,"comment_status":"closed","ping_status":"closed","template":"pages\/template-about.php","meta":{"_acf_changed":false,"footnotes":""},"class_list":["post-10","page","type-page","status-publish","has-post-thumbnail","hentry"],"acf":[],"yoast_head":"<!-- This site is optimized with the Yoast SEO plugin v27.4 - https:\/\/yoast.com\/product\/yoast-seo-wordpress\/ -->\n<title>Luxury Villas Ibiza. Villa Rental Ibiza. Mi Casa Tu Casa - About<\/title>\n<meta name=\"description\" content=\"Mi Casa Tu Casa Ibiza was founded in 2011, combining years of property management and rental experience. All of our villas are 100% exclusive to us.\" \/>\n<meta name=\"robots\" content=\"index, follow, max-snippet:-1, max-image-preview:large, max-video-preview:-1\" \/>\n<link rel=\"canonical\" href=\"\/es\/\" \/>\n<meta property=\"og:locale\" content=\"es_ES\" \/>\n<meta property=\"og:type\" content=\"article\" \/>\n<meta property=\"og:title\" content=\"Luxury Villas Ibiza. Villa Rental Ibiza. Mi Casa Tu Casa - About\" \/>\n<meta property=\"og:description\" content=\"Mi Casa Tu Casa Ibiza was founded in 2011, combining years of property management and rental experience. All of our villas are 100% exclusive to us.\" \/>\n<meta property=\"og:url\" content=\"\/es\/\" \/>\n<meta property=\"og:site_name\" content=\"Mi Casa Tu Casa Ibiza\" \/>\n<meta property=\"article:publisher\" content=\"https:\/\/www.facebook.com\/MiCasaTuCasaIbiza\/\" \/>\n<meta property=\"article:modified_time\" content=\"2026-02-10T20:24:12+00:00\" \/>\n<meta property=\"og:image\" content=\"https:\/\/micasatucasaibiza.com\/wp-content\/uploads\/2025\/10\/team-photo-office-new.jpg\" \/>\n\t<meta property=\"og:image:width\" content=\"1995\" \/>\n\t<meta property=\"og:image:height\" content=\"946\" \/>\n\t<meta property=\"og:image:type\" content=\"image\/jpeg\" \/>\n<meta name=\"twitter:label1\" content=\"Tiempo de lectura\" \/>\n\t<meta name=\"twitter:data1\" content=\"1 minuto\" \/>\n<script type=\"application\/ld+json\" class=\"yoast-schema-graph\">{\"@context\":\"https:\\\/\\\/schema.org\",\"@graph\":[{\"@type\":\"WebPage\",\"@id\":\"https:\\\/\\\/micasatucasaibiza.com\\\/es\\\/about-us\\\/\",\"url\":\"\\\/es\\\/\",\"name\":\"Luxury Villas Ibiza. Villa Rental Ibiza. Mi Casa Tu Casa - About\",\"isPartOf\":{\"@id\":\"https:\\\/\\\/micasatucasaibiza.com\\\/es\\\/#website\"},\"primaryImageOfPage\":{\"@id\":\"\\\/es\\\/#primaryimage\"},\"image\":{\"@id\":\"\\\/#primaryimage\"},\"thumbnailUrl\":\"https:\\\/\\\/micasatucasaibiza.com\\\/wp-content\\\/uploads\\\/2025\\\/10\\\/team-photo-office-new.jpg\",\"datePublished\":\"2014-02-28T18:53:07+00:00\",\"dateModified\":\"2026-02-10T20:24:12+00:00\",\"description\":\"Mi Casa Tu Casa Ibiza was founded in 2011, combining years of property management and rental experience. All of our villas are 100% exclusive to us.\",\"breadcrumb\":{\"@id\":\"\\\/es\\\/#breadcrumb\"},\"inLanguage\":\"es\",\"potentialAction\":[{\"@type\":\"ReadAction\",\"target\":[[\"\\\/es\\\/\"]]}]},{\"@type\":\"ImageObject\",\"inLanguage\":\"es\",\"@id\":\"\\\/es\\\/#primaryimage\",\"url\":\"https:\\\/\\\/micasatucasaibiza.com\\\/wp-content\\\/uploads\\\/2025\\\/10\\\/team-photo-office-new.jpg\",\"contentUrl\":\"https:\\\/\\\/micasatucasaibiza.com\\\/wp-content\\\/uploads\\\/2025\\\/10\\\/team-photo-office-new.jpg\",\"width\":1995,\"height\":946,\"caption\":\"Team Photo Office New\"},{\"@type\":\"BreadcrumbList\",\"@id\":\"\\\/es\\\/#breadcrumb\",\"itemListElement\":[{\"@type\":\"ListItem\",\"position\":1,\"name\":\"Home\",\"item\":\"https:\\\/\\\/micasatucasaibiza.com\\\/es\\\/\"},{\"@type\":\"ListItem\",\"position\":2,\"name\":\"About us\"}]},{\"@type\":\"WebSite\",\"@id\":\"https:\\\/\\\/micasatucasaibiza.com\\\/es\\\/#website\",\"url\":\"https:\\\/\\\/micasatucasaibiza.com\\\/es\\\/\",\"name\":\"Mi Casa Tu Casa Ibiza\",\"description\":\"Special villas. Exclusively managed.\",\"publisher\":{\"@id\":\"https:\\\/\\\/micasatucasaibiza.com\\\/es\\\/#organization\"},\"potentialAction\":[{\"@type\":\"SearchAction\",\"target\":{\"@type\":\"EntryPoint\",\"urlTemplate\":\"https:\\\/\\\/micasatucasaibiza.com\\\/es\\\/?s={search_term_string}\"},\"query-input\":{\"@type\":\"PropertyValueSpecification\",\"valueRequired\":true,\"valueName\":\"search_term_string\"}}],\"inLanguage\":\"es\"},{\"@type\":\"Organization\",\"@id\":\"https:\\\/\\\/micasatucasaibiza.com\\\/es\\\/#organization\",\"name\":\"Mi Casa Tu Casa Ibiza\",\"url\":\"https:\\\/\\\/micasatucasaibiza.com\\\/es\\\/\",\"logo\":{\"@type\":\"ImageObject\",\"inLanguage\":\"es\",\"@id\":\"https:\\\/\\\/micasatucasaibiza.com\\\/es\\\/#\\\/schema\\\/logo\\\/image\\\/\",\"url\":\"https:\\\/\\\/micasatucasaibiza.com\\\/wp-content\\\/uploads\\\/logo.gif\",\"contentUrl\":\"https:\\\/\\\/micasatucasaibiza.com\\\/wp-content\\\/uploads\\\/logo.gif\",\"width\":226,\"height\":97,\"caption\":\"Mi Casa Tu Casa Ibiza\"},\"image\":{\"@id\":\"https:\\\/\\\/micasatucasaibiza.com\\\/es\\\/#\\\/schema\\\/logo\\\/image\\\/\"},\"sameAs\":[\"https:\\\/\\\/www.facebook.com\\\/MiCasaTuCasaIbiza\\\/\",\"https:\\\/\\\/www.instagram.com\\\/micasatucasaibiza\\\/\"]}]}<\/script>\n<!-- \/ Yoast SEO plugin. -->","yoast_head_json":{"title":"Luxury Villas Ibiza. Villa Rental Ibiza. Mi Casa Tu Casa - About","description":"Mi Casa Tu Casa Ibiza was founded in 2011, combining years of property management and rental experience. All of our villas are 100% exclusive to us.","robots":{"index":"index","follow":"follow","max-snippet":"max-snippet:-1","max-image-preview":"max-image-preview:large","max-video-preview":"max-video-preview:-1"},"canonical":"\/es\/","og_locale":"es_ES","og_type":"article","og_title":"Luxury Villas Ibiza. Villa Rental Ibiza. Mi Casa Tu Casa - About","og_description":"Mi Casa Tu Casa Ibiza was founded in 2011, combining years of property management and rental experience. All of our villas are 100% exclusive to us.","og_url":"\/es\/","og_site_name":"Mi Casa Tu Casa Ibiza","article_publisher":"https:\/\/www.facebook.com\/MiCasaTuCasaIbiza\/","article_modified_time":"2026-02-10T20:24:12+00:00","og_image":[{"width":1995,"height":946,"url":"https:\/\/micasatucasaibiza.com\/wp-content\/uploads\/2025\/10\/team-photo-office-new.jpg","type":"image\/jpeg"}],"twitter_misc":{"Tiempo de lectura":"1 minuto"},"schema":{"@context":"https:\/\/schema.org","@graph":[{"@type":"WebPage","@id":"https:\/\/micasatucasaibiza.com\/es\/about-us\/","url":"\/es\/","name":"Luxury Villas Ibiza. Villa Rental Ibiza. Mi Casa Tu Casa - About","isPartOf":{"@id":"https:\/\/micasatucasaibiza.com\/es\/#website"},"primaryImageOfPage":{"@id":"\/es\/#primaryimage"},"image":{"@id":"\/#primaryimage"},"thumbnailUrl":"https:\/\/micasatucasaibiza.com\/wp-content\/uploads\/2025\/10\/team-photo-office-new.jpg","datePublished":"2014-02-28T18:53:07+00:00","dateModified":"2026-02-10T20:24:12+00:00","description":"Mi Casa Tu Casa Ibiza was founded in 2011, combining years of property management and rental experience. All of our villas are 100% exclusive to us.","breadcrumb":{"@id":"\/es\/#breadcrumb"},"inLanguage":"es","potentialAction":[{"@type":"ReadAction","target":[["\/es\/"]]}]},{"@type":"ImageObject","inLanguage":"es","@id":"\/es\/#primaryimage","url":"https:\/\/micasatucasaibiza.com\/wp-content\/uploads\/2025\/10\/team-photo-office-new.jpg","contentUrl":"https:\/\/micasatucasaibiza.com\/wp-content\/uploads\/2025\/10\/team-photo-office-new.jpg","width":1995,"height":946,"caption":"Team Photo Office New"},{"@type":"BreadcrumbList","@id":"\/es\/#breadcrumb","itemListElement":[{"@type":"ListItem","position":1,"name":"Home","item":"https:\/\/micasatucasaibiza.com\/es\/"},{"@type":"ListItem","position":2,"name":"About us"}]},{"@type":"WebSite","@id":"https:\/\/micasatucasaibiza.com\/es\/#website","url":"https:\/\/micasatucasaibiza.com\/es\/","name":"Mi Casa Tu Casa Ibiza","description":"Special villas. Exclusively managed.","publisher":{"@id":"https:\/\/micasatucasaibiza.com\/es\/#organization"},"potentialAction":[{"@type":"SearchAction","target":{"@type":"EntryPoint","urlTemplate":"https:\/\/micasatucasaibiza.com\/es\/?s={search_term_string}"},"query-input":{"@type":"PropertyValueSpecification","valueRequired":true,"valueName":"search_term_string"}}],"inLanguage":"es"},{"@type":"Organization","@id":"https:\/\/micasatucasaibiza.com\/es\/#organization","name":"Mi Casa Tu Casa Ibiza","url":"https:\/\/micasatucasaibiza.com\/es\/","logo":{"@type":"ImageObject","inLanguage":"es","@id":"https:\/\/micasatucasaibiza.com\/es\/#\/schema\/logo\/image\/","url":"https:\/\/micasatucasaibiza.com\/wp-content\/uploads\/logo.gif","contentUrl":"https:\/\/micasatucasaibiza.com\/wp-content\/uploads\/logo.gif","width":226,"height":97,"caption":"Mi Casa Tu Casa Ibiza"},"image":{"@id":"https:\/\/micasatucasaibiza.com\/es\/#\/schema\/logo\/image\/"},"sameAs":["https:\/\/www.facebook.com\/MiCasaTuCasaIbiza\/","https:\/\/www.instagram.com\/micasatucasaibiza\/"]}]}},"_links":{"self":[{"href":"https:\/\/micasatucasaibiza.com\/es\/wp-json\/wp\/v2\/pages\/10","targetHints":{"allow":["GET"]}}],"collection":[{"href":"https:\/\/micasatucasaibiza.com\/es\/wp-json\/wp\/v2\/pages"}],"about":[{"href":"https:\/\/micasatucasaibiza.com\/es\/wp-json\/wp\/v2\/types\/page"}],"author":[{"embeddable":true,"href":"https:\/\/micasatucasaibiza.com\/es\/wp-json\/wp\/v2\/users\/1"}],"replies":[{"embeddable":true,"href":"https:\/\/micasatucasaibiza.com\/es\/wp-json\/wp\/v2\/comments?post=10"}],"version-history":[{"count":13,"href":"https:\/\/micasatucasaibiza.com\/es\/wp-json\/wp\/v2\/pages\/10\/revisions"}],"predecessor-version":[{"id":18159,"href":"https:\/\/micasatucasaibiza.com\/es\/wp-json\/wp\/v2\/pages\/10\/revisions\/18159"}],"wp:featuredmedia":[{"embeddable":true,"href":"https:\/\/micasatucasaibiza.com\/es\/wp-json\/wp\/v2\/media\/17506"}],"wp:attachment":[{"href":"https:\/\/micasatucasaibiza.com\/es\/wp-json\/wp\/v2\/media?parent=10"}],"curies":[{"name":"wp","href":"https:\/\/api.w.org\/{rel}","templated":true}]}}