{"id":14825,"date":"2024-01-08T17:38:37","date_gmt":"2024-01-08T16:38:37","guid":{"rendered":"https:\/\/micasatucasaibiza.com\/?page_id=14825"},"modified":"2026-02-11T11:51:33","modified_gmt":"2026-02-11T10:51:33","slug":"cookie-policy","status":"publish","type":"page","link":"https:\/\/micasatucasaibiza.com\/es\/politica-de-cookies\/","title":{"rendered":"Pol\u00edtica de cookies"},"content":{"rendered":"<p><\/p>\n<h4>\u00bfQu\u00e9 son las cookies?<\/h4>\n<div class=\"cookie-policy-p\">\n<p>Esta Pol\u00edtica de Cookies explica qu\u00e9 son las cookies y c\u00f3mo las utilizamos, los tipos de cookies que usamos, es decir, la informaci\u00f3n que recopilamos mediante cookies y c\u00f3mo se utiliza esa informaci\u00f3n, y c\u00f3mo administrar la configuraci\u00f3n de las cookies.<\/p>\n<p>Las cookies son peque\u00f1os archivos de texto que se utilizan para almacenar peque\u00f1as piezas de informaci\u00f3n. Se almacenan en su dispositivo cuando el sitio web se carga en su navegador. Estas cookies nos ayudan a hacer que el sitio web funcione correctamente, a hacerlo m\u00e1s seguro, a proporcionar una mejor experiencia de usuario, y a entender c\u00f3mo funciona el sitio web y a analizar qu\u00e9 funciona y d\u00f3nde necesita mejoras.<\/p>\n<\/div>\n<p>&nbsp;<\/p>\n<h4>\u00bfC\u00f3mo utilizamos las cookies?<\/h4>\n<div class=\"cookie-policy-p\">\n<p>Como la mayor\u00eda de los servicios en l\u00ednea, nuestro sitio web utiliza cookies propias y de terceros para varios fines. Las cookies propias son principalmente necesarias para que el sitio web funcione de la manera correcta, y no recopilan ninguno de sus datos personales identificables.<\/p>\n<p>Las cookies de terceros utilizadas en nuestro sitio web son principalmente para entender c\u00f3mo funciona el sitio web, c\u00f3mo interact\u00faa con nuestro sitio web, mantener nuestros servicios seguros, proporcionar anuncios que sean relevantes para usted, y en general ofrecerle una experiencia de usuario mejorada y ayudar a acelerar sus futuras interacciones con nuestro sitio web.<\/p>\n<\/div>\n<p>&nbsp;<\/p>\n<h4>Tipos de cookies que utilizamos<\/h4>\n<div class=\"cky-audit-table-element\"><\/div>\n<p>&nbsp;<\/p>\n<h4 style=\"margin-bottom:20px;\">Administrar preferencias de cookies<\/h4>\n<p><a class=\"cky-banner-element\">Preferencias de cookies<\/a><\/p>\n<div>\n<p>Puede cambiar sus preferencias de cookies en cualquier momento haciendo clic en el bot\u00f3n de arriba. Esto le permitir\u00e1 revisar el banner de consentimiento de cookies y cambiar sus preferencias o retirar su consentimiento de inmediato.<\/p>\n<p>Adem\u00e1s de esto, diferentes navegadores ofrecen diferentes m\u00e9todos para bloquear y eliminar las cookies utilizadas por los sitios web. Puede cambiar la configuraci\u00f3n de su navegador para bloquear\/eliminar las cookies. A continuaci\u00f3n se enumeran los enlaces a los documentos de soporte sobre c\u00f3mo administrar y eliminar cookies de los principales navegadores web.<\/p>\n<p>Chrome: <a href=\"https:\/\/support.google.com\/accounts\/answer\/32050\" target=\"_blank\" rel=\"noopener\">https:\/\/support.google.com\/accounts\/answer\/32050<\/a><\/p>\n<p>Safari: <a href=\"https:\/\/support.apple.com\/en-in\/guide\/safari\/sfri11471\/mac\" target=\"_blank\" rel=\"noopener\">https:\/\/support.apple.com\/en-in\/guide\/safari\/sfri11471\/mac<\/a><\/p>\n<p>Firefox: <a href=\"https:\/\/support.mozilla.org\/en-US\/kb\/clear-cookies-and-site-data-firefox?redirectslug=delete-cookies-remove-info-websites-stored&#038;redirectlocale=en-US\" target=\"_blank\" rel=\"noopener\">https:\/\/support.mozilla.org\/en-US\/kb\/clear-cookies-and-site-data-firefox?redirectslug=delete-cookies-remove-info-websites-stored&#038;redirectlocale=en-US<\/a><\/p>\n<p>Internet Explorer: <a href=\"https:\/\/support.microsoft.com\/en-us\/topic\/how-to-delete-cookie-files-in-internet-explorer-bca9446f-d873-78de-77ba-d42645fa52fc\" target=\"_blank\" rel=\"noopener\">https:\/\/support.microsoft.com\/en-us\/topic\/how-to-delete-cookie-files-in-internet-explorer-bca9446f-d873-78de-77ba-d42645fa52fc<\/a><\/p>\n<p>Si utiliza otro navegador web, visite los documentos de soporte oficiales de su navegador.<\/p>\n<\/div>\n<p><\/p>","protected":false},"excerpt":{"rendered":"<p>\u00bfQu\u00e9 son las cookies? Esta Pol\u00edtica de Cookies explica qu\u00e9 son las cookies y c\u00f3mo las utilizamos, los tipos de cookies que usamos, es decir, la informaci\u00f3n que recopilamos mediante &hellip;<\/p>\n","protected":false},"author":1,"featured_media":0,"parent":0,"menu_order":51,"comment_status":"closed","ping_status":"closed","template":"pages\/template-1-col.php","meta":{"_acf_changed":false,"footnotes":""},"class_list":["post-14825","page","type-page","status-publish","hentry"],"acf":[],"yoast_head":"<!-- This site is optimized with the Yoast SEO plugin v27.4 - https:\/\/yoast.com\/product\/yoast-seo-wordpress\/ -->\n<title>| Pol\u00edtica de cookies | Mi Casa Tu Casa Ibiza<\/title>\n<meta name=\"robots\" content=\"index, follow, max-snippet:-1, max-image-preview:large, max-video-preview:-1\" \/>\n<link rel=\"canonical\" href=\"\/es\/\" \/>\n<meta property=\"og:locale\" content=\"es_ES\" \/>\n<meta property=\"og:type\" content=\"article\" \/>\n<meta property=\"og:title\" content=\"| Pol\u00edtica de cookies | Mi Casa Tu Casa Ibiza\" \/>\n<meta property=\"og:url\" content=\"\/es\/\" \/>\n<meta property=\"og:site_name\" content=\"Mi Casa Tu Casa Ibiza\" \/>\n<meta property=\"article:publisher\" content=\"https:\/\/www.facebook.com\/MiCasaTuCasaIbiza\/\" \/>\n<meta property=\"article:modified_time\" content=\"2026-02-11T10:51:33+00:00\" \/>\n<meta name=\"twitter:label1\" content=\"Tiempo de lectura\" \/>\n\t<meta name=\"twitter:data1\" content=\"2 minutos\" \/>\n<script type=\"application\/ld+json\" class=\"yoast-schema-graph\">{\"@context\":\"https:\\\/\\\/schema.org\",\"@graph\":[{\"@type\":\"WebPage\",\"@id\":\"https:\\\/\\\/micasatucasaibiza.com\\\/es\\\/cookie-policy\\\/\",\"url\":\"\\\/es\\\/\",\"name\":\"| Pol\u00edtica de cookies | Mi Casa Tu Casa Ibiza\",\"isPartOf\":{\"@id\":\"https:\\\/\\\/micasatucasaibiza.com\\\/es\\\/#website\"},\"datePublished\":\"2024-01-08T16:38:37+00:00\",\"dateModified\":\"2026-02-11T10:51:33+00:00\",\"breadcrumb\":{\"@id\":\"\\\/es\\\/#breadcrumb\"},\"inLanguage\":\"es\",\"potentialAction\":[{\"@type\":\"ReadAction\",\"target\":[[\"\\\/es\\\/\"]]}]},{\"@type\":\"BreadcrumbList\",\"@id\":\"\\\/es\\\/#breadcrumb\",\"itemListElement\":[{\"@type\":\"ListItem\",\"position\":1,\"name\":\"Home\",\"item\":\"https:\\\/\\\/micasatucasaibiza.com\\\/es\\\/\"},{\"@type\":\"ListItem\",\"position\":2,\"name\":\"Cookie Policy\"}]},{\"@type\":\"WebSite\",\"@id\":\"https:\\\/\\\/micasatucasaibiza.com\\\/es\\\/#website\",\"url\":\"https:\\\/\\\/micasatucasaibiza.com\\\/es\\\/\",\"name\":\"Mi Casa Tu Casa Ibiza\",\"description\":\"Special villas. Exclusively managed.\",\"publisher\":{\"@id\":\"https:\\\/\\\/micasatucasaibiza.com\\\/es\\\/#organization\"},\"potentialAction\":[{\"@type\":\"SearchAction\",\"target\":{\"@type\":\"EntryPoint\",\"urlTemplate\":\"https:\\\/\\\/micasatucasaibiza.com\\\/es\\\/?s={search_term_string}\"},\"query-input\":{\"@type\":\"PropertyValueSpecification\",\"valueRequired\":true,\"valueName\":\"search_term_string\"}}],\"inLanguage\":\"es\"},{\"@type\":\"Organization\",\"@id\":\"https:\\\/\\\/micasatucasaibiza.com\\\/es\\\/#organization\",\"name\":\"Mi Casa Tu Casa Ibiza\",\"url\":\"https:\\\/\\\/micasatucasaibiza.com\\\/es\\\/\",\"logo\":{\"@type\":\"ImageObject\",\"inLanguage\":\"es\",\"@id\":\"https:\\\/\\\/micasatucasaibiza.com\\\/es\\\/#\\\/schema\\\/logo\\\/image\\\/\",\"url\":\"https:\\\/\\\/micasatucasaibiza.com\\\/wp-content\\\/uploads\\\/logo.gif\",\"contentUrl\":\"https:\\\/\\\/micasatucasaibiza.com\\\/wp-content\\\/uploads\\\/logo.gif\",\"width\":226,\"height\":97,\"caption\":\"Mi Casa Tu Casa Ibiza\"},\"image\":{\"@id\":\"https:\\\/\\\/micasatucasaibiza.com\\\/es\\\/#\\\/schema\\\/logo\\\/image\\\/\"},\"sameAs\":[\"https:\\\/\\\/www.facebook.com\\\/MiCasaTuCasaIbiza\\\/\",\"https:\\\/\\\/www.instagram.com\\\/micasatucasaibiza\\\/\"]}]}<\/script>\n<!-- \/ Yoast SEO plugin. -->","yoast_head_json":{"title":"| Pol\u00edtica de cookies | Mi Casa Tu Casa Ibiza","robots":{"index":"index","follow":"follow","max-snippet":"max-snippet:-1","max-image-preview":"max-image-preview:large","max-video-preview":"max-video-preview:-1"},"canonical":"\/es\/","og_locale":"es_ES","og_type":"article","og_title":"| Pol\u00edtica de cookies | Mi Casa Tu Casa Ibiza","og_url":"\/es\/","og_site_name":"Mi Casa Tu Casa Ibiza","article_publisher":"https:\/\/www.facebook.com\/MiCasaTuCasaIbiza\/","article_modified_time":"2026-02-11T10:51:33+00:00","twitter_misc":{"Tiempo de lectura":"2 minutos"},"schema":{"@context":"https:\/\/schema.org","@graph":[{"@type":"WebPage","@id":"https:\/\/micasatucasaibiza.com\/es\/cookie-policy\/","url":"\/es\/","name":"| Pol\u00edtica de cookies | Mi Casa Tu Casa Ibiza","isPartOf":{"@id":"https:\/\/micasatucasaibiza.com\/es\/#website"},"datePublished":"2024-01-08T16:38:37+00:00","dateModified":"2026-02-11T10:51:33+00:00","breadcrumb":{"@id":"\/es\/#breadcrumb"},"inLanguage":"es","potentialAction":[{"@type":"ReadAction","target":[["\/es\/"]]}]},{"@type":"BreadcrumbList","@id":"\/es\/#breadcrumb","itemListElement":[{"@type":"ListItem","position":1,"name":"Home","item":"https:\/\/micasatucasaibiza.com\/es\/"},{"@type":"ListItem","position":2,"name":"Cookie Policy"}]},{"@type":"WebSite","@id":"https:\/\/micasatucasaibiza.com\/es\/#website","url":"https:\/\/micasatucasaibiza.com\/es\/","name":"Mi Casa Tu Casa Ibiza","description":"Special villas. Exclusively managed.","publisher":{"@id":"https:\/\/micasatucasaibiza.com\/es\/#organization"},"potentialAction":[{"@type":"SearchAction","target":{"@type":"EntryPoint","urlTemplate":"https:\/\/micasatucasaibiza.com\/es\/?s={search_term_string}"},"query-input":{"@type":"PropertyValueSpecification","valueRequired":true,"valueName":"search_term_string"}}],"inLanguage":"es"},{"@type":"Organization","@id":"https:\/\/micasatucasaibiza.com\/es\/#organization","name":"Mi Casa Tu Casa Ibiza","url":"https:\/\/micasatucasaibiza.com\/es\/","logo":{"@type":"ImageObject","inLanguage":"es","@id":"https:\/\/micasatucasaibiza.com\/es\/#\/schema\/logo\/image\/","url":"https:\/\/micasatucasaibiza.com\/wp-content\/uploads\/logo.gif","contentUrl":"https:\/\/micasatucasaibiza.com\/wp-content\/uploads\/logo.gif","width":226,"height":97,"caption":"Mi Casa Tu Casa Ibiza"},"image":{"@id":"https:\/\/micasatucasaibiza.com\/es\/#\/schema\/logo\/image\/"},"sameAs":["https:\/\/www.facebook.com\/MiCasaTuCasaIbiza\/","https:\/\/www.instagram.com\/micasatucasaibiza\/"]}]}},"_links":{"self":[{"href":"https:\/\/micasatucasaibiza.com\/es\/wp-json\/wp\/v2\/pages\/14825","targetHints":{"allow":["GET"]}}],"collection":[{"href":"https:\/\/micasatucasaibiza.com\/es\/wp-json\/wp\/v2\/pages"}],"about":[{"href":"https:\/\/micasatucasaibiza.com\/es\/wp-json\/wp\/v2\/types\/page"}],"author":[{"embeddable":true,"href":"https:\/\/micasatucasaibiza.com\/es\/wp-json\/wp\/v2\/users\/1"}],"replies":[{"embeddable":true,"href":"https:\/\/micasatucasaibiza.com\/es\/wp-json\/wp\/v2\/comments?post=14825"}],"version-history":[{"count":8,"href":"https:\/\/micasatucasaibiza.com\/es\/wp-json\/wp\/v2\/pages\/14825\/revisions"}],"predecessor-version":[{"id":18180,"href":"https:\/\/micasatucasaibiza.com\/es\/wp-json\/wp\/v2\/pages\/14825\/revisions\/18180"}],"wp:attachment":[{"href":"https:\/\/micasatucasaibiza.com\/es\/wp-json\/wp\/v2\/media?parent=14825"}],"curies":[{"name":"wp","href":"https:\/\/api.w.org\/{rel}","templated":true}]}}