{"id":16463,"date":"2025-04-30T00:22:15","date_gmt":"2025-04-29T22:22:15","guid":{"rendered":"https:\/\/micasatucasaibiza.com\/?page_id=16463"},"modified":"2026-01-14T17:37:41","modified_gmt":"2026-01-14T16:37:41","slug":"ibiza-concierge-services-3","status":"publish","type":"page","link":"https:\/\/micasatucasaibiza.com\/es\/experiencias-para-familias\/","title":{"rendered":"Experiencias para familia"},"content":{"rendered":"<p>Las vacaciones en familia ofrecen las mejores oportunidades para crear recuerdos que durar\u00e1n toda la vida. Tanto si se aloja en una de nuestras villas familiares de Ibiza como si sale a explorar la isla, hemos seleccionado cuidadosamente una serie de actividades y aventuras que har\u00e1n las delicias de ni\u00f1os y mayores por igual. Desde chapotear en las cristalinas aguas de las mejores playas familiares de Ibiza hasta explorar senderos naturales y pinares a pie o en bicicleta, cada d\u00eda es una nueva aventura. Los m\u00e1s peque\u00f1os pueden disfrutar de talleres creativos, granjas ecol\u00f3gicas o parques infantiles con tem\u00e1tica pirata, mientras que los mayores se sumergen en emocionantes deportes al aire libre como tirolina, surf en una m\u00e1quina de olas, paddleboard o clases de vela.<\/p>","protected":false},"excerpt":{"rendered":"<p>Las vacaciones en familia ofrecen las mejores oportunidades para crear recuerdos que durar\u00e1n toda la vida. Tanto si se aloja en una de nuestras villas familiares de Ibiza como si &hellip;<\/p>\n","protected":false},"author":18,"featured_media":0,"parent":0,"menu_order":33,"comment_status":"closed","ping_status":"closed","template":"pages\/template-concierge.php","meta":{"_acf_changed":false,"footnotes":""},"class_list":["post-16463","page","type-page","status-publish","hentry"],"acf":[],"yoast_head":"<!-- This site is optimized with the Yoast SEO plugin v27.0 - https:\/\/yoast.com\/product\/yoast-seo-wordpress\/ -->\n<title>Experiencias para familias: Alquiler de villa de lujo MiCasa TuCasa Ibiza<\/title>\n<meta name=\"description\" content=\"Villas familiares en Ibiza con servicio personalizado. Organizamos actividades para ni\u00f1os, canguros, equipamiento para beb\u00e9s y experiencias para toda la familia.\" \/>\n<meta name=\"robots\" content=\"index, follow, max-snippet:-1, max-image-preview:large, max-video-preview:-1\" \/>\n<link rel=\"canonical\" href=\"\/es\/\" \/>\n<meta property=\"og:locale\" content=\"es_ES\" \/>\n<meta property=\"og:type\" content=\"article\" \/>\n<meta property=\"og:title\" content=\"Experiencias para familias: Alquiler de villa de lujo MiCasa TuCasa Ibiza\" \/>\n<meta property=\"og:description\" content=\"Villas familiares en Ibiza con servicio personalizado. Organizamos actividades para ni\u00f1os, canguros, equipamiento para beb\u00e9s y experiencias para toda la familia.\" \/>\n<meta property=\"og:url\" content=\"\/es\/\" \/>\n<meta property=\"og:site_name\" content=\"Mi Casa Tu Casa Ibiza\" \/>\n<meta property=\"article:publisher\" content=\"https:\/\/www.facebook.com\/MiCasaTuCasaIbiza\/\" \/>\n<meta property=\"article:modified_time\" content=\"2026-01-14T16:37:41+00:00\" \/>\n<meta name=\"twitter:label1\" content=\"Tiempo de lectura\" \/>\n\t<meta name=\"twitter:data1\" content=\"1 minuto\" \/>\n<script type=\"application\/ld+json\" class=\"yoast-schema-graph\">{\"@context\":\"https:\/\/schema.org\",\"@graph\":[{\"@type\":\"WebPage\",\"@id\":\"https:\/\/micasatucasaibiza.com\/es\/family-experiences\/\",\"url\":\"\/es\/\",\"name\":\"Experiencias para familias: Alquiler de villa de lujo MiCasa TuCasa Ibiza\",\"isPartOf\":{\"@id\":\"https:\/\/micasatucasaibiza.com\/es\/#website\"},\"datePublished\":\"2025-04-29T22:22:15+00:00\",\"dateModified\":\"2026-01-14T16:37:41+00:00\",\"description\":\"Villas familiares en Ibiza con servicio personalizado. Organizamos actividades para ni\u00f1os, canguros, equipamiento para beb\u00e9s y experiencias para toda la familia.\",\"breadcrumb\":{\"@id\":\"\/es\/#breadcrumb\"},\"inLanguage\":\"es\",\"potentialAction\":[{\"@type\":\"ReadAction\",\"target\":[[\"\/es\/\"]]}]},{\"@type\":\"BreadcrumbList\",\"@id\":\"\/es\/#breadcrumb\",\"itemListElement\":[{\"@type\":\"ListItem\",\"position\":1,\"name\":\"Home\",\"item\":\"https:\/\/micasatucasaibiza.com\/es\/\"},{\"@type\":\"ListItem\",\"position\":2,\"name\":\"Family Experiences\"}]},{\"@type\":\"WebSite\",\"@id\":\"https:\/\/micasatucasaibiza.com\/es\/#website\",\"url\":\"https:\/\/micasatucasaibiza.com\/es\/\",\"name\":\"Mi Casa Tu Casa Ibiza\",\"description\":\"Special villas. Exclusively managed.\",\"publisher\":{\"@id\":\"https:\/\/micasatucasaibiza.com\/es\/#organization\"},\"potentialAction\":[{\"@type\":\"SearchAction\",\"target\":{\"@type\":\"EntryPoint\",\"urlTemplate\":\"https:\/\/micasatucasaibiza.com\/es\/?s={search_term_string}\"},\"query-input\":{\"@type\":\"PropertyValueSpecification\",\"valueRequired\":true,\"valueName\":\"search_term_string\"}}],\"inLanguage\":\"es\"},{\"@type\":\"Organization\",\"@id\":\"https:\/\/micasatucasaibiza.com\/es\/#organization\",\"name\":\"Mi Casa Tu Casa Ibiza\",\"url\":\"https:\/\/micasatucasaibiza.com\/es\/\",\"logo\":{\"@type\":\"ImageObject\",\"inLanguage\":\"es\",\"@id\":\"https:\/\/micasatucasaibiza.com\/es\/#\/schema\/logo\/image\/\",\"url\":\"https:\/\/micasatucasaibiza.com\/wp-content\/uploads\/logo.gif\",\"contentUrl\":\"https:\/\/micasatucasaibiza.com\/wp-content\/uploads\/logo.gif\",\"width\":226,\"height\":97,\"caption\":\"Mi Casa Tu Casa Ibiza\"},\"image\":{\"@id\":\"https:\/\/micasatucasaibiza.com\/es\/#\/schema\/logo\/image\/\"},\"sameAs\":[\"https:\/\/www.facebook.com\/MiCasaTuCasaIbiza\/\",\"https:\/\/www.instagram.com\/micasatucasaibiza\/\"]}]}<\/script>\n<!-- \/ Yoast SEO plugin. -->","yoast_head_json":{"title":"Experiencias para familias: Alquiler de villa de lujo MiCasa TuCasa Ibiza","description":"Villas familiares en Ibiza con servicio personalizado. Organizamos actividades para ni\u00f1os, canguros, equipamiento para beb\u00e9s y experiencias para toda la familia.","robots":{"index":"index","follow":"follow","max-snippet":"max-snippet:-1","max-image-preview":"max-image-preview:large","max-video-preview":"max-video-preview:-1"},"canonical":"\/es\/","og_locale":"es_ES","og_type":"article","og_title":"Experiencias para familias: Alquiler de villa de lujo MiCasa TuCasa Ibiza","og_description":"Villas familiares en Ibiza con servicio personalizado. Organizamos actividades para ni\u00f1os, canguros, equipamiento para beb\u00e9s y experiencias para toda la familia.","og_url":"\/es\/","og_site_name":"Mi Casa Tu Casa Ibiza","article_publisher":"https:\/\/www.facebook.com\/MiCasaTuCasaIbiza\/","article_modified_time":"2026-01-14T16:37:41+00:00","twitter_misc":{"Tiempo de lectura":"1 minuto"},"schema":{"@context":"https:\/\/schema.org","@graph":[{"@type":"WebPage","@id":"https:\/\/micasatucasaibiza.com\/es\/family-experiences\/","url":"\/es\/","name":"Experiencias para familias: Alquiler de villa de lujo MiCasa TuCasa Ibiza","isPartOf":{"@id":"https:\/\/micasatucasaibiza.com\/es\/#website"},"datePublished":"2025-04-29T22:22:15+00:00","dateModified":"2026-01-14T16:37:41+00:00","description":"Villas familiares en Ibiza con servicio personalizado. Organizamos actividades para ni\u00f1os, canguros, equipamiento para beb\u00e9s y experiencias para toda la familia.","breadcrumb":{"@id":"\/es\/#breadcrumb"},"inLanguage":"es","potentialAction":[{"@type":"ReadAction","target":[["\/es\/"]]}]},{"@type":"BreadcrumbList","@id":"\/es\/#breadcrumb","itemListElement":[{"@type":"ListItem","position":1,"name":"Home","item":"https:\/\/micasatucasaibiza.com\/es\/"},{"@type":"ListItem","position":2,"name":"Family Experiences"}]},{"@type":"WebSite","@id":"https:\/\/micasatucasaibiza.com\/es\/#website","url":"https:\/\/micasatucasaibiza.com\/es\/","name":"Mi Casa Tu Casa Ibiza","description":"Special villas. Exclusively managed.","publisher":{"@id":"https:\/\/micasatucasaibiza.com\/es\/#organization"},"potentialAction":[{"@type":"SearchAction","target":{"@type":"EntryPoint","urlTemplate":"https:\/\/micasatucasaibiza.com\/es\/?s={search_term_string}"},"query-input":{"@type":"PropertyValueSpecification","valueRequired":true,"valueName":"search_term_string"}}],"inLanguage":"es"},{"@type":"Organization","@id":"https:\/\/micasatucasaibiza.com\/es\/#organization","name":"Mi Casa Tu Casa Ibiza","url":"https:\/\/micasatucasaibiza.com\/es\/","logo":{"@type":"ImageObject","inLanguage":"es","@id":"https:\/\/micasatucasaibiza.com\/es\/#\/schema\/logo\/image\/","url":"https:\/\/micasatucasaibiza.com\/wp-content\/uploads\/logo.gif","contentUrl":"https:\/\/micasatucasaibiza.com\/wp-content\/uploads\/logo.gif","width":226,"height":97,"caption":"Mi Casa Tu Casa Ibiza"},"image":{"@id":"https:\/\/micasatucasaibiza.com\/es\/#\/schema\/logo\/image\/"},"sameAs":["https:\/\/www.facebook.com\/MiCasaTuCasaIbiza\/","https:\/\/www.instagram.com\/micasatucasaibiza\/"]}]}},"_links":{"self":[{"href":"https:\/\/micasatucasaibiza.com\/es\/wp-json\/wp\/v2\/pages\/16463","targetHints":{"allow":["GET"]}}],"collection":[{"href":"https:\/\/micasatucasaibiza.com\/es\/wp-json\/wp\/v2\/pages"}],"about":[{"href":"https:\/\/micasatucasaibiza.com\/es\/wp-json\/wp\/v2\/types\/page"}],"author":[{"embeddable":true,"href":"https:\/\/micasatucasaibiza.com\/es\/wp-json\/wp\/v2\/users\/18"}],"replies":[{"embeddable":true,"href":"https:\/\/micasatucasaibiza.com\/es\/wp-json\/wp\/v2\/comments?post=16463"}],"version-history":[{"count":10,"href":"https:\/\/micasatucasaibiza.com\/es\/wp-json\/wp\/v2\/pages\/16463\/revisions"}],"predecessor-version":[{"id":17902,"href":"https:\/\/micasatucasaibiza.com\/es\/wp-json\/wp\/v2\/pages\/16463\/revisions\/17902"}],"wp:attachment":[{"href":"https:\/\/micasatucasaibiza.com\/es\/wp-json\/wp\/v2\/media?parent=16463"}],"curies":[{"name":"wp","href":"https:\/\/api.w.org\/{rel}","templated":true}]}}