{"id":17430,"date":"2025-10-21T18:07:20","date_gmt":"2025-10-21T16:07:20","guid":{"rendered":"https:\/\/micasatucasaibiza.com\/?page_id=17430"},"modified":"2026-02-17T19:48:53","modified_gmt":"2026-02-17T18:48:53","slug":"4-bedrooms","status":"publish","type":"page","link":"https:\/\/micasatucasaibiza.com\/es\/alquiler-villas-de-lujo-ibiza\/4-dormitorios\/","title":{"rendered":"4 Dormitorios"},"content":{"rendered":"<p class=\"qtranxs-available-languages-message qtranxs-available-languages-message-es\">Disculpa, pero esta entrada est\u00e1 disponible s\u00f3lo en <a href=\"https:\/\/micasatucasaibiza.com\/wp-json\/wp\/v2\/pages\/17430\" class=\"qtranxs-available-language-link qtranxs-available-language-link-en\" title=\"English\">English<\/a> y <a href=\"https:\/\/micasatucasaibiza.com\/fr\/wp-json\/wp\/v2\/pages\/17430\" class=\"qtranxs-available-language-link qtranxs-available-language-link-fr\" title=\"Fran\u00e7ais\">Fran\u00e7ais<\/a>.<\/p><p>A 4 bedroom villa in Ibiza is the sweet spot. Space to gather, room to breathe, and everything set up for relaxed summer living. Whether you\u2019re four couples or an extended family, our 4 bed villas in Ibiza balance shared moments with private corners.<\/p>","protected":false},"excerpt":{"rendered":"<p>Disculpa, pero esta entrada est\u00e1 disponible s\u00f3lo en English y Fran\u00e7ais.A 4 bedroom villa in Ibiza is the sweet spot. Space to gather, room to breathe, and everything set up &hellip;<\/p>\n","protected":false},"author":1,"featured_media":14945,"parent":8,"menu_order":5,"comment_status":"closed","ping_status":"closed","template":"pages\/template-villas-filter.php","meta":{"_acf_changed":false,"footnotes":""},"class_list":["post-17430","page","type-page","status-publish","has-post-thumbnail","hentry"],"acf":[],"yoast_head":"<!-- This site is optimized with the Yoast SEO plugin v27.5 - https:\/\/yoast.com\/product\/yoast-seo-wordpress\/ -->\n<title>Villas de 4 dormitorios en Ibiza | Mi Casa Tu Casa<\/title>\n<meta name=\"description\" content=\"Encuentra tu villa ideal de 4 dormitorios en Ibiza. Nuestras opciones de villas de 4 dormitorios en Ibiza se adaptan a familias y amigos. Tus vacaciones inolvidables para 4 personas en Ibiza comienzan aqu\u00ed\" \/>\n<meta name=\"robots\" content=\"index, follow, max-snippet:-1, max-image-preview:large, max-video-preview:-1\" \/>\n<link rel=\"canonical\" href=\"\/es\/\" \/>\n<meta property=\"og:locale\" content=\"es_ES\" \/>\n<meta property=\"og:type\" content=\"article\" \/>\n<meta property=\"og:title\" content=\"Villas de 4 dormitorios en Ibiza | Mi Casa Tu Casa\" \/>\n<meta property=\"og:description\" content=\"Encuentra tu villa ideal de 4 dormitorios en Ibiza. Nuestras opciones de villas de 4 dormitorios en Ibiza se adaptan a familias y amigos. Tus vacaciones inolvidables para 4 personas en Ibiza comienzan aqu\u00ed\" \/>\n<meta property=\"og:url\" content=\"\/es\/\" \/>\n<meta property=\"og:site_name\" content=\"Mi Casa Tu Casa Ibiza\" \/>\n<meta property=\"article:publisher\" content=\"https:\/\/www.facebook.com\/MiCasaTuCasaIbiza\/\" \/>\n<meta property=\"article:modified_time\" content=\"2026-02-17T18:48:53+00:00\" \/>\n<meta property=\"og:image\" content=\"https:\/\/micasatucasaibiza.com\/wp-content\/uploads\/2024\/02\/card-bedrooms-4.jpg\" \/>\n\t<meta property=\"og:image:width\" content=\"420\" \/>\n\t<meta property=\"og:image:height\" content=\"590\" \/>\n\t<meta property=\"og:image:type\" content=\"image\/jpeg\" \/>\n<meta name=\"twitter:label1\" content=\"Tiempo de lectura\" \/>\n\t<meta name=\"twitter:data1\" content=\"1 minuto\" \/>\n<script type=\"application\/ld+json\" class=\"yoast-schema-graph\">{\"@context\":\"https:\\\/\\\/schema.org\",\"@graph\":[{\"@type\":\"WebPage\",\"@id\":\"https:\\\/\\\/micasatucasaibiza.com\\\/es\\\/ibiza-luxury-rental-villas\\\/4-bedrooms\\\/\",\"url\":\"\\\/es\\\/\",\"name\":\"Villas de 4 dormitorios en Ibiza | Mi Casa Tu Casa\",\"isPartOf\":{\"@id\":\"https:\\\/\\\/micasatucasaibiza.com\\\/es\\\/#website\"},\"primaryImageOfPage\":{\"@id\":\"\\\/es\\\/#primaryimage\"},\"image\":{\"@id\":\"\\\/#primaryimage\"},\"thumbnailUrl\":\"https:\\\/\\\/micasatucasaibiza.com\\\/wp-content\\\/uploads\\\/2024\\\/02\\\/card-bedrooms-4.jpg\",\"datePublished\":\"2025-10-21T16:07:20+00:00\",\"dateModified\":\"2026-02-17T18:48:53+00:00\",\"description\":\"Encuentra tu villa ideal de 4 dormitorios en Ibiza. Nuestras opciones de villas de 4 dormitorios en Ibiza se adaptan a familias y amigos. Tus vacaciones inolvidables para 4 personas en Ibiza comienzan aqu\u00ed\",\"breadcrumb\":{\"@id\":\"\\\/es\\\/#breadcrumb\"},\"inLanguage\":\"es\",\"potentialAction\":[{\"@type\":\"ReadAction\",\"target\":[[\"\\\/es\\\/\"]]}]},{\"@type\":\"ImageObject\",\"inLanguage\":\"es\",\"@id\":\"\\\/es\\\/#primaryimage\",\"url\":\"https:\\\/\\\/micasatucasaibiza.com\\\/wp-content\\\/uploads\\\/2024\\\/02\\\/card-bedrooms-4.jpg\",\"contentUrl\":\"https:\\\/\\\/micasatucasaibiza.com\\\/wp-content\\\/uploads\\\/2024\\\/02\\\/card-bedrooms-4.jpg\",\"width\":420,\"height\":590,\"caption\":\"Card Bedrooms 4\"},{\"@type\":\"BreadcrumbList\",\"@id\":\"\\\/es\\\/#breadcrumb\",\"itemListElement\":[{\"@type\":\"ListItem\",\"position\":1,\"name\":\"Home\",\"item\":\"https:\\\/\\\/micasatucasaibiza.com\\\/es\\\/\"},{\"@type\":\"ListItem\",\"position\":2,\"name\":\"Our villas\",\"item\":\"https:\\\/\\\/micasatucasaibiza.com\\\/es\\\/ibiza-luxury-rental-villas\\\/\"},{\"@type\":\"ListItem\",\"position\":3,\"name\":\"4 Bedrooms\"}]},{\"@type\":\"WebSite\",\"@id\":\"https:\\\/\\\/micasatucasaibiza.com\\\/es\\\/#website\",\"url\":\"https:\\\/\\\/micasatucasaibiza.com\\\/es\\\/\",\"name\":\"Mi Casa Tu Casa Ibiza\",\"description\":\"Special villas. Exclusively managed.\",\"publisher\":{\"@id\":\"https:\\\/\\\/micasatucasaibiza.com\\\/es\\\/#organization\"},\"potentialAction\":[{\"@type\":\"SearchAction\",\"target\":{\"@type\":\"EntryPoint\",\"urlTemplate\":\"https:\\\/\\\/micasatucasaibiza.com\\\/es\\\/?s={search_term_string}\"},\"query-input\":{\"@type\":\"PropertyValueSpecification\",\"valueRequired\":true,\"valueName\":\"search_term_string\"}}],\"inLanguage\":\"es\"},{\"@type\":\"Organization\",\"@id\":\"https:\\\/\\\/micasatucasaibiza.com\\\/es\\\/#organization\",\"name\":\"Mi Casa Tu Casa Ibiza\",\"url\":\"https:\\\/\\\/micasatucasaibiza.com\\\/es\\\/\",\"logo\":{\"@type\":\"ImageObject\",\"inLanguage\":\"es\",\"@id\":\"https:\\\/\\\/micasatucasaibiza.com\\\/es\\\/#\\\/schema\\\/logo\\\/image\\\/\",\"url\":\"https:\\\/\\\/micasatucasaibiza.com\\\/wp-content\\\/uploads\\\/logo.gif\",\"contentUrl\":\"https:\\\/\\\/micasatucasaibiza.com\\\/wp-content\\\/uploads\\\/logo.gif\",\"width\":226,\"height\":97,\"caption\":\"Mi Casa Tu Casa Ibiza\"},\"image\":{\"@id\":\"https:\\\/\\\/micasatucasaibiza.com\\\/es\\\/#\\\/schema\\\/logo\\\/image\\\/\"},\"sameAs\":[\"https:\\\/\\\/www.facebook.com\\\/MiCasaTuCasaIbiza\\\/\",\"https:\\\/\\\/www.instagram.com\\\/micasatucasaibiza\\\/\"]}]}<\/script>\n<!-- \/ Yoast SEO plugin. -->","yoast_head_json":{"title":"Villas de 4 dormitorios en Ibiza | Mi Casa Tu Casa","description":"Encuentra tu villa ideal de 4 dormitorios en Ibiza. Nuestras opciones de villas de 4 dormitorios en Ibiza se adaptan a familias y amigos. Tus vacaciones inolvidables para 4 personas en Ibiza comienzan aqu\u00ed","robots":{"index":"index","follow":"follow","max-snippet":"max-snippet:-1","max-image-preview":"max-image-preview:large","max-video-preview":"max-video-preview:-1"},"canonical":"\/es\/","og_locale":"es_ES","og_type":"article","og_title":"Villas de 4 dormitorios en Ibiza | Mi Casa Tu Casa","og_description":"Encuentra tu villa ideal de 4 dormitorios en Ibiza. Nuestras opciones de villas de 4 dormitorios en Ibiza se adaptan a familias y amigos. Tus vacaciones inolvidables para 4 personas en Ibiza comienzan aqu\u00ed","og_url":"\/es\/","og_site_name":"Mi Casa Tu Casa Ibiza","article_publisher":"https:\/\/www.facebook.com\/MiCasaTuCasaIbiza\/","article_modified_time":"2026-02-17T18:48:53+00:00","og_image":[{"width":420,"height":590,"url":"https:\/\/micasatucasaibiza.com\/wp-content\/uploads\/2024\/02\/card-bedrooms-4.jpg","type":"image\/jpeg"}],"twitter_misc":{"Tiempo de lectura":"1 minuto"},"schema":{"@context":"https:\/\/schema.org","@graph":[{"@type":"WebPage","@id":"https:\/\/micasatucasaibiza.com\/es\/ibiza-luxury-rental-villas\/4-bedrooms\/","url":"\/es\/","name":"Villas de 4 dormitorios en Ibiza | Mi Casa Tu Casa","isPartOf":{"@id":"https:\/\/micasatucasaibiza.com\/es\/#website"},"primaryImageOfPage":{"@id":"\/es\/#primaryimage"},"image":{"@id":"\/#primaryimage"},"thumbnailUrl":"https:\/\/micasatucasaibiza.com\/wp-content\/uploads\/2024\/02\/card-bedrooms-4.jpg","datePublished":"2025-10-21T16:07:20+00:00","dateModified":"2026-02-17T18:48:53+00:00","description":"Encuentra tu villa ideal de 4 dormitorios en Ibiza. Nuestras opciones de villas de 4 dormitorios en Ibiza se adaptan a familias y amigos. Tus vacaciones inolvidables para 4 personas en Ibiza comienzan aqu\u00ed","breadcrumb":{"@id":"\/es\/#breadcrumb"},"inLanguage":"es","potentialAction":[{"@type":"ReadAction","target":[["\/es\/"]]}]},{"@type":"ImageObject","inLanguage":"es","@id":"\/es\/#primaryimage","url":"https:\/\/micasatucasaibiza.com\/wp-content\/uploads\/2024\/02\/card-bedrooms-4.jpg","contentUrl":"https:\/\/micasatucasaibiza.com\/wp-content\/uploads\/2024\/02\/card-bedrooms-4.jpg","width":420,"height":590,"caption":"Card Bedrooms 4"},{"@type":"BreadcrumbList","@id":"\/es\/#breadcrumb","itemListElement":[{"@type":"ListItem","position":1,"name":"Home","item":"https:\/\/micasatucasaibiza.com\/es\/"},{"@type":"ListItem","position":2,"name":"Our villas","item":"https:\/\/micasatucasaibiza.com\/es\/ibiza-luxury-rental-villas\/"},{"@type":"ListItem","position":3,"name":"4 Bedrooms"}]},{"@type":"WebSite","@id":"https:\/\/micasatucasaibiza.com\/es\/#website","url":"https:\/\/micasatucasaibiza.com\/es\/","name":"Mi Casa Tu Casa Ibiza","description":"Special villas. Exclusively managed.","publisher":{"@id":"https:\/\/micasatucasaibiza.com\/es\/#organization"},"potentialAction":[{"@type":"SearchAction","target":{"@type":"EntryPoint","urlTemplate":"https:\/\/micasatucasaibiza.com\/es\/?s={search_term_string}"},"query-input":{"@type":"PropertyValueSpecification","valueRequired":true,"valueName":"search_term_string"}}],"inLanguage":"es"},{"@type":"Organization","@id":"https:\/\/micasatucasaibiza.com\/es\/#organization","name":"Mi Casa Tu Casa Ibiza","url":"https:\/\/micasatucasaibiza.com\/es\/","logo":{"@type":"ImageObject","inLanguage":"es","@id":"https:\/\/micasatucasaibiza.com\/es\/#\/schema\/logo\/image\/","url":"https:\/\/micasatucasaibiza.com\/wp-content\/uploads\/logo.gif","contentUrl":"https:\/\/micasatucasaibiza.com\/wp-content\/uploads\/logo.gif","width":226,"height":97,"caption":"Mi Casa Tu Casa Ibiza"},"image":{"@id":"https:\/\/micasatucasaibiza.com\/es\/#\/schema\/logo\/image\/"},"sameAs":["https:\/\/www.facebook.com\/MiCasaTuCasaIbiza\/","https:\/\/www.instagram.com\/micasatucasaibiza\/"]}]}},"_links":{"self":[{"href":"https:\/\/micasatucasaibiza.com\/es\/wp-json\/wp\/v2\/pages\/17430","targetHints":{"allow":["GET"]}}],"collection":[{"href":"https:\/\/micasatucasaibiza.com\/es\/wp-json\/wp\/v2\/pages"}],"about":[{"href":"https:\/\/micasatucasaibiza.com\/es\/wp-json\/wp\/v2\/types\/page"}],"author":[{"embeddable":true,"href":"https:\/\/micasatucasaibiza.com\/es\/wp-json\/wp\/v2\/users\/1"}],"replies":[{"embeddable":true,"href":"https:\/\/micasatucasaibiza.com\/es\/wp-json\/wp\/v2\/comments?post=17430"}],"version-history":[{"count":10,"href":"https:\/\/micasatucasaibiza.com\/es\/wp-json\/wp\/v2\/pages\/17430\/revisions"}],"predecessor-version":[{"id":18203,"href":"https:\/\/micasatucasaibiza.com\/es\/wp-json\/wp\/v2\/pages\/17430\/revisions\/18203"}],"up":[{"embeddable":true,"href":"https:\/\/micasatucasaibiza.com\/es\/wp-json\/wp\/v2\/pages\/8"}],"wp:featuredmedia":[{"embeddable":true,"href":"https:\/\/micasatucasaibiza.com\/es\/wp-json\/wp\/v2\/media\/14945"}],"wp:attachment":[{"href":"https:\/\/micasatucasaibiza.com\/es\/wp-json\/wp\/v2\/media?parent=17430"}],"curies":[{"name":"wp","href":"https:\/\/api.w.org\/{rel}","templated":true}]}}