{"id":17434,"date":"2025-10-21T18:09:30","date_gmt":"2025-10-21T16:09:30","guid":{"rendered":"https:\/\/micasatucasaibiza.com\/?page_id=17434"},"modified":"2026-02-10T19:53:03","modified_gmt":"2026-02-10T18:53:03","slug":"6-bedrooms","status":"publish","type":"page","link":"https:\/\/micasatucasaibiza.com\/es\/alquiler-villas-de-lujo-ibiza\/6-dormitorios\/","title":{"rendered":"6+ Dormitorios"},"content":{"rendered":"<p class=\"qtranxs-available-languages-message qtranxs-available-languages-message-es\">Disculpa, pero esta entrada est\u00e1 disponible s\u00f3lo en <a href=\"https:\/\/micasatucasaibiza.com\/en\/wp-json\/wp\/v2\/pages\/17434\" class=\"qtranxs-available-language-link qtranxs-available-language-link-en\" title=\"English\">English<\/a> y <a href=\"https:\/\/micasatucasaibiza.com\/fr\/wp-json\/wp\/v2\/pages\/17434\" class=\"qtranxs-available-language-link qtranxs-available-language-link-fr\" title=\"Fran\u00e7ais\">Fran\u00e7ais<\/a>.<\/p>","protected":false},"excerpt":{"rendered":"<p>Disculpa, pero esta entrada est\u00e1 disponible s\u00f3lo en English y Fran\u00e7ais.<\/p>\n","protected":false},"author":1,"featured_media":14942,"parent":8,"menu_order":8,"comment_status":"closed","ping_status":"closed","template":"pages\/template-villas-filter.php","meta":{"_acf_changed":false,"footnotes":""},"class_list":["post-17434","page","type-page","status-publish","has-post-thumbnail","hentry"],"acf":[],"yoast_head":"<!-- This site is optimized with the Yoast SEO plugin v27.4 - https:\/\/yoast.com\/product\/yoast-seo-wordpress\/ -->\n<title>Villas grandes en Ibiza (6\u201310 dormitorios) | Mi Casa Tu Casa<\/title>\n<meta name=\"description\" content=\"Estancias para grupos grandes hechas f\u00e1ciles: villas amplias en Ibiza desde 6 dormitorios o m\u00e1s. Ideales para reuniones, celebraciones y recuerdos para siempre\" \/>\n<meta name=\"robots\" content=\"index, follow, max-snippet:-1, max-image-preview:large, max-video-preview:-1\" \/>\n<link rel=\"canonical\" href=\"\/es\/\" \/>\n<meta property=\"og:locale\" content=\"es_ES\" \/>\n<meta property=\"og:type\" content=\"article\" \/>\n<meta property=\"og:title\" content=\"Villas grandes en Ibiza (6\u201310 dormitorios) | Mi Casa Tu Casa\" \/>\n<meta property=\"og:description\" content=\"Estancias para grupos grandes hechas f\u00e1ciles: villas amplias en Ibiza desde 6 dormitorios o m\u00e1s. Ideales para reuniones, celebraciones y recuerdos para siempre\" \/>\n<meta property=\"og:url\" content=\"\/es\/\" \/>\n<meta property=\"og:site_name\" content=\"Mi Casa Tu Casa Ibiza\" \/>\n<meta property=\"article:publisher\" content=\"https:\/\/www.facebook.com\/MiCasaTuCasaIbiza\/\" \/>\n<meta property=\"article:modified_time\" content=\"2026-02-10T18:53:03+00:00\" \/>\n<meta property=\"og:image\" content=\"https:\/\/micasatucasaibiza.com\/wp-content\/uploads\/2024\/02\/card-bedrooms-6.jpg\" \/>\n\t<meta property=\"og:image:width\" content=\"420\" \/>\n\t<meta property=\"og:image:height\" content=\"590\" \/>\n\t<meta property=\"og:image:type\" content=\"image\/jpeg\" \/>\n<meta name=\"twitter:label1\" content=\"Tiempo de lectura\" \/>\n\t<meta name=\"twitter:data1\" content=\"1 minuto\" \/>\n<script type=\"application\/ld+json\" class=\"yoast-schema-graph\">{\"@context\":\"https:\\\/\\\/schema.org\",\"@graph\":[{\"@type\":\"WebPage\",\"@id\":\"https:\\\/\\\/micasatucasaibiza.com\\\/es\\\/ibiza-luxury-rental-villas\\\/6-bedrooms\\\/\",\"url\":\"\\\/es\\\/\",\"name\":\"Villas grandes en Ibiza (6\u201310 dormitorios) | Mi Casa Tu Casa\",\"isPartOf\":{\"@id\":\"https:\\\/\\\/micasatucasaibiza.com\\\/es\\\/#website\"},\"primaryImageOfPage\":{\"@id\":\"\\\/es\\\/#primaryimage\"},\"image\":{\"@id\":\"\\\/#primaryimage\"},\"thumbnailUrl\":\"https:\\\/\\\/micasatucasaibiza.com\\\/wp-content\\\/uploads\\\/2024\\\/02\\\/card-bedrooms-6.jpg\",\"datePublished\":\"2025-10-21T16:09:30+00:00\",\"dateModified\":\"2026-02-10T18:53:03+00:00\",\"description\":\"Estancias para grupos grandes hechas f\u00e1ciles: villas amplias en Ibiza desde 6 dormitorios o m\u00e1s. Ideales para reuniones, celebraciones y recuerdos para siempre\",\"breadcrumb\":{\"@id\":\"\\\/es\\\/#breadcrumb\"},\"inLanguage\":\"es\",\"potentialAction\":[{\"@type\":\"ReadAction\",\"target\":[[\"\\\/es\\\/\"]]}]},{\"@type\":\"ImageObject\",\"inLanguage\":\"es\",\"@id\":\"\\\/es\\\/#primaryimage\",\"url\":\"https:\\\/\\\/micasatucasaibiza.com\\\/wp-content\\\/uploads\\\/2024\\\/02\\\/card-bedrooms-6.jpg\",\"contentUrl\":\"https:\\\/\\\/micasatucasaibiza.com\\\/wp-content\\\/uploads\\\/2024\\\/02\\\/card-bedrooms-6.jpg\",\"width\":420,\"height\":590,\"caption\":\"Card Bedrooms 6\"},{\"@type\":\"BreadcrumbList\",\"@id\":\"\\\/es\\\/#breadcrumb\",\"itemListElement\":[{\"@type\":\"ListItem\",\"position\":1,\"name\":\"Home\",\"item\":\"https:\\\/\\\/micasatucasaibiza.com\\\/es\\\/\"},{\"@type\":\"ListItem\",\"position\":2,\"name\":\"Our villas\",\"item\":\"https:\\\/\\\/micasatucasaibiza.com\\\/es\\\/ibiza-luxury-rental-villas\\\/\"},{\"@type\":\"ListItem\",\"position\":3,\"name\":\"6+ Bedrooms\"}]},{\"@type\":\"WebSite\",\"@id\":\"https:\\\/\\\/micasatucasaibiza.com\\\/es\\\/#website\",\"url\":\"https:\\\/\\\/micasatucasaibiza.com\\\/es\\\/\",\"name\":\"Mi Casa Tu Casa Ibiza\",\"description\":\"Special villas. Exclusively managed.\",\"publisher\":{\"@id\":\"https:\\\/\\\/micasatucasaibiza.com\\\/es\\\/#organization\"},\"potentialAction\":[{\"@type\":\"SearchAction\",\"target\":{\"@type\":\"EntryPoint\",\"urlTemplate\":\"https:\\\/\\\/micasatucasaibiza.com\\\/es\\\/?s={search_term_string}\"},\"query-input\":{\"@type\":\"PropertyValueSpecification\",\"valueRequired\":true,\"valueName\":\"search_term_string\"}}],\"inLanguage\":\"es\"},{\"@type\":\"Organization\",\"@id\":\"https:\\\/\\\/micasatucasaibiza.com\\\/es\\\/#organization\",\"name\":\"Mi Casa Tu Casa Ibiza\",\"url\":\"https:\\\/\\\/micasatucasaibiza.com\\\/es\\\/\",\"logo\":{\"@type\":\"ImageObject\",\"inLanguage\":\"es\",\"@id\":\"https:\\\/\\\/micasatucasaibiza.com\\\/es\\\/#\\\/schema\\\/logo\\\/image\\\/\",\"url\":\"https:\\\/\\\/micasatucasaibiza.com\\\/wp-content\\\/uploads\\\/logo.gif\",\"contentUrl\":\"https:\\\/\\\/micasatucasaibiza.com\\\/wp-content\\\/uploads\\\/logo.gif\",\"width\":226,\"height\":97,\"caption\":\"Mi Casa Tu Casa Ibiza\"},\"image\":{\"@id\":\"https:\\\/\\\/micasatucasaibiza.com\\\/es\\\/#\\\/schema\\\/logo\\\/image\\\/\"},\"sameAs\":[\"https:\\\/\\\/www.facebook.com\\\/MiCasaTuCasaIbiza\\\/\",\"https:\\\/\\\/www.instagram.com\\\/micasatucasaibiza\\\/\"]}]}<\/script>\n<!-- \/ Yoast SEO plugin. -->","yoast_head_json":{"title":"Villas grandes en Ibiza (6\u201310 dormitorios) | Mi Casa Tu Casa","description":"Estancias para grupos grandes hechas f\u00e1ciles: villas amplias en Ibiza desde 6 dormitorios o m\u00e1s. Ideales para reuniones, celebraciones y recuerdos para siempre","robots":{"index":"index","follow":"follow","max-snippet":"max-snippet:-1","max-image-preview":"max-image-preview:large","max-video-preview":"max-video-preview:-1"},"canonical":"\/es\/","og_locale":"es_ES","og_type":"article","og_title":"Villas grandes en Ibiza (6\u201310 dormitorios) | Mi Casa Tu Casa","og_description":"Estancias para grupos grandes hechas f\u00e1ciles: villas amplias en Ibiza desde 6 dormitorios o m\u00e1s. Ideales para reuniones, celebraciones y recuerdos para siempre","og_url":"\/es\/","og_site_name":"Mi Casa Tu Casa Ibiza","article_publisher":"https:\/\/www.facebook.com\/MiCasaTuCasaIbiza\/","article_modified_time":"2026-02-10T18:53:03+00:00","og_image":[{"width":420,"height":590,"url":"https:\/\/micasatucasaibiza.com\/wp-content\/uploads\/2024\/02\/card-bedrooms-6.jpg","type":"image\/jpeg"}],"twitter_misc":{"Tiempo de lectura":"1 minuto"},"schema":{"@context":"https:\/\/schema.org","@graph":[{"@type":"WebPage","@id":"https:\/\/micasatucasaibiza.com\/es\/ibiza-luxury-rental-villas\/6-bedrooms\/","url":"\/es\/","name":"Villas grandes en Ibiza (6\u201310 dormitorios) | Mi Casa Tu Casa","isPartOf":{"@id":"https:\/\/micasatucasaibiza.com\/es\/#website"},"primaryImageOfPage":{"@id":"\/es\/#primaryimage"},"image":{"@id":"\/#primaryimage"},"thumbnailUrl":"https:\/\/micasatucasaibiza.com\/wp-content\/uploads\/2024\/02\/card-bedrooms-6.jpg","datePublished":"2025-10-21T16:09:30+00:00","dateModified":"2026-02-10T18:53:03+00:00","description":"Estancias para grupos grandes hechas f\u00e1ciles: villas amplias en Ibiza desde 6 dormitorios o m\u00e1s. Ideales para reuniones, celebraciones y recuerdos para siempre","breadcrumb":{"@id":"\/es\/#breadcrumb"},"inLanguage":"es","potentialAction":[{"@type":"ReadAction","target":[["\/es\/"]]}]},{"@type":"ImageObject","inLanguage":"es","@id":"\/es\/#primaryimage","url":"https:\/\/micasatucasaibiza.com\/wp-content\/uploads\/2024\/02\/card-bedrooms-6.jpg","contentUrl":"https:\/\/micasatucasaibiza.com\/wp-content\/uploads\/2024\/02\/card-bedrooms-6.jpg","width":420,"height":590,"caption":"Card Bedrooms 6"},{"@type":"BreadcrumbList","@id":"\/es\/#breadcrumb","itemListElement":[{"@type":"ListItem","position":1,"name":"Home","item":"https:\/\/micasatucasaibiza.com\/es\/"},{"@type":"ListItem","position":2,"name":"Our villas","item":"https:\/\/micasatucasaibiza.com\/es\/ibiza-luxury-rental-villas\/"},{"@type":"ListItem","position":3,"name":"6+ Bedrooms"}]},{"@type":"WebSite","@id":"https:\/\/micasatucasaibiza.com\/es\/#website","url":"https:\/\/micasatucasaibiza.com\/es\/","name":"Mi Casa Tu Casa Ibiza","description":"Special villas. Exclusively managed.","publisher":{"@id":"https:\/\/micasatucasaibiza.com\/es\/#organization"},"potentialAction":[{"@type":"SearchAction","target":{"@type":"EntryPoint","urlTemplate":"https:\/\/micasatucasaibiza.com\/es\/?s={search_term_string}"},"query-input":{"@type":"PropertyValueSpecification","valueRequired":true,"valueName":"search_term_string"}}],"inLanguage":"es"},{"@type":"Organization","@id":"https:\/\/micasatucasaibiza.com\/es\/#organization","name":"Mi Casa Tu Casa Ibiza","url":"https:\/\/micasatucasaibiza.com\/es\/","logo":{"@type":"ImageObject","inLanguage":"es","@id":"https:\/\/micasatucasaibiza.com\/es\/#\/schema\/logo\/image\/","url":"https:\/\/micasatucasaibiza.com\/wp-content\/uploads\/logo.gif","contentUrl":"https:\/\/micasatucasaibiza.com\/wp-content\/uploads\/logo.gif","width":226,"height":97,"caption":"Mi Casa Tu Casa Ibiza"},"image":{"@id":"https:\/\/micasatucasaibiza.com\/es\/#\/schema\/logo\/image\/"},"sameAs":["https:\/\/www.facebook.com\/MiCasaTuCasaIbiza\/","https:\/\/www.instagram.com\/micasatucasaibiza\/"]}]}},"_links":{"self":[{"href":"https:\/\/micasatucasaibiza.com\/es\/wp-json\/wp\/v2\/pages\/17434","targetHints":{"allow":["GET"]}}],"collection":[{"href":"https:\/\/micasatucasaibiza.com\/es\/wp-json\/wp\/v2\/pages"}],"about":[{"href":"https:\/\/micasatucasaibiza.com\/es\/wp-json\/wp\/v2\/types\/page"}],"author":[{"embeddable":true,"href":"https:\/\/micasatucasaibiza.com\/es\/wp-json\/wp\/v2\/users\/1"}],"replies":[{"embeddable":true,"href":"https:\/\/micasatucasaibiza.com\/es\/wp-json\/wp\/v2\/comments?post=17434"}],"version-history":[{"count":9,"href":"https:\/\/micasatucasaibiza.com\/es\/wp-json\/wp\/v2\/pages\/17434\/revisions"}],"predecessor-version":[{"id":18147,"href":"https:\/\/micasatucasaibiza.com\/es\/wp-json\/wp\/v2\/pages\/17434\/revisions\/18147"}],"up":[{"embeddable":true,"href":"https:\/\/micasatucasaibiza.com\/es\/wp-json\/wp\/v2\/pages\/8"}],"wp:featuredmedia":[{"embeddable":true,"href":"https:\/\/micasatucasaibiza.com\/es\/wp-json\/wp\/v2\/media\/14942"}],"wp:attachment":[{"href":"https:\/\/micasatucasaibiza.com\/es\/wp-json\/wp\/v2\/media?parent=17434"}],"curies":[{"name":"wp","href":"https:\/\/api.w.org\/{rel}","templated":true}]}}