{"id":17938,"date":"2026-01-19T12:22:53","date_gmt":"2026-01-19T11:22:53","guid":{"rendered":"https:\/\/micasatucasaibiza.com\/?page_id=17938"},"modified":"2026-03-10T03:16:29","modified_gmt":"2026-03-10T02:16:29","slug":"san-jose","status":"publish","type":"page","link":"https:\/\/micasatucasaibiza.com\/es\/alquiler-villas-de-lujo-ibiza\/location\/san-jose\/","title":{"rendered":"San Jos\u00e9"},"content":{"rendered":"<p><\/p>\n<p data-start=\"54\" data-end=\"634\">El pueblo de San Jos\u00e9 se encuentra entre colinas, calas y espectaculares puestas de sol. Es un lugar donde la vida isle\u00f1a a\u00fan se siente aut\u00e9ntica: caf\u00e9s relajados, el mercado artesanal y vecinos que se saludan por su nombre. Es la puerta de entrada al suroeste de la isla, por lo que alojarse en una villa en San Jos\u00e9 Ibiza te ofrece lo mejor de ambos mundos: f\u00e1cil acceso a las hermosas playas de la costa oeste y la costa sur con sus animados beach clubs y deliciosos restaurantes de mariscos, adem\u00e1s de la tranquilidad del campo cuando regresas a casa.<\/p>\n<p><\/p>","protected":false},"excerpt":{"rendered":"<p>El pueblo de San Jos\u00e9 se encuentra entre colinas, calas y espectaculares puestas de sol. Es un lugar donde la vida isle\u00f1a a\u00fan se siente aut\u00e9ntica: caf\u00e9s relajados, el mercado &hellip;<\/p>\n","protected":false},"author":1,"featured_media":0,"parent":17934,"menu_order":11,"comment_status":"closed","ping_status":"closed","template":"pages\/template-villas-location.php","meta":{"_acf_changed":false,"footnotes":""},"class_list":["post-17938","page","type-page","status-publish","hentry"],"acf":[],"yoast_head":"<!-- This site is optimized with the Yoast SEO plugin v27.0 - https:\/\/yoast.com\/product\/yoast-seo-wordpress\/ -->\n<title>San Jose Ibiza Villas | Mi Casa Tu Casa<\/title>\n<meta name=\"description\" content=\"Experience authentic Ibiza life in San Jose Ibiza villas. Sunset views, peaceful settings and attentive on-island support from Mi Casa Tu Casa\" \/>\n<meta name=\"robots\" content=\"index, follow, max-snippet:-1, max-image-preview:large, max-video-preview:-1\" \/>\n<link rel=\"canonical\" href=\"\/es\/\" \/>\n<meta property=\"og:locale\" content=\"es_ES\" \/>\n<meta property=\"og:type\" content=\"article\" \/>\n<meta property=\"og:title\" content=\"San Jose Ibiza Villas | Mi Casa Tu Casa\" \/>\n<meta property=\"og:description\" content=\"Experience authentic Ibiza life in San Jose Ibiza villas. Sunset views, peaceful settings and attentive on-island support from Mi Casa Tu Casa\" \/>\n<meta property=\"og:url\" content=\"\/es\/\" \/>\n<meta property=\"og:site_name\" content=\"Mi Casa Tu Casa Ibiza\" \/>\n<meta property=\"article:publisher\" content=\"https:\/\/www.facebook.com\/MiCasaTuCasaIbiza\/\" \/>\n<meta property=\"article:modified_time\" content=\"2026-03-10T02:16:29+00:00\" \/>\n<meta name=\"twitter:label1\" content=\"Tiempo de lectura\" \/>\n\t<meta name=\"twitter:data1\" content=\"1 minuto\" \/>\n<script type=\"application\/ld+json\" class=\"yoast-schema-graph\">{\"@context\":\"https:\/\/schema.org\",\"@graph\":[{\"@type\":\"WebPage\",\"@id\":\"https:\/\/micasatucasaibiza.com\/es\/ibiza-luxury-rental-villas\/location\/san-jose\/\",\"url\":\"\/es\/\",\"name\":\"San Jose Ibiza Villas | Mi Casa Tu Casa\",\"isPartOf\":{\"@id\":\"https:\/\/micasatucasaibiza.com\/es\/#website\"},\"datePublished\":\"2026-01-19T11:22:53+00:00\",\"dateModified\":\"2026-03-10T02:16:29+00:00\",\"description\":\"Experience authentic Ibiza life in San Jose Ibiza villas. Sunset views, peaceful settings and attentive on-island support from Mi Casa Tu Casa\",\"breadcrumb\":{\"@id\":\"\/es\/#breadcrumb\"},\"inLanguage\":\"es\",\"potentialAction\":[{\"@type\":\"ReadAction\",\"target\":[[\"\/es\/\"]]}]},{\"@type\":\"BreadcrumbList\",\"@id\":\"\/es\/#breadcrumb\",\"itemListElement\":[{\"@type\":\"ListItem\",\"position\":1,\"name\":\"Home\",\"item\":\"https:\/\/micasatucasaibiza.com\/es\/\"},{\"@type\":\"ListItem\",\"position\":2,\"name\":\"Our villas\",\"item\":\"https:\/\/micasatucasaibiza.com\/es\/ibiza-luxury-rental-villas\/\"},{\"@type\":\"ListItem\",\"position\":3,\"name\":\"Location\",\"item\":\"https:\/\/micasatucasaibiza.com\/es\/ibiza-luxury-rental-villas\/location\/\"},{\"@type\":\"ListItem\",\"position\":4,\"name\":\"San Jos\u00e9\"}]},{\"@type\":\"WebSite\",\"@id\":\"https:\/\/micasatucasaibiza.com\/es\/#website\",\"url\":\"https:\/\/micasatucasaibiza.com\/es\/\",\"name\":\"Mi Casa Tu Casa Ibiza\",\"description\":\"Special villas. Exclusively managed.\",\"publisher\":{\"@id\":\"https:\/\/micasatucasaibiza.com\/es\/#organization\"},\"potentialAction\":[{\"@type\":\"SearchAction\",\"target\":{\"@type\":\"EntryPoint\",\"urlTemplate\":\"https:\/\/micasatucasaibiza.com\/es\/?s={search_term_string}\"},\"query-input\":{\"@type\":\"PropertyValueSpecification\",\"valueRequired\":true,\"valueName\":\"search_term_string\"}}],\"inLanguage\":\"es\"},{\"@type\":\"Organization\",\"@id\":\"https:\/\/micasatucasaibiza.com\/es\/#organization\",\"name\":\"Mi Casa Tu Casa Ibiza\",\"url\":\"https:\/\/micasatucasaibiza.com\/es\/\",\"logo\":{\"@type\":\"ImageObject\",\"inLanguage\":\"es\",\"@id\":\"https:\/\/micasatucasaibiza.com\/es\/#\/schema\/logo\/image\/\",\"url\":\"https:\/\/micasatucasaibiza.com\/wp-content\/uploads\/logo.gif\",\"contentUrl\":\"https:\/\/micasatucasaibiza.com\/wp-content\/uploads\/logo.gif\",\"width\":226,\"height\":97,\"caption\":\"Mi Casa Tu Casa Ibiza\"},\"image\":{\"@id\":\"https:\/\/micasatucasaibiza.com\/es\/#\/schema\/logo\/image\/\"},\"sameAs\":[\"https:\/\/www.facebook.com\/MiCasaTuCasaIbiza\/\",\"https:\/\/www.instagram.com\/micasatucasaibiza\/\"]}]}<\/script>\n<!-- \/ Yoast SEO plugin. -->","yoast_head_json":{"title":"San Jose Ibiza Villas | Mi Casa Tu Casa","description":"Experience authentic Ibiza life in San Jose Ibiza villas. Sunset views, peaceful settings and attentive on-island support from Mi Casa Tu Casa","robots":{"index":"index","follow":"follow","max-snippet":"max-snippet:-1","max-image-preview":"max-image-preview:large","max-video-preview":"max-video-preview:-1"},"canonical":"\/es\/","og_locale":"es_ES","og_type":"article","og_title":"San Jose Ibiza Villas | Mi Casa Tu Casa","og_description":"Experience authentic Ibiza life in San Jose Ibiza villas. Sunset views, peaceful settings and attentive on-island support from Mi Casa Tu Casa","og_url":"\/es\/","og_site_name":"Mi Casa Tu Casa Ibiza","article_publisher":"https:\/\/www.facebook.com\/MiCasaTuCasaIbiza\/","article_modified_time":"2026-03-10T02:16:29+00:00","twitter_misc":{"Tiempo de lectura":"1 minuto"},"schema":{"@context":"https:\/\/schema.org","@graph":[{"@type":"WebPage","@id":"https:\/\/micasatucasaibiza.com\/es\/ibiza-luxury-rental-villas\/location\/san-jose\/","url":"\/es\/","name":"San Jose Ibiza Villas | Mi Casa Tu Casa","isPartOf":{"@id":"https:\/\/micasatucasaibiza.com\/es\/#website"},"datePublished":"2026-01-19T11:22:53+00:00","dateModified":"2026-03-10T02:16:29+00:00","description":"Experience authentic Ibiza life in San Jose Ibiza villas. Sunset views, peaceful settings and attentive on-island support from Mi Casa Tu Casa","breadcrumb":{"@id":"\/es\/#breadcrumb"},"inLanguage":"es","potentialAction":[{"@type":"ReadAction","target":[["\/es\/"]]}]},{"@type":"BreadcrumbList","@id":"\/es\/#breadcrumb","itemListElement":[{"@type":"ListItem","position":1,"name":"Home","item":"https:\/\/micasatucasaibiza.com\/es\/"},{"@type":"ListItem","position":2,"name":"Our villas","item":"https:\/\/micasatucasaibiza.com\/es\/ibiza-luxury-rental-villas\/"},{"@type":"ListItem","position":3,"name":"Location","item":"https:\/\/micasatucasaibiza.com\/es\/ibiza-luxury-rental-villas\/location\/"},{"@type":"ListItem","position":4,"name":"San Jos\u00e9"}]},{"@type":"WebSite","@id":"https:\/\/micasatucasaibiza.com\/es\/#website","url":"https:\/\/micasatucasaibiza.com\/es\/","name":"Mi Casa Tu Casa Ibiza","description":"Special villas. Exclusively managed.","publisher":{"@id":"https:\/\/micasatucasaibiza.com\/es\/#organization"},"potentialAction":[{"@type":"SearchAction","target":{"@type":"EntryPoint","urlTemplate":"https:\/\/micasatucasaibiza.com\/es\/?s={search_term_string}"},"query-input":{"@type":"PropertyValueSpecification","valueRequired":true,"valueName":"search_term_string"}}],"inLanguage":"es"},{"@type":"Organization","@id":"https:\/\/micasatucasaibiza.com\/es\/#organization","name":"Mi Casa Tu Casa Ibiza","url":"https:\/\/micasatucasaibiza.com\/es\/","logo":{"@type":"ImageObject","inLanguage":"es","@id":"https:\/\/micasatucasaibiza.com\/es\/#\/schema\/logo\/image\/","url":"https:\/\/micasatucasaibiza.com\/wp-content\/uploads\/logo.gif","contentUrl":"https:\/\/micasatucasaibiza.com\/wp-content\/uploads\/logo.gif","width":226,"height":97,"caption":"Mi Casa Tu Casa Ibiza"},"image":{"@id":"https:\/\/micasatucasaibiza.com\/es\/#\/schema\/logo\/image\/"},"sameAs":["https:\/\/www.facebook.com\/MiCasaTuCasaIbiza\/","https:\/\/www.instagram.com\/micasatucasaibiza\/"]}]}},"_links":{"self":[{"href":"https:\/\/micasatucasaibiza.com\/es\/wp-json\/wp\/v2\/pages\/17938","targetHints":{"allow":["GET"]}}],"collection":[{"href":"https:\/\/micasatucasaibiza.com\/es\/wp-json\/wp\/v2\/pages"}],"about":[{"href":"https:\/\/micasatucasaibiza.com\/es\/wp-json\/wp\/v2\/types\/page"}],"author":[{"embeddable":true,"href":"https:\/\/micasatucasaibiza.com\/es\/wp-json\/wp\/v2\/users\/1"}],"replies":[{"embeddable":true,"href":"https:\/\/micasatucasaibiza.com\/es\/wp-json\/wp\/v2\/comments?post=17938"}],"version-history":[{"count":10,"href":"https:\/\/micasatucasaibiza.com\/es\/wp-json\/wp\/v2\/pages\/17938\/revisions"}],"predecessor-version":[{"id":18449,"href":"https:\/\/micasatucasaibiza.com\/es\/wp-json\/wp\/v2\/pages\/17938\/revisions\/18449"}],"up":[{"embeddable":true,"href":"https:\/\/micasatucasaibiza.com\/es\/wp-json\/wp\/v2\/pages\/17934"}],"wp:attachment":[{"href":"https:\/\/micasatucasaibiza.com\/es\/wp-json\/wp\/v2\/media?parent=17938"}],"curies":[{"name":"wp","href":"https:\/\/api.w.org\/{rel}","templated":true}]}}