{"id":17942,"date":"2026-01-19T12:24:42","date_gmt":"2026-01-19T11:24:42","guid":{"rendered":"https:\/\/micasatucasaibiza.com\/?page_id=17942"},"modified":"2026-03-10T03:31:49","modified_gmt":"2026-03-10T02:31:49","slug":"ibiza-town","status":"publish","type":"page","link":"https:\/\/micasatucasaibiza.com\/es\/alquiler-villas-de-lujo-ibiza\/location\/ibiza-town\/","title":{"rendered":"Ibiza Ciudad"},"content":{"rendered":"<p><\/p>\n<p data-start=\"156\" data-end=\"907\">Ibiza Ciudad tiene ritmo. Calles empedradas, boutiques elegantes, azoteas que se iluminan de dorado al atardecer. Y cuando te alojas en una villa cerca de Ibiza Ciudad, puedes disfrutar de esa energ\u00eda cuando te apetezca. Lo suficientemente cerca para sentir el pulso de la isla, lo bastante lejos para retirarte a terrazas tranquilas, piscinas serenas y colinas verdes cuando necesites exhalar. La mayor\u00eda de nuestras villas se encuentran a 25 minutos de la capital de la isla, pero esta selecci\u00f3n de preciosas casas est\u00e1 a solo 10-15 minutos en coche. Dir\u00edgete a \u2018La Marina\u2019, la animada zona del puerto, para tomar algo o ir de compras, y luego pasea por Dalt Vila bajo los muros de piedra centenarios para cenar.<\/p>\n<p data-start=\"909\" data-end=\"1289\">\n<p><\/p>","protected":false},"excerpt":{"rendered":"<p>Ibiza Ciudad tiene ritmo. Calles empedradas, boutiques elegantes, azoteas que se iluminan de dorado al atardecer. Y cuando te alojas en una villa cerca de Ibiza Ciudad, puedes disfrutar de &hellip;<\/p>\n","protected":false},"author":1,"featured_media":0,"parent":17934,"menu_order":14,"comment_status":"closed","ping_status":"closed","template":"pages\/template-villas-location.php","meta":{"_acf_changed":false,"footnotes":""},"class_list":["post-17942","page","type-page","status-publish","hentry"],"acf":[],"yoast_head":"<!-- This site is optimized with the Yoast SEO plugin v27.0 - https:\/\/yoast.com\/product\/yoast-seo-wordpress\/ -->\n<title>Luxury Villas to Rent Near Ibiza Town | Mi Casa Tu Casa<\/title>\n<meta name=\"description\" content=\"Discover luxury villas to rent near Ibiza Town from island experts. Enjoy private pools, sea views and smooth service for your perfect Ibiza villa stay\" \/>\n<meta name=\"robots\" content=\"index, follow, max-snippet:-1, max-image-preview:large, max-video-preview:-1\" \/>\n<link rel=\"canonical\" href=\"\/es\/\" \/>\n<meta property=\"og:locale\" content=\"es_ES\" \/>\n<meta property=\"og:type\" content=\"article\" \/>\n<meta property=\"og:title\" content=\"Luxury Villas to Rent Near Ibiza Town | Mi Casa Tu Casa\" \/>\n<meta property=\"og:description\" content=\"Discover luxury villas to rent near Ibiza Town from island experts. Enjoy private pools, sea views and smooth service for your perfect Ibiza villa stay\" \/>\n<meta property=\"og:url\" content=\"\/es\/\" \/>\n<meta property=\"og:site_name\" content=\"Mi Casa Tu Casa Ibiza\" \/>\n<meta property=\"article:publisher\" content=\"https:\/\/www.facebook.com\/MiCasaTuCasaIbiza\/\" \/>\n<meta property=\"article:modified_time\" content=\"2026-03-10T02:31:49+00:00\" \/>\n<meta name=\"twitter:label1\" content=\"Tiempo de lectura\" \/>\n\t<meta name=\"twitter:data1\" content=\"1 minuto\" \/>\n<script type=\"application\/ld+json\" class=\"yoast-schema-graph\">{\"@context\":\"https:\/\/schema.org\",\"@graph\":[{\"@type\":\"WebPage\",\"@id\":\"https:\/\/micasatucasaibiza.com\/es\/ibiza-luxury-rental-villas\/location\/ibiza-town\/\",\"url\":\"\/es\/\",\"name\":\"Luxury Villas to Rent Near Ibiza Town | Mi Casa Tu Casa\",\"isPartOf\":{\"@id\":\"https:\/\/micasatucasaibiza.com\/es\/#website\"},\"datePublished\":\"2026-01-19T11:24:42+00:00\",\"dateModified\":\"2026-03-10T02:31:49+00:00\",\"description\":\"Discover luxury villas to rent near Ibiza Town from island experts. Enjoy private pools, sea views and smooth service for your perfect Ibiza villa stay\",\"breadcrumb\":{\"@id\":\"\/es\/#breadcrumb\"},\"inLanguage\":\"es\",\"potentialAction\":[{\"@type\":\"ReadAction\",\"target\":[[\"\/es\/\"]]}]},{\"@type\":\"BreadcrumbList\",\"@id\":\"\/es\/#breadcrumb\",\"itemListElement\":[{\"@type\":\"ListItem\",\"position\":1,\"name\":\"Home\",\"item\":\"https:\/\/micasatucasaibiza.com\/es\/\"},{\"@type\":\"ListItem\",\"position\":2,\"name\":\"Our villas\",\"item\":\"https:\/\/micasatucasaibiza.com\/es\/ibiza-luxury-rental-villas\/\"},{\"@type\":\"ListItem\",\"position\":3,\"name\":\"Location\",\"item\":\"https:\/\/micasatucasaibiza.com\/es\/ibiza-luxury-rental-villas\/location\/\"},{\"@type\":\"ListItem\",\"position\":4,\"name\":\"Ibiza Town\"}]},{\"@type\":\"WebSite\",\"@id\":\"https:\/\/micasatucasaibiza.com\/es\/#website\",\"url\":\"https:\/\/micasatucasaibiza.com\/es\/\",\"name\":\"Mi Casa Tu Casa Ibiza\",\"description\":\"Special villas. Exclusively managed.\",\"publisher\":{\"@id\":\"https:\/\/micasatucasaibiza.com\/es\/#organization\"},\"potentialAction\":[{\"@type\":\"SearchAction\",\"target\":{\"@type\":\"EntryPoint\",\"urlTemplate\":\"https:\/\/micasatucasaibiza.com\/es\/?s={search_term_string}\"},\"query-input\":{\"@type\":\"PropertyValueSpecification\",\"valueRequired\":true,\"valueName\":\"search_term_string\"}}],\"inLanguage\":\"es\"},{\"@type\":\"Organization\",\"@id\":\"https:\/\/micasatucasaibiza.com\/es\/#organization\",\"name\":\"Mi Casa Tu Casa Ibiza\",\"url\":\"https:\/\/micasatucasaibiza.com\/es\/\",\"logo\":{\"@type\":\"ImageObject\",\"inLanguage\":\"es\",\"@id\":\"https:\/\/micasatucasaibiza.com\/es\/#\/schema\/logo\/image\/\",\"url\":\"https:\/\/micasatucasaibiza.com\/wp-content\/uploads\/logo.gif\",\"contentUrl\":\"https:\/\/micasatucasaibiza.com\/wp-content\/uploads\/logo.gif\",\"width\":226,\"height\":97,\"caption\":\"Mi Casa Tu Casa Ibiza\"},\"image\":{\"@id\":\"https:\/\/micasatucasaibiza.com\/es\/#\/schema\/logo\/image\/\"},\"sameAs\":[\"https:\/\/www.facebook.com\/MiCasaTuCasaIbiza\/\",\"https:\/\/www.instagram.com\/micasatucasaibiza\/\"]}]}<\/script>\n<!-- \/ Yoast SEO plugin. -->","yoast_head_json":{"title":"Luxury Villas to Rent Near Ibiza Town | Mi Casa Tu Casa","description":"Discover luxury villas to rent near Ibiza Town from island experts. Enjoy private pools, sea views and smooth service for your perfect Ibiza villa stay","robots":{"index":"index","follow":"follow","max-snippet":"max-snippet:-1","max-image-preview":"max-image-preview:large","max-video-preview":"max-video-preview:-1"},"canonical":"\/es\/","og_locale":"es_ES","og_type":"article","og_title":"Luxury Villas to Rent Near Ibiza Town | Mi Casa Tu Casa","og_description":"Discover luxury villas to rent near Ibiza Town from island experts. Enjoy private pools, sea views and smooth service for your perfect Ibiza villa stay","og_url":"\/es\/","og_site_name":"Mi Casa Tu Casa Ibiza","article_publisher":"https:\/\/www.facebook.com\/MiCasaTuCasaIbiza\/","article_modified_time":"2026-03-10T02:31:49+00:00","twitter_misc":{"Tiempo de lectura":"1 minuto"},"schema":{"@context":"https:\/\/schema.org","@graph":[{"@type":"WebPage","@id":"https:\/\/micasatucasaibiza.com\/es\/ibiza-luxury-rental-villas\/location\/ibiza-town\/","url":"\/es\/","name":"Luxury Villas to Rent Near Ibiza Town | Mi Casa Tu Casa","isPartOf":{"@id":"https:\/\/micasatucasaibiza.com\/es\/#website"},"datePublished":"2026-01-19T11:24:42+00:00","dateModified":"2026-03-10T02:31:49+00:00","description":"Discover luxury villas to rent near Ibiza Town from island experts. Enjoy private pools, sea views and smooth service for your perfect Ibiza villa stay","breadcrumb":{"@id":"\/es\/#breadcrumb"},"inLanguage":"es","potentialAction":[{"@type":"ReadAction","target":[["\/es\/"]]}]},{"@type":"BreadcrumbList","@id":"\/es\/#breadcrumb","itemListElement":[{"@type":"ListItem","position":1,"name":"Home","item":"https:\/\/micasatucasaibiza.com\/es\/"},{"@type":"ListItem","position":2,"name":"Our villas","item":"https:\/\/micasatucasaibiza.com\/es\/ibiza-luxury-rental-villas\/"},{"@type":"ListItem","position":3,"name":"Location","item":"https:\/\/micasatucasaibiza.com\/es\/ibiza-luxury-rental-villas\/location\/"},{"@type":"ListItem","position":4,"name":"Ibiza Town"}]},{"@type":"WebSite","@id":"https:\/\/micasatucasaibiza.com\/es\/#website","url":"https:\/\/micasatucasaibiza.com\/es\/","name":"Mi Casa Tu Casa Ibiza","description":"Special villas. Exclusively managed.","publisher":{"@id":"https:\/\/micasatucasaibiza.com\/es\/#organization"},"potentialAction":[{"@type":"SearchAction","target":{"@type":"EntryPoint","urlTemplate":"https:\/\/micasatucasaibiza.com\/es\/?s={search_term_string}"},"query-input":{"@type":"PropertyValueSpecification","valueRequired":true,"valueName":"search_term_string"}}],"inLanguage":"es"},{"@type":"Organization","@id":"https:\/\/micasatucasaibiza.com\/es\/#organization","name":"Mi Casa Tu Casa Ibiza","url":"https:\/\/micasatucasaibiza.com\/es\/","logo":{"@type":"ImageObject","inLanguage":"es","@id":"https:\/\/micasatucasaibiza.com\/es\/#\/schema\/logo\/image\/","url":"https:\/\/micasatucasaibiza.com\/wp-content\/uploads\/logo.gif","contentUrl":"https:\/\/micasatucasaibiza.com\/wp-content\/uploads\/logo.gif","width":226,"height":97,"caption":"Mi Casa Tu Casa Ibiza"},"image":{"@id":"https:\/\/micasatucasaibiza.com\/es\/#\/schema\/logo\/image\/"},"sameAs":["https:\/\/www.facebook.com\/MiCasaTuCasaIbiza\/","https:\/\/www.instagram.com\/micasatucasaibiza\/"]}]}},"_links":{"self":[{"href":"https:\/\/micasatucasaibiza.com\/es\/wp-json\/wp\/v2\/pages\/17942","targetHints":{"allow":["GET"]}}],"collection":[{"href":"https:\/\/micasatucasaibiza.com\/es\/wp-json\/wp\/v2\/pages"}],"about":[{"href":"https:\/\/micasatucasaibiza.com\/es\/wp-json\/wp\/v2\/types\/page"}],"author":[{"embeddable":true,"href":"https:\/\/micasatucasaibiza.com\/es\/wp-json\/wp\/v2\/users\/1"}],"replies":[{"embeddable":true,"href":"https:\/\/micasatucasaibiza.com\/es\/wp-json\/wp\/v2\/comments?post=17942"}],"version-history":[{"count":10,"href":"https:\/\/micasatucasaibiza.com\/es\/wp-json\/wp\/v2\/pages\/17942\/revisions"}],"predecessor-version":[{"id":18457,"href":"https:\/\/micasatucasaibiza.com\/es\/wp-json\/wp\/v2\/pages\/17942\/revisions\/18457"}],"up":[{"embeddable":true,"href":"https:\/\/micasatucasaibiza.com\/es\/wp-json\/wp\/v2\/pages\/17934"}],"wp:attachment":[{"href":"https:\/\/micasatucasaibiza.com\/es\/wp-json\/wp\/v2\/media?parent=17942"}],"curies":[{"name":"wp","href":"https:\/\/api.w.org\/{rel}","templated":true}]}}