{"id":309,"date":"2014-03-12T17:33:28","date_gmt":"2014-03-12T16:33:28","guid":{"rendered":"http:\/\/fixitlab.com\/dev\/mcdemo\/?page_id=309"},"modified":"2026-02-10T21:57:03","modified_gmt":"2026-02-10T20:57:03","slug":"disclaimer","status":"publish","type":"page","link":"https:\/\/micasatucasaibiza.com\/es\/descargo-de-responsabilidad\/","title":{"rendered":"Descargo de responsabilidad"},"content":{"rendered":"<p><\/p>\n<h4>Responsabilidad por el contenido<\/h4>\n<p>Como proveedores de servicios, somos responsables de los contenidos propios de estos sitios web. Sin embargo, los proveedores de servicios no est\u00e1n obligados a monitorear permanentemente la informaci\u00f3n enviada o almacenada ni a buscar evidencias que indiquen actividades ilegales.<\/p>\n<p>Las obligaciones legales para eliminar informaci\u00f3n o bloquear el uso de la informaci\u00f3n permanecen sin respuesta. En este caso, la responsabilidad solo es posible en el momento del conocimiento sobre una violaci\u00f3n espec\u00edfica de la ley. Los contenidos ilegales ser\u00e1n eliminados inmediatamente en el momento en que tengamos conocimiento de ellos.<\/p>\n<h4>Responsabilidad por enlaces<\/h4>\n<p>Nuestra oferta incluye enlaces a sitios web externos de terceros. No tenemos ninguna influencia sobre los contenidos de esos sitios web, por lo tanto, no podemos garantizar esos contenidos. Los proveedores o administradores de sitios web vinculados son siempre responsables de sus propios contenidos.<\/p>\n<p>Los sitios web vinculados se han revisado por posibles infracciones de la ley en el momento del establecimiento del enlace. Los contenidos ilegales no fueron detectados en el momento del enlace. No se puede imponer un control permanente de los contenidos de los sitios web vinculados sin indicaciones razonables de que ha habido una violaci\u00f3n de la ley. Los enlaces ilegales se eliminar\u00e1n inmediatamente en el momento en que tengamos conocimiento de ellos.<\/p>\n<h4>Derechos de autor<\/h4>\n<p>Los contenidos y las compilaciones publicados en estos sitios web por los proveedores est\u00e1n sujetos a las leyes espa\u00f1olas de derechos de autor. La reproducci\u00f3n, edici\u00f3n, distribuci\u00f3n y el uso de cualquier tipo fuera del alcance de la ley de derechos de autor requieren un permiso por escrito del autor o creador. Las descargas y copias de estos sitios web est\u00e1n permitidas solo para uso privado.<br \/>\nEl uso comercial de nuestros contenidos sin el permiso del autor est\u00e1 prohibido.<\/p>\n<p>Las leyes de derechos de autor de terceros se respetan siempre que los contenidos en estos sitios web no se originen en el proveedor. Las contribuciones de terceros en este sitio se indican como tales. Sin embargo, si observa alguna violaci\u00f3n de la ley de derechos de autor, inf\u00f3rmenos. Tales contenidos ser\u00e1n eliminados inmediatamente.<\/p>","protected":false},"excerpt":{"rendered":"<p>Responsabilidad por el contenido Como proveedores de servicios, somos responsables de los contenidos propios de estos sitios web. Sin embargo, los proveedores de servicios no est\u00e1n obligados a monitorear permanentemente &hellip;<\/p>\n","protected":false},"author":1,"featured_media":0,"parent":0,"menu_order":45,"comment_status":"closed","ping_status":"closed","template":"","meta":{"_acf_changed":false,"footnotes":""},"class_list":["post-309","page","type-page","status-publish","hentry"],"acf":[],"yoast_head":"<!-- This site is optimized with the Yoast SEO plugin v27.0 - https:\/\/yoast.com\/product\/yoast-seo-wordpress\/ -->\n<title>Diclaimer - Villa Rental Ibiza - Mi Casa Tu Casa<\/title>\n<meta name=\"description\" content=\"As service providers, Mi Casa Tu Casa villa rentals Ibiza are liable for own content of the websites but are not obligated to permanently monitor submitted information.\" \/>\n<meta name=\"robots\" content=\"index, follow, max-snippet:-1, max-image-preview:large, max-video-preview:-1\" \/>\n<link rel=\"canonical\" href=\"\/es\/\" \/>\n<meta property=\"og:locale\" content=\"es_ES\" \/>\n<meta property=\"og:type\" content=\"article\" \/>\n<meta property=\"og:title\" content=\"Diclaimer - Villa Rental Ibiza - Mi Casa Tu Casa\" \/>\n<meta property=\"og:description\" content=\"As service providers, Mi Casa Tu Casa villa rentals Ibiza are liable for own content of the websites but are not obligated to permanently monitor submitted information.\" \/>\n<meta property=\"og:url\" content=\"\/es\/\" \/>\n<meta property=\"og:site_name\" content=\"Mi Casa Tu Casa Ibiza\" \/>\n<meta property=\"article:publisher\" content=\"https:\/\/www.facebook.com\/MiCasaTuCasaIbiza\/\" \/>\n<meta property=\"article:modified_time\" content=\"2026-02-10T20:57:03+00:00\" \/>\n<meta name=\"twitter:label1\" content=\"Tiempo de lectura\" \/>\n\t<meta name=\"twitter:data1\" content=\"2 minutos\" \/>\n<script type=\"application\/ld+json\" class=\"yoast-schema-graph\">{\"@context\":\"https:\/\/schema.org\",\"@graph\":[{\"@type\":\"WebPage\",\"@id\":\"https:\/\/micasatucasaibiza.com\/es\/disclaimer\/\",\"url\":\"\/es\/\",\"name\":\"Diclaimer - Villa Rental Ibiza - Mi Casa Tu Casa\",\"isPartOf\":{\"@id\":\"https:\/\/micasatucasaibiza.com\/es\/#website\"},\"datePublished\":\"2014-03-12T16:33:28+00:00\",\"dateModified\":\"2026-02-10T20:57:03+00:00\",\"description\":\"As service providers, Mi Casa Tu Casa villa rentals Ibiza are liable for own content of the websites but are not obligated to permanently monitor submitted information.\",\"breadcrumb\":{\"@id\":\"\/es\/#breadcrumb\"},\"inLanguage\":\"es\",\"potentialAction\":[{\"@type\":\"ReadAction\",\"target\":[[\"\/es\/\"]]}]},{\"@type\":\"BreadcrumbList\",\"@id\":\"\/es\/#breadcrumb\",\"itemListElement\":[{\"@type\":\"ListItem\",\"position\":1,\"name\":\"Home\",\"item\":\"https:\/\/micasatucasaibiza.com\/es\/\"},{\"@type\":\"ListItem\",\"position\":2,\"name\":\"Disclaimer\"}]},{\"@type\":\"WebSite\",\"@id\":\"https:\/\/micasatucasaibiza.com\/es\/#website\",\"url\":\"https:\/\/micasatucasaibiza.com\/es\/\",\"name\":\"Mi Casa Tu Casa Ibiza\",\"description\":\"Special villas. Exclusively managed.\",\"publisher\":{\"@id\":\"https:\/\/micasatucasaibiza.com\/es\/#organization\"},\"potentialAction\":[{\"@type\":\"SearchAction\",\"target\":{\"@type\":\"EntryPoint\",\"urlTemplate\":\"https:\/\/micasatucasaibiza.com\/es\/?s={search_term_string}\"},\"query-input\":{\"@type\":\"PropertyValueSpecification\",\"valueRequired\":true,\"valueName\":\"search_term_string\"}}],\"inLanguage\":\"es\"},{\"@type\":\"Organization\",\"@id\":\"https:\/\/micasatucasaibiza.com\/es\/#organization\",\"name\":\"Mi Casa Tu Casa Ibiza\",\"url\":\"https:\/\/micasatucasaibiza.com\/es\/\",\"logo\":{\"@type\":\"ImageObject\",\"inLanguage\":\"es\",\"@id\":\"https:\/\/micasatucasaibiza.com\/es\/#\/schema\/logo\/image\/\",\"url\":\"https:\/\/micasatucasaibiza.com\/wp-content\/uploads\/logo.gif\",\"contentUrl\":\"https:\/\/micasatucasaibiza.com\/wp-content\/uploads\/logo.gif\",\"width\":226,\"height\":97,\"caption\":\"Mi Casa Tu Casa Ibiza\"},\"image\":{\"@id\":\"https:\/\/micasatucasaibiza.com\/es\/#\/schema\/logo\/image\/\"},\"sameAs\":[\"https:\/\/www.facebook.com\/MiCasaTuCasaIbiza\/\",\"https:\/\/www.instagram.com\/micasatucasaibiza\/\"]}]}<\/script>\n<!-- \/ Yoast SEO plugin. -->","yoast_head_json":{"title":"Diclaimer - Villa Rental Ibiza - Mi Casa Tu Casa","description":"As service providers, Mi Casa Tu Casa villa rentals Ibiza are liable for own content of the websites but are not obligated to permanently monitor submitted information.","robots":{"index":"index","follow":"follow","max-snippet":"max-snippet:-1","max-image-preview":"max-image-preview:large","max-video-preview":"max-video-preview:-1"},"canonical":"\/es\/","og_locale":"es_ES","og_type":"article","og_title":"Diclaimer - Villa Rental Ibiza - Mi Casa Tu Casa","og_description":"As service providers, Mi Casa Tu Casa villa rentals Ibiza are liable for own content of the websites but are not obligated to permanently monitor submitted information.","og_url":"\/es\/","og_site_name":"Mi Casa Tu Casa Ibiza","article_publisher":"https:\/\/www.facebook.com\/MiCasaTuCasaIbiza\/","article_modified_time":"2026-02-10T20:57:03+00:00","twitter_misc":{"Tiempo de lectura":"2 minutos"},"schema":{"@context":"https:\/\/schema.org","@graph":[{"@type":"WebPage","@id":"https:\/\/micasatucasaibiza.com\/es\/disclaimer\/","url":"\/es\/","name":"Diclaimer - Villa Rental Ibiza - Mi Casa Tu Casa","isPartOf":{"@id":"https:\/\/micasatucasaibiza.com\/es\/#website"},"datePublished":"2014-03-12T16:33:28+00:00","dateModified":"2026-02-10T20:57:03+00:00","description":"As service providers, Mi Casa Tu Casa villa rentals Ibiza are liable for own content of the websites but are not obligated to permanently monitor submitted information.","breadcrumb":{"@id":"\/es\/#breadcrumb"},"inLanguage":"es","potentialAction":[{"@type":"ReadAction","target":[["\/es\/"]]}]},{"@type":"BreadcrumbList","@id":"\/es\/#breadcrumb","itemListElement":[{"@type":"ListItem","position":1,"name":"Home","item":"https:\/\/micasatucasaibiza.com\/es\/"},{"@type":"ListItem","position":2,"name":"Disclaimer"}]},{"@type":"WebSite","@id":"https:\/\/micasatucasaibiza.com\/es\/#website","url":"https:\/\/micasatucasaibiza.com\/es\/","name":"Mi Casa Tu Casa Ibiza","description":"Special villas. Exclusively managed.","publisher":{"@id":"https:\/\/micasatucasaibiza.com\/es\/#organization"},"potentialAction":[{"@type":"SearchAction","target":{"@type":"EntryPoint","urlTemplate":"https:\/\/micasatucasaibiza.com\/es\/?s={search_term_string}"},"query-input":{"@type":"PropertyValueSpecification","valueRequired":true,"valueName":"search_term_string"}}],"inLanguage":"es"},{"@type":"Organization","@id":"https:\/\/micasatucasaibiza.com\/es\/#organization","name":"Mi Casa Tu Casa Ibiza","url":"https:\/\/micasatucasaibiza.com\/es\/","logo":{"@type":"ImageObject","inLanguage":"es","@id":"https:\/\/micasatucasaibiza.com\/es\/#\/schema\/logo\/image\/","url":"https:\/\/micasatucasaibiza.com\/wp-content\/uploads\/logo.gif","contentUrl":"https:\/\/micasatucasaibiza.com\/wp-content\/uploads\/logo.gif","width":226,"height":97,"caption":"Mi Casa Tu Casa Ibiza"},"image":{"@id":"https:\/\/micasatucasaibiza.com\/es\/#\/schema\/logo\/image\/"},"sameAs":["https:\/\/www.facebook.com\/MiCasaTuCasaIbiza\/","https:\/\/www.instagram.com\/micasatucasaibiza\/"]}]}},"_links":{"self":[{"href":"https:\/\/micasatucasaibiza.com\/es\/wp-json\/wp\/v2\/pages\/309","targetHints":{"allow":["GET"]}}],"collection":[{"href":"https:\/\/micasatucasaibiza.com\/es\/wp-json\/wp\/v2\/pages"}],"about":[{"href":"https:\/\/micasatucasaibiza.com\/es\/wp-json\/wp\/v2\/types\/page"}],"author":[{"embeddable":true,"href":"https:\/\/micasatucasaibiza.com\/es\/wp-json\/wp\/v2\/users\/1"}],"replies":[{"embeddable":true,"href":"https:\/\/micasatucasaibiza.com\/es\/wp-json\/wp\/v2\/comments?post=309"}],"version-history":[{"count":6,"href":"https:\/\/micasatucasaibiza.com\/es\/wp-json\/wp\/v2\/pages\/309\/revisions"}],"predecessor-version":[{"id":18170,"href":"https:\/\/micasatucasaibiza.com\/es\/wp-json\/wp\/v2\/pages\/309\/revisions\/18170"}],"wp:attachment":[{"href":"https:\/\/micasatucasaibiza.com\/es\/wp-json\/wp\/v2\/media?parent=309"}],"curies":[{"name":"wp","href":"https:\/\/api.w.org\/{rel}","templated":true}]}}