{"id":3660,"date":"2017-07-07T14:48:22","date_gmt":"2017-07-07T13:48:22","guid":{"rendered":"https:\/\/micasatucasaibiza.com\/?page_id=3660"},"modified":"2026-02-10T21:41:34","modified_gmt":"2026-02-10T20:41:34","slug":"boat-charter","status":"publish","type":"page","link":"https:\/\/micasatucasaibiza.com\/es\/nuestro-servicio-de-conserjeria\/alquiler-barca\/","title":{"rendered":"Alquiler de barcos"},"content":{"rendered":"<p><\/p>\n<h4>A d\u00f3nde ir<\/h4>\n<p>El alquiler de la embarcaci\u00f3n se adapta a sus deseos, pero a continuaci\u00f3n le presentamos algunos horarios de gu\u00eda a destinos interesantes:<\/p>\n<ul>\n<li>Formentera, con paradas adicionales<\/li>\n<li>Cala Jondal \/ Es Torrent (costa sur)<\/li>\n<li>Playa de Benirras (costa noroeste)<\/li>\n<li>Calas y playas de la costa oeste (Cala Conte, Cala Tarida, Cala D&#8217;Hort, etc.)<\/li>\n<\/ul>\n<p>Termine su d\u00eda con la puesta de sol perfecta como solamente puede verse en la costa oeste.<\/p>\n<h4>Los alquileres de todo el d\u00eda incluyen lo siguiente:<\/h4>\n<ul>\n<li>capit\u00e1n<\/li>\n<li>toallas<\/li>\n<li>2 tablas de paddle<\/li>\n<li>esn\u00f3rquel y m\u00e1scaras<\/li>\n<li>tentempi\u00e9s ligeros y refrescos, vino y cerveza de cortes\u00eda<\/li>\n<\/ul>\n<p>&nbsp;<\/p>\n<h4>Se aplican cargos adicionales por:<\/h4>\n<ul>\n<li>Combustible (consultar opciones seg\u00fan itinerario)<\/li>\n<li>Seabobs &#8211; 1 a 200 \u20ac por d\u00eda y 2 a 300 \u20ac por d\u00eda<\/li>\n<li>Art\u00edculos de bar &#8211; primer par de bebidas de cortes\u00eda. Vinos de la casa y cervezas adicionales disponibles a petici\u00f3n y cobrados en el momento de consumo.<\/li>\n<li>Almuerzo buf\u00e9 fr\u00edo &#8211; 25 \u20ac por persona (m\u00ednimo 4 personas)<\/li>\n<\/ul>\n<p><img loading=\"lazy\" decoding=\"async\" class=\"alignnone size-full wp-image-3692\" style=\"width: 100%;\" src=\"https:\/\/micasatucasaibiza.com\/wp-content\/uploads\/bobs.jpg\" alt=\"\" width=\"300\" height=\"205\" \/><\/p>\n<h4>Condiciones de la reserva<\/h4>\n<ul>\n<li>25 % de adelanto con la reserva, en caso de que falten m\u00e1s de 6 meses antes del alquiler.<\/li>\n<li>50 % de adelanto con la reserva, en caso de que falten menos de 6 meses para la fecha del alquiler.<\/li>\n<li>El resto debe ser abonado 1 mes antes de la fecha del alquiler.<\/li>\n<li>Todos los costes est\u00e1n sujetos a un 21 % de IVA.<\/li>\n<\/ul>\n<p>&nbsp;<\/p>\n<h4>Aurora &#8211; Fjord 40 &#8211; datos clave<\/h4>\n<ul>\n<li>11 personas + patr\u00f3n<\/li>\n<li>Embarcaci\u00f3n recreativa de 13 m (40 pies) de eslora<\/li>\n<li>Velocidad m\u00e1xima: 35 nudos<\/li>\n<li>Ubicaci\u00f3n: Sant Antonio<\/li>\n<li>Licencia de fletamento: MCA Cat 3<\/li>\n<\/ul>\n<p>&nbsp;<\/p>\n<h4>Tarifas de alquiler<\/h4>\n<ul>\n<li>2150 \u20ac por d\u00eda en temporada alta (del 1 de julio al 15 de septiembre)<\/li>\n<li>1750 \u20ac por d\u00eda en temporada baja (resto del a\u00f1o)<\/li>\n<li>Todas las tarifas est\u00e1n sujetas a un 21 % de IVA<\/li>\n<li>Recargo por combustible<\/li>\n<\/ul>\n<p><img loading=\"lazy\" decoding=\"async\" class=\"alignnone size-large wp-image-8372\" src=\"https:\/\/micasatucasaibiza.com\/wp-content\/uploads\/2019\/11\/aurora-6-1024x683.jpg\" alt=\"Aurora 6\" width=\"1024\" height=\"683\" srcset=\"https:\/\/micasatucasaibiza.com\/wp-content\/uploads\/2019\/11\/aurora-6-1024x683.jpg 1024w, https:\/\/micasatucasaibiza.com\/wp-content\/uploads\/2019\/11\/aurora-6-300x200.jpg 300w, https:\/\/micasatucasaibiza.com\/wp-content\/uploads\/2019\/11\/aurora-6-768x512.jpg 768w, https:\/\/micasatucasaibiza.com\/wp-content\/uploads\/2019\/11\/aurora-6-375x250.jpg 375w\" sizes=\"auto, (max-width: 1024px) 100vw, 1024px\" \/><\/p>\n<h4>Caracter\u00edsticas del barco<\/h4>\n<ul>\n<li>Asientos para comer para 10 personas<\/li>\n<li>2 tumbonas gigantes para 8 personas<\/li>\n<li>Camarote de cama doble con WC y cocina americana<\/li>\n<li>Ducha de agua fresca en la cubierta<\/li>\n<li>Cocina exterior y frigor\u00edficos para vinos<\/li>\n<li>Internet Wifi<\/li>\n<li>Sistema de m\u00fasica Bluetooth Fusion<\/li>\n<li>Ancho de la embarcaci\u00f3n: 4 m<\/li>\n<\/ul>\n<p><img loading=\"lazy\" decoding=\"async\" class=\"alignnone size-large wp-image-8375\" src=\"https:\/\/micasatucasaibiza.com\/wp-content\/uploads\/2019\/11\/aurora-9-1024x683.jpg\" alt=\"Aurora 9\" width=\"1024\" height=\"683\" srcset=\"https:\/\/micasatucasaibiza.com\/wp-content\/uploads\/2019\/11\/aurora-9-1024x683.jpg 1024w, https:\/\/micasatucasaibiza.com\/wp-content\/uploads\/2019\/11\/aurora-9-300x200.jpg 300w, https:\/\/micasatucasaibiza.com\/wp-content\/uploads\/2019\/11\/aurora-9-768x512.jpg 768w, https:\/\/micasatucasaibiza.com\/wp-content\/uploads\/2019\/11\/aurora-9-375x250.jpg 375w\" sizes=\"auto, (max-width: 1024px) 100vw, 1024px\" \/><\/p>","protected":false},"excerpt":{"rendered":"<p>A d\u00f3nde ir El alquiler de la embarcaci\u00f3n se adapta a sus deseos, pero a continuaci\u00f3n le presentamos algunos horarios de gu\u00eda a destinos interesantes: Formentera, con paradas adicionales Cala &hellip;<\/p>\n","protected":false},"author":1,"featured_media":8041,"parent":13041,"menu_order":25,"comment_status":"closed","ping_status":"closed","template":"pages\/template-simple.php","meta":{"_acf_changed":false,"footnotes":""},"class_list":["post-3660","page","type-page","status-publish","has-post-thumbnail","hentry"],"acf":[],"yoast_head":"<!-- This site is optimized with the Yoast SEO plugin v27.4 - https:\/\/yoast.com\/product\/yoast-seo-wordpress\/ -->\n<title>Boat Charter Ibiza: Servicios de conserjer\u00eda | Alquiler de Villas<\/title>\n<meta name=\"description\" content=\"Cuando llegue a una de nuestras exclusivas villas en Ibiza, podemos ayudarle con todos los aspectos de sus vacaciones, como el alquiler de barcos.\" \/>\n<meta name=\"robots\" content=\"index, follow, max-snippet:-1, max-image-preview:large, max-video-preview:-1\" \/>\n<link rel=\"canonical\" href=\"\/es\/\" \/>\n<meta property=\"og:locale\" content=\"es_ES\" \/>\n<meta property=\"og:type\" content=\"article\" \/>\n<meta property=\"og:title\" content=\"Boat Charter Ibiza: Servicios de conserjer\u00eda | Alquiler de Villas\" \/>\n<meta property=\"og:description\" content=\"Cuando llegue a una de nuestras exclusivas villas en Ibiza, podemos ayudarle con todos los aspectos de sus vacaciones, como el alquiler de barcos.\" \/>\n<meta property=\"og:url\" content=\"\/es\/\" \/>\n<meta property=\"og:site_name\" content=\"Mi Casa Tu Casa Ibiza\" \/>\n<meta property=\"article:publisher\" content=\"https:\/\/www.facebook.com\/MiCasaTuCasaIbiza\/\" \/>\n<meta property=\"article:modified_time\" content=\"2026-02-10T20:41:34+00:00\" \/>\n<meta property=\"og:image\" content=\"https:\/\/micasatucasaibiza.com\/wp-content\/uploads\/2019\/10\/boat-charter-2.jpg\" \/>\n\t<meta property=\"og:image:width\" content=\"2048\" \/>\n\t<meta property=\"og:image:height\" content=\"1366\" \/>\n\t<meta property=\"og:image:type\" content=\"image\/jpeg\" \/>\n<meta name=\"twitter:label1\" content=\"Tiempo de lectura\" \/>\n\t<meta name=\"twitter:data1\" content=\"2 minutos\" \/>\n<script type=\"application\/ld+json\" class=\"yoast-schema-graph\">{\"@context\":\"https:\\\/\\\/schema.org\",\"@graph\":[{\"@type\":\"WebPage\",\"@id\":\"https:\\\/\\\/micasatucasaibiza.com\\\/es\\\/ibiza-concierge-services\\\/boat-charter\\\/\",\"url\":\"\\\/es\\\/\",\"name\":\"Boat Charter Ibiza: Servicios de conserjer\u00eda | Alquiler de Villas\",\"isPartOf\":{\"@id\":\"https:\\\/\\\/micasatucasaibiza.com\\\/es\\\/#website\"},\"primaryImageOfPage\":{\"@id\":\"\\\/es\\\/#primaryimage\"},\"image\":{\"@id\":\"\\\/#primaryimage\"},\"thumbnailUrl\":\"https:\\\/\\\/micasatucasaibiza.com\\\/wp-content\\\/uploads\\\/2019\\\/10\\\/boat-charter-2.jpg\",\"datePublished\":\"2017-07-07T13:48:22+00:00\",\"dateModified\":\"2026-02-10T20:41:34+00:00\",\"description\":\"Cuando llegue a una de nuestras exclusivas villas en Ibiza, podemos ayudarle con todos los aspectos de sus vacaciones, como el alquiler de barcos.\",\"breadcrumb\":{\"@id\":\"\\\/es\\\/#breadcrumb\"},\"inLanguage\":\"es\",\"potentialAction\":[{\"@type\":\"ReadAction\",\"target\":[[\"\\\/es\\\/\"]]}]},{\"@type\":\"ImageObject\",\"inLanguage\":\"es\",\"@id\":\"\\\/es\\\/#primaryimage\",\"url\":\"https:\\\/\\\/micasatucasaibiza.com\\\/wp-content\\\/uploads\\\/2019\\\/10\\\/boat-charter-2.jpg\",\"contentUrl\":\"https:\\\/\\\/micasatucasaibiza.com\\\/wp-content\\\/uploads\\\/2019\\\/10\\\/boat-charter-2.jpg\",\"width\":2048,\"height\":1366,\"caption\":\"Boat Charter 2\"},{\"@type\":\"BreadcrumbList\",\"@id\":\"\\\/es\\\/#breadcrumb\",\"itemListElement\":[{\"@type\":\"ListItem\",\"position\":1,\"name\":\"Home\",\"item\":\"https:\\\/\\\/micasatucasaibiza.com\\\/es\\\/\"},{\"@type\":\"ListItem\",\"position\":2,\"name\":\"Concierge\",\"item\":\"https:\\\/\\\/micasatucasaibiza.com\\\/es\\\/ibiza-concierge-services\\\/\"},{\"@type\":\"ListItem\",\"position\":3,\"name\":\"Boat Charter\"}]},{\"@type\":\"WebSite\",\"@id\":\"https:\\\/\\\/micasatucasaibiza.com\\\/es\\\/#website\",\"url\":\"https:\\\/\\\/micasatucasaibiza.com\\\/es\\\/\",\"name\":\"Mi Casa Tu Casa Ibiza\",\"description\":\"Special villas. Exclusively managed.\",\"publisher\":{\"@id\":\"https:\\\/\\\/micasatucasaibiza.com\\\/es\\\/#organization\"},\"potentialAction\":[{\"@type\":\"SearchAction\",\"target\":{\"@type\":\"EntryPoint\",\"urlTemplate\":\"https:\\\/\\\/micasatucasaibiza.com\\\/es\\\/?s={search_term_string}\"},\"query-input\":{\"@type\":\"PropertyValueSpecification\",\"valueRequired\":true,\"valueName\":\"search_term_string\"}}],\"inLanguage\":\"es\"},{\"@type\":\"Organization\",\"@id\":\"https:\\\/\\\/micasatucasaibiza.com\\\/es\\\/#organization\",\"name\":\"Mi Casa Tu Casa Ibiza\",\"url\":\"https:\\\/\\\/micasatucasaibiza.com\\\/es\\\/\",\"logo\":{\"@type\":\"ImageObject\",\"inLanguage\":\"es\",\"@id\":\"https:\\\/\\\/micasatucasaibiza.com\\\/es\\\/#\\\/schema\\\/logo\\\/image\\\/\",\"url\":\"https:\\\/\\\/micasatucasaibiza.com\\\/wp-content\\\/uploads\\\/logo.gif\",\"contentUrl\":\"https:\\\/\\\/micasatucasaibiza.com\\\/wp-content\\\/uploads\\\/logo.gif\",\"width\":226,\"height\":97,\"caption\":\"Mi Casa Tu Casa Ibiza\"},\"image\":{\"@id\":\"https:\\\/\\\/micasatucasaibiza.com\\\/es\\\/#\\\/schema\\\/logo\\\/image\\\/\"},\"sameAs\":[\"https:\\\/\\\/www.facebook.com\\\/MiCasaTuCasaIbiza\\\/\",\"https:\\\/\\\/www.instagram.com\\\/micasatucasaibiza\\\/\"]}]}<\/script>\n<!-- \/ Yoast SEO plugin. -->","yoast_head_json":{"title":"Boat Charter Ibiza: Servicios de conserjer\u00eda | Alquiler de Villas","description":"Cuando llegue a una de nuestras exclusivas villas en Ibiza, podemos ayudarle con todos los aspectos de sus vacaciones, como el alquiler de barcos.","robots":{"index":"index","follow":"follow","max-snippet":"max-snippet:-1","max-image-preview":"max-image-preview:large","max-video-preview":"max-video-preview:-1"},"canonical":"\/es\/","og_locale":"es_ES","og_type":"article","og_title":"Boat Charter Ibiza: Servicios de conserjer\u00eda | Alquiler de Villas","og_description":"Cuando llegue a una de nuestras exclusivas villas en Ibiza, podemos ayudarle con todos los aspectos de sus vacaciones, como el alquiler de barcos.","og_url":"\/es\/","og_site_name":"Mi Casa Tu Casa Ibiza","article_publisher":"https:\/\/www.facebook.com\/MiCasaTuCasaIbiza\/","article_modified_time":"2026-02-10T20:41:34+00:00","og_image":[{"width":2048,"height":1366,"url":"https:\/\/micasatucasaibiza.com\/wp-content\/uploads\/2019\/10\/boat-charter-2.jpg","type":"image\/jpeg"}],"twitter_misc":{"Tiempo de lectura":"2 minutos"},"schema":{"@context":"https:\/\/schema.org","@graph":[{"@type":"WebPage","@id":"https:\/\/micasatucasaibiza.com\/es\/ibiza-concierge-services\/boat-charter\/","url":"\/es\/","name":"Boat Charter Ibiza: Servicios de conserjer\u00eda | Alquiler de Villas","isPartOf":{"@id":"https:\/\/micasatucasaibiza.com\/es\/#website"},"primaryImageOfPage":{"@id":"\/es\/#primaryimage"},"image":{"@id":"\/#primaryimage"},"thumbnailUrl":"https:\/\/micasatucasaibiza.com\/wp-content\/uploads\/2019\/10\/boat-charter-2.jpg","datePublished":"2017-07-07T13:48:22+00:00","dateModified":"2026-02-10T20:41:34+00:00","description":"Cuando llegue a una de nuestras exclusivas villas en Ibiza, podemos ayudarle con todos los aspectos de sus vacaciones, como el alquiler de barcos.","breadcrumb":{"@id":"\/es\/#breadcrumb"},"inLanguage":"es","potentialAction":[{"@type":"ReadAction","target":[["\/es\/"]]}]},{"@type":"ImageObject","inLanguage":"es","@id":"\/es\/#primaryimage","url":"https:\/\/micasatucasaibiza.com\/wp-content\/uploads\/2019\/10\/boat-charter-2.jpg","contentUrl":"https:\/\/micasatucasaibiza.com\/wp-content\/uploads\/2019\/10\/boat-charter-2.jpg","width":2048,"height":1366,"caption":"Boat Charter 2"},{"@type":"BreadcrumbList","@id":"\/es\/#breadcrumb","itemListElement":[{"@type":"ListItem","position":1,"name":"Home","item":"https:\/\/micasatucasaibiza.com\/es\/"},{"@type":"ListItem","position":2,"name":"Concierge","item":"https:\/\/micasatucasaibiza.com\/es\/ibiza-concierge-services\/"},{"@type":"ListItem","position":3,"name":"Boat Charter"}]},{"@type":"WebSite","@id":"https:\/\/micasatucasaibiza.com\/es\/#website","url":"https:\/\/micasatucasaibiza.com\/es\/","name":"Mi Casa Tu Casa Ibiza","description":"Special villas. Exclusively managed.","publisher":{"@id":"https:\/\/micasatucasaibiza.com\/es\/#organization"},"potentialAction":[{"@type":"SearchAction","target":{"@type":"EntryPoint","urlTemplate":"https:\/\/micasatucasaibiza.com\/es\/?s={search_term_string}"},"query-input":{"@type":"PropertyValueSpecification","valueRequired":true,"valueName":"search_term_string"}}],"inLanguage":"es"},{"@type":"Organization","@id":"https:\/\/micasatucasaibiza.com\/es\/#organization","name":"Mi Casa Tu Casa Ibiza","url":"https:\/\/micasatucasaibiza.com\/es\/","logo":{"@type":"ImageObject","inLanguage":"es","@id":"https:\/\/micasatucasaibiza.com\/es\/#\/schema\/logo\/image\/","url":"https:\/\/micasatucasaibiza.com\/wp-content\/uploads\/logo.gif","contentUrl":"https:\/\/micasatucasaibiza.com\/wp-content\/uploads\/logo.gif","width":226,"height":97,"caption":"Mi Casa Tu Casa Ibiza"},"image":{"@id":"https:\/\/micasatucasaibiza.com\/es\/#\/schema\/logo\/image\/"},"sameAs":["https:\/\/www.facebook.com\/MiCasaTuCasaIbiza\/","https:\/\/www.instagram.com\/micasatucasaibiza\/"]}]}},"_links":{"self":[{"href":"https:\/\/micasatucasaibiza.com\/es\/wp-json\/wp\/v2\/pages\/3660","targetHints":{"allow":["GET"]}}],"collection":[{"href":"https:\/\/micasatucasaibiza.com\/es\/wp-json\/wp\/v2\/pages"}],"about":[{"href":"https:\/\/micasatucasaibiza.com\/es\/wp-json\/wp\/v2\/types\/page"}],"author":[{"embeddable":true,"href":"https:\/\/micasatucasaibiza.com\/es\/wp-json\/wp\/v2\/users\/1"}],"replies":[{"embeddable":true,"href":"https:\/\/micasatucasaibiza.com\/es\/wp-json\/wp\/v2\/comments?post=3660"}],"version-history":[{"count":10,"href":"https:\/\/micasatucasaibiza.com\/es\/wp-json\/wp\/v2\/pages\/3660\/revisions"}],"predecessor-version":[{"id":18161,"href":"https:\/\/micasatucasaibiza.com\/es\/wp-json\/wp\/v2\/pages\/3660\/revisions\/18161"}],"up":[{"embeddable":true,"href":"https:\/\/micasatucasaibiza.com\/es\/wp-json\/wp\/v2\/pages\/13041"}],"wp:featuredmedia":[{"embeddable":true,"href":"https:\/\/micasatucasaibiza.com\/es\/wp-json\/wp\/v2\/media\/8041"}],"wp:attachment":[{"href":"https:\/\/micasatucasaibiza.com\/es\/wp-json\/wp\/v2\/media?parent=3660"}],"curies":[{"name":"wp","href":"https:\/\/api.w.org\/{rel}","templated":true}]}}