{"id":3906,"date":"2017-07-21T17:12:00","date_gmt":"2017-07-21T16:12:00","guid":{"rendered":"https:\/\/micasatucasaibiza.com\/?page_id=3906"},"modified":"2026-02-10T21:50:15","modified_gmt":"2026-02-10T20:50:15","slug":"ibiza-guide","status":"publish","type":"page","link":"https:\/\/micasatucasaibiza.com\/es\/guia-ibiza\/","title":{"rendered":"Gu\u00eda de la isla"},"content":{"rendered":"<p>Hay algo m\u00e1gico y \u00fanico en la hermosa isla de Ibiza. Los valles ocultos y las colinas cubiertas de pinos se encuentran con tranquilas bah\u00edas de color aguamarina y seductoras playas de arena. Es dif\u00edcil de superar en cuanto a belleza, pero cuando se a\u00f1ade la incre\u00edble cocina, los elegantes chiringuitos y la mundialmente famosa vida nocturna, es un lugar como ning\u00fan otro. Ibiza es el lugar perfecto para relajarse, reponer fuerzas y volver a conectar con los amigos y la familia y, por supuesto, no hay mejor lugar para alojarse que en una de nuestras encantadoras<a href=\"https:\/\/micasatucasaibiza.com\/es\/alquiler-villas-ibiza\/\"> ibiza villas<\/a>. Para ser una isla peque\u00f1a, hay un n\u00famero deslumbrante de playas y literalmente cientos de restaurantes que hacen la boca agua. Por lo tanto, la elecci\u00f3n en la peque\u00f1a tierra de la abundancia puede ser un reto. Para ayudarle a pasar unas vacaciones inolvidables y a disfrutar de cada minuto de su precioso tiempo en la isla, hemos escrito nuestra propia gu\u00eda personal de la isla, que cubre todos los mejores lugares de la isla, tanto los famosos como las joyas ocultas, as\u00ed como muchas otras experiencias incre\u00edbles de la isla.<\/p>\n<p>\u00a1Felices vacaciones!<br \/>\nEl equipo de Mi Casa Tu Casa<\/p>","protected":false},"excerpt":{"rendered":"<p>Hay algo m\u00e1gico y \u00fanico en la hermosa isla de Ibiza. Los valles ocultos y las colinas cubiertas de pinos se encuentran con tranquilas bah\u00edas de color aguamarina y seductoras &hellip;<\/p>\n","protected":false},"author":1,"featured_media":8331,"parent":0,"menu_order":44,"comment_status":"closed","ping_status":"closed","template":"pages\/template-guide.php","meta":{"_acf_changed":false,"footnotes":""},"class_list":["post-3906","page","type-page","status-publish","has-post-thumbnail","hentry"],"acf":[],"yoast_head":"<!-- This site is optimized with the Yoast SEO plugin v27.4 - https:\/\/yoast.com\/product\/yoast-seo-wordpress\/ -->\n<title>Gu\u00eda de vacaciones en Ibiza - Los mejores restaurantes y clubes de playa y bares<\/title>\n<meta name=\"description\" content=\"LA GU\u00cdA DE VACACIONES EN IBIZA M\u00c1S COMPLETA Y ACTUALIZADA de 2021 residentes y conocedores. Conozca m\u00e1s sobre las playas, clubes y restaurantes de la isla.\" \/>\n<meta name=\"robots\" content=\"index, follow, max-snippet:-1, max-image-preview:large, max-video-preview:-1\" \/>\n<link rel=\"canonical\" href=\"\/es\/\" \/>\n<meta property=\"og:locale\" content=\"es_ES\" \/>\n<meta property=\"og:type\" content=\"article\" \/>\n<meta property=\"og:title\" content=\"Gu\u00eda de vacaciones en Ibiza - Los mejores restaurantes y clubes de playa y bares\" \/>\n<meta property=\"og:description\" content=\"LA GU\u00cdA DE VACACIONES EN IBIZA M\u00c1S COMPLETA Y ACTUALIZADA de 2021 residentes y conocedores. Conozca m\u00e1s sobre las playas, clubes y restaurantes de la isla.\" \/>\n<meta property=\"og:url\" content=\"\/es\/\" \/>\n<meta property=\"og:site_name\" content=\"Mi Casa Tu Casa Ibiza\" \/>\n<meta property=\"article:publisher\" content=\"https:\/\/www.facebook.com\/MiCasaTuCasaIbiza\/\" \/>\n<meta property=\"article:modified_time\" content=\"2026-02-10T20:50:15+00:00\" \/>\n<meta property=\"og:image\" content=\"https:\/\/micasatucasaibiza.com\/wp-content\/uploads\/2019\/11\/banner-island-guide-2019.jpg\" \/>\n\t<meta property=\"og:image:width\" content=\"2048\" \/>\n\t<meta property=\"og:image:height\" content=\"1152\" \/>\n\t<meta property=\"og:image:type\" content=\"image\/jpeg\" \/>\n<meta name=\"twitter:label1\" content=\"Tiempo de lectura\" \/>\n\t<meta name=\"twitter:data1\" content=\"2 minutos\" \/>\n<script type=\"application\/ld+json\" class=\"yoast-schema-graph\">{\"@context\":\"https:\\\/\\\/schema.org\",\"@graph\":[{\"@type\":\"WebPage\",\"@id\":\"https:\\\/\\\/micasatucasaibiza.com\\\/es\\\/ibiza-guide\\\/\",\"url\":\"\\\/es\\\/\",\"name\":\"Gu\u00eda de vacaciones en Ibiza - Los mejores restaurantes y clubes de playa y bares\",\"isPartOf\":{\"@id\":\"https:\\\/\\\/micasatucasaibiza.com\\\/es\\\/#website\"},\"primaryImageOfPage\":{\"@id\":\"\\\/es\\\/#primaryimage\"},\"image\":{\"@id\":\"\\\/#primaryimage\"},\"thumbnailUrl\":\"https:\\\/\\\/micasatucasaibiza.com\\\/wp-content\\\/uploads\\\/2019\\\/11\\\/banner-island-guide-2019.jpg\",\"datePublished\":\"2017-07-21T16:12:00+00:00\",\"dateModified\":\"2026-02-10T20:50:15+00:00\",\"description\":\"LA GU\u00cdA DE VACACIONES EN IBIZA M\u00c1S COMPLETA Y ACTUALIZADA de 2021 residentes y conocedores. Conozca m\u00e1s sobre las playas, clubes y restaurantes de la isla.\",\"breadcrumb\":{\"@id\":\"\\\/es\\\/#breadcrumb\"},\"inLanguage\":\"es\",\"potentialAction\":[{\"@type\":\"ReadAction\",\"target\":[[\"\\\/es\\\/\"]]}]},{\"@type\":\"ImageObject\",\"inLanguage\":\"es\",\"@id\":\"\\\/es\\\/#primaryimage\",\"url\":\"https:\\\/\\\/micasatucasaibiza.com\\\/wp-content\\\/uploads\\\/2019\\\/11\\\/banner-island-guide-2019.jpg\",\"contentUrl\":\"https:\\\/\\\/micasatucasaibiza.com\\\/wp-content\\\/uploads\\\/2019\\\/11\\\/banner-island-guide-2019.jpg\",\"width\":2048,\"height\":1152,\"caption\":\"Banner Island Guide 2019\"},{\"@type\":\"BreadcrumbList\",\"@id\":\"\\\/es\\\/#breadcrumb\",\"itemListElement\":[{\"@type\":\"ListItem\",\"position\":1,\"name\":\"Home\",\"item\":\"https:\\\/\\\/micasatucasaibiza.com\\\/es\\\/\"},{\"@type\":\"ListItem\",\"position\":2,\"name\":\"Island Guide\"}]},{\"@type\":\"WebSite\",\"@id\":\"https:\\\/\\\/micasatucasaibiza.com\\\/es\\\/#website\",\"url\":\"https:\\\/\\\/micasatucasaibiza.com\\\/es\\\/\",\"name\":\"Mi Casa Tu Casa Ibiza\",\"description\":\"Special villas. Exclusively managed.\",\"publisher\":{\"@id\":\"https:\\\/\\\/micasatucasaibiza.com\\\/es\\\/#organization\"},\"potentialAction\":[{\"@type\":\"SearchAction\",\"target\":{\"@type\":\"EntryPoint\",\"urlTemplate\":\"https:\\\/\\\/micasatucasaibiza.com\\\/es\\\/?s={search_term_string}\"},\"query-input\":{\"@type\":\"PropertyValueSpecification\",\"valueRequired\":true,\"valueName\":\"search_term_string\"}}],\"inLanguage\":\"es\"},{\"@type\":\"Organization\",\"@id\":\"https:\\\/\\\/micasatucasaibiza.com\\\/es\\\/#organization\",\"name\":\"Mi Casa Tu Casa Ibiza\",\"url\":\"https:\\\/\\\/micasatucasaibiza.com\\\/es\\\/\",\"logo\":{\"@type\":\"ImageObject\",\"inLanguage\":\"es\",\"@id\":\"https:\\\/\\\/micasatucasaibiza.com\\\/es\\\/#\\\/schema\\\/logo\\\/image\\\/\",\"url\":\"https:\\\/\\\/micasatucasaibiza.com\\\/wp-content\\\/uploads\\\/logo.gif\",\"contentUrl\":\"https:\\\/\\\/micasatucasaibiza.com\\\/wp-content\\\/uploads\\\/logo.gif\",\"width\":226,\"height\":97,\"caption\":\"Mi Casa Tu Casa Ibiza\"},\"image\":{\"@id\":\"https:\\\/\\\/micasatucasaibiza.com\\\/es\\\/#\\\/schema\\\/logo\\\/image\\\/\"},\"sameAs\":[\"https:\\\/\\\/www.facebook.com\\\/MiCasaTuCasaIbiza\\\/\",\"https:\\\/\\\/www.instagram.com\\\/micasatucasaibiza\\\/\"]}]}<\/script>\n<!-- \/ Yoast SEO plugin. -->","yoast_head_json":{"title":"Gu\u00eda de vacaciones en Ibiza - Los mejores restaurantes y clubes de playa y bares","description":"LA GU\u00cdA DE VACACIONES EN IBIZA M\u00c1S COMPLETA Y ACTUALIZADA de 2021 residentes y conocedores. Conozca m\u00e1s sobre las playas, clubes y restaurantes de la isla.","robots":{"index":"index","follow":"follow","max-snippet":"max-snippet:-1","max-image-preview":"max-image-preview:large","max-video-preview":"max-video-preview:-1"},"canonical":"\/es\/","og_locale":"es_ES","og_type":"article","og_title":"Gu\u00eda de vacaciones en Ibiza - Los mejores restaurantes y clubes de playa y bares","og_description":"LA GU\u00cdA DE VACACIONES EN IBIZA M\u00c1S COMPLETA Y ACTUALIZADA de 2021 residentes y conocedores. Conozca m\u00e1s sobre las playas, clubes y restaurantes de la isla.","og_url":"\/es\/","og_site_name":"Mi Casa Tu Casa Ibiza","article_publisher":"https:\/\/www.facebook.com\/MiCasaTuCasaIbiza\/","article_modified_time":"2026-02-10T20:50:15+00:00","og_image":[{"width":2048,"height":1152,"url":"https:\/\/micasatucasaibiza.com\/wp-content\/uploads\/2019\/11\/banner-island-guide-2019.jpg","type":"image\/jpeg"}],"twitter_misc":{"Tiempo de lectura":"2 minutos"},"schema":{"@context":"https:\/\/schema.org","@graph":[{"@type":"WebPage","@id":"https:\/\/micasatucasaibiza.com\/es\/ibiza-guide\/","url":"\/es\/","name":"Gu\u00eda de vacaciones en Ibiza - Los mejores restaurantes y clubes de playa y bares","isPartOf":{"@id":"https:\/\/micasatucasaibiza.com\/es\/#website"},"primaryImageOfPage":{"@id":"\/es\/#primaryimage"},"image":{"@id":"\/#primaryimage"},"thumbnailUrl":"https:\/\/micasatucasaibiza.com\/wp-content\/uploads\/2019\/11\/banner-island-guide-2019.jpg","datePublished":"2017-07-21T16:12:00+00:00","dateModified":"2026-02-10T20:50:15+00:00","description":"LA GU\u00cdA DE VACACIONES EN IBIZA M\u00c1S COMPLETA Y ACTUALIZADA de 2021 residentes y conocedores. Conozca m\u00e1s sobre las playas, clubes y restaurantes de la isla.","breadcrumb":{"@id":"\/es\/#breadcrumb"},"inLanguage":"es","potentialAction":[{"@type":"ReadAction","target":[["\/es\/"]]}]},{"@type":"ImageObject","inLanguage":"es","@id":"\/es\/#primaryimage","url":"https:\/\/micasatucasaibiza.com\/wp-content\/uploads\/2019\/11\/banner-island-guide-2019.jpg","contentUrl":"https:\/\/micasatucasaibiza.com\/wp-content\/uploads\/2019\/11\/banner-island-guide-2019.jpg","width":2048,"height":1152,"caption":"Banner Island Guide 2019"},{"@type":"BreadcrumbList","@id":"\/es\/#breadcrumb","itemListElement":[{"@type":"ListItem","position":1,"name":"Home","item":"https:\/\/micasatucasaibiza.com\/es\/"},{"@type":"ListItem","position":2,"name":"Island Guide"}]},{"@type":"WebSite","@id":"https:\/\/micasatucasaibiza.com\/es\/#website","url":"https:\/\/micasatucasaibiza.com\/es\/","name":"Mi Casa Tu Casa Ibiza","description":"Special villas. Exclusively managed.","publisher":{"@id":"https:\/\/micasatucasaibiza.com\/es\/#organization"},"potentialAction":[{"@type":"SearchAction","target":{"@type":"EntryPoint","urlTemplate":"https:\/\/micasatucasaibiza.com\/es\/?s={search_term_string}"},"query-input":{"@type":"PropertyValueSpecification","valueRequired":true,"valueName":"search_term_string"}}],"inLanguage":"es"},{"@type":"Organization","@id":"https:\/\/micasatucasaibiza.com\/es\/#organization","name":"Mi Casa Tu Casa Ibiza","url":"https:\/\/micasatucasaibiza.com\/es\/","logo":{"@type":"ImageObject","inLanguage":"es","@id":"https:\/\/micasatucasaibiza.com\/es\/#\/schema\/logo\/image\/","url":"https:\/\/micasatucasaibiza.com\/wp-content\/uploads\/logo.gif","contentUrl":"https:\/\/micasatucasaibiza.com\/wp-content\/uploads\/logo.gif","width":226,"height":97,"caption":"Mi Casa Tu Casa Ibiza"},"image":{"@id":"https:\/\/micasatucasaibiza.com\/es\/#\/schema\/logo\/image\/"},"sameAs":["https:\/\/www.facebook.com\/MiCasaTuCasaIbiza\/","https:\/\/www.instagram.com\/micasatucasaibiza\/"]}]}},"_links":{"self":[{"href":"https:\/\/micasatucasaibiza.com\/es\/wp-json\/wp\/v2\/pages\/3906","targetHints":{"allow":["GET"]}}],"collection":[{"href":"https:\/\/micasatucasaibiza.com\/es\/wp-json\/wp\/v2\/pages"}],"about":[{"href":"https:\/\/micasatucasaibiza.com\/es\/wp-json\/wp\/v2\/types\/page"}],"author":[{"embeddable":true,"href":"https:\/\/micasatucasaibiza.com\/es\/wp-json\/wp\/v2\/users\/1"}],"replies":[{"embeddable":true,"href":"https:\/\/micasatucasaibiza.com\/es\/wp-json\/wp\/v2\/comments?post=3906"}],"version-history":[{"count":10,"href":"https:\/\/micasatucasaibiza.com\/es\/wp-json\/wp\/v2\/pages\/3906\/revisions"}],"predecessor-version":[{"id":18166,"href":"https:\/\/micasatucasaibiza.com\/es\/wp-json\/wp\/v2\/pages\/3906\/revisions\/18166"}],"wp:featuredmedia":[{"embeddable":true,"href":"https:\/\/micasatucasaibiza.com\/es\/wp-json\/wp\/v2\/media\/8331"}],"wp:attachment":[{"href":"https:\/\/micasatucasaibiza.com\/es\/wp-json\/wp\/v2\/media?parent=3906"}],"curies":[{"name":"wp","href":"https:\/\/api.w.org\/{rel}","templated":true}]}}