{"id":7383,"date":"2019-09-25T12:59:50","date_gmt":"2019-09-25T10:59:50","guid":{"rendered":"https:\/\/micasatucasaibiza.com\/?page_id=7383"},"modified":"2026-02-10T21:09:03","modified_gmt":"2026-02-10T20:09:03","slug":"ibiza-villa-sustainability-2","status":"publish","type":"page","link":"https:\/\/micasatucasaibiza.com\/es\/villa-sostenible-ibiza\/","title":{"rendered":"Sostenibilidad"},"content":{"rendered":"<p>Nos enorgullecemos de trabajar con Ibiza Preservation, una organizaci\u00f3n medioambiental sin \u00e1nimo de lucro centrada en la conservaci\u00f3n de la belleza natural de la isla a trav\u00e9s de iniciativas sostenibles. Nuestro objetivo es reducir dr\u00e1sticamente el impacto ambiental que produce una villa cuando es ocupada. Casi el 30 % de los turistas de Ibiza se alojan en alojamientos de alquiler y las villas rurales consumen cantidades elevadas de energ\u00eda y agua. La isla es un para\u00edso fr\u00e1gil que se ha sometido a una demanda excesiva y que debe ser protegido.<\/p>\n<p>Somos l\u00edderes en el sector de las villas de la isla en el \u00e1rea de la sostenibilidad y asesoramos a AVAT (la asociaci\u00f3n de propietarios de villas y agencias de alquiler) en colaboraci\u00f3n con Ibiza Preservation. Queremos acercarnos a todas las partes interesadas: hu\u00e9spedes, propietarios, proveedores de servicios y organismos gubernamentales. Hemos empezado a trabajar con cada propietario para crear un plan de acci\u00f3n de 5 a\u00f1os para lograr que su propiedad sea m\u00e1s sostenible. Animamos a todos nuestros hu\u00e9spedes a que utilicen las villas de forma responsable durante sus vacaciones y a que comprendan que su huella medioambiental deja marca en la isla enormemente despu\u00e9s incluso de su partida. Tambi\u00e9n continuamos cambiando nuestras propias pr\u00e1cticas de trabajo como administradores de villas.<\/p>\n<p>Esto no ocurre de un d\u00eda para otro, pero juntos podemos marcar una gran diferencia para mantener la belleza de nuestra isla, de modo que los hijos de nuestros hijos puedan disfrutarla de la misma manera que lo hacemos hoy.<\/p>\n<div class=\"d-flex\" style=\"gap: 2.5rem; max-width: 56rem; margin: 1rem auto;\"><a style=\"flex-basis: 100%;\" href=\"https:\/\/ibizapreservation.org\/project\/plastic-free-ibiza-and-formentera\/\" target=\"_blank\" rel=\"noopener noreferrer\" class=\"bpp bpp-contain\"><img decoding=\"async\" src=\"https:\/\/ibizapreservation.org\/wp-content\/uploads\/2018\/11\/Logo_PlasticFree-EF-color.png\" alt=\"Plastic Free Logo\" loading=\"lazy\"><\/a><a style=\"flex-basis: 100%;\" href=\"https:\/\/ibizapreservation.org\/\" target=\"_blank\" rel=\"noopener noreferrer\" class=\"bpp bpp-contain\"><img decoding=\"async\" src=\"https:\/\/ibizapreservation.org\/wp-content\/uploads\/2020\/02\/IbizaPreservation_Logo.png\" alt=\"Plastic Free Logo\" loading=\"lazy\"><\/a><\/div>\n<p>Las cinco \u00e1reas de inter\u00e9s son:<\/p>\n<h4>1. RECICLAR<\/h4>\n<p>Todas nuestras villas disponen de contenedores de reciclaje para los hu\u00e9spedes e instrucciones claras sobre c\u00f3mo usarlos.<\/p>\n<h4>2. AHORRAR AGUA<\/h4>\n<p>Ibiza sufre de una escasez de agua a largo plazo y muchos acu\u00edferos, la \u00fanica fuente natural de agua de la isla, se han secado. Estamos buscando formas de reducir el consumo en cada villa a trav\u00e9s de su infraestructura y el uso m\u00e1s responsable por parte de los hu\u00e9spedes.<\/p>\n<h4>3. COMPRAR DE FORMA LOCAL<\/h4>\n<p>Ofrecemos a los hu\u00e9spedes una lista de los mejores lugares para comprar <a href=\"\/es\/guia-ibiza\/\">productos locales ecol\u00f3gicos<\/a> para que puedan disfrutar de las verdaderas frutas de la isla. Para comenzar, todos nuestros paquetes de bienvenida est\u00e1n cargados de productos de origen local.<\/p>\n<h4>4. REDUCIR EL CONSUMO DE AGUA<\/h4>\n<p>Seguimos buscando formas de reducir el consumo de energ\u00eda en cada villa a trav\u00e9s de su infraestructura y de un uso m\u00e1s responsable por parte de los hu\u00e9spedes. Estamos revisando e instalando mejores fuentes de energ\u00eda como la solar y las bombas de calor y reduciendo el consumo a trav\u00e9s de mejoras en el equipamiento dom\u00e9stico, sensores de luz diurna para la iluminaci\u00f3n externa, etc.<\/p>\n<h4>5. REDUCIR EL USO DE PL\u00c1STICOS<\/h4>\n<p>Hemos instalado filtros de \u00f3smosis en los fregaderos de la cocina de la mayor\u00eda de las villas para proporcionar agua potable, eliminando as\u00ed la necesidad de que los hu\u00e9spedes compren agua embotellada. Ofrecemos bolsas de compras reutilizables grandes y resistentes para que los hu\u00e9spedes puedan usarlas en lugar de comprar bolsas de pl\u00e1stico en el supermercado. Tambi\u00e9n hemos eliminado los envases de pl\u00e1stico de un solo uso de champ\u00fa y gel de ducha y los hemos reemplazado por envases recargables m\u00e1s grandes para que los hu\u00e9spedes los utilicen. Seguimos buscando formas de ayudar a los hu\u00e9spedes a reducir su necesidad de comprar pl\u00e1stico.<\/p>\n<p>Consulte nuestro <a href=\"\/wp-content\/uploads\/2019\/11\/guest-communication.pdf\" target=\"_blank\" rel=\"noopener noreferrer\">PDF de comunicaci\u00f3n con el hu\u00e9sped<\/a>.<\/p>\n<p>Descubra m\u00e1s sobre el incre\u00edble trabajo que realiza la <a href=\"https:\/\/ibizapreservation.org\/\" target=\"_blank\" rel=\"noopener noreferrer\">Fundaci\u00f3n por la Conservaci\u00f3n de Ibiza<\/a>.<\/p>","protected":false},"excerpt":{"rendered":"<p>Nos enorgullecemos de trabajar con Ibiza Preservation, una organizaci\u00f3n medioambiental sin \u00e1nimo de lucro centrada en la conservaci\u00f3n de la belleza natural de la isla a trav\u00e9s de iniciativas sostenibles. &hellip;<\/p>\n","protected":false},"author":1,"featured_media":8529,"parent":0,"menu_order":21,"comment_status":"closed","ping_status":"closed","template":"pages\/template-simple.php","meta":{"_acf_changed":false,"footnotes":""},"class_list":["post-7383","page","type-page","status-publish","has-post-thumbnail","hentry"],"acf":[],"yoast_head":"<!-- This site is optimized with the Yoast SEO plugin v27.4 - https:\/\/yoast.com\/product\/yoast-seo-wordpress\/ -->\n<title>Ibiza Villas | Sostenibilidad | Mi Casa Tu Casa Ibiza<\/title>\n<meta name=\"description\" content=\"All our Ibiza Villas have recycling bins for the guests to use and clear instructions on how to use them. We continue to look for ways to help guests reduce their need to purchase plastic.\" \/>\n<meta name=\"robots\" content=\"index, follow, max-snippet:-1, max-image-preview:large, max-video-preview:-1\" \/>\n<link rel=\"canonical\" href=\"\/es\/\" \/>\n<meta property=\"og:locale\" content=\"es_ES\" \/>\n<meta property=\"og:type\" content=\"article\" \/>\n<meta property=\"og:title\" content=\"Ibiza Villas | Sostenibilidad | Mi Casa Tu Casa Ibiza\" \/>\n<meta property=\"og:description\" content=\"All our Ibiza Villas have recycling bins for the guests to use and clear instructions on how to use them. We continue to look for ways to help guests reduce their need to purchase plastic.\" \/>\n<meta property=\"og:url\" content=\"\/es\/\" \/>\n<meta property=\"og:site_name\" content=\"Mi Casa Tu Casa Ibiza\" \/>\n<meta property=\"article:publisher\" content=\"https:\/\/www.facebook.com\/MiCasaTuCasaIbiza\/\" \/>\n<meta property=\"article:modified_time\" content=\"2026-02-10T20:09:03+00:00\" \/>\n<meta property=\"og:image\" content=\"https:\/\/micasatucasaibiza.com\/wp-content\/uploads\/2019\/12\/yondal-seaview.jpg\" \/>\n\t<meta property=\"og:image:width\" content=\"1812\" \/>\n\t<meta property=\"og:image:height\" content=\"815\" \/>\n\t<meta property=\"og:image:type\" content=\"image\/jpeg\" \/>\n<meta name=\"twitter:label1\" content=\"Tiempo de lectura\" \/>\n\t<meta name=\"twitter:data1\" content=\"3 minutos\" \/>\n<script type=\"application\/ld+json\" class=\"yoast-schema-graph\">{\"@context\":\"https:\\\/\\\/schema.org\",\"@graph\":[{\"@type\":\"WebPage\",\"@id\":\"https:\\\/\\\/micasatucasaibiza.com\\\/es\\\/ibiza-villa-sustainability\\\/\",\"url\":\"\\\/es\\\/\",\"name\":\"Ibiza Villas | Sostenibilidad | Mi Casa Tu Casa Ibiza\",\"isPartOf\":{\"@id\":\"https:\\\/\\\/micasatucasaibiza.com\\\/es\\\/#website\"},\"primaryImageOfPage\":{\"@id\":\"\\\/es\\\/#primaryimage\"},\"image\":{\"@id\":\"\\\/#primaryimage\"},\"thumbnailUrl\":\"https:\\\/\\\/micasatucasaibiza.com\\\/wp-content\\\/uploads\\\/2019\\\/12\\\/yondal-seaview.jpg\",\"datePublished\":\"2019-09-25T10:59:50+00:00\",\"dateModified\":\"2026-02-10T20:09:03+00:00\",\"description\":\"All our Ibiza Villas have recycling bins for the guests to use and clear instructions on how to use them. We continue to look for ways to help guests reduce their need to purchase plastic.\",\"breadcrumb\":{\"@id\":\"\\\/es\\\/#breadcrumb\"},\"inLanguage\":\"es\",\"potentialAction\":[{\"@type\":\"ReadAction\",\"target\":[[\"\\\/es\\\/\"]]}]},{\"@type\":\"ImageObject\",\"inLanguage\":\"es\",\"@id\":\"\\\/es\\\/#primaryimage\",\"url\":\"https:\\\/\\\/micasatucasaibiza.com\\\/wp-content\\\/uploads\\\/2019\\\/12\\\/yondal-seaview.jpg\",\"contentUrl\":\"https:\\\/\\\/micasatucasaibiza.com\\\/wp-content\\\/uploads\\\/2019\\\/12\\\/yondal-seaview.jpg\",\"width\":1812,\"height\":815,\"caption\":\"Yondal Seaview\"},{\"@type\":\"BreadcrumbList\",\"@id\":\"\\\/es\\\/#breadcrumb\",\"itemListElement\":[{\"@type\":\"ListItem\",\"position\":1,\"name\":\"Home\",\"item\":\"https:\\\/\\\/micasatucasaibiza.com\\\/es\\\/\"},{\"@type\":\"ListItem\",\"position\":2,\"name\":\"Sustainability\"}]},{\"@type\":\"WebSite\",\"@id\":\"https:\\\/\\\/micasatucasaibiza.com\\\/es\\\/#website\",\"url\":\"https:\\\/\\\/micasatucasaibiza.com\\\/es\\\/\",\"name\":\"Mi Casa Tu Casa Ibiza\",\"description\":\"Special villas. Exclusively managed.\",\"publisher\":{\"@id\":\"https:\\\/\\\/micasatucasaibiza.com\\\/es\\\/#organization\"},\"potentialAction\":[{\"@type\":\"SearchAction\",\"target\":{\"@type\":\"EntryPoint\",\"urlTemplate\":\"https:\\\/\\\/micasatucasaibiza.com\\\/es\\\/?s={search_term_string}\"},\"query-input\":{\"@type\":\"PropertyValueSpecification\",\"valueRequired\":true,\"valueName\":\"search_term_string\"}}],\"inLanguage\":\"es\"},{\"@type\":\"Organization\",\"@id\":\"https:\\\/\\\/micasatucasaibiza.com\\\/es\\\/#organization\",\"name\":\"Mi Casa Tu Casa Ibiza\",\"url\":\"https:\\\/\\\/micasatucasaibiza.com\\\/es\\\/\",\"logo\":{\"@type\":\"ImageObject\",\"inLanguage\":\"es\",\"@id\":\"https:\\\/\\\/micasatucasaibiza.com\\\/es\\\/#\\\/schema\\\/logo\\\/image\\\/\",\"url\":\"https:\\\/\\\/micasatucasaibiza.com\\\/wp-content\\\/uploads\\\/logo.gif\",\"contentUrl\":\"https:\\\/\\\/micasatucasaibiza.com\\\/wp-content\\\/uploads\\\/logo.gif\",\"width\":226,\"height\":97,\"caption\":\"Mi Casa Tu Casa Ibiza\"},\"image\":{\"@id\":\"https:\\\/\\\/micasatucasaibiza.com\\\/es\\\/#\\\/schema\\\/logo\\\/image\\\/\"},\"sameAs\":[\"https:\\\/\\\/www.facebook.com\\\/MiCasaTuCasaIbiza\\\/\",\"https:\\\/\\\/www.instagram.com\\\/micasatucasaibiza\\\/\"]}]}<\/script>\n<!-- \/ Yoast SEO plugin. -->","yoast_head_json":{"title":"Ibiza Villas | Sostenibilidad | Mi Casa Tu Casa Ibiza","description":"All our Ibiza Villas have recycling bins for the guests to use and clear instructions on how to use them. We continue to look for ways to help guests reduce their need to purchase plastic.","robots":{"index":"index","follow":"follow","max-snippet":"max-snippet:-1","max-image-preview":"max-image-preview:large","max-video-preview":"max-video-preview:-1"},"canonical":"\/es\/","og_locale":"es_ES","og_type":"article","og_title":"Ibiza Villas | Sostenibilidad | Mi Casa Tu Casa Ibiza","og_description":"All our Ibiza Villas have recycling bins for the guests to use and clear instructions on how to use them. We continue to look for ways to help guests reduce their need to purchase plastic.","og_url":"\/es\/","og_site_name":"Mi Casa Tu Casa Ibiza","article_publisher":"https:\/\/www.facebook.com\/MiCasaTuCasaIbiza\/","article_modified_time":"2026-02-10T20:09:03+00:00","og_image":[{"width":1812,"height":815,"url":"https:\/\/micasatucasaibiza.com\/wp-content\/uploads\/2019\/12\/yondal-seaview.jpg","type":"image\/jpeg"}],"twitter_misc":{"Tiempo de lectura":"3 minutos"},"schema":{"@context":"https:\/\/schema.org","@graph":[{"@type":"WebPage","@id":"https:\/\/micasatucasaibiza.com\/es\/ibiza-villa-sustainability\/","url":"\/es\/","name":"Ibiza Villas | Sostenibilidad | Mi Casa Tu Casa Ibiza","isPartOf":{"@id":"https:\/\/micasatucasaibiza.com\/es\/#website"},"primaryImageOfPage":{"@id":"\/es\/#primaryimage"},"image":{"@id":"\/#primaryimage"},"thumbnailUrl":"https:\/\/micasatucasaibiza.com\/wp-content\/uploads\/2019\/12\/yondal-seaview.jpg","datePublished":"2019-09-25T10:59:50+00:00","dateModified":"2026-02-10T20:09:03+00:00","description":"All our Ibiza Villas have recycling bins for the guests to use and clear instructions on how to use them. We continue to look for ways to help guests reduce their need to purchase plastic.","breadcrumb":{"@id":"\/es\/#breadcrumb"},"inLanguage":"es","potentialAction":[{"@type":"ReadAction","target":[["\/es\/"]]}]},{"@type":"ImageObject","inLanguage":"es","@id":"\/es\/#primaryimage","url":"https:\/\/micasatucasaibiza.com\/wp-content\/uploads\/2019\/12\/yondal-seaview.jpg","contentUrl":"https:\/\/micasatucasaibiza.com\/wp-content\/uploads\/2019\/12\/yondal-seaview.jpg","width":1812,"height":815,"caption":"Yondal Seaview"},{"@type":"BreadcrumbList","@id":"\/es\/#breadcrumb","itemListElement":[{"@type":"ListItem","position":1,"name":"Home","item":"https:\/\/micasatucasaibiza.com\/es\/"},{"@type":"ListItem","position":2,"name":"Sustainability"}]},{"@type":"WebSite","@id":"https:\/\/micasatucasaibiza.com\/es\/#website","url":"https:\/\/micasatucasaibiza.com\/es\/","name":"Mi Casa Tu Casa Ibiza","description":"Special villas. Exclusively managed.","publisher":{"@id":"https:\/\/micasatucasaibiza.com\/es\/#organization"},"potentialAction":[{"@type":"SearchAction","target":{"@type":"EntryPoint","urlTemplate":"https:\/\/micasatucasaibiza.com\/es\/?s={search_term_string}"},"query-input":{"@type":"PropertyValueSpecification","valueRequired":true,"valueName":"search_term_string"}}],"inLanguage":"es"},{"@type":"Organization","@id":"https:\/\/micasatucasaibiza.com\/es\/#organization","name":"Mi Casa Tu Casa Ibiza","url":"https:\/\/micasatucasaibiza.com\/es\/","logo":{"@type":"ImageObject","inLanguage":"es","@id":"https:\/\/micasatucasaibiza.com\/es\/#\/schema\/logo\/image\/","url":"https:\/\/micasatucasaibiza.com\/wp-content\/uploads\/logo.gif","contentUrl":"https:\/\/micasatucasaibiza.com\/wp-content\/uploads\/logo.gif","width":226,"height":97,"caption":"Mi Casa Tu Casa Ibiza"},"image":{"@id":"https:\/\/micasatucasaibiza.com\/es\/#\/schema\/logo\/image\/"},"sameAs":["https:\/\/www.facebook.com\/MiCasaTuCasaIbiza\/","https:\/\/www.instagram.com\/micasatucasaibiza\/"]}]}},"_links":{"self":[{"href":"https:\/\/micasatucasaibiza.com\/es\/wp-json\/wp\/v2\/pages\/7383","targetHints":{"allow":["GET"]}}],"collection":[{"href":"https:\/\/micasatucasaibiza.com\/es\/wp-json\/wp\/v2\/pages"}],"about":[{"href":"https:\/\/micasatucasaibiza.com\/es\/wp-json\/wp\/v2\/types\/page"}],"author":[{"embeddable":true,"href":"https:\/\/micasatucasaibiza.com\/es\/wp-json\/wp\/v2\/users\/1"}],"replies":[{"embeddable":true,"href":"https:\/\/micasatucasaibiza.com\/es\/wp-json\/wp\/v2\/comments?post=7383"}],"version-history":[{"count":11,"href":"https:\/\/micasatucasaibiza.com\/es\/wp-json\/wp\/v2\/pages\/7383\/revisions"}],"predecessor-version":[{"id":18158,"href":"https:\/\/micasatucasaibiza.com\/es\/wp-json\/wp\/v2\/pages\/7383\/revisions\/18158"}],"wp:featuredmedia":[{"embeddable":true,"href":"https:\/\/micasatucasaibiza.com\/es\/wp-json\/wp\/v2\/media\/8529"}],"wp:attachment":[{"href":"https:\/\/micasatucasaibiza.com\/es\/wp-json\/wp\/v2\/media?parent=7383"}],"curies":[{"name":"wp","href":"https:\/\/api.w.org\/{rel}","templated":true}]}}