{"id":8,"date":"2014-02-28T19:52:55","date_gmt":"2014-02-28T18:52:55","guid":{"rendered":"http:\/\/pc-808:8081\/micasatucasaibiza.com\/site\/?page_id=8"},"modified":"2026-03-10T02:53:34","modified_gmt":"2026-03-10T01:53:34","slug":"ibiza-rental-villas","status":"publish","type":"page","link":"https:\/\/micasatucasaibiza.com\/es\/alquiler-villas-de-lujo-ibiza\/","title":{"rendered":"Villas"},"content":{"rendered":"<p>Bienvenido a la colecci\u00f3n de alquileres de villas de lujo de Mi Casa Tu Casa Ibiza. Si quiere disfrutar de unas vacaciones inolvidables en Ibiza este verano, no busque m\u00e1s. Desde encantadores retiros unifamiliares hasta espaciosas fincas en la isla, hemos seleccionado cuidadosamente una cartera de impresionantes villas privadas de lujo en alquiler, situadas en las playas y zonas rurales m\u00e1s bellas de Ibiza. Dado que gestionamos todas nuestras villas en exclusiva, podemos ofrecerle un servicio personalizado y a medida durante toda su estancia. Estas villas s\u00f3lo se pueden reservar a trav\u00e9s de nosotros, as\u00ed que eche un vistazo, p\u00f3ngase en contacto y recuerde que cuando se aloja en una villa de Mi Casa Tu Casa, nuestra casa es su casa.<\/p>","protected":false},"excerpt":{"rendered":"<p>Bienvenido a la colecci\u00f3n de alquileres de villas de lujo de Mi Casa Tu Casa Ibiza. Si quiere disfrutar de unas vacaciones inolvidables en Ibiza este verano, no busque m\u00e1s. &hellip;<\/p>\n","protected":false},"author":1,"featured_media":0,"parent":0,"menu_order":4,"comment_status":"closed","ping_status":"closed","template":"pages\/template-villas.php","meta":{"_acf_changed":false,"footnotes":""},"class_list":["post-8","page","type-page","status-publish","hentry"],"acf":[],"yoast_head":"<!-- This site is optimized with the Yoast SEO plugin v27.4 - https:\/\/yoast.com\/product\/yoast-seo-wordpress\/ -->\n<title>Villas y casas privadas de lujo para alquilar en Ibiza | MiCasaTuCasa<\/title>\n<meta name=\"description\" content=\"Villas exclusivas seleccionadas a mano y situadas en toda la isla de Ibiza. Nuestras villas est\u00e1n cerca de las mejores playas y restaurantes y s\u00f3lo se pueden reservar a trav\u00e9s de nosotros.\" \/>\n<meta name=\"robots\" content=\"index, follow, max-snippet:-1, max-image-preview:large, max-video-preview:-1\" \/>\n<link rel=\"canonical\" href=\"\/es\/\" \/>\n<meta property=\"og:locale\" content=\"es_ES\" \/>\n<meta property=\"og:type\" content=\"article\" \/>\n<meta property=\"og:title\" content=\"Villas y casas privadas de lujo para alquilar en Ibiza | MiCasaTuCasa\" \/>\n<meta property=\"og:description\" content=\"Villas exclusivas seleccionadas a mano y situadas en toda la isla de Ibiza. Nuestras villas est\u00e1n cerca de las mejores playas y restaurantes y s\u00f3lo se pueden reservar a trav\u00e9s de nosotros.\" \/>\n<meta property=\"og:url\" content=\"\/es\/\" \/>\n<meta property=\"og:site_name\" content=\"Mi Casa Tu Casa Ibiza\" \/>\n<meta property=\"article:publisher\" content=\"https:\/\/www.facebook.com\/MiCasaTuCasaIbiza\/\" \/>\n<meta property=\"article:modified_time\" content=\"2026-03-10T01:53:34+00:00\" \/>\n<meta name=\"twitter:label1\" content=\"Tiempo de lectura\" \/>\n\t<meta name=\"twitter:data1\" content=\"1 minuto\" \/>\n<script type=\"application\/ld+json\" class=\"yoast-schema-graph\">{\"@context\":\"https:\\\/\\\/schema.org\",\"@graph\":[{\"@type\":\"WebPage\",\"@id\":\"https:\\\/\\\/micasatucasaibiza.com\\\/es\\\/ibiza-luxury-rental-villas\\\/\",\"url\":\"\\\/es\\\/\",\"name\":\"Villas y casas privadas de lujo para alquilar en Ibiza | MiCasaTuCasa\",\"isPartOf\":{\"@id\":\"https:\\\/\\\/micasatucasaibiza.com\\\/es\\\/#website\"},\"datePublished\":\"2014-02-28T18:52:55+00:00\",\"dateModified\":\"2026-03-10T01:53:34+00:00\",\"description\":\"Villas exclusivas seleccionadas a mano y situadas en toda la isla de Ibiza. Nuestras villas est\u00e1n cerca de las mejores playas y restaurantes y s\u00f3lo se pueden reservar a trav\u00e9s de nosotros.\",\"breadcrumb\":{\"@id\":\"\\\/es\\\/#breadcrumb\"},\"inLanguage\":\"es\",\"potentialAction\":[{\"@type\":\"ReadAction\",\"target\":[[\"\\\/es\\\/\"]]}]},{\"@type\":\"BreadcrumbList\",\"@id\":\"\\\/es\\\/#breadcrumb\",\"itemListElement\":[{\"@type\":\"ListItem\",\"position\":1,\"name\":\"Home\",\"item\":\"https:\\\/\\\/micasatucasaibiza.com\\\/es\\\/\"},{\"@type\":\"ListItem\",\"position\":2,\"name\":\"Our villas\"}]},{\"@type\":\"WebSite\",\"@id\":\"https:\\\/\\\/micasatucasaibiza.com\\\/es\\\/#website\",\"url\":\"https:\\\/\\\/micasatucasaibiza.com\\\/es\\\/\",\"name\":\"Mi Casa Tu Casa Ibiza\",\"description\":\"Special villas. Exclusively managed.\",\"publisher\":{\"@id\":\"https:\\\/\\\/micasatucasaibiza.com\\\/es\\\/#organization\"},\"potentialAction\":[{\"@type\":\"SearchAction\",\"target\":{\"@type\":\"EntryPoint\",\"urlTemplate\":\"https:\\\/\\\/micasatucasaibiza.com\\\/es\\\/?s={search_term_string}\"},\"query-input\":{\"@type\":\"PropertyValueSpecification\",\"valueRequired\":true,\"valueName\":\"search_term_string\"}}],\"inLanguage\":\"es\"},{\"@type\":\"Organization\",\"@id\":\"https:\\\/\\\/micasatucasaibiza.com\\\/es\\\/#organization\",\"name\":\"Mi Casa Tu Casa Ibiza\",\"url\":\"https:\\\/\\\/micasatucasaibiza.com\\\/es\\\/\",\"logo\":{\"@type\":\"ImageObject\",\"inLanguage\":\"es\",\"@id\":\"https:\\\/\\\/micasatucasaibiza.com\\\/es\\\/#\\\/schema\\\/logo\\\/image\\\/\",\"url\":\"https:\\\/\\\/micasatucasaibiza.com\\\/wp-content\\\/uploads\\\/logo.gif\",\"contentUrl\":\"https:\\\/\\\/micasatucasaibiza.com\\\/wp-content\\\/uploads\\\/logo.gif\",\"width\":226,\"height\":97,\"caption\":\"Mi Casa Tu Casa Ibiza\"},\"image\":{\"@id\":\"https:\\\/\\\/micasatucasaibiza.com\\\/es\\\/#\\\/schema\\\/logo\\\/image\\\/\"},\"sameAs\":[\"https:\\\/\\\/www.facebook.com\\\/MiCasaTuCasaIbiza\\\/\",\"https:\\\/\\\/www.instagram.com\\\/micasatucasaibiza\\\/\"]}]}<\/script>\n<!-- \/ Yoast SEO plugin. -->","yoast_head_json":{"title":"Villas y casas privadas de lujo para alquilar en Ibiza | MiCasaTuCasa","description":"Villas exclusivas seleccionadas a mano y situadas en toda la isla de Ibiza. Nuestras villas est\u00e1n cerca de las mejores playas y restaurantes y s\u00f3lo se pueden reservar a trav\u00e9s de nosotros.","robots":{"index":"index","follow":"follow","max-snippet":"max-snippet:-1","max-image-preview":"max-image-preview:large","max-video-preview":"max-video-preview:-1"},"canonical":"\/es\/","og_locale":"es_ES","og_type":"article","og_title":"Villas y casas privadas de lujo para alquilar en Ibiza | MiCasaTuCasa","og_description":"Villas exclusivas seleccionadas a mano y situadas en toda la isla de Ibiza. Nuestras villas est\u00e1n cerca de las mejores playas y restaurantes y s\u00f3lo se pueden reservar a trav\u00e9s de nosotros.","og_url":"\/es\/","og_site_name":"Mi Casa Tu Casa Ibiza","article_publisher":"https:\/\/www.facebook.com\/MiCasaTuCasaIbiza\/","article_modified_time":"2026-03-10T01:53:34+00:00","twitter_misc":{"Tiempo de lectura":"1 minuto"},"schema":{"@context":"https:\/\/schema.org","@graph":[{"@type":"WebPage","@id":"https:\/\/micasatucasaibiza.com\/es\/ibiza-luxury-rental-villas\/","url":"\/es\/","name":"Villas y casas privadas de lujo para alquilar en Ibiza | MiCasaTuCasa","isPartOf":{"@id":"https:\/\/micasatucasaibiza.com\/es\/#website"},"datePublished":"2014-02-28T18:52:55+00:00","dateModified":"2026-03-10T01:53:34+00:00","description":"Villas exclusivas seleccionadas a mano y situadas en toda la isla de Ibiza. Nuestras villas est\u00e1n cerca de las mejores playas y restaurantes y s\u00f3lo se pueden reservar a trav\u00e9s de nosotros.","breadcrumb":{"@id":"\/es\/#breadcrumb"},"inLanguage":"es","potentialAction":[{"@type":"ReadAction","target":[["\/es\/"]]}]},{"@type":"BreadcrumbList","@id":"\/es\/#breadcrumb","itemListElement":[{"@type":"ListItem","position":1,"name":"Home","item":"https:\/\/micasatucasaibiza.com\/es\/"},{"@type":"ListItem","position":2,"name":"Our villas"}]},{"@type":"WebSite","@id":"https:\/\/micasatucasaibiza.com\/es\/#website","url":"https:\/\/micasatucasaibiza.com\/es\/","name":"Mi Casa Tu Casa Ibiza","description":"Special villas. Exclusively managed.","publisher":{"@id":"https:\/\/micasatucasaibiza.com\/es\/#organization"},"potentialAction":[{"@type":"SearchAction","target":{"@type":"EntryPoint","urlTemplate":"https:\/\/micasatucasaibiza.com\/es\/?s={search_term_string}"},"query-input":{"@type":"PropertyValueSpecification","valueRequired":true,"valueName":"search_term_string"}}],"inLanguage":"es"},{"@type":"Organization","@id":"https:\/\/micasatucasaibiza.com\/es\/#organization","name":"Mi Casa Tu Casa Ibiza","url":"https:\/\/micasatucasaibiza.com\/es\/","logo":{"@type":"ImageObject","inLanguage":"es","@id":"https:\/\/micasatucasaibiza.com\/es\/#\/schema\/logo\/image\/","url":"https:\/\/micasatucasaibiza.com\/wp-content\/uploads\/logo.gif","contentUrl":"https:\/\/micasatucasaibiza.com\/wp-content\/uploads\/logo.gif","width":226,"height":97,"caption":"Mi Casa Tu Casa Ibiza"},"image":{"@id":"https:\/\/micasatucasaibiza.com\/es\/#\/schema\/logo\/image\/"},"sameAs":["https:\/\/www.facebook.com\/MiCasaTuCasaIbiza\/","https:\/\/www.instagram.com\/micasatucasaibiza\/"]}]}},"_links":{"self":[{"href":"https:\/\/micasatucasaibiza.com\/es\/wp-json\/wp\/v2\/pages\/8","targetHints":{"allow":["GET"]}}],"collection":[{"href":"https:\/\/micasatucasaibiza.com\/es\/wp-json\/wp\/v2\/pages"}],"about":[{"href":"https:\/\/micasatucasaibiza.com\/es\/wp-json\/wp\/v2\/types\/page"}],"author":[{"embeddable":true,"href":"https:\/\/micasatucasaibiza.com\/es\/wp-json\/wp\/v2\/users\/1"}],"replies":[{"embeddable":true,"href":"https:\/\/micasatucasaibiza.com\/es\/wp-json\/wp\/v2\/comments?post=8"}],"version-history":[{"count":11,"href":"https:\/\/micasatucasaibiza.com\/es\/wp-json\/wp\/v2\/pages\/8\/revisions"}],"predecessor-version":[{"id":18439,"href":"https:\/\/micasatucasaibiza.com\/es\/wp-json\/wp\/v2\/pages\/8\/revisions\/18439"}],"wp:attachment":[{"href":"https:\/\/micasatucasaibiza.com\/es\/wp-json\/wp\/v2\/media?parent=8"}],"curies":[{"name":"wp","href":"https:\/\/api.w.org\/{rel}","templated":true}]}}