{"id":8062,"date":"2019-11-03T12:16:52","date_gmt":"2019-11-03T11:16:52","guid":{"rendered":"https:\/\/micasatucasaibiza.com\/?page_id=8062"},"modified":"2026-02-10T21:02:01","modified_gmt":"2026-02-10T20:02:01","slug":"ibiza-family-friendly-villas","status":"publish","type":"page","link":"https:\/\/micasatucasaibiza.com\/es\/villas-para-toda-la-familia\/","title":{"rendered":"Para toda la familia"},"content":{"rendered":"<p>Nuestra cartera de villas en Ibiza ha sido cuidadosamente seleccionada pensando en las familias. Casi todas las villas son fant\u00e1sticas para vacaciones familiares para ni\u00f1os de todas las edades. Le aconsejaremos claramente sobre qu\u00e9 villa es la m\u00e1s adecuada para su grupo antes de reservar. Todas las villas est\u00e1n equipadas con ciertos elementos esenciales para los ni\u00f1os peque\u00f1os y la mayor\u00eda tienen algunas actividades adicionales para mantener a todos los ni\u00f1os ocupados, mientras que usted consigue un poco de tiempo precioso.<\/p>\n<h2>Lo esencial para los peque\u00f1os<\/h2>\n<p>Todas nuestras villas est\u00e1n cuidadosamente equipadas con art\u00edculos familiares b\u00e1sicos para que su estancia sea lo m\u00e1s c\u00f3moda y agradable posible. De serie, encontrar\u00e1 una cuna de viaje, una trona y barras para la cama, todo listo y esper\u00e1ndole a su llegada, para que no tenga que viajar con un equipo voluminoso. Sabemos lo importante que es que los m\u00e1s peque\u00f1os se sientan seguros y c\u00f3modos, y que los padres tengan una cosa menos de la que preocuparse.<\/p>\n<p>Si viaja con m\u00e1s de un ni\u00f1o peque\u00f1o, o si trae un grupo de peque\u00f1os aventureros, podemos proporcionarle art\u00edculos adicionales que se adapten a sus necesidades. Para garantizar la disponibilidad y tenerlo todo preparado para su llegada, le rogamos que solicite los art\u00edculos adicionales con antelaci\u00f3n.<\/p>\n<p>&nbsp;<\/p>\n<h2><img decoding=\"async\" src=\"\/wp-content\/uploads\/2024\/04\/toddler-essentials.jpg\" alt=\"Toddler Essentials\" \/><\/h2>\n<h2>Equipamiento adicional para beb\u00e9s y ni\u00f1os<\/h2>\n<p>Queremos que su estancia sea lo m\u00e1s c\u00f3moda y libre de estr\u00e9s posible, especialmente si viaja con ni\u00f1os o necesita equipamiento especial. Aunque no todas las villas incluyen de serie art\u00edculos para beb\u00e9s, podemos ayudarle a organizar lo que necesite, desde vigilabeb\u00e9s hasta esterilizadores de biberones o cambiadores.<\/p>\n<p>Si prefiere comprar sus propios art\u00edculos mientras est\u00e1 aqu\u00ed, tambi\u00e9n estaremos encantados de indicarle tiendas y proveedores locales de confianza. Si prefiere tenerlo todo preparado antes de llegar, puede encargar por adelantado lo que necesite y recibirlo directamente en nuestra oficina. Nos aseguraremos de que est\u00e9 esper\u00e1ndole en la villa, para que pueda instalarse y empezar a disfrutar de sus vacaciones de inmediato.<\/p>\n<p>&nbsp;<\/p>\n<p><img decoding=\"async\" src=\"\/wp-content\/uploads\/2024\/04\/kids-equipment.jpg\" alt=\"Extra baby &amp; kids' equipment\" \/><\/p>\n<h2>Juegos en la villa<\/h2>\n<p>Muchas de nuestras villas est\u00e1n equipadas con fant\u00e1sticas actividades al aire libre para mantener a toda la familia entretenida durante su estancia. A menudo encontrar\u00e1 mesas de ping pong perfectas para competiciones familiares amistosas, campos de petanca donde tanto adultos como ni\u00f1os pueden disfrutar de juegos tradicionales, y camas el\u00e1sticas que sin duda proporcionar\u00e1n horas de diversi\u00f3n en\u00e9rgica a los ni\u00f1os.<\/p>\n<p>Estos extras crean magn\u00edficas oportunidades para estrechar lazos familiares, hacer ejercicio al aire libre y jugar sin preocupaciones bajo el hermoso sol de Ibiza. Dado que estas caracter\u00edsticas var\u00edan de una propiedad a otra, le rogamos que se informe con antelaci\u00f3n para confirmar si estas comodidades est\u00e1n incluidas en la villa de su elecci\u00f3n, o para ayudarle a seleccionar la villa perfecta que se adapte a sus necesidades y garantice unas vacaciones memorables para todos.<\/p>\n<p>&nbsp;<\/p>\n<p><img decoding=\"async\" src=\"\/wp-content\/uploads\/2024\/04\/games-at-villa.jpg\" alt=\"Games at the villa\" \/><\/p>\n<h2>Actividades para ni\u00f1os de la isla<\/h2>\n<p>Eche un vistazo a nuestra <a href=\"\/ibiza-guide\/\">Gu\u00eda de la Isla<\/a>\u00a0para encontrar muchas ideas inspiradoras sobre c\u00f3mo mantener a los ni\u00f1os entretenidos m\u00e1s all\u00e1 de la villa. Ibiza ofrece una amplia gama de actividades llenas de diversi\u00f3n para ni\u00f1os de todas las edades, una forma perfecta de a\u00f1adir variedad y aventura a sus vacaciones familiares.<\/p>\n<p>Muchas de estas actividades populares pueden llenarse, sobre todo en temporada alta, por lo que le recomendamos que planifique con antelaci\u00f3n para asegurarse una plaza. Para facilitarle las cosas, estamos aqu\u00ed para ayudarle con sus reservas y proporcionarle informaci\u00f3n privilegiada sobre los mejores lugares y horarios para visitar. Como expertos locales, nos aseguraremos de que sus vacaciones transcurran sin contratiempos y de forma agradable, ayud\u00e1ndole a aprovechar al m\u00e1ximo todo lo que Ibiza puede ofrecer a las familias.<\/p>\n<p><img decoding=\"async\" src=\"\/wp-content\/uploads\/2017\/07\/kids-activities.jpg\" alt=\"Island Kids activities\" \/><\/p>\n<h2>Piscinas climatizadas<\/h2>\n<p>Varias de las villas disponen de piscina climatizada, lo que puede transformar sus vacaciones de primavera y finales de verano, cuando las piscinas no climatizadas pueden resultar demasiado fr\u00edas para un ba\u00f1o c\u00f3modo. Tener una piscina climatizada significa que puede disfrutar de relajantes ba\u00f1os o de divertidos ratos de piscina en familia independientemente de la estaci\u00f3n del a\u00f1o, ampliando su disfrute al aire libre mucho m\u00e1s all\u00e1 de los meses de verano.<\/p>\n<p>Tenga en cuenta que normalmente se cobra un suplemento por la climatizaci\u00f3n de la piscina, y que este servicio debe solicitarse y confirmarse unos d\u00edas antes de su llegada para garantizar que la piscina est\u00e9 caliente y lista cuando usted llegue. Le recomendamos que nos comunique con antelaci\u00f3n si la piscina climatizada es importante para usted para que podamos comprobar la disponibilidad y organizar todo sin problemas para su estancia.<\/p>\n<div class=\"row mt-4rem\">\n<div class=\"col-md-6\">\n<p>&nbsp;<\/p>\n<\/div>\n<div class=\"col-md-6\">\n<div class=\"bpp img-69 mb-1rem\"><img decoding=\"async\" src=\"\/wp-content\/uploads\/2024\/04\/kids-heated-pool.jpg\" alt=\"Heated pools\" \/><\/div>\n<\/div>\n<\/div>\n<div class=\"row mt-4rem\">\n<div class=\"col-md-6 order-md-1\">\n<h3>Cuidado de ni\u00f1os<\/h3>\n<p>Podemos organizar servicios experimentados de ni\u00f1era y cuidado de ni\u00f1os directamente en su villa, d\u00e1ndole la oportunidad de disfrutar de un merecido tiempo especial sin los ni\u00f1os, ya sea una tarde de relax o una salida nocturna. Nuestros profesionales de confianza para el cuidado de ni\u00f1os est\u00e1n altamente cualificados, lo que garantiza que sus peque\u00f1os estar\u00e1n cuidados con la m\u00e1xima atenci\u00f3n y amabilidad mientras usted se toma un descanso o disfruta de algunas actividades s\u00f3lo para adultos.<\/p>\n<p>Muchas de nuestras ni\u00f1eras hablan varios idiomas, lo que facilita que sus hijos se sientan c\u00f3modos y comprometidos, independientemente de su lugar de origen. Para garantizar la disponibilidad y darnos tiempo suficiente para encontrar la ni\u00f1era perfecta, le rogamos que reserve estos servicios con antelaci\u00f3n. Para estancias m\u00e1s largas, tambi\u00e9n ofrecemos paquetes semanales flexibles, que le permitir\u00e1n planificar un apoyo regular para el cuidado de los ni\u00f1os durante sus vacaciones.<\/p>\n<p>&nbsp;<\/p>\n<\/div>\n<div class=\"col-md-6\">\n<div class=\"bpp img-69 mb-1rem\"><img decoding=\"async\" src=\"\/wp-content\/uploads\/2024\/04\/kids-bubbles.jpg\" alt=\"Childcare\" \/><\/div>\n<\/div>\n<\/div>\n<div class=\"row mt-4rem\">\n<div class=\"col-md-6\">\n<h3>Fiestas de cumplea\u00f1os<\/h3>\n<p>Si necesitas ayuda para organizar una fiesta de cumplea\u00f1os infantil durante tu estancia, estaremos encantados de ayudarte, s\u00f3lo tienes que dec\u00edrnoslo con antelaci\u00f3n para que podamos planificarlo todo a la perfecci\u00f3n. Tanto si se trata de una peque\u00f1a celebraci\u00f3n familiar como de una fiesta de cumplea\u00f1os por todo lo alto, podemos encargarnos de todos los detalles para que el d\u00eda sea m\u00e1gico. Trabajamos con proveedores locales de confianza, desde preciosas tartas hechas a medida y entretenimiento divertido y atractivo hasta cuidado de ni\u00f1os de confianza y bonitas decoraciones.<\/p>\n<p>Entendemos lo importantes que son estos momentos, y nuestro objetivo es asegurarnos de que se conviertan en recuerdos felices. Tanto si su peque\u00f1o sue\u00f1a con una b\u00fasqueda del tesoro en el jard\u00edn, una fiesta del t\u00e9 de cuento de hadas o una aventura tem\u00e1tica de piratas junto a la piscina, nosotros le ayudaremos a darle vida, para que todo lo que tenga que hacer sea disfrutar de las sonrisas y sacar las fotos.<\/p>\n<p>&nbsp;<\/p>\n<\/div>\n<div class=\"col-md-6\">\n<div class=\"bpp img-69 mb-1rem\"><img decoding=\"async\" src=\"\/wp-content\/uploads\/2024\/04\/kids-birthday-parties.jpg\" alt=\"Birthday parties\" \/><\/div>\n<\/div>\n<\/div>\n<div class=\"row mt-4rem\">\n<div class=\"col-md-6 order-md-1\">\n<h3>Villas en Ibiza con vallado de piscina<\/h3>\n<p>Para mayor tranquilidad, podemos vallar la piscina de su villa si lo solicita con antelaci\u00f3n. Esta opci\u00f3n es especialmente apreciada por las familias con ni\u00f1os peque\u00f1os que a\u00fan no saben nadar, ya que ofrece un nivel adicional de seguridad durante su estancia. Aunque no todas las propiedades incluyen vallado de piscina de serie, estaremos encantados de organizarlo para usted siempre que sea posible, s\u00f3lo tiene que avisarnos con antelaci\u00f3n para que podamos hacer los preparativos necesarios antes de su llegada.<\/p>\n<p>Es importante tener en cuenta que, seg\u00fan la normativa vigente sobre licencias de alquiler en las Islas Baleares, no es obligatorio vallar la piscina y, por lo tanto, no es una caracter\u00edstica est\u00e1ndar en la mayor\u00eda de las villas de vacaciones. Sin embargo, entendemos que cada familia tiene diferentes necesidades de seguridad y hacemos todo lo posible para apoyar la suya. Dicho esto, el vallado de la piscina nunca debe considerarse un sustituto de la atenta supervisi\u00f3n de un adulto. Una estrecha vigilancia es esencial cada vez que los ni\u00f1os est\u00e1n cerca o en la piscina, incluso con barreras de seguridad en su lugar.<\/p>\n<p>&nbsp;<\/p>\n<\/div>\n<div class=\"col-md-6\">\n<div class=\"bpp img-69 mb-1rem\"><img decoding=\"async\" src=\"\/wp-content\/uploads\/2025\/02\/family-villas-pool-fencing.jpg\" alt=\"Family Villas Fenced Pool\" \/><\/div>\n<\/div>\n<\/div>\n<div class=\"mt-4rem text-center\">\n<p>Estamos aqu\u00ed para ayudarle a que su estancia sea lo m\u00e1s fluida y agradable posible, as\u00ed que no dude en ponerse en contacto con nuestro conserje si tiene alguna pregunta sobre los servicios mencionados. Nuestro equipo estar\u00e1 a su disposici\u00f3n antes y durante su estancia para asegurarse de que todo funciona correctamente y de que tiene todo lo que necesita. Unas vacaciones familiares en Ibiza sin igual, donde cada detalle se cuida pensando en su tranquilidad (y diversi\u00f3n).<\/p>\n<p>&nbsp;<\/p>\n<p><a class=\"btn btn-primary\" href=\"mailto:concierge@micasatucasaibiza.com\">Cont\u00e1ctenos<\/a><\/p>\n<\/div>\n<p><\/p>","protected":false},"excerpt":{"rendered":"<p>Nuestra cartera de villas en Ibiza ha sido cuidadosamente seleccionada pensando en las familias. Casi todas las villas son fant\u00e1sticas para vacaciones familiares para ni\u00f1os de todas las edades. Le &hellip;<\/p>\n","protected":false},"author":1,"featured_media":8063,"parent":0,"menu_order":20,"comment_status":"closed","ping_status":"closed","template":"pages\/template-simple.php","meta":{"_acf_changed":false,"footnotes":""},"class_list":["post-8062","page","type-page","status-publish","has-post-thumbnail","hentry"],"acf":[],"yoast_head":"<!-- This site is optimized with the Yoast SEO plugin v27.4 - https:\/\/yoast.com\/product\/yoast-seo-wordpress\/ -->\n<title>Villas familiares de lujo en Ibiza | Villas exclusivas para familias<\/title>\n<meta name=\"description\" content=\"Nuestra oferta de villas ha sido cuidadosamente seleccionada pensando en las familias. Casi todas las villas son ideales para vacaciones familiares con ni\u00f1os de todas las edades.\" \/>\n<meta name=\"robots\" content=\"index, follow, max-snippet:-1, max-image-preview:large, max-video-preview:-1\" \/>\n<link rel=\"canonical\" href=\"\/es\/\" \/>\n<meta property=\"og:locale\" content=\"es_ES\" \/>\n<meta property=\"og:type\" content=\"article\" \/>\n<meta property=\"og:title\" content=\"Villas familiares de lujo en Ibiza | Villas exclusivas para familias\" \/>\n<meta property=\"og:description\" content=\"Nuestra oferta de villas ha sido cuidadosamente seleccionada pensando en las familias. Casi todas las villas son ideales para vacaciones familiares con ni\u00f1os de todas las edades.\" \/>\n<meta property=\"og:url\" content=\"\/es\/\" \/>\n<meta property=\"og:site_name\" content=\"Mi Casa Tu Casa Ibiza\" \/>\n<meta property=\"article:publisher\" content=\"https:\/\/www.facebook.com\/MiCasaTuCasaIbiza\/\" \/>\n<meta property=\"article:modified_time\" content=\"2026-02-10T20:02:01+00:00\" \/>\n<meta property=\"og:image\" content=\"https:\/\/micasatucasaibiza.com\/wp-content\/uploads\/2019\/11\/family-friendly-villas-e1572779934682.jpg\" \/>\n\t<meta property=\"og:image:width\" content=\"2048\" \/>\n\t<meta property=\"og:image:height\" content=\"988\" \/>\n\t<meta property=\"og:image:type\" content=\"image\/jpeg\" \/>\n<meta name=\"twitter:label1\" content=\"Tiempo de lectura\" \/>\n\t<meta name=\"twitter:data1\" content=\"5 minutos\" \/>\n<script type=\"application\/ld+json\" class=\"yoast-schema-graph\">{\"@context\":\"https:\\\/\\\/schema.org\",\"@graph\":[{\"@type\":\"WebPage\",\"@id\":\"https:\\\/\\\/micasatucasaibiza.com\\\/es\\\/ibiza-family-friendly-villas\\\/\",\"url\":\"\\\/es\\\/\",\"name\":\"Villas familiares de lujo en Ibiza | Villas exclusivas para familias\",\"isPartOf\":{\"@id\":\"https:\\\/\\\/micasatucasaibiza.com\\\/es\\\/#website\"},\"primaryImageOfPage\":{\"@id\":\"\\\/es\\\/#primaryimage\"},\"image\":{\"@id\":\"\\\/#primaryimage\"},\"thumbnailUrl\":\"https:\\\/\\\/micasatucasaibiza.com\\\/wp-content\\\/uploads\\\/2019\\\/11\\\/family-friendly-villas-e1572779934682.jpg\",\"datePublished\":\"2019-11-03T11:16:52+00:00\",\"dateModified\":\"2026-02-10T20:02:01+00:00\",\"description\":\"Nuestra oferta de villas ha sido cuidadosamente seleccionada pensando en las familias. Casi todas las villas son ideales para vacaciones familiares con ni\u00f1os de todas las edades.\",\"breadcrumb\":{\"@id\":\"\\\/es\\\/#breadcrumb\"},\"inLanguage\":\"es\",\"potentialAction\":[{\"@type\":\"ReadAction\",\"target\":[[\"\\\/es\\\/\"]]}]},{\"@type\":\"ImageObject\",\"inLanguage\":\"es\",\"@id\":\"\\\/es\\\/#primaryimage\",\"url\":\"https:\\\/\\\/micasatucasaibiza.com\\\/wp-content\\\/uploads\\\/2019\\\/11\\\/family-friendly-villas-e1572779934682.jpg\",\"contentUrl\":\"https:\\\/\\\/micasatucasaibiza.com\\\/wp-content\\\/uploads\\\/2019\\\/11\\\/family-friendly-villas-e1572779934682.jpg\",\"width\":2048,\"height\":988,\"caption\":\"Family Friendly Villas\"},{\"@type\":\"BreadcrumbList\",\"@id\":\"\\\/es\\\/#breadcrumb\",\"itemListElement\":[{\"@type\":\"ListItem\",\"position\":1,\"name\":\"Home\",\"item\":\"https:\\\/\\\/micasatucasaibiza.com\\\/es\\\/\"},{\"@type\":\"ListItem\",\"position\":2,\"name\":\"Family friendly villas\"}]},{\"@type\":\"WebSite\",\"@id\":\"https:\\\/\\\/micasatucasaibiza.com\\\/es\\\/#website\",\"url\":\"https:\\\/\\\/micasatucasaibiza.com\\\/es\\\/\",\"name\":\"Mi Casa Tu Casa Ibiza\",\"description\":\"Special villas. Exclusively managed.\",\"publisher\":{\"@id\":\"https:\\\/\\\/micasatucasaibiza.com\\\/es\\\/#organization\"},\"potentialAction\":[{\"@type\":\"SearchAction\",\"target\":{\"@type\":\"EntryPoint\",\"urlTemplate\":\"https:\\\/\\\/micasatucasaibiza.com\\\/es\\\/?s={search_term_string}\"},\"query-input\":{\"@type\":\"PropertyValueSpecification\",\"valueRequired\":true,\"valueName\":\"search_term_string\"}}],\"inLanguage\":\"es\"},{\"@type\":\"Organization\",\"@id\":\"https:\\\/\\\/micasatucasaibiza.com\\\/es\\\/#organization\",\"name\":\"Mi Casa Tu Casa Ibiza\",\"url\":\"https:\\\/\\\/micasatucasaibiza.com\\\/es\\\/\",\"logo\":{\"@type\":\"ImageObject\",\"inLanguage\":\"es\",\"@id\":\"https:\\\/\\\/micasatucasaibiza.com\\\/es\\\/#\\\/schema\\\/logo\\\/image\\\/\",\"url\":\"https:\\\/\\\/micasatucasaibiza.com\\\/wp-content\\\/uploads\\\/logo.gif\",\"contentUrl\":\"https:\\\/\\\/micasatucasaibiza.com\\\/wp-content\\\/uploads\\\/logo.gif\",\"width\":226,\"height\":97,\"caption\":\"Mi Casa Tu Casa Ibiza\"},\"image\":{\"@id\":\"https:\\\/\\\/micasatucasaibiza.com\\\/es\\\/#\\\/schema\\\/logo\\\/image\\\/\"},\"sameAs\":[\"https:\\\/\\\/www.facebook.com\\\/MiCasaTuCasaIbiza\\\/\",\"https:\\\/\\\/www.instagram.com\\\/micasatucasaibiza\\\/\"]}]}<\/script>\n<!-- \/ Yoast SEO plugin. -->","yoast_head_json":{"title":"Villas familiares de lujo en Ibiza | Villas exclusivas para familias","description":"Nuestra oferta de villas ha sido cuidadosamente seleccionada pensando en las familias. Casi todas las villas son ideales para vacaciones familiares con ni\u00f1os de todas las edades.","robots":{"index":"index","follow":"follow","max-snippet":"max-snippet:-1","max-image-preview":"max-image-preview:large","max-video-preview":"max-video-preview:-1"},"canonical":"\/es\/","og_locale":"es_ES","og_type":"article","og_title":"Villas familiares de lujo en Ibiza | Villas exclusivas para familias","og_description":"Nuestra oferta de villas ha sido cuidadosamente seleccionada pensando en las familias. Casi todas las villas son ideales para vacaciones familiares con ni\u00f1os de todas las edades.","og_url":"\/es\/","og_site_name":"Mi Casa Tu Casa Ibiza","article_publisher":"https:\/\/www.facebook.com\/MiCasaTuCasaIbiza\/","article_modified_time":"2026-02-10T20:02:01+00:00","og_image":[{"width":2048,"height":988,"url":"https:\/\/micasatucasaibiza.com\/wp-content\/uploads\/2019\/11\/family-friendly-villas-e1572779934682.jpg","type":"image\/jpeg"}],"twitter_misc":{"Tiempo de lectura":"5 minutos"},"schema":{"@context":"https:\/\/schema.org","@graph":[{"@type":"WebPage","@id":"https:\/\/micasatucasaibiza.com\/es\/ibiza-family-friendly-villas\/","url":"\/es\/","name":"Villas familiares de lujo en Ibiza | Villas exclusivas para familias","isPartOf":{"@id":"https:\/\/micasatucasaibiza.com\/es\/#website"},"primaryImageOfPage":{"@id":"\/es\/#primaryimage"},"image":{"@id":"\/#primaryimage"},"thumbnailUrl":"https:\/\/micasatucasaibiza.com\/wp-content\/uploads\/2019\/11\/family-friendly-villas-e1572779934682.jpg","datePublished":"2019-11-03T11:16:52+00:00","dateModified":"2026-02-10T20:02:01+00:00","description":"Nuestra oferta de villas ha sido cuidadosamente seleccionada pensando en las familias. Casi todas las villas son ideales para vacaciones familiares con ni\u00f1os de todas las edades.","breadcrumb":{"@id":"\/es\/#breadcrumb"},"inLanguage":"es","potentialAction":[{"@type":"ReadAction","target":[["\/es\/"]]}]},{"@type":"ImageObject","inLanguage":"es","@id":"\/es\/#primaryimage","url":"https:\/\/micasatucasaibiza.com\/wp-content\/uploads\/2019\/11\/family-friendly-villas-e1572779934682.jpg","contentUrl":"https:\/\/micasatucasaibiza.com\/wp-content\/uploads\/2019\/11\/family-friendly-villas-e1572779934682.jpg","width":2048,"height":988,"caption":"Family Friendly Villas"},{"@type":"BreadcrumbList","@id":"\/es\/#breadcrumb","itemListElement":[{"@type":"ListItem","position":1,"name":"Home","item":"https:\/\/micasatucasaibiza.com\/es\/"},{"@type":"ListItem","position":2,"name":"Family friendly villas"}]},{"@type":"WebSite","@id":"https:\/\/micasatucasaibiza.com\/es\/#website","url":"https:\/\/micasatucasaibiza.com\/es\/","name":"Mi Casa Tu Casa Ibiza","description":"Special villas. Exclusively managed.","publisher":{"@id":"https:\/\/micasatucasaibiza.com\/es\/#organization"},"potentialAction":[{"@type":"SearchAction","target":{"@type":"EntryPoint","urlTemplate":"https:\/\/micasatucasaibiza.com\/es\/?s={search_term_string}"},"query-input":{"@type":"PropertyValueSpecification","valueRequired":true,"valueName":"search_term_string"}}],"inLanguage":"es"},{"@type":"Organization","@id":"https:\/\/micasatucasaibiza.com\/es\/#organization","name":"Mi Casa Tu Casa Ibiza","url":"https:\/\/micasatucasaibiza.com\/es\/","logo":{"@type":"ImageObject","inLanguage":"es","@id":"https:\/\/micasatucasaibiza.com\/es\/#\/schema\/logo\/image\/","url":"https:\/\/micasatucasaibiza.com\/wp-content\/uploads\/logo.gif","contentUrl":"https:\/\/micasatucasaibiza.com\/wp-content\/uploads\/logo.gif","width":226,"height":97,"caption":"Mi Casa Tu Casa Ibiza"},"image":{"@id":"https:\/\/micasatucasaibiza.com\/es\/#\/schema\/logo\/image\/"},"sameAs":["https:\/\/www.facebook.com\/MiCasaTuCasaIbiza\/","https:\/\/www.instagram.com\/micasatucasaibiza\/"]}]}},"_links":{"self":[{"href":"https:\/\/micasatucasaibiza.com\/es\/wp-json\/wp\/v2\/pages\/8062","targetHints":{"allow":["GET"]}}],"collection":[{"href":"https:\/\/micasatucasaibiza.com\/es\/wp-json\/wp\/v2\/pages"}],"about":[{"href":"https:\/\/micasatucasaibiza.com\/es\/wp-json\/wp\/v2\/types\/page"}],"author":[{"embeddable":true,"href":"https:\/\/micasatucasaibiza.com\/es\/wp-json\/wp\/v2\/users\/1"}],"replies":[{"embeddable":true,"href":"https:\/\/micasatucasaibiza.com\/es\/wp-json\/wp\/v2\/comments?post=8062"}],"version-history":[{"count":10,"href":"https:\/\/micasatucasaibiza.com\/es\/wp-json\/wp\/v2\/pages\/8062\/revisions"}],"predecessor-version":[{"id":18157,"href":"https:\/\/micasatucasaibiza.com\/es\/wp-json\/wp\/v2\/pages\/8062\/revisions\/18157"}],"wp:featuredmedia":[{"embeddable":true,"href":"https:\/\/micasatucasaibiza.com\/es\/wp-json\/wp\/v2\/media\/8063"}],"wp:attachment":[{"href":"https:\/\/micasatucasaibiza.com\/es\/wp-json\/wp\/v2\/media?parent=8062"}],"curies":[{"name":"wp","href":"https:\/\/api.w.org\/{rel}","templated":true}]}}