{"id":8907,"date":"2020-04-17T14:08:17","date_gmt":"2020-04-17T12:08:17","guid":{"rendered":"https:\/\/micasatucasaibiza.com\/?page_id=8907"},"modified":"2026-02-10T20:46:25","modified_gmt":"2026-02-10T19:46:25","slug":"booking-conditions","status":"publish","type":"page","link":"https:\/\/micasatucasaibiza.com\/es\/nuestras-condiciones-de-reserva\/","title":{"rendered":"Reserve con confianza &#8211; Nuestras condiciones de reserva"},"content":{"rendered":"<p><strong>Condiciones de reserva flexibles<\/strong><br \/>\nHemos trabajado con los propietarios de las villas para acordar condiciones de reserva flexibles para nuestros hu\u00e9spedes. A continuaci\u00f3n encontrar\u00e1s nuestras condiciones est\u00e1ndar de reserva.<br \/>\nNo obstante, debes consultar tu contrato de alquiler vacacional para conocer los detalles finales, ya que pueden variar seg\u00fan la villa.<\/p>\n<ul>\n<li>Se abona un dep\u00f3sito del 30% del alquiler al hacer la reserva, y el 70% restante ocho semanas antes de la llegada.<\/li>\n<li>Puedes cancelar, por cualquier motivo, y recibir el reembolso de tu dinero (menos una tasa administrativa del 5%) hasta 4 meses antes del inicio de tus vacaciones (algunas villas pueden tener condiciones distintas).<\/li>\n<\/ul>\n<p><strong>Nuestro equipo es local y experto<\/strong><br \/>\nEstamos en Ibiza todo el a\u00f1o para ayudarte a resolver cualquier problema antes, durante o despu\u00e9s de tus vacaciones. Nuestro equipo multiling\u00fce conoce la isla a la perfecci\u00f3n y te ofrece asistencia 24\/7 durante tu estancia.<\/p>\n<p><strong>La ventaja de alojarte en una villa gestionada en exclusiva<\/strong><br \/>\nSolo gestionamos un n\u00famero limitado de villas de lujo en Ibiza. Esto significa que conocemos cada villa a fondo y que tenemos una excelente relaci\u00f3n con los propietarios, lo que nos permite resolver cualquier situaci\u00f3n inesperada de forma r\u00e1pida y eficaz.<\/p>\n<p><strong>Est\u00e1ndares estrictos de limpieza e higiene<\/strong><br \/>\nSiempre hemos mantenido unos est\u00e1ndares de limpieza muy altos y seguimos estrictamente los protocolos de higiene.<\/p>","protected":false},"excerpt":{"rendered":"<p>Condiciones de reserva flexibles Hemos trabajado con los propietarios de las villas para acordar condiciones de reserva flexibles para nuestros hu\u00e9spedes. A continuaci\u00f3n encontrar\u00e1s nuestras condiciones est\u00e1ndar de reserva. No &hellip;<\/p>\n","protected":false},"author":1,"featured_media":14380,"parent":0,"menu_order":19,"comment_status":"closed","ping_status":"closed","template":"pages\/template-simple.php","meta":{"_acf_changed":false,"footnotes":""},"class_list":["post-8907","page","type-page","status-publish","has-post-thumbnail","hentry"],"acf":[],"yoast_head":"<!-- This site is optimized with the Yoast SEO plugin v27.4 - https:\/\/yoast.com\/product\/yoast-seo-wordpress\/ -->\n<title>Ibiza Holiday Booking | Mi Casa Tu Casa Ibiza<\/title>\n<meta name=\"description\" content=\"Our Ibiza holiday booking conditions give you more flexibility and more peace of mind and we offer you the best in holiday booking conditions.\" \/>\n<meta name=\"robots\" content=\"index, follow, max-snippet:-1, max-image-preview:large, max-video-preview:-1\" \/>\n<link rel=\"canonical\" href=\"\/es\/\" \/>\n<meta property=\"og:locale\" content=\"es_ES\" \/>\n<meta property=\"og:type\" content=\"article\" \/>\n<meta property=\"og:title\" content=\"Ibiza Holiday Booking | Mi Casa Tu Casa Ibiza\" \/>\n<meta property=\"og:description\" content=\"Our Ibiza holiday booking conditions give you more flexibility and more peace of mind and we offer you the best in holiday booking conditions.\" \/>\n<meta property=\"og:url\" content=\"\/es\/\" \/>\n<meta property=\"og:site_name\" content=\"Mi Casa Tu Casa Ibiza\" \/>\n<meta property=\"article:publisher\" content=\"https:\/\/www.facebook.com\/MiCasaTuCasaIbiza\/\" \/>\n<meta property=\"article:modified_time\" content=\"2026-02-10T19:46:25+00:00\" \/>\n<meta property=\"og:image\" content=\"https:\/\/micasatucasaibiza.com\/wp-content\/uploads\/2023\/06\/booking-conditions.jpg\" \/>\n\t<meta property=\"og:image:width\" content=\"2048\" \/>\n\t<meta property=\"og:image:height\" content=\"1453\" \/>\n\t<meta property=\"og:image:type\" content=\"image\/jpeg\" \/>\n<meta name=\"twitter:label1\" content=\"Tiempo de lectura\" \/>\n\t<meta name=\"twitter:data1\" content=\"2 minutos\" \/>\n<script type=\"application\/ld+json\" class=\"yoast-schema-graph\">{\"@context\":\"https:\\\/\\\/schema.org\",\"@graph\":[{\"@type\":\"WebPage\",\"@id\":\"https:\\\/\\\/micasatucasaibiza.com\\\/es\\\/booking-conditions\\\/\",\"url\":\"\\\/es\\\/\",\"name\":\"Ibiza Holiday Booking | Mi Casa Tu Casa Ibiza\",\"isPartOf\":{\"@id\":\"https:\\\/\\\/micasatucasaibiza.com\\\/es\\\/#website\"},\"primaryImageOfPage\":{\"@id\":\"\\\/es\\\/#primaryimage\"},\"image\":{\"@id\":\"\\\/#primaryimage\"},\"thumbnailUrl\":\"https:\\\/\\\/micasatucasaibiza.com\\\/wp-content\\\/uploads\\\/2023\\\/06\\\/booking-conditions.jpg\",\"datePublished\":\"2020-04-17T12:08:17+00:00\",\"dateModified\":\"2026-02-10T19:46:25+00:00\",\"description\":\"Our Ibiza holiday booking conditions give you more flexibility and more peace of mind and we offer you the best in holiday booking conditions.\",\"breadcrumb\":{\"@id\":\"\\\/es\\\/#breadcrumb\"},\"inLanguage\":\"es\",\"potentialAction\":[{\"@type\":\"ReadAction\",\"target\":[[\"\\\/es\\\/\"]]}]},{\"@type\":\"ImageObject\",\"inLanguage\":\"es\",\"@id\":\"\\\/es\\\/#primaryimage\",\"url\":\"https:\\\/\\\/micasatucasaibiza.com\\\/wp-content\\\/uploads\\\/2023\\\/06\\\/booking-conditions.jpg\",\"contentUrl\":\"https:\\\/\\\/micasatucasaibiza.com\\\/wp-content\\\/uploads\\\/2023\\\/06\\\/booking-conditions.jpg\",\"width\":2048,\"height\":1453,\"caption\":\"booking conditions\"},{\"@type\":\"BreadcrumbList\",\"@id\":\"\\\/es\\\/#breadcrumb\",\"itemListElement\":[{\"@type\":\"ListItem\",\"position\":1,\"name\":\"Home\",\"item\":\"https:\\\/\\\/micasatucasaibiza.com\\\/es\\\/\"},{\"@type\":\"ListItem\",\"position\":2,\"name\":\"Book with confidence &#8211; Our villa holiday booking conditions\"}]},{\"@type\":\"WebSite\",\"@id\":\"https:\\\/\\\/micasatucasaibiza.com\\\/es\\\/#website\",\"url\":\"https:\\\/\\\/micasatucasaibiza.com\\\/es\\\/\",\"name\":\"Mi Casa Tu Casa Ibiza\",\"description\":\"Special villas. Exclusively managed.\",\"publisher\":{\"@id\":\"https:\\\/\\\/micasatucasaibiza.com\\\/es\\\/#organization\"},\"potentialAction\":[{\"@type\":\"SearchAction\",\"target\":{\"@type\":\"EntryPoint\",\"urlTemplate\":\"https:\\\/\\\/micasatucasaibiza.com\\\/es\\\/?s={search_term_string}\"},\"query-input\":{\"@type\":\"PropertyValueSpecification\",\"valueRequired\":true,\"valueName\":\"search_term_string\"}}],\"inLanguage\":\"es\"},{\"@type\":\"Organization\",\"@id\":\"https:\\\/\\\/micasatucasaibiza.com\\\/es\\\/#organization\",\"name\":\"Mi Casa Tu Casa Ibiza\",\"url\":\"https:\\\/\\\/micasatucasaibiza.com\\\/es\\\/\",\"logo\":{\"@type\":\"ImageObject\",\"inLanguage\":\"es\",\"@id\":\"https:\\\/\\\/micasatucasaibiza.com\\\/es\\\/#\\\/schema\\\/logo\\\/image\\\/\",\"url\":\"https:\\\/\\\/micasatucasaibiza.com\\\/wp-content\\\/uploads\\\/logo.gif\",\"contentUrl\":\"https:\\\/\\\/micasatucasaibiza.com\\\/wp-content\\\/uploads\\\/logo.gif\",\"width\":226,\"height\":97,\"caption\":\"Mi Casa Tu Casa Ibiza\"},\"image\":{\"@id\":\"https:\\\/\\\/micasatucasaibiza.com\\\/es\\\/#\\\/schema\\\/logo\\\/image\\\/\"},\"sameAs\":[\"https:\\\/\\\/www.facebook.com\\\/MiCasaTuCasaIbiza\\\/\",\"https:\\\/\\\/www.instagram.com\\\/micasatucasaibiza\\\/\"]}]}<\/script>\n<!-- \/ Yoast SEO plugin. -->","yoast_head_json":{"title":"Ibiza Holiday Booking | Mi Casa Tu Casa Ibiza","description":"Our Ibiza holiday booking conditions give you more flexibility and more peace of mind and we offer you the best in holiday booking conditions.","robots":{"index":"index","follow":"follow","max-snippet":"max-snippet:-1","max-image-preview":"max-image-preview:large","max-video-preview":"max-video-preview:-1"},"canonical":"\/es\/","og_locale":"es_ES","og_type":"article","og_title":"Ibiza Holiday Booking | Mi Casa Tu Casa Ibiza","og_description":"Our Ibiza holiday booking conditions give you more flexibility and more peace of mind and we offer you the best in holiday booking conditions.","og_url":"\/es\/","og_site_name":"Mi Casa Tu Casa Ibiza","article_publisher":"https:\/\/www.facebook.com\/MiCasaTuCasaIbiza\/","article_modified_time":"2026-02-10T19:46:25+00:00","og_image":[{"width":2048,"height":1453,"url":"https:\/\/micasatucasaibiza.com\/wp-content\/uploads\/2023\/06\/booking-conditions.jpg","type":"image\/jpeg"}],"twitter_misc":{"Tiempo de lectura":"2 minutos"},"schema":{"@context":"https:\/\/schema.org","@graph":[{"@type":"WebPage","@id":"https:\/\/micasatucasaibiza.com\/es\/booking-conditions\/","url":"\/es\/","name":"Ibiza Holiday Booking | Mi Casa Tu Casa Ibiza","isPartOf":{"@id":"https:\/\/micasatucasaibiza.com\/es\/#website"},"primaryImageOfPage":{"@id":"\/es\/#primaryimage"},"image":{"@id":"\/#primaryimage"},"thumbnailUrl":"https:\/\/micasatucasaibiza.com\/wp-content\/uploads\/2023\/06\/booking-conditions.jpg","datePublished":"2020-04-17T12:08:17+00:00","dateModified":"2026-02-10T19:46:25+00:00","description":"Our Ibiza holiday booking conditions give you more flexibility and more peace of mind and we offer you the best in holiday booking conditions.","breadcrumb":{"@id":"\/es\/#breadcrumb"},"inLanguage":"es","potentialAction":[{"@type":"ReadAction","target":[["\/es\/"]]}]},{"@type":"ImageObject","inLanguage":"es","@id":"\/es\/#primaryimage","url":"https:\/\/micasatucasaibiza.com\/wp-content\/uploads\/2023\/06\/booking-conditions.jpg","contentUrl":"https:\/\/micasatucasaibiza.com\/wp-content\/uploads\/2023\/06\/booking-conditions.jpg","width":2048,"height":1453,"caption":"booking conditions"},{"@type":"BreadcrumbList","@id":"\/es\/#breadcrumb","itemListElement":[{"@type":"ListItem","position":1,"name":"Home","item":"https:\/\/micasatucasaibiza.com\/es\/"},{"@type":"ListItem","position":2,"name":"Book with confidence &#8211; Our villa holiday booking conditions"}]},{"@type":"WebSite","@id":"https:\/\/micasatucasaibiza.com\/es\/#website","url":"https:\/\/micasatucasaibiza.com\/es\/","name":"Mi Casa Tu Casa Ibiza","description":"Special villas. Exclusively managed.","publisher":{"@id":"https:\/\/micasatucasaibiza.com\/es\/#organization"},"potentialAction":[{"@type":"SearchAction","target":{"@type":"EntryPoint","urlTemplate":"https:\/\/micasatucasaibiza.com\/es\/?s={search_term_string}"},"query-input":{"@type":"PropertyValueSpecification","valueRequired":true,"valueName":"search_term_string"}}],"inLanguage":"es"},{"@type":"Organization","@id":"https:\/\/micasatucasaibiza.com\/es\/#organization","name":"Mi Casa Tu Casa Ibiza","url":"https:\/\/micasatucasaibiza.com\/es\/","logo":{"@type":"ImageObject","inLanguage":"es","@id":"https:\/\/micasatucasaibiza.com\/es\/#\/schema\/logo\/image\/","url":"https:\/\/micasatucasaibiza.com\/wp-content\/uploads\/logo.gif","contentUrl":"https:\/\/micasatucasaibiza.com\/wp-content\/uploads\/logo.gif","width":226,"height":97,"caption":"Mi Casa Tu Casa Ibiza"},"image":{"@id":"https:\/\/micasatucasaibiza.com\/es\/#\/schema\/logo\/image\/"},"sameAs":["https:\/\/www.facebook.com\/MiCasaTuCasaIbiza\/","https:\/\/www.instagram.com\/micasatucasaibiza\/"]}]}},"_links":{"self":[{"href":"https:\/\/micasatucasaibiza.com\/es\/wp-json\/wp\/v2\/pages\/8907","targetHints":{"allow":["GET"]}}],"collection":[{"href":"https:\/\/micasatucasaibiza.com\/es\/wp-json\/wp\/v2\/pages"}],"about":[{"href":"https:\/\/micasatucasaibiza.com\/es\/wp-json\/wp\/v2\/types\/page"}],"author":[{"embeddable":true,"href":"https:\/\/micasatucasaibiza.com\/es\/wp-json\/wp\/v2\/users\/1"}],"replies":[{"embeddable":true,"href":"https:\/\/micasatucasaibiza.com\/es\/wp-json\/wp\/v2\/comments?post=8907"}],"version-history":[{"count":10,"href":"https:\/\/micasatucasaibiza.com\/es\/wp-json\/wp\/v2\/pages\/8907\/revisions"}],"predecessor-version":[{"id":18154,"href":"https:\/\/micasatucasaibiza.com\/es\/wp-json\/wp\/v2\/pages\/8907\/revisions\/18154"}],"wp:featuredmedia":[{"embeddable":true,"href":"https:\/\/micasatucasaibiza.com\/es\/wp-json\/wp\/v2\/media\/14380"}],"wp:attachment":[{"href":"https:\/\/micasatucasaibiza.com\/es\/wp-json\/wp\/v2\/media?parent=8907"}],"curies":[{"name":"wp","href":"https:\/\/api.w.org\/{rel}","templated":true}]}}