{"id":10,"date":"2014-02-28T19:53:07","date_gmt":"2014-02-28T18:53:07","guid":{"rendered":"http:\/\/pc-808:8081\/micasatucasaibiza.com\/site\/?page_id=10"},"modified":"2026-02-10T21:24:12","modified_gmt":"2026-02-10T20:24:12","slug":"about-us","status":"publish","type":"page","link":"https:\/\/micasatucasaibiza.com\/fr\/a-propos\/","title":{"rendered":"\u00c0 propos"},"content":{"rendered":"<p>Nous avons cr\u00e9\u00e9 Mi Casa Tu Casa Ibiza en 2011. Nous avions chacun travaill\u00e9 plusieurs ann\u00e9es dans le secteur des villas \u00e0 Ibiza, mais en occupant des r\u00f4les tr\u00e8s diff\u00e9rents \u2013 tous distincts mais tous compl\u00e9mentaires. Nous savions que certaines choses fonctionnaient bien dans l\u2019offre traditionnelle de villas de vacances, mais que d\u2019autres non. Nous avons donc entrepris de cr\u00e9er un mod\u00e8le qui serait id\u00e9al tant pour le locataire que pour le propri\u00e9taire. On dit qu\u2019une maison heureuse m\u00e8ne \u00e0 une vie heureuse, et c\u2019est l\u00e0 que tout a commenc\u00e9. Nous croyons que si nous nous assurons que la villa est superbe, bien entretenue et parfaitement pr\u00e9par\u00e9e pour des <a href=\"\/ibiza-rental-villas\/\">vacances de luxe haut de gamme en villa<\/a>, alors le reste du s\u00e9jour sera, tout simplement, heureux. Avoir le contr\u00f4le et la responsabilit\u00e9 de la villa nous semblait donc essentiel pour atteindre notre objectif. Nous avons donc d\u00e9cid\u00e9 de nous concentrer uniquement sur quelques <a href=\"\/ibiza-rental-villas\/\">villas d\u2019exception<\/a> que nous g\u00e9rions en exclusivit\u00e9, et c\u2019est ainsi que notre signature de marque est n\u00e9e.<\/p>","protected":false},"excerpt":{"rendered":"<p>Nous avons cr\u00e9\u00e9 Mi Casa Tu Casa Ibiza en 2011. Nous avions chacun travaill\u00e9 plusieurs ann\u00e9es dans le secteur des villas \u00e0 Ibiza, mais en occupant des r\u00f4les tr\u00e8s diff\u00e9rents &hellip;<\/p>\n","protected":false},"author":1,"featured_media":17506,"parent":0,"menu_order":21,"comment_status":"closed","ping_status":"closed","template":"pages\/template-about.php","meta":{"_acf_changed":false,"footnotes":""},"class_list":["post-10","page","type-page","status-publish","has-post-thumbnail","hentry"],"acf":[],"yoast_head":"<!-- This site is optimized with the Yoast SEO plugin v27.0 - https:\/\/yoast.com\/product\/yoast-seo-wordpress\/ -->\n<title>Luxury Villas Ibiza. Villa Rental Ibiza. Mi Casa Tu Casa - About<\/title>\n<meta name=\"description\" content=\"Mi Casa Tu Casa Ibiza was founded in 2011, combining years of property management and rental experience. All of our villas are 100% exclusive to us.\" \/>\n<meta name=\"robots\" content=\"index, follow, max-snippet:-1, max-image-preview:large, max-video-preview:-1\" \/>\n<link rel=\"canonical\" href=\"\/fr\/\" \/>\n<meta property=\"og:locale\" content=\"fr_FR\" \/>\n<meta property=\"og:type\" content=\"article\" \/>\n<meta property=\"og:title\" content=\"Luxury Villas Ibiza. Villa Rental Ibiza. Mi Casa Tu Casa - About\" \/>\n<meta property=\"og:description\" content=\"Mi Casa Tu Casa Ibiza was founded in 2011, combining years of property management and rental experience. All of our villas are 100% exclusive to us.\" \/>\n<meta property=\"og:url\" content=\"\/fr\/\" \/>\n<meta property=\"og:site_name\" content=\"Mi Casa Tu Casa Ibiza\" \/>\n<meta property=\"article:publisher\" content=\"https:\/\/www.facebook.com\/MiCasaTuCasaIbiza\/\" \/>\n<meta property=\"article:modified_time\" content=\"2026-02-10T20:24:12+00:00\" \/>\n<meta property=\"og:image\" content=\"https:\/\/micasatucasaibiza.com\/wp-content\/uploads\/2025\/10\/team-photo-office-new.jpg\" \/>\n\t<meta property=\"og:image:width\" content=\"1995\" \/>\n\t<meta property=\"og:image:height\" content=\"946\" \/>\n\t<meta property=\"og:image:type\" content=\"image\/jpeg\" \/>\n<meta name=\"twitter:label1\" content=\"Dur\u00e9e de lecture estim\u00e9e\" \/>\n\t<meta name=\"twitter:data1\" content=\"1 minute\" \/>\n<script type=\"application\/ld+json\" class=\"yoast-schema-graph\">{\"@context\":\"https:\/\/schema.org\",\"@graph\":[{\"@type\":\"WebPage\",\"@id\":\"https:\/\/micasatucasaibiza.com\/fr\/about-us\/\",\"url\":\"\/fr\/\",\"name\":\"Luxury Villas Ibiza. Villa Rental Ibiza. Mi Casa Tu Casa - About\",\"isPartOf\":{\"@id\":\"https:\/\/micasatucasaibiza.com\/fr\/#website\"},\"primaryImageOfPage\":{\"@id\":\"\/fr\/#primaryimage\"},\"image\":{\"@id\":\"\/#primaryimage\"},\"thumbnailUrl\":\"https:\/\/micasatucasaibiza.com\/wp-content\/uploads\/2025\/10\/team-photo-office-new.jpg\",\"datePublished\":\"2014-02-28T18:53:07+00:00\",\"dateModified\":\"2026-02-10T20:24:12+00:00\",\"description\":\"Mi Casa Tu Casa Ibiza was founded in 2011, combining years of property management and rental experience. All of our villas are 100% exclusive to us.\",\"breadcrumb\":{\"@id\":\"\/fr\/#breadcrumb\"},\"inLanguage\":\"fr-FR\",\"potentialAction\":[{\"@type\":\"ReadAction\",\"target\":[[\"\/fr\/\"]]}]},{\"@type\":\"ImageObject\",\"inLanguage\":\"fr-FR\",\"@id\":\"\/fr\/#primaryimage\",\"url\":\"https:\/\/micasatucasaibiza.com\/wp-content\/uploads\/2025\/10\/team-photo-office-new.jpg\",\"contentUrl\":\"https:\/\/micasatucasaibiza.com\/wp-content\/uploads\/2025\/10\/team-photo-office-new.jpg\",\"width\":1995,\"height\":946,\"caption\":\"Team Photo Office New\"},{\"@type\":\"BreadcrumbList\",\"@id\":\"\/fr\/#breadcrumb\",\"itemListElement\":[{\"@type\":\"ListItem\",\"position\":1,\"name\":\"Home\",\"item\":\"https:\/\/micasatucasaibiza.com\/fr\/\"},{\"@type\":\"ListItem\",\"position\":2,\"name\":\"About us\"}]},{\"@type\":\"WebSite\",\"@id\":\"https:\/\/micasatucasaibiza.com\/fr\/#website\",\"url\":\"https:\/\/micasatucasaibiza.com\/fr\/\",\"name\":\"Mi Casa Tu Casa Ibiza\",\"description\":\"Special villas. Exclusively managed.\",\"publisher\":{\"@id\":\"https:\/\/micasatucasaibiza.com\/fr\/#organization\"},\"potentialAction\":[{\"@type\":\"SearchAction\",\"target\":{\"@type\":\"EntryPoint\",\"urlTemplate\":\"https:\/\/micasatucasaibiza.com\/fr\/?s={search_term_string}\"},\"query-input\":{\"@type\":\"PropertyValueSpecification\",\"valueRequired\":true,\"valueName\":\"search_term_string\"}}],\"inLanguage\":\"fr-FR\"},{\"@type\":\"Organization\",\"@id\":\"https:\/\/micasatucasaibiza.com\/fr\/#organization\",\"name\":\"Mi Casa Tu Casa Ibiza\",\"url\":\"https:\/\/micasatucasaibiza.com\/fr\/\",\"logo\":{\"@type\":\"ImageObject\",\"inLanguage\":\"fr-FR\",\"@id\":\"https:\/\/micasatucasaibiza.com\/fr\/#\/schema\/logo\/image\/\",\"url\":\"https:\/\/micasatucasaibiza.com\/wp-content\/uploads\/logo.gif\",\"contentUrl\":\"https:\/\/micasatucasaibiza.com\/wp-content\/uploads\/logo.gif\",\"width\":226,\"height\":97,\"caption\":\"Mi Casa Tu Casa Ibiza\"},\"image\":{\"@id\":\"https:\/\/micasatucasaibiza.com\/fr\/#\/schema\/logo\/image\/\"},\"sameAs\":[\"https:\/\/www.facebook.com\/MiCasaTuCasaIbiza\/\",\"https:\/\/www.instagram.com\/micasatucasaibiza\/\"]}]}<\/script>\n<!-- \/ Yoast SEO plugin. -->","yoast_head_json":{"title":"Luxury Villas Ibiza. Villa Rental Ibiza. Mi Casa Tu Casa - About","description":"Mi Casa Tu Casa Ibiza was founded in 2011, combining years of property management and rental experience. All of our villas are 100% exclusive to us.","robots":{"index":"index","follow":"follow","max-snippet":"max-snippet:-1","max-image-preview":"max-image-preview:large","max-video-preview":"max-video-preview:-1"},"canonical":"\/fr\/","og_locale":"fr_FR","og_type":"article","og_title":"Luxury Villas Ibiza. Villa Rental Ibiza. Mi Casa Tu Casa - About","og_description":"Mi Casa Tu Casa Ibiza was founded in 2011, combining years of property management and rental experience. All of our villas are 100% exclusive to us.","og_url":"\/fr\/","og_site_name":"Mi Casa Tu Casa Ibiza","article_publisher":"https:\/\/www.facebook.com\/MiCasaTuCasaIbiza\/","article_modified_time":"2026-02-10T20:24:12+00:00","og_image":[{"width":1995,"height":946,"url":"https:\/\/micasatucasaibiza.com\/wp-content\/uploads\/2025\/10\/team-photo-office-new.jpg","type":"image\/jpeg"}],"twitter_misc":{"Dur\u00e9e de lecture estim\u00e9e":"1 minute"},"schema":{"@context":"https:\/\/schema.org","@graph":[{"@type":"WebPage","@id":"https:\/\/micasatucasaibiza.com\/fr\/about-us\/","url":"\/fr\/","name":"Luxury Villas Ibiza. Villa Rental Ibiza. Mi Casa Tu Casa - About","isPartOf":{"@id":"https:\/\/micasatucasaibiza.com\/fr\/#website"},"primaryImageOfPage":{"@id":"\/fr\/#primaryimage"},"image":{"@id":"\/#primaryimage"},"thumbnailUrl":"https:\/\/micasatucasaibiza.com\/wp-content\/uploads\/2025\/10\/team-photo-office-new.jpg","datePublished":"2014-02-28T18:53:07+00:00","dateModified":"2026-02-10T20:24:12+00:00","description":"Mi Casa Tu Casa Ibiza was founded in 2011, combining years of property management and rental experience. All of our villas are 100% exclusive to us.","breadcrumb":{"@id":"\/fr\/#breadcrumb"},"inLanguage":"fr-FR","potentialAction":[{"@type":"ReadAction","target":[["\/fr\/"]]}]},{"@type":"ImageObject","inLanguage":"fr-FR","@id":"\/fr\/#primaryimage","url":"https:\/\/micasatucasaibiza.com\/wp-content\/uploads\/2025\/10\/team-photo-office-new.jpg","contentUrl":"https:\/\/micasatucasaibiza.com\/wp-content\/uploads\/2025\/10\/team-photo-office-new.jpg","width":1995,"height":946,"caption":"Team Photo Office New"},{"@type":"BreadcrumbList","@id":"\/fr\/#breadcrumb","itemListElement":[{"@type":"ListItem","position":1,"name":"Home","item":"https:\/\/micasatucasaibiza.com\/fr\/"},{"@type":"ListItem","position":2,"name":"About us"}]},{"@type":"WebSite","@id":"https:\/\/micasatucasaibiza.com\/fr\/#website","url":"https:\/\/micasatucasaibiza.com\/fr\/","name":"Mi Casa Tu Casa Ibiza","description":"Special villas. Exclusively managed.","publisher":{"@id":"https:\/\/micasatucasaibiza.com\/fr\/#organization"},"potentialAction":[{"@type":"SearchAction","target":{"@type":"EntryPoint","urlTemplate":"https:\/\/micasatucasaibiza.com\/fr\/?s={search_term_string}"},"query-input":{"@type":"PropertyValueSpecification","valueRequired":true,"valueName":"search_term_string"}}],"inLanguage":"fr-FR"},{"@type":"Organization","@id":"https:\/\/micasatucasaibiza.com\/fr\/#organization","name":"Mi Casa Tu Casa Ibiza","url":"https:\/\/micasatucasaibiza.com\/fr\/","logo":{"@type":"ImageObject","inLanguage":"fr-FR","@id":"https:\/\/micasatucasaibiza.com\/fr\/#\/schema\/logo\/image\/","url":"https:\/\/micasatucasaibiza.com\/wp-content\/uploads\/logo.gif","contentUrl":"https:\/\/micasatucasaibiza.com\/wp-content\/uploads\/logo.gif","width":226,"height":97,"caption":"Mi Casa Tu Casa Ibiza"},"image":{"@id":"https:\/\/micasatucasaibiza.com\/fr\/#\/schema\/logo\/image\/"},"sameAs":["https:\/\/www.facebook.com\/MiCasaTuCasaIbiza\/","https:\/\/www.instagram.com\/micasatucasaibiza\/"]}]}},"_links":{"self":[{"href":"https:\/\/micasatucasaibiza.com\/fr\/wp-json\/wp\/v2\/pages\/10","targetHints":{"allow":["GET"]}}],"collection":[{"href":"https:\/\/micasatucasaibiza.com\/fr\/wp-json\/wp\/v2\/pages"}],"about":[{"href":"https:\/\/micasatucasaibiza.com\/fr\/wp-json\/wp\/v2\/types\/page"}],"author":[{"embeddable":true,"href":"https:\/\/micasatucasaibiza.com\/fr\/wp-json\/wp\/v2\/users\/1"}],"replies":[{"embeddable":true,"href":"https:\/\/micasatucasaibiza.com\/fr\/wp-json\/wp\/v2\/comments?post=10"}],"version-history":[{"count":13,"href":"https:\/\/micasatucasaibiza.com\/fr\/wp-json\/wp\/v2\/pages\/10\/revisions"}],"predecessor-version":[{"id":18159,"href":"https:\/\/micasatucasaibiza.com\/fr\/wp-json\/wp\/v2\/pages\/10\/revisions\/18159"}],"wp:featuredmedia":[{"embeddable":true,"href":"https:\/\/micasatucasaibiza.com\/fr\/wp-json\/wp\/v2\/media\/17506"}],"wp:attachment":[{"href":"https:\/\/micasatucasaibiza.com\/fr\/wp-json\/wp\/v2\/media?parent=10"}],"curies":[{"name":"wp","href":"https:\/\/api.w.org\/{rel}","templated":true}]}}