{"id":17428,"date":"2025-10-21T17:18:30","date_gmt":"2025-10-21T15:18:30","guid":{"rendered":"https:\/\/micasatucasaibiza.com\/?page_id=17428"},"modified":"2026-02-17T19:53:27","modified_gmt":"2026-02-17T18:53:27","slug":"2-3-bedrooms","status":"publish","type":"page","link":"https:\/\/micasatucasaibiza.com\/fr\/villas-de-luxe-a-louer-ibiza\/2-3-chambres\/","title":{"rendered":"2\/3 Chambres"},"content":{"rendered":"<p>Parfois, petit rime avec parfait. Notre collection de villas \u00e0 2 et 3 chambres \u00e0 Ibiza est con\u00e7ue pour des matins tranquilles, des rires simples et de longues soir\u00e9es au bord de la piscine. Id\u00e9ales pour une famille, un groupe d\u2019amis proches ou toute personne recherchant de l\u2019intimit\u00e9 sans perdre le lien, chaque maison est paisible, personnelle et id\u00e9alement situ\u00e9e.<\/p>","protected":false},"excerpt":{"rendered":"<p>Parfois, petit rime avec parfait. Notre collection de villas \u00e0 2 et 3 chambres \u00e0 Ibiza est con\u00e7ue pour des matins tranquilles, des rires simples et de longues soir\u00e9es au &hellip;<\/p>\n","protected":false},"author":1,"featured_media":14941,"parent":8,"menu_order":4,"comment_status":"closed","ping_status":"closed","template":"pages\/template-villas-filter.php","meta":{"_acf_changed":false,"footnotes":""},"class_list":["post-17428","page","type-page","status-publish","has-post-thumbnail","hentry"],"acf":[],"yoast_head":"<!-- This site is optimized with the Yoast SEO plugin v27.0 - https:\/\/yoast.com\/product\/yoast-seo-wordpress\/ -->\n<title>2\u20133 Bedroom Villas in Ibiza | Mi Casa Tu Casa<\/title>\n<meta name=\"description\" content=\"Hand-picked 2-3 bedroom villas with concierge and privacy. Book your 2 bedroom villa Ibiza or an intimate villa for 2 Ibiza. Exclusively managed, effortless stays\" \/>\n<meta name=\"robots\" content=\"index, follow, max-snippet:-1, max-image-preview:large, max-video-preview:-1\" \/>\n<link rel=\"canonical\" href=\"\/fr\/\" \/>\n<meta property=\"og:locale\" content=\"fr_FR\" \/>\n<meta property=\"og:type\" content=\"article\" \/>\n<meta property=\"og:title\" content=\"2\u20133 Bedroom Villas in Ibiza | Mi Casa Tu Casa\" \/>\n<meta property=\"og:description\" content=\"Hand-picked 2-3 bedroom villas with concierge and privacy. Book your 2 bedroom villa Ibiza or an intimate villa for 2 Ibiza. Exclusively managed, effortless stays\" \/>\n<meta property=\"og:url\" content=\"\/fr\/\" \/>\n<meta property=\"og:site_name\" content=\"Mi Casa Tu Casa Ibiza\" \/>\n<meta property=\"article:publisher\" content=\"https:\/\/www.facebook.com\/MiCasaTuCasaIbiza\/\" \/>\n<meta property=\"article:modified_time\" content=\"2026-02-17T18:53:27+00:00\" \/>\n<meta property=\"og:image\" content=\"https:\/\/micasatucasaibiza.com\/wp-content\/uploads\/2024\/02\/card-bedrooms-2.jpg\" \/>\n\t<meta property=\"og:image:width\" content=\"420\" \/>\n\t<meta property=\"og:image:height\" content=\"590\" \/>\n\t<meta property=\"og:image:type\" content=\"image\/jpeg\" \/>\n<meta name=\"twitter:label1\" content=\"Dur\u00e9e de lecture estim\u00e9e\" \/>\n\t<meta name=\"twitter:data1\" content=\"1 minute\" \/>\n<script type=\"application\/ld+json\" class=\"yoast-schema-graph\">{\"@context\":\"https:\/\/schema.org\",\"@graph\":[{\"@type\":\"WebPage\",\"@id\":\"https:\/\/micasatucasaibiza.com\/fr\/ibiza-luxury-rental-villas\/2-3-bedrooms\/\",\"url\":\"\/fr\/\",\"name\":\"2\u20133 Bedroom Villas in Ibiza | Mi Casa Tu Casa\",\"isPartOf\":{\"@id\":\"https:\/\/micasatucasaibiza.com\/fr\/#website\"},\"primaryImageOfPage\":{\"@id\":\"\/fr\/#primaryimage\"},\"image\":{\"@id\":\"\/#primaryimage\"},\"thumbnailUrl\":\"https:\/\/micasatucasaibiza.com\/wp-content\/uploads\/2024\/02\/card-bedrooms-2.jpg\",\"datePublished\":\"2025-10-21T15:18:30+00:00\",\"dateModified\":\"2026-02-17T18:53:27+00:00\",\"description\":\"Hand-picked 2-3 bedroom villas with concierge and privacy. Book your 2 bedroom villa Ibiza or an intimate villa for 2 Ibiza. Exclusively managed, effortless stays\",\"breadcrumb\":{\"@id\":\"\/fr\/#breadcrumb\"},\"inLanguage\":\"fr-FR\",\"potentialAction\":[{\"@type\":\"ReadAction\",\"target\":[[\"\/fr\/\"]]}]},{\"@type\":\"ImageObject\",\"inLanguage\":\"fr-FR\",\"@id\":\"\/fr\/#primaryimage\",\"url\":\"https:\/\/micasatucasaibiza.com\/wp-content\/uploads\/2024\/02\/card-bedrooms-2.jpg\",\"contentUrl\":\"https:\/\/micasatucasaibiza.com\/wp-content\/uploads\/2024\/02\/card-bedrooms-2.jpg\",\"width\":420,\"height\":590,\"caption\":\"Card Bedrooms 2\"},{\"@type\":\"BreadcrumbList\",\"@id\":\"\/fr\/#breadcrumb\",\"itemListElement\":[{\"@type\":\"ListItem\",\"position\":1,\"name\":\"Home\",\"item\":\"https:\/\/micasatucasaibiza.com\/fr\/\"},{\"@type\":\"ListItem\",\"position\":2,\"name\":\"Our villas\",\"item\":\"https:\/\/micasatucasaibiza.com\/fr\/ibiza-luxury-rental-villas\/\"},{\"@type\":\"ListItem\",\"position\":3,\"name\":\"2\/3 Bedrooms\"}]},{\"@type\":\"WebSite\",\"@id\":\"https:\/\/micasatucasaibiza.com\/fr\/#website\",\"url\":\"https:\/\/micasatucasaibiza.com\/fr\/\",\"name\":\"Mi Casa Tu Casa Ibiza\",\"description\":\"Special villas. Exclusively managed.\",\"publisher\":{\"@id\":\"https:\/\/micasatucasaibiza.com\/fr\/#organization\"},\"potentialAction\":[{\"@type\":\"SearchAction\",\"target\":{\"@type\":\"EntryPoint\",\"urlTemplate\":\"https:\/\/micasatucasaibiza.com\/fr\/?s={search_term_string}\"},\"query-input\":{\"@type\":\"PropertyValueSpecification\",\"valueRequired\":true,\"valueName\":\"search_term_string\"}}],\"inLanguage\":\"fr-FR\"},{\"@type\":\"Organization\",\"@id\":\"https:\/\/micasatucasaibiza.com\/fr\/#organization\",\"name\":\"Mi Casa Tu Casa Ibiza\",\"url\":\"https:\/\/micasatucasaibiza.com\/fr\/\",\"logo\":{\"@type\":\"ImageObject\",\"inLanguage\":\"fr-FR\",\"@id\":\"https:\/\/micasatucasaibiza.com\/fr\/#\/schema\/logo\/image\/\",\"url\":\"https:\/\/micasatucasaibiza.com\/wp-content\/uploads\/logo.gif\",\"contentUrl\":\"https:\/\/micasatucasaibiza.com\/wp-content\/uploads\/logo.gif\",\"width\":226,\"height\":97,\"caption\":\"Mi Casa Tu Casa Ibiza\"},\"image\":{\"@id\":\"https:\/\/micasatucasaibiza.com\/fr\/#\/schema\/logo\/image\/\"},\"sameAs\":[\"https:\/\/www.facebook.com\/MiCasaTuCasaIbiza\/\",\"https:\/\/www.instagram.com\/micasatucasaibiza\/\"]}]}<\/script>\n<!-- \/ Yoast SEO plugin. -->","yoast_head_json":{"title":"2\u20133 Bedroom Villas in Ibiza | Mi Casa Tu Casa","description":"Hand-picked 2-3 bedroom villas with concierge and privacy. Book your 2 bedroom villa Ibiza or an intimate villa for 2 Ibiza. Exclusively managed, effortless stays","robots":{"index":"index","follow":"follow","max-snippet":"max-snippet:-1","max-image-preview":"max-image-preview:large","max-video-preview":"max-video-preview:-1"},"canonical":"\/fr\/","og_locale":"fr_FR","og_type":"article","og_title":"2\u20133 Bedroom Villas in Ibiza | Mi Casa Tu Casa","og_description":"Hand-picked 2-3 bedroom villas with concierge and privacy. Book your 2 bedroom villa Ibiza or an intimate villa for 2 Ibiza. Exclusively managed, effortless stays","og_url":"\/fr\/","og_site_name":"Mi Casa Tu Casa Ibiza","article_publisher":"https:\/\/www.facebook.com\/MiCasaTuCasaIbiza\/","article_modified_time":"2026-02-17T18:53:27+00:00","og_image":[{"width":420,"height":590,"url":"https:\/\/micasatucasaibiza.com\/wp-content\/uploads\/2024\/02\/card-bedrooms-2.jpg","type":"image\/jpeg"}],"twitter_misc":{"Dur\u00e9e de lecture estim\u00e9e":"1 minute"},"schema":{"@context":"https:\/\/schema.org","@graph":[{"@type":"WebPage","@id":"https:\/\/micasatucasaibiza.com\/fr\/ibiza-luxury-rental-villas\/2-3-bedrooms\/","url":"\/fr\/","name":"2\u20133 Bedroom Villas in Ibiza | Mi Casa Tu Casa","isPartOf":{"@id":"https:\/\/micasatucasaibiza.com\/fr\/#website"},"primaryImageOfPage":{"@id":"\/fr\/#primaryimage"},"image":{"@id":"\/#primaryimage"},"thumbnailUrl":"https:\/\/micasatucasaibiza.com\/wp-content\/uploads\/2024\/02\/card-bedrooms-2.jpg","datePublished":"2025-10-21T15:18:30+00:00","dateModified":"2026-02-17T18:53:27+00:00","description":"Hand-picked 2-3 bedroom villas with concierge and privacy. Book your 2 bedroom villa Ibiza or an intimate villa for 2 Ibiza. Exclusively managed, effortless stays","breadcrumb":{"@id":"\/fr\/#breadcrumb"},"inLanguage":"fr-FR","potentialAction":[{"@type":"ReadAction","target":[["\/fr\/"]]}]},{"@type":"ImageObject","inLanguage":"fr-FR","@id":"\/fr\/#primaryimage","url":"https:\/\/micasatucasaibiza.com\/wp-content\/uploads\/2024\/02\/card-bedrooms-2.jpg","contentUrl":"https:\/\/micasatucasaibiza.com\/wp-content\/uploads\/2024\/02\/card-bedrooms-2.jpg","width":420,"height":590,"caption":"Card Bedrooms 2"},{"@type":"BreadcrumbList","@id":"\/fr\/#breadcrumb","itemListElement":[{"@type":"ListItem","position":1,"name":"Home","item":"https:\/\/micasatucasaibiza.com\/fr\/"},{"@type":"ListItem","position":2,"name":"Our villas","item":"https:\/\/micasatucasaibiza.com\/fr\/ibiza-luxury-rental-villas\/"},{"@type":"ListItem","position":3,"name":"2\/3 Bedrooms"}]},{"@type":"WebSite","@id":"https:\/\/micasatucasaibiza.com\/fr\/#website","url":"https:\/\/micasatucasaibiza.com\/fr\/","name":"Mi Casa Tu Casa Ibiza","description":"Special villas. Exclusively managed.","publisher":{"@id":"https:\/\/micasatucasaibiza.com\/fr\/#organization"},"potentialAction":[{"@type":"SearchAction","target":{"@type":"EntryPoint","urlTemplate":"https:\/\/micasatucasaibiza.com\/fr\/?s={search_term_string}"},"query-input":{"@type":"PropertyValueSpecification","valueRequired":true,"valueName":"search_term_string"}}],"inLanguage":"fr-FR"},{"@type":"Organization","@id":"https:\/\/micasatucasaibiza.com\/fr\/#organization","name":"Mi Casa Tu Casa Ibiza","url":"https:\/\/micasatucasaibiza.com\/fr\/","logo":{"@type":"ImageObject","inLanguage":"fr-FR","@id":"https:\/\/micasatucasaibiza.com\/fr\/#\/schema\/logo\/image\/","url":"https:\/\/micasatucasaibiza.com\/wp-content\/uploads\/logo.gif","contentUrl":"https:\/\/micasatucasaibiza.com\/wp-content\/uploads\/logo.gif","width":226,"height":97,"caption":"Mi Casa Tu Casa Ibiza"},"image":{"@id":"https:\/\/micasatucasaibiza.com\/fr\/#\/schema\/logo\/image\/"},"sameAs":["https:\/\/www.facebook.com\/MiCasaTuCasaIbiza\/","https:\/\/www.instagram.com\/micasatucasaibiza\/"]}]}},"_links":{"self":[{"href":"https:\/\/micasatucasaibiza.com\/fr\/wp-json\/wp\/v2\/pages\/17428","targetHints":{"allow":["GET"]}}],"collection":[{"href":"https:\/\/micasatucasaibiza.com\/fr\/wp-json\/wp\/v2\/pages"}],"about":[{"href":"https:\/\/micasatucasaibiza.com\/fr\/wp-json\/wp\/v2\/types\/page"}],"author":[{"embeddable":true,"href":"https:\/\/micasatucasaibiza.com\/fr\/wp-json\/wp\/v2\/users\/1"}],"replies":[{"embeddable":true,"href":"https:\/\/micasatucasaibiza.com\/fr\/wp-json\/wp\/v2\/comments?post=17428"}],"version-history":[{"count":11,"href":"https:\/\/micasatucasaibiza.com\/fr\/wp-json\/wp\/v2\/pages\/17428\/revisions"}],"predecessor-version":[{"id":18207,"href":"https:\/\/micasatucasaibiza.com\/fr\/wp-json\/wp\/v2\/pages\/17428\/revisions\/18207"}],"up":[{"embeddable":true,"href":"https:\/\/micasatucasaibiza.com\/fr\/wp-json\/wp\/v2\/pages\/8"}],"wp:featuredmedia":[{"embeddable":true,"href":"https:\/\/micasatucasaibiza.com\/fr\/wp-json\/wp\/v2\/media\/14941"}],"wp:attachment":[{"href":"https:\/\/micasatucasaibiza.com\/fr\/wp-json\/wp\/v2\/media?parent=17428"}],"curies":[{"name":"wp","href":"https:\/\/api.w.org\/{rel}","templated":true}]}}