{"id":17434,"date":"2025-10-21T18:09:30","date_gmt":"2025-10-21T16:09:30","guid":{"rendered":"https:\/\/micasatucasaibiza.com\/?page_id=17434"},"modified":"2026-02-10T19:53:03","modified_gmt":"2026-02-10T18:53:03","slug":"6-bedrooms","status":"publish","type":"page","link":"https:\/\/micasatucasaibiza.com\/fr\/villas-de-luxe-a-louer-ibiza\/6-chambres\/","title":{"rendered":"6+ Chambres"},"content":{"rendered":"<p>Grande occasion ? Grand groupe ? Notre collection de grandes villas \u00e0 Ibiza r\u00e9unit tout le monde en parfaite harmonie. Des villas de 6 chambres \u00e0 Ibiza jusqu\u2019\u00e0 des propri\u00e9t\u00e9s encore plus spacieuses, ces maisons sont con\u00e7ues pour les familles, les amis et des moments inoubliables partag\u00e9s sous le soleil.<\/p>","protected":false},"excerpt":{"rendered":"<p>Grande occasion ? Grand groupe ? Notre collection de grandes villas \u00e0 Ibiza r\u00e9unit tout le monde en parfaite harmonie. Des villas de 6 chambres \u00e0 Ibiza jusqu\u2019\u00e0 des propri\u00e9t\u00e9s &hellip;<\/p>\n","protected":false},"author":1,"featured_media":14942,"parent":8,"menu_order":7,"comment_status":"closed","ping_status":"closed","template":"pages\/template-villas-filter.php","meta":{"_acf_changed":false,"footnotes":""},"class_list":["post-17434","page","type-page","status-publish","has-post-thumbnail","hentry"],"acf":[],"yoast_head":"<!-- This site is optimized with the Yoast SEO plugin v27.0 - https:\/\/yoast.com\/product\/yoast-seo-wordpress\/ -->\n<title>Large Villas in Ibiza (6\u201310 Bedrooms) | Mi Casa Tu Casa<\/title>\n<meta name=\"description\" content=\"Big-group stays made easy: large villas to rent in Ibiza from 6 bedrooms to more. Ideal for reunions, celebrations, and forever memories\" \/>\n<meta name=\"robots\" content=\"index, follow, max-snippet:-1, max-image-preview:large, max-video-preview:-1\" \/>\n<link rel=\"canonical\" href=\"\/fr\/\" \/>\n<meta property=\"og:locale\" content=\"fr_FR\" \/>\n<meta property=\"og:type\" content=\"article\" \/>\n<meta property=\"og:title\" content=\"Large Villas in Ibiza (6\u201310 Bedrooms) | Mi Casa Tu Casa\" \/>\n<meta property=\"og:description\" content=\"Big-group stays made easy: large villas to rent in Ibiza from 6 bedrooms to more. Ideal for reunions, celebrations, and forever memories\" \/>\n<meta property=\"og:url\" content=\"\/fr\/\" \/>\n<meta property=\"og:site_name\" content=\"Mi Casa Tu Casa Ibiza\" \/>\n<meta property=\"article:publisher\" content=\"https:\/\/www.facebook.com\/MiCasaTuCasaIbiza\/\" \/>\n<meta property=\"article:modified_time\" content=\"2026-02-10T18:53:03+00:00\" \/>\n<meta property=\"og:image\" content=\"https:\/\/micasatucasaibiza.com\/wp-content\/uploads\/2024\/02\/card-bedrooms-6.jpg\" \/>\n\t<meta property=\"og:image:width\" content=\"420\" \/>\n\t<meta property=\"og:image:height\" content=\"590\" \/>\n\t<meta property=\"og:image:type\" content=\"image\/jpeg\" \/>\n<meta name=\"twitter:label1\" content=\"Dur\u00e9e de lecture estim\u00e9e\" \/>\n\t<meta name=\"twitter:data1\" content=\"1 minute\" \/>\n<script type=\"application\/ld+json\" class=\"yoast-schema-graph\">{\"@context\":\"https:\/\/schema.org\",\"@graph\":[{\"@type\":\"WebPage\",\"@id\":\"https:\/\/micasatucasaibiza.com\/fr\/ibiza-luxury-rental-villas\/6-bedrooms\/\",\"url\":\"\/fr\/\",\"name\":\"Large Villas in Ibiza (6\u201310 Bedrooms) | Mi Casa Tu Casa\",\"isPartOf\":{\"@id\":\"https:\/\/micasatucasaibiza.com\/fr\/#website\"},\"primaryImageOfPage\":{\"@id\":\"\/fr\/#primaryimage\"},\"image\":{\"@id\":\"\/#primaryimage\"},\"thumbnailUrl\":\"https:\/\/micasatucasaibiza.com\/wp-content\/uploads\/2024\/02\/card-bedrooms-6.jpg\",\"datePublished\":\"2025-10-21T16:09:30+00:00\",\"dateModified\":\"2026-02-10T18:53:03+00:00\",\"description\":\"Big-group stays made easy: large villas to rent in Ibiza from 6 bedrooms to more. Ideal for reunions, celebrations, and forever memories\",\"breadcrumb\":{\"@id\":\"\/fr\/#breadcrumb\"},\"inLanguage\":\"fr-FR\",\"potentialAction\":[{\"@type\":\"ReadAction\",\"target\":[[\"\/fr\/\"]]}]},{\"@type\":\"ImageObject\",\"inLanguage\":\"fr-FR\",\"@id\":\"\/fr\/#primaryimage\",\"url\":\"https:\/\/micasatucasaibiza.com\/wp-content\/uploads\/2024\/02\/card-bedrooms-6.jpg\",\"contentUrl\":\"https:\/\/micasatucasaibiza.com\/wp-content\/uploads\/2024\/02\/card-bedrooms-6.jpg\",\"width\":420,\"height\":590,\"caption\":\"Card Bedrooms 6\"},{\"@type\":\"BreadcrumbList\",\"@id\":\"\/fr\/#breadcrumb\",\"itemListElement\":[{\"@type\":\"ListItem\",\"position\":1,\"name\":\"Home\",\"item\":\"https:\/\/micasatucasaibiza.com\/fr\/\"},{\"@type\":\"ListItem\",\"position\":2,\"name\":\"Our villas\",\"item\":\"https:\/\/micasatucasaibiza.com\/fr\/ibiza-luxury-rental-villas\/\"},{\"@type\":\"ListItem\",\"position\":3,\"name\":\"6+ Bedrooms\"}]},{\"@type\":\"WebSite\",\"@id\":\"https:\/\/micasatucasaibiza.com\/fr\/#website\",\"url\":\"https:\/\/micasatucasaibiza.com\/fr\/\",\"name\":\"Mi Casa Tu Casa Ibiza\",\"description\":\"Special villas. Exclusively managed.\",\"publisher\":{\"@id\":\"https:\/\/micasatucasaibiza.com\/fr\/#organization\"},\"potentialAction\":[{\"@type\":\"SearchAction\",\"target\":{\"@type\":\"EntryPoint\",\"urlTemplate\":\"https:\/\/micasatucasaibiza.com\/fr\/?s={search_term_string}\"},\"query-input\":{\"@type\":\"PropertyValueSpecification\",\"valueRequired\":true,\"valueName\":\"search_term_string\"}}],\"inLanguage\":\"fr-FR\"},{\"@type\":\"Organization\",\"@id\":\"https:\/\/micasatucasaibiza.com\/fr\/#organization\",\"name\":\"Mi Casa Tu Casa Ibiza\",\"url\":\"https:\/\/micasatucasaibiza.com\/fr\/\",\"logo\":{\"@type\":\"ImageObject\",\"inLanguage\":\"fr-FR\",\"@id\":\"https:\/\/micasatucasaibiza.com\/fr\/#\/schema\/logo\/image\/\",\"url\":\"https:\/\/micasatucasaibiza.com\/wp-content\/uploads\/logo.gif\",\"contentUrl\":\"https:\/\/micasatucasaibiza.com\/wp-content\/uploads\/logo.gif\",\"width\":226,\"height\":97,\"caption\":\"Mi Casa Tu Casa Ibiza\"},\"image\":{\"@id\":\"https:\/\/micasatucasaibiza.com\/fr\/#\/schema\/logo\/image\/\"},\"sameAs\":[\"https:\/\/www.facebook.com\/MiCasaTuCasaIbiza\/\",\"https:\/\/www.instagram.com\/micasatucasaibiza\/\"]}]}<\/script>\n<!-- \/ Yoast SEO plugin. -->","yoast_head_json":{"title":"Large Villas in Ibiza (6\u201310 Bedrooms) | Mi Casa Tu Casa","description":"Big-group stays made easy: large villas to rent in Ibiza from 6 bedrooms to more. Ideal for reunions, celebrations, and forever memories","robots":{"index":"index","follow":"follow","max-snippet":"max-snippet:-1","max-image-preview":"max-image-preview:large","max-video-preview":"max-video-preview:-1"},"canonical":"\/fr\/","og_locale":"fr_FR","og_type":"article","og_title":"Large Villas in Ibiza (6\u201310 Bedrooms) | Mi Casa Tu Casa","og_description":"Big-group stays made easy: large villas to rent in Ibiza from 6 bedrooms to more. Ideal for reunions, celebrations, and forever memories","og_url":"\/fr\/","og_site_name":"Mi Casa Tu Casa Ibiza","article_publisher":"https:\/\/www.facebook.com\/MiCasaTuCasaIbiza\/","article_modified_time":"2026-02-10T18:53:03+00:00","og_image":[{"width":420,"height":590,"url":"https:\/\/micasatucasaibiza.com\/wp-content\/uploads\/2024\/02\/card-bedrooms-6.jpg","type":"image\/jpeg"}],"twitter_misc":{"Dur\u00e9e de lecture estim\u00e9e":"1 minute"},"schema":{"@context":"https:\/\/schema.org","@graph":[{"@type":"WebPage","@id":"https:\/\/micasatucasaibiza.com\/fr\/ibiza-luxury-rental-villas\/6-bedrooms\/","url":"\/fr\/","name":"Large Villas in Ibiza (6\u201310 Bedrooms) | Mi Casa Tu Casa","isPartOf":{"@id":"https:\/\/micasatucasaibiza.com\/fr\/#website"},"primaryImageOfPage":{"@id":"\/fr\/#primaryimage"},"image":{"@id":"\/#primaryimage"},"thumbnailUrl":"https:\/\/micasatucasaibiza.com\/wp-content\/uploads\/2024\/02\/card-bedrooms-6.jpg","datePublished":"2025-10-21T16:09:30+00:00","dateModified":"2026-02-10T18:53:03+00:00","description":"Big-group stays made easy: large villas to rent in Ibiza from 6 bedrooms to more. Ideal for reunions, celebrations, and forever memories","breadcrumb":{"@id":"\/fr\/#breadcrumb"},"inLanguage":"fr-FR","potentialAction":[{"@type":"ReadAction","target":[["\/fr\/"]]}]},{"@type":"ImageObject","inLanguage":"fr-FR","@id":"\/fr\/#primaryimage","url":"https:\/\/micasatucasaibiza.com\/wp-content\/uploads\/2024\/02\/card-bedrooms-6.jpg","contentUrl":"https:\/\/micasatucasaibiza.com\/wp-content\/uploads\/2024\/02\/card-bedrooms-6.jpg","width":420,"height":590,"caption":"Card Bedrooms 6"},{"@type":"BreadcrumbList","@id":"\/fr\/#breadcrumb","itemListElement":[{"@type":"ListItem","position":1,"name":"Home","item":"https:\/\/micasatucasaibiza.com\/fr\/"},{"@type":"ListItem","position":2,"name":"Our villas","item":"https:\/\/micasatucasaibiza.com\/fr\/ibiza-luxury-rental-villas\/"},{"@type":"ListItem","position":3,"name":"6+ Bedrooms"}]},{"@type":"WebSite","@id":"https:\/\/micasatucasaibiza.com\/fr\/#website","url":"https:\/\/micasatucasaibiza.com\/fr\/","name":"Mi Casa Tu Casa Ibiza","description":"Special villas. Exclusively managed.","publisher":{"@id":"https:\/\/micasatucasaibiza.com\/fr\/#organization"},"potentialAction":[{"@type":"SearchAction","target":{"@type":"EntryPoint","urlTemplate":"https:\/\/micasatucasaibiza.com\/fr\/?s={search_term_string}"},"query-input":{"@type":"PropertyValueSpecification","valueRequired":true,"valueName":"search_term_string"}}],"inLanguage":"fr-FR"},{"@type":"Organization","@id":"https:\/\/micasatucasaibiza.com\/fr\/#organization","name":"Mi Casa Tu Casa Ibiza","url":"https:\/\/micasatucasaibiza.com\/fr\/","logo":{"@type":"ImageObject","inLanguage":"fr-FR","@id":"https:\/\/micasatucasaibiza.com\/fr\/#\/schema\/logo\/image\/","url":"https:\/\/micasatucasaibiza.com\/wp-content\/uploads\/logo.gif","contentUrl":"https:\/\/micasatucasaibiza.com\/wp-content\/uploads\/logo.gif","width":226,"height":97,"caption":"Mi Casa Tu Casa Ibiza"},"image":{"@id":"https:\/\/micasatucasaibiza.com\/fr\/#\/schema\/logo\/image\/"},"sameAs":["https:\/\/www.facebook.com\/MiCasaTuCasaIbiza\/","https:\/\/www.instagram.com\/micasatucasaibiza\/"]}]}},"_links":{"self":[{"href":"https:\/\/micasatucasaibiza.com\/fr\/wp-json\/wp\/v2\/pages\/17434","targetHints":{"allow":["GET"]}}],"collection":[{"href":"https:\/\/micasatucasaibiza.com\/fr\/wp-json\/wp\/v2\/pages"}],"about":[{"href":"https:\/\/micasatucasaibiza.com\/fr\/wp-json\/wp\/v2\/types\/page"}],"author":[{"embeddable":true,"href":"https:\/\/micasatucasaibiza.com\/fr\/wp-json\/wp\/v2\/users\/1"}],"replies":[{"embeddable":true,"href":"https:\/\/micasatucasaibiza.com\/fr\/wp-json\/wp\/v2\/comments?post=17434"}],"version-history":[{"count":9,"href":"https:\/\/micasatucasaibiza.com\/fr\/wp-json\/wp\/v2\/pages\/17434\/revisions"}],"predecessor-version":[{"id":18147,"href":"https:\/\/micasatucasaibiza.com\/fr\/wp-json\/wp\/v2\/pages\/17434\/revisions\/18147"}],"up":[{"embeddable":true,"href":"https:\/\/micasatucasaibiza.com\/fr\/wp-json\/wp\/v2\/pages\/8"}],"wp:featuredmedia":[{"embeddable":true,"href":"https:\/\/micasatucasaibiza.com\/fr\/wp-json\/wp\/v2\/media\/14942"}],"wp:attachment":[{"href":"https:\/\/micasatucasaibiza.com\/fr\/wp-json\/wp\/v2\/media?parent=17434"}],"curies":[{"name":"wp","href":"https:\/\/api.w.org\/{rel}","templated":true}]}}