{"id":17918,"date":"2026-01-19T10:18:32","date_gmt":"2026-01-19T09:18:32","guid":{"rendered":"https:\/\/micasatucasaibiza.com\/?page_id=17918"},"modified":"2026-03-10T03:41:02","modified_gmt":"2026-03-10T02:41:02","slug":"faqs","status":"publish","type":"page","link":"https:\/\/micasatucasaibiza.com\/fr\/faqs\/","title":{"rendered":"FAQs"},"content":{"rendered":"<p><\/p>\n<p data-start=\"1521\" data-end=\"1967\">Bien qu\u2019Ibiza devienne de plus en plus une destination toute l\u2019ann\u00e9e, la haute saison commence \u00e0 P\u00e2ques, lorsque l\u2019\u00eele s\u2019anime. Mai et d\u00e9but juin offrent de longues journ\u00e9es chaudes ; de fin juin \u00e0 fin ao\u00fbt est la p\u00e9riode de pointe avec un temps chaud presque garanti, les plages les plus fr\u00e9quent\u00e9es et beaucoup d\u2019\u00e9nergie. Septembre et octobre sont parfaits pour des mers chaudes, des r\u00e9servations plus faciles et des couchers de soleil dor\u00e9s.<\/p>\n<p><\/p>","protected":false},"excerpt":{"rendered":"<p>Bien qu\u2019Ibiza devienne de plus en plus une destination toute l\u2019ann\u00e9e, la haute saison commence \u00e0 P\u00e2ques, lorsque l\u2019\u00eele s\u2019anime. Mai et d\u00e9but juin offrent de longues journ\u00e9es chaudes ; &hellip;<\/p>\n","protected":false},"author":1,"featured_media":0,"parent":0,"menu_order":1,"comment_status":"closed","ping_status":"closed","template":"pages\/template-faqs.php","meta":{"_acf_changed":false,"footnotes":""},"class_list":["post-17918","page","type-page","status-publish","hentry"],"acf":[],"yoast_head":"<!-- This site is optimized with the Yoast SEO plugin v27.0 - https:\/\/yoast.com\/product\/yoast-seo-wordpress\/ -->\n<title>| FAQs | Mi Casa Tu Casa Ibiza<\/title>\n<meta name=\"robots\" content=\"index, follow, max-snippet:-1, max-image-preview:large, max-video-preview:-1\" \/>\n<link rel=\"canonical\" href=\"\/fr\/\" \/>\n<meta property=\"og:locale\" content=\"fr_FR\" \/>\n<meta property=\"og:type\" content=\"article\" \/>\n<meta property=\"og:title\" content=\"| FAQs | Mi Casa Tu Casa Ibiza\" \/>\n<meta property=\"og:url\" content=\"\/fr\/\" \/>\n<meta property=\"og:site_name\" content=\"Mi Casa Tu Casa Ibiza\" \/>\n<meta property=\"article:publisher\" content=\"https:\/\/www.facebook.com\/MiCasaTuCasaIbiza\/\" \/>\n<meta property=\"article:modified_time\" content=\"2026-03-10T02:41:02+00:00\" \/>\n<meta name=\"twitter:label1\" content=\"Dur\u00e9e de lecture estim\u00e9e\" \/>\n\t<meta name=\"twitter:data1\" content=\"1 minute\" \/>\n<script type=\"application\/ld+json\" class=\"yoast-schema-graph\">{\"@context\":\"https:\/\/schema.org\",\"@graph\":[{\"@type\":\"WebPage\",\"@id\":\"https:\/\/micasatucasaibiza.com\/fr\/faqs\/\",\"url\":\"\/fr\/\",\"name\":\"| FAQs | Mi Casa Tu Casa Ibiza\",\"isPartOf\":{\"@id\":\"https:\/\/micasatucasaibiza.com\/fr\/#website\"},\"datePublished\":\"2026-01-19T09:18:32+00:00\",\"dateModified\":\"2026-03-10T02:41:02+00:00\",\"breadcrumb\":{\"@id\":\"\/fr\/#breadcrumb\"},\"inLanguage\":\"fr-FR\",\"potentialAction\":[{\"@type\":\"ReadAction\",\"target\":[[\"\/fr\/\"]]}]},{\"@type\":\"BreadcrumbList\",\"@id\":\"\/fr\/#breadcrumb\",\"itemListElement\":[{\"@type\":\"ListItem\",\"position\":1,\"name\":\"Home\",\"item\":\"https:\/\/micasatucasaibiza.com\/fr\/\"},{\"@type\":\"ListItem\",\"position\":2,\"name\":\"FAQs\"}]},{\"@type\":\"WebSite\",\"@id\":\"https:\/\/micasatucasaibiza.com\/fr\/#website\",\"url\":\"https:\/\/micasatucasaibiza.com\/fr\/\",\"name\":\"Mi Casa Tu Casa Ibiza\",\"description\":\"Special villas. Exclusively managed.\",\"publisher\":{\"@id\":\"https:\/\/micasatucasaibiza.com\/fr\/#organization\"},\"potentialAction\":[{\"@type\":\"SearchAction\",\"target\":{\"@type\":\"EntryPoint\",\"urlTemplate\":\"https:\/\/micasatucasaibiza.com\/fr\/?s={search_term_string}\"},\"query-input\":{\"@type\":\"PropertyValueSpecification\",\"valueRequired\":true,\"valueName\":\"search_term_string\"}}],\"inLanguage\":\"fr-FR\"},{\"@type\":\"Organization\",\"@id\":\"https:\/\/micasatucasaibiza.com\/fr\/#organization\",\"name\":\"Mi Casa Tu Casa Ibiza\",\"url\":\"https:\/\/micasatucasaibiza.com\/fr\/\",\"logo\":{\"@type\":\"ImageObject\",\"inLanguage\":\"fr-FR\",\"@id\":\"https:\/\/micasatucasaibiza.com\/fr\/#\/schema\/logo\/image\/\",\"url\":\"https:\/\/micasatucasaibiza.com\/wp-content\/uploads\/logo.gif\",\"contentUrl\":\"https:\/\/micasatucasaibiza.com\/wp-content\/uploads\/logo.gif\",\"width\":226,\"height\":97,\"caption\":\"Mi Casa Tu Casa Ibiza\"},\"image\":{\"@id\":\"https:\/\/micasatucasaibiza.com\/fr\/#\/schema\/logo\/image\/\"},\"sameAs\":[\"https:\/\/www.facebook.com\/MiCasaTuCasaIbiza\/\",\"https:\/\/www.instagram.com\/micasatucasaibiza\/\"]}]}<\/script>\n<!-- \/ Yoast SEO plugin. -->","yoast_head_json":{"title":"| FAQs | Mi Casa Tu Casa Ibiza","robots":{"index":"index","follow":"follow","max-snippet":"max-snippet:-1","max-image-preview":"max-image-preview:large","max-video-preview":"max-video-preview:-1"},"canonical":"\/fr\/","og_locale":"fr_FR","og_type":"article","og_title":"| FAQs | Mi Casa Tu Casa Ibiza","og_url":"\/fr\/","og_site_name":"Mi Casa Tu Casa Ibiza","article_publisher":"https:\/\/www.facebook.com\/MiCasaTuCasaIbiza\/","article_modified_time":"2026-03-10T02:41:02+00:00","twitter_misc":{"Dur\u00e9e de lecture estim\u00e9e":"1 minute"},"schema":{"@context":"https:\/\/schema.org","@graph":[{"@type":"WebPage","@id":"https:\/\/micasatucasaibiza.com\/fr\/faqs\/","url":"\/fr\/","name":"| FAQs | Mi Casa Tu Casa Ibiza","isPartOf":{"@id":"https:\/\/micasatucasaibiza.com\/fr\/#website"},"datePublished":"2026-01-19T09:18:32+00:00","dateModified":"2026-03-10T02:41:02+00:00","breadcrumb":{"@id":"\/fr\/#breadcrumb"},"inLanguage":"fr-FR","potentialAction":[{"@type":"ReadAction","target":[["\/fr\/"]]}]},{"@type":"BreadcrumbList","@id":"\/fr\/#breadcrumb","itemListElement":[{"@type":"ListItem","position":1,"name":"Home","item":"https:\/\/micasatucasaibiza.com\/fr\/"},{"@type":"ListItem","position":2,"name":"FAQs"}]},{"@type":"WebSite","@id":"https:\/\/micasatucasaibiza.com\/fr\/#website","url":"https:\/\/micasatucasaibiza.com\/fr\/","name":"Mi Casa Tu Casa Ibiza","description":"Special villas. Exclusively managed.","publisher":{"@id":"https:\/\/micasatucasaibiza.com\/fr\/#organization"},"potentialAction":[{"@type":"SearchAction","target":{"@type":"EntryPoint","urlTemplate":"https:\/\/micasatucasaibiza.com\/fr\/?s={search_term_string}"},"query-input":{"@type":"PropertyValueSpecification","valueRequired":true,"valueName":"search_term_string"}}],"inLanguage":"fr-FR"},{"@type":"Organization","@id":"https:\/\/micasatucasaibiza.com\/fr\/#organization","name":"Mi Casa Tu Casa Ibiza","url":"https:\/\/micasatucasaibiza.com\/fr\/","logo":{"@type":"ImageObject","inLanguage":"fr-FR","@id":"https:\/\/micasatucasaibiza.com\/fr\/#\/schema\/logo\/image\/","url":"https:\/\/micasatucasaibiza.com\/wp-content\/uploads\/logo.gif","contentUrl":"https:\/\/micasatucasaibiza.com\/wp-content\/uploads\/logo.gif","width":226,"height":97,"caption":"Mi Casa Tu Casa Ibiza"},"image":{"@id":"https:\/\/micasatucasaibiza.com\/fr\/#\/schema\/logo\/image\/"},"sameAs":["https:\/\/www.facebook.com\/MiCasaTuCasaIbiza\/","https:\/\/www.instagram.com\/micasatucasaibiza\/"]}]}},"_links":{"self":[{"href":"https:\/\/micasatucasaibiza.com\/fr\/wp-json\/wp\/v2\/pages\/17918","targetHints":{"allow":["GET"]}}],"collection":[{"href":"https:\/\/micasatucasaibiza.com\/fr\/wp-json\/wp\/v2\/pages"}],"about":[{"href":"https:\/\/micasatucasaibiza.com\/fr\/wp-json\/wp\/v2\/types\/page"}],"author":[{"embeddable":true,"href":"https:\/\/micasatucasaibiza.com\/fr\/wp-json\/wp\/v2\/users\/1"}],"replies":[{"embeddable":true,"href":"https:\/\/micasatucasaibiza.com\/fr\/wp-json\/wp\/v2\/comments?post=17918"}],"version-history":[{"count":10,"href":"https:\/\/micasatucasaibiza.com\/fr\/wp-json\/wp\/v2\/pages\/17918\/revisions"}],"predecessor-version":[{"id":18461,"href":"https:\/\/micasatucasaibiza.com\/fr\/wp-json\/wp\/v2\/pages\/17918\/revisions\/18461"}],"wp:attachment":[{"href":"https:\/\/micasatucasaibiza.com\/fr\/wp-json\/wp\/v2\/media?parent=17918"}],"curies":[{"name":"wp","href":"https:\/\/api.w.org\/{rel}","templated":true}]}}