{"id":17936,"date":"2026-01-19T12:14:32","date_gmt":"2026-01-19T11:14:32","guid":{"rendered":"https:\/\/micasatucasaibiza.com\/?page_id=17936"},"modified":"2026-03-10T03:05:25","modified_gmt":"2026-03-10T02:05:25","slug":"santa-gertrudis","status":"publish","type":"page","link":"https:\/\/micasatucasaibiza.com\/fr\/villas-de-luxe-a-louer-ibiza\/location\/santa-gertrudis\/","title":{"rendered":"Santa Gertrudis"},"content":{"rendered":"<p><\/p>\n<p data-start=\"1760\" data-end=\"2308\">Au c\u0153ur d\u2019Ibiza se trouve Santa Gertrudis. Un village d\u2019artistes, de gourmets et de familles qui savent savourer les choses simples. De jolies maisons entourent une place ensoleill\u00e9e anim\u00e9e de caf\u00e9s, de galeries et de sourires tranquilles. Nos villas de vacances \u00e9l\u00e9gantes \u00e0 Santa Gertrudis vous permettent de profiter de la paisible vie \u00e0 la campagne et d\u2019une incroyable s\u00e9lection de d\u00e9licieux restaurants, tout en \u00e9tant \u00e0 moins de 20 minutes de nombreuses plus belles plages de l\u2019\u00eele et de la vieille ville d\u2019Ibiza.<\/p>\n<p><\/p>","protected":false},"excerpt":{"rendered":"<p>Au c\u0153ur d\u2019Ibiza se trouve Santa Gertrudis. Un village d\u2019artistes, de gourmets et de familles qui savent savourer les choses simples. De jolies maisons entourent une place ensoleill\u00e9e anim\u00e9e de &hellip;<\/p>\n","protected":false},"author":1,"featured_media":0,"parent":17934,"menu_order":13,"comment_status":"closed","ping_status":"closed","template":"pages\/template-villas-location.php","meta":{"_acf_changed":false,"footnotes":""},"class_list":["post-17936","page","type-page","status-publish","hentry"],"acf":[],"yoast_head":"<!-- This site is optimized with the Yoast SEO plugin v27.4 - https:\/\/yoast.com\/product\/yoast-seo-wordpress\/ -->\n<title>Villas in Santa Gertrudis Ibiza | Mi Casa Tu Casa<\/title>\n<meta name=\"description\" content=\"Relax in beautiful villas in Santa Gertrudis surrounded by Ibiza\u2019s rolling hills. Exclusive homes, calm countryside and personal local service await.\" \/>\n<meta name=\"robots\" content=\"index, follow, max-snippet:-1, max-image-preview:large, max-video-preview:-1\" \/>\n<link rel=\"canonical\" href=\"\/fr\/\" \/>\n<meta property=\"og:locale\" content=\"fr_FR\" \/>\n<meta property=\"og:type\" content=\"article\" \/>\n<meta property=\"og:title\" content=\"Villas in Santa Gertrudis Ibiza | Mi Casa Tu Casa\" \/>\n<meta property=\"og:description\" content=\"Relax in beautiful villas in Santa Gertrudis surrounded by Ibiza\u2019s rolling hills. Exclusive homes, calm countryside and personal local service await.\" \/>\n<meta property=\"og:url\" content=\"\/fr\/\" \/>\n<meta property=\"og:site_name\" content=\"Mi Casa Tu Casa Ibiza\" \/>\n<meta property=\"article:publisher\" content=\"https:\/\/www.facebook.com\/MiCasaTuCasaIbiza\/\" \/>\n<meta property=\"article:modified_time\" content=\"2026-03-10T02:05:25+00:00\" \/>\n<meta name=\"twitter:label1\" content=\"Dur\u00e9e de lecture estim\u00e9e\" \/>\n\t<meta name=\"twitter:data1\" content=\"1 minute\" \/>\n<script type=\"application\/ld+json\" class=\"yoast-schema-graph\">{\"@context\":\"https:\\\/\\\/schema.org\",\"@graph\":[{\"@type\":\"WebPage\",\"@id\":\"https:\\\/\\\/micasatucasaibiza.com\\\/fr\\\/ibiza-luxury-rental-villas\\\/location\\\/santa-gertrudis\\\/\",\"url\":\"\\\/fr\\\/\",\"name\":\"Villas in Santa Gertrudis Ibiza | Mi Casa Tu Casa\",\"isPartOf\":{\"@id\":\"https:\\\/\\\/micasatucasaibiza.com\\\/fr\\\/#website\"},\"datePublished\":\"2026-01-19T11:14:32+00:00\",\"dateModified\":\"2026-03-10T02:05:25+00:00\",\"description\":\"Relax in beautiful villas in Santa Gertrudis surrounded by Ibiza\u2019s rolling hills. Exclusive homes, calm countryside and personal local service await.\",\"breadcrumb\":{\"@id\":\"\\\/fr\\\/#breadcrumb\"},\"inLanguage\":\"fr-FR\",\"potentialAction\":[{\"@type\":\"ReadAction\",\"target\":[[\"\\\/fr\\\/\"]]}]},{\"@type\":\"BreadcrumbList\",\"@id\":\"\\\/fr\\\/#breadcrumb\",\"itemListElement\":[{\"@type\":\"ListItem\",\"position\":1,\"name\":\"Home\",\"item\":\"https:\\\/\\\/micasatucasaibiza.com\\\/fr\\\/\"},{\"@type\":\"ListItem\",\"position\":2,\"name\":\"Our villas\",\"item\":\"https:\\\/\\\/micasatucasaibiza.com\\\/fr\\\/ibiza-luxury-rental-villas\\\/\"},{\"@type\":\"ListItem\",\"position\":3,\"name\":\"Location\",\"item\":\"https:\\\/\\\/micasatucasaibiza.com\\\/fr\\\/ibiza-luxury-rental-villas\\\/location\\\/\"},{\"@type\":\"ListItem\",\"position\":4,\"name\":\"Santa Gertrudis\"}]},{\"@type\":\"WebSite\",\"@id\":\"https:\\\/\\\/micasatucasaibiza.com\\\/fr\\\/#website\",\"url\":\"https:\\\/\\\/micasatucasaibiza.com\\\/fr\\\/\",\"name\":\"Mi Casa Tu Casa Ibiza\",\"description\":\"Special villas. Exclusively managed.\",\"publisher\":{\"@id\":\"https:\\\/\\\/micasatucasaibiza.com\\\/fr\\\/#organization\"},\"potentialAction\":[{\"@type\":\"SearchAction\",\"target\":{\"@type\":\"EntryPoint\",\"urlTemplate\":\"https:\\\/\\\/micasatucasaibiza.com\\\/fr\\\/?s={search_term_string}\"},\"query-input\":{\"@type\":\"PropertyValueSpecification\",\"valueRequired\":true,\"valueName\":\"search_term_string\"}}],\"inLanguage\":\"fr-FR\"},{\"@type\":\"Organization\",\"@id\":\"https:\\\/\\\/micasatucasaibiza.com\\\/fr\\\/#organization\",\"name\":\"Mi Casa Tu Casa Ibiza\",\"url\":\"https:\\\/\\\/micasatucasaibiza.com\\\/fr\\\/\",\"logo\":{\"@type\":\"ImageObject\",\"inLanguage\":\"fr-FR\",\"@id\":\"https:\\\/\\\/micasatucasaibiza.com\\\/fr\\\/#\\\/schema\\\/logo\\\/image\\\/\",\"url\":\"https:\\\/\\\/micasatucasaibiza.com\\\/wp-content\\\/uploads\\\/logo.gif\",\"contentUrl\":\"https:\\\/\\\/micasatucasaibiza.com\\\/wp-content\\\/uploads\\\/logo.gif\",\"width\":226,\"height\":97,\"caption\":\"Mi Casa Tu Casa Ibiza\"},\"image\":{\"@id\":\"https:\\\/\\\/micasatucasaibiza.com\\\/fr\\\/#\\\/schema\\\/logo\\\/image\\\/\"},\"sameAs\":[\"https:\\\/\\\/www.facebook.com\\\/MiCasaTuCasaIbiza\\\/\",\"https:\\\/\\\/www.instagram.com\\\/micasatucasaibiza\\\/\"]}]}<\/script>\n<!-- \/ Yoast SEO plugin. -->","yoast_head_json":{"title":"Villas in Santa Gertrudis Ibiza | Mi Casa Tu Casa","description":"Relax in beautiful villas in Santa Gertrudis surrounded by Ibiza\u2019s rolling hills. Exclusive homes, calm countryside and personal local service await.","robots":{"index":"index","follow":"follow","max-snippet":"max-snippet:-1","max-image-preview":"max-image-preview:large","max-video-preview":"max-video-preview:-1"},"canonical":"\/fr\/","og_locale":"fr_FR","og_type":"article","og_title":"Villas in Santa Gertrudis Ibiza | Mi Casa Tu Casa","og_description":"Relax in beautiful villas in Santa Gertrudis surrounded by Ibiza\u2019s rolling hills. Exclusive homes, calm countryside and personal local service await.","og_url":"\/fr\/","og_site_name":"Mi Casa Tu Casa Ibiza","article_publisher":"https:\/\/www.facebook.com\/MiCasaTuCasaIbiza\/","article_modified_time":"2026-03-10T02:05:25+00:00","twitter_misc":{"Dur\u00e9e de lecture estim\u00e9e":"1 minute"},"schema":{"@context":"https:\/\/schema.org","@graph":[{"@type":"WebPage","@id":"https:\/\/micasatucasaibiza.com\/fr\/ibiza-luxury-rental-villas\/location\/santa-gertrudis\/","url":"\/fr\/","name":"Villas in Santa Gertrudis Ibiza | Mi Casa Tu Casa","isPartOf":{"@id":"https:\/\/micasatucasaibiza.com\/fr\/#website"},"datePublished":"2026-01-19T11:14:32+00:00","dateModified":"2026-03-10T02:05:25+00:00","description":"Relax in beautiful villas in Santa Gertrudis surrounded by Ibiza\u2019s rolling hills. Exclusive homes, calm countryside and personal local service await.","breadcrumb":{"@id":"\/fr\/#breadcrumb"},"inLanguage":"fr-FR","potentialAction":[{"@type":"ReadAction","target":[["\/fr\/"]]}]},{"@type":"BreadcrumbList","@id":"\/fr\/#breadcrumb","itemListElement":[{"@type":"ListItem","position":1,"name":"Home","item":"https:\/\/micasatucasaibiza.com\/fr\/"},{"@type":"ListItem","position":2,"name":"Our villas","item":"https:\/\/micasatucasaibiza.com\/fr\/ibiza-luxury-rental-villas\/"},{"@type":"ListItem","position":3,"name":"Location","item":"https:\/\/micasatucasaibiza.com\/fr\/ibiza-luxury-rental-villas\/location\/"},{"@type":"ListItem","position":4,"name":"Santa Gertrudis"}]},{"@type":"WebSite","@id":"https:\/\/micasatucasaibiza.com\/fr\/#website","url":"https:\/\/micasatucasaibiza.com\/fr\/","name":"Mi Casa Tu Casa Ibiza","description":"Special villas. Exclusively managed.","publisher":{"@id":"https:\/\/micasatucasaibiza.com\/fr\/#organization"},"potentialAction":[{"@type":"SearchAction","target":{"@type":"EntryPoint","urlTemplate":"https:\/\/micasatucasaibiza.com\/fr\/?s={search_term_string}"},"query-input":{"@type":"PropertyValueSpecification","valueRequired":true,"valueName":"search_term_string"}}],"inLanguage":"fr-FR"},{"@type":"Organization","@id":"https:\/\/micasatucasaibiza.com\/fr\/#organization","name":"Mi Casa Tu Casa Ibiza","url":"https:\/\/micasatucasaibiza.com\/fr\/","logo":{"@type":"ImageObject","inLanguage":"fr-FR","@id":"https:\/\/micasatucasaibiza.com\/fr\/#\/schema\/logo\/image\/","url":"https:\/\/micasatucasaibiza.com\/wp-content\/uploads\/logo.gif","contentUrl":"https:\/\/micasatucasaibiza.com\/wp-content\/uploads\/logo.gif","width":226,"height":97,"caption":"Mi Casa Tu Casa Ibiza"},"image":{"@id":"https:\/\/micasatucasaibiza.com\/fr\/#\/schema\/logo\/image\/"},"sameAs":["https:\/\/www.facebook.com\/MiCasaTuCasaIbiza\/","https:\/\/www.instagram.com\/micasatucasaibiza\/"]}]}},"_links":{"self":[{"href":"https:\/\/micasatucasaibiza.com\/fr\/wp-json\/wp\/v2\/pages\/17936","targetHints":{"allow":["GET"]}}],"collection":[{"href":"https:\/\/micasatucasaibiza.com\/fr\/wp-json\/wp\/v2\/pages"}],"about":[{"href":"https:\/\/micasatucasaibiza.com\/fr\/wp-json\/wp\/v2\/types\/page"}],"author":[{"embeddable":true,"href":"https:\/\/micasatucasaibiza.com\/fr\/wp-json\/wp\/v2\/users\/1"}],"replies":[{"embeddable":true,"href":"https:\/\/micasatucasaibiza.com\/fr\/wp-json\/wp\/v2\/comments?post=17936"}],"version-history":[{"count":10,"href":"https:\/\/micasatucasaibiza.com\/fr\/wp-json\/wp\/v2\/pages\/17936\/revisions"}],"predecessor-version":[{"id":18444,"href":"https:\/\/micasatucasaibiza.com\/fr\/wp-json\/wp\/v2\/pages\/17936\/revisions\/18444"}],"up":[{"embeddable":true,"href":"https:\/\/micasatucasaibiza.com\/fr\/wp-json\/wp\/v2\/pages\/17934"}],"wp:attachment":[{"href":"https:\/\/micasatucasaibiza.com\/fr\/wp-json\/wp\/v2\/media?parent=17936"}],"curies":[{"name":"wp","href":"https:\/\/api.w.org\/{rel}","templated":true}]}}