{"id":210,"date":"2014-03-07T08:08:18","date_gmt":"2014-03-07T07:08:18","guid":{"rendered":"http:\/\/pc-808:8081\/micasatucasaibiza.com\/site\/?page_id=210"},"modified":"2026-02-10T21:46:02","modified_gmt":"2026-02-10T20:46:02","slug":"development","status":"publish","type":"page","link":"https:\/\/micasatucasaibiza.com\/fr\/developpement\/","title":{"rendered":"D\u00e9veloppement"},"content":{"rendered":"<p><\/p>\n<p>Au cours des cinq derni\u00e8res ann\u00e9es, nous avons g\u00e9r\u00e9 sept projets majeurs de d\u00e9veloppement de villas et supervis\u00e9 divers autres travaux pour nos clients. Nous sommes passionn\u00e9s par le d\u00e9veloppement et la cr\u00e9ation de magnifiques maisons de vacances. Construire ou r\u00e9nover une villa est une exp\u00e9rience amusante et incroyablement stimulante, cependant, pour de nombreux propri\u00e9taires, mener un grand projet loin de chez soi peut \u00eatre une t\u00e2che intimidante. Nous pouvons vous soulager de cette charge et concr\u00e9tiser votre projet. Nous disposons d&rsquo;un r\u00e9seau de fournisseurs de confiance, \u00e9prouv\u00e9s et reconnus pour mener \u00e0 bien les travaux \u2013 dans les d\u00e9lais, dans le budget et avec qualit\u00e9. Nous travaillons en toute transparence sur les co\u00fbts et avec une approche tr\u00e8s personnelle et impliqu\u00e9e. En r\u00e9sum\u00e9, nous g\u00e9rons votre projet comme si c&rsquo;\u00e9tait le n\u00f4tre et traitons votre maison avec le m\u00eame soin que si c&rsquo;\u00e9tait la n\u00f4tre.<\/p>\n<p><\/p>","protected":false},"excerpt":{"rendered":"<p>Au cours des cinq derni\u00e8res ann\u00e9es, nous avons g\u00e9r\u00e9 sept projets majeurs de d\u00e9veloppement de villas et supervis\u00e9 divers autres travaux pour nos clients. Nous sommes passionn\u00e9s par le d\u00e9veloppement &hellip;<\/p>\n","protected":false},"author":1,"featured_media":0,"parent":0,"menu_order":42,"comment_status":"closed","ping_status":"closed","template":"","meta":{"_acf_changed":false,"footnotes":""},"class_list":["post-210","page","type-page","status-publish","hentry"],"acf":[],"yoast_head":"<!-- This site is optimized with the Yoast SEO plugin v27.4 - https:\/\/yoast.com\/product\/yoast-seo-wordpress\/ -->\n<title>Villa Development Ibiza Mi Casa Tu Casa - Development<\/title>\n<meta name=\"description\" content=\"Over the last five years we have managed seven major villa development projects and overseen a variety of other works for our clients.\" \/>\n<meta name=\"robots\" content=\"index, follow, max-snippet:-1, max-image-preview:large, max-video-preview:-1\" \/>\n<link rel=\"canonical\" href=\"\/fr\/\" \/>\n<meta property=\"og:locale\" content=\"fr_FR\" \/>\n<meta property=\"og:type\" content=\"article\" \/>\n<meta property=\"og:title\" content=\"Villa Development Ibiza Mi Casa Tu Casa - Development\" \/>\n<meta property=\"og:description\" content=\"Over the last five years we have managed seven major villa development projects and overseen a variety of other works for our clients.\" \/>\n<meta property=\"og:url\" content=\"\/fr\/\" \/>\n<meta property=\"og:site_name\" content=\"Mi Casa Tu Casa Ibiza\" \/>\n<meta property=\"article:publisher\" content=\"https:\/\/www.facebook.com\/MiCasaTuCasaIbiza\/\" \/>\n<meta property=\"article:modified_time\" content=\"2026-02-10T20:46:02+00:00\" \/>\n<meta name=\"twitter:label1\" content=\"Dur\u00e9e de lecture estim\u00e9e\" \/>\n\t<meta name=\"twitter:data1\" content=\"1 minute\" \/>\n<script type=\"application\/ld+json\" class=\"yoast-schema-graph\">{\"@context\":\"https:\\\/\\\/schema.org\",\"@graph\":[{\"@type\":\"WebPage\",\"@id\":\"https:\\\/\\\/micasatucasaibiza.com\\\/fr\\\/development\\\/\",\"url\":\"\\\/fr\\\/\",\"name\":\"Villa Development Ibiza Mi Casa Tu Casa - Development\",\"isPartOf\":{\"@id\":\"https:\\\/\\\/micasatucasaibiza.com\\\/fr\\\/#website\"},\"datePublished\":\"2014-03-07T07:08:18+00:00\",\"dateModified\":\"2026-02-10T20:46:02+00:00\",\"description\":\"Over the last five years we have managed seven major villa development projects and overseen a variety of other works for our clients.\",\"breadcrumb\":{\"@id\":\"\\\/fr\\\/#breadcrumb\"},\"inLanguage\":\"fr-FR\",\"potentialAction\":[{\"@type\":\"ReadAction\",\"target\":[[\"\\\/fr\\\/\"]]}]},{\"@type\":\"BreadcrumbList\",\"@id\":\"\\\/fr\\\/#breadcrumb\",\"itemListElement\":[{\"@type\":\"ListItem\",\"position\":1,\"name\":\"Home\",\"item\":\"https:\\\/\\\/micasatucasaibiza.com\\\/fr\\\/\"},{\"@type\":\"ListItem\",\"position\":2,\"name\":\"Development\"}]},{\"@type\":\"WebSite\",\"@id\":\"https:\\\/\\\/micasatucasaibiza.com\\\/fr\\\/#website\",\"url\":\"https:\\\/\\\/micasatucasaibiza.com\\\/fr\\\/\",\"name\":\"Mi Casa Tu Casa Ibiza\",\"description\":\"Special villas. Exclusively managed.\",\"publisher\":{\"@id\":\"https:\\\/\\\/micasatucasaibiza.com\\\/fr\\\/#organization\"},\"potentialAction\":[{\"@type\":\"SearchAction\",\"target\":{\"@type\":\"EntryPoint\",\"urlTemplate\":\"https:\\\/\\\/micasatucasaibiza.com\\\/fr\\\/?s={search_term_string}\"},\"query-input\":{\"@type\":\"PropertyValueSpecification\",\"valueRequired\":true,\"valueName\":\"search_term_string\"}}],\"inLanguage\":\"fr-FR\"},{\"@type\":\"Organization\",\"@id\":\"https:\\\/\\\/micasatucasaibiza.com\\\/fr\\\/#organization\",\"name\":\"Mi Casa Tu Casa Ibiza\",\"url\":\"https:\\\/\\\/micasatucasaibiza.com\\\/fr\\\/\",\"logo\":{\"@type\":\"ImageObject\",\"inLanguage\":\"fr-FR\",\"@id\":\"https:\\\/\\\/micasatucasaibiza.com\\\/fr\\\/#\\\/schema\\\/logo\\\/image\\\/\",\"url\":\"https:\\\/\\\/micasatucasaibiza.com\\\/wp-content\\\/uploads\\\/logo.gif\",\"contentUrl\":\"https:\\\/\\\/micasatucasaibiza.com\\\/wp-content\\\/uploads\\\/logo.gif\",\"width\":226,\"height\":97,\"caption\":\"Mi Casa Tu Casa Ibiza\"},\"image\":{\"@id\":\"https:\\\/\\\/micasatucasaibiza.com\\\/fr\\\/#\\\/schema\\\/logo\\\/image\\\/\"},\"sameAs\":[\"https:\\\/\\\/www.facebook.com\\\/MiCasaTuCasaIbiza\\\/\",\"https:\\\/\\\/www.instagram.com\\\/micasatucasaibiza\\\/\"]}]}<\/script>\n<!-- \/ Yoast SEO plugin. -->","yoast_head_json":{"title":"Villa Development Ibiza Mi Casa Tu Casa - Development","description":"Over the last five years we have managed seven major villa development projects and overseen a variety of other works for our clients.","robots":{"index":"index","follow":"follow","max-snippet":"max-snippet:-1","max-image-preview":"max-image-preview:large","max-video-preview":"max-video-preview:-1"},"canonical":"\/fr\/","og_locale":"fr_FR","og_type":"article","og_title":"Villa Development Ibiza Mi Casa Tu Casa - Development","og_description":"Over the last five years we have managed seven major villa development projects and overseen a variety of other works for our clients.","og_url":"\/fr\/","og_site_name":"Mi Casa Tu Casa Ibiza","article_publisher":"https:\/\/www.facebook.com\/MiCasaTuCasaIbiza\/","article_modified_time":"2026-02-10T20:46:02+00:00","twitter_misc":{"Dur\u00e9e de lecture estim\u00e9e":"1 minute"},"schema":{"@context":"https:\/\/schema.org","@graph":[{"@type":"WebPage","@id":"https:\/\/micasatucasaibiza.com\/fr\/development\/","url":"\/fr\/","name":"Villa Development Ibiza Mi Casa Tu Casa - Development","isPartOf":{"@id":"https:\/\/micasatucasaibiza.com\/fr\/#website"},"datePublished":"2014-03-07T07:08:18+00:00","dateModified":"2026-02-10T20:46:02+00:00","description":"Over the last five years we have managed seven major villa development projects and overseen a variety of other works for our clients.","breadcrumb":{"@id":"\/fr\/#breadcrumb"},"inLanguage":"fr-FR","potentialAction":[{"@type":"ReadAction","target":[["\/fr\/"]]}]},{"@type":"BreadcrumbList","@id":"\/fr\/#breadcrumb","itemListElement":[{"@type":"ListItem","position":1,"name":"Home","item":"https:\/\/micasatucasaibiza.com\/fr\/"},{"@type":"ListItem","position":2,"name":"Development"}]},{"@type":"WebSite","@id":"https:\/\/micasatucasaibiza.com\/fr\/#website","url":"https:\/\/micasatucasaibiza.com\/fr\/","name":"Mi Casa Tu Casa Ibiza","description":"Special villas. Exclusively managed.","publisher":{"@id":"https:\/\/micasatucasaibiza.com\/fr\/#organization"},"potentialAction":[{"@type":"SearchAction","target":{"@type":"EntryPoint","urlTemplate":"https:\/\/micasatucasaibiza.com\/fr\/?s={search_term_string}"},"query-input":{"@type":"PropertyValueSpecification","valueRequired":true,"valueName":"search_term_string"}}],"inLanguage":"fr-FR"},{"@type":"Organization","@id":"https:\/\/micasatucasaibiza.com\/fr\/#organization","name":"Mi Casa Tu Casa Ibiza","url":"https:\/\/micasatucasaibiza.com\/fr\/","logo":{"@type":"ImageObject","inLanguage":"fr-FR","@id":"https:\/\/micasatucasaibiza.com\/fr\/#\/schema\/logo\/image\/","url":"https:\/\/micasatucasaibiza.com\/wp-content\/uploads\/logo.gif","contentUrl":"https:\/\/micasatucasaibiza.com\/wp-content\/uploads\/logo.gif","width":226,"height":97,"caption":"Mi Casa Tu Casa Ibiza"},"image":{"@id":"https:\/\/micasatucasaibiza.com\/fr\/#\/schema\/logo\/image\/"},"sameAs":["https:\/\/www.facebook.com\/MiCasaTuCasaIbiza\/","https:\/\/www.instagram.com\/micasatucasaibiza\/"]}]}},"_links":{"self":[{"href":"https:\/\/micasatucasaibiza.com\/fr\/wp-json\/wp\/v2\/pages\/210","targetHints":{"allow":["GET"]}}],"collection":[{"href":"https:\/\/micasatucasaibiza.com\/fr\/wp-json\/wp\/v2\/pages"}],"about":[{"href":"https:\/\/micasatucasaibiza.com\/fr\/wp-json\/wp\/v2\/types\/page"}],"author":[{"embeddable":true,"href":"https:\/\/micasatucasaibiza.com\/fr\/wp-json\/wp\/v2\/users\/1"}],"replies":[{"embeddable":true,"href":"https:\/\/micasatucasaibiza.com\/fr\/wp-json\/wp\/v2\/comments?post=210"}],"version-history":[{"count":5,"href":"https:\/\/micasatucasaibiza.com\/fr\/wp-json\/wp\/v2\/pages\/210\/revisions"}],"predecessor-version":[{"id":18164,"href":"https:\/\/micasatucasaibiza.com\/fr\/wp-json\/wp\/v2\/pages\/210\/revisions\/18164"}],"wp:attachment":[{"href":"https:\/\/micasatucasaibiza.com\/fr\/wp-json\/wp\/v2\/media?parent=210"}],"curies":[{"name":"wp","href":"https:\/\/api.w.org\/{rel}","templated":true}]}}