{"id":249,"date":"2014-03-10T13:46:51","date_gmt":"2014-03-10T12:46:51","guid":{"rendered":"http:\/\/fixitlab.com.\/dev\/mcdemo\/?page_id=249"},"modified":"2026-02-10T21:40:02","modified_gmt":"2026-02-10T20:40:02","slug":"car-hire","status":"publish","type":"page","link":"https:\/\/micasatucasaibiza.com\/fr\/concierge\/location-de-voitures\/","title":{"rendered":"Location de voitures"},"content":{"rendered":"<p><\/p>\n<p style=\"text-align: center;\">La plupart de nos villas sont merveilleusement priv\u00e9es et nich\u00e9es dans la belle campagne d&rsquo;Ibiza, avoir une voiture de location pour vous emmener le long des caminos vers vos restaurants et plages pr\u00e9f\u00e9r\u00e9s est donc pratiquement indispensable. Nous travaillons avec un fantastique sp\u00e9cialiste local qui offre un excellent service, des prix remarquablement bas et un large choix de v\u00e9hicules : \u00e9conomiques, \u00e9lectriques, 4&#215;4, familiaux et mod\u00e8les de luxe. Ils sont \u00e9galement situ\u00e9s \u00e0 l&rsquo;a\u00e9roport, juste \u00e0 c\u00f4t\u00e9 du terminal, donc pas besoin de navette d\u00e9sagr\u00e9able &#8211; nous ne saurions trop insister sur l&rsquo;importance de ce point, car une longue attente pour votre voiture de location peut g\u00e2cher votre arriv\u00e9e.<\/p>\n<p><\/p>","protected":false},"excerpt":{"rendered":"<p>La plupart de nos villas sont merveilleusement priv\u00e9es et nich\u00e9es dans la belle campagne d&rsquo;Ibiza, avoir une voiture de location pour vous emmener le long des caminos vers vos restaurants &hellip;<\/p>\n","protected":false},"author":1,"featured_media":7368,"parent":13041,"menu_order":23,"comment_status":"closed","ping_status":"closed","template":"pages\/template-car.php","meta":{"_acf_changed":false,"footnotes":""},"class_list":["post-249","page","type-page","status-publish","has-post-thumbnail","hentry"],"acf":[],"yoast_head":"<!-- This site is optimized with the Yoast SEO plugin v27.0 - https:\/\/yoast.com\/product\/yoast-seo-wordpress\/ -->\n<title>Luxury Villas Ibiza. Villa Rental Ibiza. Mi Casa Tu Casa - Car Hire<\/title>\n<meta name=\"description\" content=\"Looking for a car hire in Ibiza, then look no further as Mi Casa Tu Casa in pernership with Motoluis and our page allows you to choose your vehicle and date requirements.\" \/>\n<meta name=\"robots\" content=\"index, follow, max-snippet:-1, max-image-preview:large, max-video-preview:-1\" \/>\n<link rel=\"canonical\" href=\"\/fr\/\" \/>\n<meta property=\"og:locale\" content=\"fr_FR\" \/>\n<meta property=\"og:type\" content=\"article\" \/>\n<meta property=\"og:title\" content=\"Luxury Villas Ibiza. Villa Rental Ibiza. Mi Casa Tu Casa - Car Hire\" \/>\n<meta property=\"og:description\" content=\"Looking for a car hire in Ibiza, then look no further as Mi Casa Tu Casa in pernership with Motoluis and our page allows you to choose your vehicle and date requirements.\" \/>\n<meta property=\"og:url\" content=\"\/fr\/\" \/>\n<meta property=\"og:site_name\" content=\"Mi Casa Tu Casa Ibiza\" \/>\n<meta property=\"article:publisher\" content=\"https:\/\/www.facebook.com\/MiCasaTuCasaIbiza\/\" \/>\n<meta property=\"article:modified_time\" content=\"2026-02-10T20:40:02+00:00\" \/>\n<meta property=\"og:image\" content=\"https:\/\/micasatucasaibiza.com\/wp-content\/uploads\/2019\/08\/car-hire.jpg\" \/>\n\t<meta property=\"og:image:width\" content=\"1555\" \/>\n\t<meta property=\"og:image:height\" content=\"1101\" \/>\n\t<meta property=\"og:image:type\" content=\"image\/jpeg\" \/>\n<meta name=\"twitter:label1\" content=\"Dur\u00e9e de lecture estim\u00e9e\" \/>\n\t<meta name=\"twitter:data1\" content=\"1 minute\" \/>\n<script type=\"application\/ld+json\" class=\"yoast-schema-graph\">{\"@context\":\"https:\/\/schema.org\",\"@graph\":[{\"@type\":\"WebPage\",\"@id\":\"https:\/\/micasatucasaibiza.com\/fr\/ibiza-concierge-services\/car-hire\/\",\"url\":\"\/fr\/\",\"name\":\"Luxury Villas Ibiza. Villa Rental Ibiza. Mi Casa Tu Casa - Car Hire\",\"isPartOf\":{\"@id\":\"https:\/\/micasatucasaibiza.com\/fr\/#website\"},\"primaryImageOfPage\":{\"@id\":\"\/fr\/#primaryimage\"},\"image\":{\"@id\":\"\/#primaryimage\"},\"thumbnailUrl\":\"https:\/\/micasatucasaibiza.com\/wp-content\/uploads\/2019\/08\/car-hire.jpg\",\"datePublished\":\"2014-03-10T12:46:51+00:00\",\"dateModified\":\"2026-02-10T20:40:02+00:00\",\"description\":\"Looking for a car hire in Ibiza, then look no further as Mi Casa Tu Casa in pernership with Motoluis and our page allows you to choose your vehicle and date requirements.\",\"breadcrumb\":{\"@id\":\"\/fr\/#breadcrumb\"},\"inLanguage\":\"fr-FR\",\"potentialAction\":[{\"@type\":\"ReadAction\",\"target\":[[\"\/fr\/\"]]}]},{\"@type\":\"ImageObject\",\"inLanguage\":\"fr-FR\",\"@id\":\"\/fr\/#primaryimage\",\"url\":\"https:\/\/micasatucasaibiza.com\/wp-content\/uploads\/2019\/08\/car-hire.jpg\",\"contentUrl\":\"https:\/\/micasatucasaibiza.com\/wp-content\/uploads\/2019\/08\/car-hire.jpg\",\"width\":1555,\"height\":1101,\"caption\":\"Car Hire\"},{\"@type\":\"BreadcrumbList\",\"@id\":\"\/fr\/#breadcrumb\",\"itemListElement\":[{\"@type\":\"ListItem\",\"position\":1,\"name\":\"Home\",\"item\":\"https:\/\/micasatucasaibiza.com\/fr\/\"},{\"@type\":\"ListItem\",\"position\":2,\"name\":\"Concierge\",\"item\":\"https:\/\/micasatucasaibiza.com\/fr\/ibiza-concierge-services\/\"},{\"@type\":\"ListItem\",\"position\":3,\"name\":\"Car Hire\"}]},{\"@type\":\"WebSite\",\"@id\":\"https:\/\/micasatucasaibiza.com\/fr\/#website\",\"url\":\"https:\/\/micasatucasaibiza.com\/fr\/\",\"name\":\"Mi Casa Tu Casa Ibiza\",\"description\":\"Special villas. Exclusively managed.\",\"publisher\":{\"@id\":\"https:\/\/micasatucasaibiza.com\/fr\/#organization\"},\"potentialAction\":[{\"@type\":\"SearchAction\",\"target\":{\"@type\":\"EntryPoint\",\"urlTemplate\":\"https:\/\/micasatucasaibiza.com\/fr\/?s={search_term_string}\"},\"query-input\":{\"@type\":\"PropertyValueSpecification\",\"valueRequired\":true,\"valueName\":\"search_term_string\"}}],\"inLanguage\":\"fr-FR\"},{\"@type\":\"Organization\",\"@id\":\"https:\/\/micasatucasaibiza.com\/fr\/#organization\",\"name\":\"Mi Casa Tu Casa Ibiza\",\"url\":\"https:\/\/micasatucasaibiza.com\/fr\/\",\"logo\":{\"@type\":\"ImageObject\",\"inLanguage\":\"fr-FR\",\"@id\":\"https:\/\/micasatucasaibiza.com\/fr\/#\/schema\/logo\/image\/\",\"url\":\"https:\/\/micasatucasaibiza.com\/wp-content\/uploads\/logo.gif\",\"contentUrl\":\"https:\/\/micasatucasaibiza.com\/wp-content\/uploads\/logo.gif\",\"width\":226,\"height\":97,\"caption\":\"Mi Casa Tu Casa Ibiza\"},\"image\":{\"@id\":\"https:\/\/micasatucasaibiza.com\/fr\/#\/schema\/logo\/image\/\"},\"sameAs\":[\"https:\/\/www.facebook.com\/MiCasaTuCasaIbiza\/\",\"https:\/\/www.instagram.com\/micasatucasaibiza\/\"]}]}<\/script>\n<!-- \/ Yoast SEO plugin. -->","yoast_head_json":{"title":"Luxury Villas Ibiza. Villa Rental Ibiza. Mi Casa Tu Casa - Car Hire","description":"Looking for a car hire in Ibiza, then look no further as Mi Casa Tu Casa in pernership with Motoluis and our page allows you to choose your vehicle and date requirements.","robots":{"index":"index","follow":"follow","max-snippet":"max-snippet:-1","max-image-preview":"max-image-preview:large","max-video-preview":"max-video-preview:-1"},"canonical":"\/fr\/","og_locale":"fr_FR","og_type":"article","og_title":"Luxury Villas Ibiza. Villa Rental Ibiza. Mi Casa Tu Casa - Car Hire","og_description":"Looking for a car hire in Ibiza, then look no further as Mi Casa Tu Casa in pernership with Motoluis and our page allows you to choose your vehicle and date requirements.","og_url":"\/fr\/","og_site_name":"Mi Casa Tu Casa Ibiza","article_publisher":"https:\/\/www.facebook.com\/MiCasaTuCasaIbiza\/","article_modified_time":"2026-02-10T20:40:02+00:00","og_image":[{"width":1555,"height":1101,"url":"https:\/\/micasatucasaibiza.com\/wp-content\/uploads\/2019\/08\/car-hire.jpg","type":"image\/jpeg"}],"twitter_misc":{"Dur\u00e9e de lecture estim\u00e9e":"1 minute"},"schema":{"@context":"https:\/\/schema.org","@graph":[{"@type":"WebPage","@id":"https:\/\/micasatucasaibiza.com\/fr\/ibiza-concierge-services\/car-hire\/","url":"\/fr\/","name":"Luxury Villas Ibiza. Villa Rental Ibiza. Mi Casa Tu Casa - Car Hire","isPartOf":{"@id":"https:\/\/micasatucasaibiza.com\/fr\/#website"},"primaryImageOfPage":{"@id":"\/fr\/#primaryimage"},"image":{"@id":"\/#primaryimage"},"thumbnailUrl":"https:\/\/micasatucasaibiza.com\/wp-content\/uploads\/2019\/08\/car-hire.jpg","datePublished":"2014-03-10T12:46:51+00:00","dateModified":"2026-02-10T20:40:02+00:00","description":"Looking for a car hire in Ibiza, then look no further as Mi Casa Tu Casa in pernership with Motoluis and our page allows you to choose your vehicle and date requirements.","breadcrumb":{"@id":"\/fr\/#breadcrumb"},"inLanguage":"fr-FR","potentialAction":[{"@type":"ReadAction","target":[["\/fr\/"]]}]},{"@type":"ImageObject","inLanguage":"fr-FR","@id":"\/fr\/#primaryimage","url":"https:\/\/micasatucasaibiza.com\/wp-content\/uploads\/2019\/08\/car-hire.jpg","contentUrl":"https:\/\/micasatucasaibiza.com\/wp-content\/uploads\/2019\/08\/car-hire.jpg","width":1555,"height":1101,"caption":"Car Hire"},{"@type":"BreadcrumbList","@id":"\/fr\/#breadcrumb","itemListElement":[{"@type":"ListItem","position":1,"name":"Home","item":"https:\/\/micasatucasaibiza.com\/fr\/"},{"@type":"ListItem","position":2,"name":"Concierge","item":"https:\/\/micasatucasaibiza.com\/fr\/ibiza-concierge-services\/"},{"@type":"ListItem","position":3,"name":"Car Hire"}]},{"@type":"WebSite","@id":"https:\/\/micasatucasaibiza.com\/fr\/#website","url":"https:\/\/micasatucasaibiza.com\/fr\/","name":"Mi Casa Tu Casa Ibiza","description":"Special villas. Exclusively managed.","publisher":{"@id":"https:\/\/micasatucasaibiza.com\/fr\/#organization"},"potentialAction":[{"@type":"SearchAction","target":{"@type":"EntryPoint","urlTemplate":"https:\/\/micasatucasaibiza.com\/fr\/?s={search_term_string}"},"query-input":{"@type":"PropertyValueSpecification","valueRequired":true,"valueName":"search_term_string"}}],"inLanguage":"fr-FR"},{"@type":"Organization","@id":"https:\/\/micasatucasaibiza.com\/fr\/#organization","name":"Mi Casa Tu Casa Ibiza","url":"https:\/\/micasatucasaibiza.com\/fr\/","logo":{"@type":"ImageObject","inLanguage":"fr-FR","@id":"https:\/\/micasatucasaibiza.com\/fr\/#\/schema\/logo\/image\/","url":"https:\/\/micasatucasaibiza.com\/wp-content\/uploads\/logo.gif","contentUrl":"https:\/\/micasatucasaibiza.com\/wp-content\/uploads\/logo.gif","width":226,"height":97,"caption":"Mi Casa Tu Casa Ibiza"},"image":{"@id":"https:\/\/micasatucasaibiza.com\/fr\/#\/schema\/logo\/image\/"},"sameAs":["https:\/\/www.facebook.com\/MiCasaTuCasaIbiza\/","https:\/\/www.instagram.com\/micasatucasaibiza\/"]}]}},"_links":{"self":[{"href":"https:\/\/micasatucasaibiza.com\/fr\/wp-json\/wp\/v2\/pages\/249","targetHints":{"allow":["GET"]}}],"collection":[{"href":"https:\/\/micasatucasaibiza.com\/fr\/wp-json\/wp\/v2\/pages"}],"about":[{"href":"https:\/\/micasatucasaibiza.com\/fr\/wp-json\/wp\/v2\/types\/page"}],"author":[{"embeddable":true,"href":"https:\/\/micasatucasaibiza.com\/fr\/wp-json\/wp\/v2\/users\/1"}],"replies":[{"embeddable":true,"href":"https:\/\/micasatucasaibiza.com\/fr\/wp-json\/wp\/v2\/comments?post=249"}],"version-history":[{"count":10,"href":"https:\/\/micasatucasaibiza.com\/fr\/wp-json\/wp\/v2\/pages\/249\/revisions"}],"predecessor-version":[{"id":18160,"href":"https:\/\/micasatucasaibiza.com\/fr\/wp-json\/wp\/v2\/pages\/249\/revisions\/18160"}],"up":[{"embeddable":true,"href":"https:\/\/micasatucasaibiza.com\/fr\/wp-json\/wp\/v2\/pages\/13041"}],"wp:featuredmedia":[{"embeddable":true,"href":"https:\/\/micasatucasaibiza.com\/fr\/wp-json\/wp\/v2\/media\/7368"}],"wp:attachment":[{"href":"https:\/\/micasatucasaibiza.com\/fr\/wp-json\/wp\/v2\/media?parent=249"}],"curies":[{"name":"wp","href":"https:\/\/api.w.org\/{rel}","templated":true}]}}