{"id":2605,"date":"2015-08-14T13:10:46","date_gmt":"2015-08-14T12:10:46","guid":{"rendered":"https:\/\/micasatucasaibiza.com\/?page_id=2605"},"modified":"2022-10-24T10:34:46","modified_gmt":"2022-10-24T08:34:46","slug":"best-restaurants-beach-clubs-guide","status":"publish","type":"page","link":"https:\/\/micasatucasaibiza.com\/fr\/best-restaurants-beach-clubs-guide\/","title":{"rendered":"Ibiza&rsquo;s Best Restaurants &#038; Beach Clubs"},"content":{"rendered":"<p class=\"qtranxs-available-languages-message qtranxs-available-languages-message-fr\">D\u00e9sol\u00e9, cet article est seulement disponible en <a href=\"https:\/\/micasatucasaibiza.com\/en\/wp-json\/wp\/v2\/pages\/2605\" class=\"qtranxs-available-language-link qtranxs-available-language-link-en\" title=\"English\">English<\/a>, <a href=\"https:\/\/micasatucasaibiza.com\/es\/wp-json\/wp\/v2\/pages\/2605\" class=\"qtranxs-available-language-link qtranxs-available-language-link-es\" title=\"Espa\u00f1ol\">Espa\u00f1ol<\/a> et <a href=\"https:\/\/micasatucasaibiza.com\/nl\/wp-json\/wp\/v2\/pages\/2605\" class=\"qtranxs-available-language-link qtranxs-available-language-link-nl\" title=\"Nederlands\">Nederlands<\/a>.<\/p>","protected":false},"excerpt":{"rendered":"<p>D\u00e9sol\u00e9, cet article est seulement disponible en English, Espa\u00f1ol et Nederlands.<\/p>\n","protected":false},"author":18,"featured_media":2517,"parent":0,"menu_order":47,"comment_status":"closed","ping_status":"open","template":"","meta":{"_acf_changed":false,"footnotes":""},"class_list":["post-2605","page","type-page","status-publish","has-post-thumbnail","hentry"],"acf":[],"yoast_head":"<!-- This site is optimized with the Yoast SEO plugin v27.4 - https:\/\/yoast.com\/product\/yoast-seo-wordpress\/ -->\n<title>Ibiza\u2019s Best Beach Restaurants &amp; Clubs | MiCasa TuCasa<\/title>\n<meta name=\"description\" content=\"Let us help you find the best Ibiza restaurants with a quick guide on the food, location, atmosphere and people across the island.\" \/>\n<meta name=\"robots\" content=\"index, follow, max-snippet:-1, max-image-preview:large, max-video-preview:-1\" \/>\n<link rel=\"canonical\" href=\"\/fr\/\" \/>\n<meta property=\"og:locale\" content=\"fr_FR\" \/>\n<meta property=\"og:type\" content=\"article\" \/>\n<meta property=\"og:title\" content=\"Ibiza\u2019s Best Beach Restaurants &amp; Clubs | MiCasa TuCasa\" \/>\n<meta property=\"og:description\" content=\"Let us help you find the best Ibiza restaurants with a quick guide on the food, location, atmosphere and people across the island.\" \/>\n<meta property=\"og:url\" content=\"\/fr\/\" \/>\n<meta property=\"og:site_name\" content=\"Mi Casa Tu Casa Ibiza\" \/>\n<meta property=\"article:publisher\" content=\"https:\/\/www.facebook.com\/MiCasaTuCasaIbiza\/\" \/>\n<meta property=\"article:modified_time\" content=\"2022-10-24T08:34:46+00:00\" \/>\n<meta property=\"og:image\" content=\"https:\/\/micasatucasaibiza.com\/wp-content\/uploads\/10983821_866537560074184_89254450257431627_n1.jpg\" \/>\n\t<meta property=\"og:image:width\" content=\"960\" \/>\n\t<meta property=\"og:image:height\" content=\"720\" \/>\n\t<meta property=\"og:image:type\" content=\"image\/jpeg\" \/>\n<meta name=\"twitter:label1\" content=\"Dur\u00e9e de lecture estim\u00e9e\" \/>\n\t<meta name=\"twitter:data1\" content=\"29 minutes\" \/>\n<script type=\"application\/ld+json\" class=\"yoast-schema-graph\">{\"@context\":\"https:\\\/\\\/schema.org\",\"@graph\":[{\"@type\":\"WebPage\",\"@id\":\"https:\\\/\\\/micasatucasaibiza.com\\\/fr\\\/best-restaurants-beach-clubs-guide\\\/\",\"url\":\"\\\/fr\\\/\",\"name\":\"Ibiza\u2019s Best Beach Restaurants & Clubs | MiCasa TuCasa\",\"isPartOf\":{\"@id\":\"https:\\\/\\\/micasatucasaibiza.com\\\/fr\\\/#website\"},\"primaryImageOfPage\":{\"@id\":\"\\\/fr\\\/#primaryimage\"},\"image\":{\"@id\":\"\\\/#primaryimage\"},\"thumbnailUrl\":\"https:\\\/\\\/micasatucasaibiza.com\\\/wp-content\\\/uploads\\\/10983821_866537560074184_89254450257431627_n1.jpg\",\"datePublished\":\"2015-08-14T12:10:46+00:00\",\"dateModified\":\"2022-10-24T08:34:46+00:00\",\"description\":\"Let us help you find the best Ibiza restaurants with a quick guide on the food, location, atmosphere and people across the island.\",\"breadcrumb\":{\"@id\":\"\\\/fr\\\/#breadcrumb\"},\"inLanguage\":\"fr-FR\",\"potentialAction\":[{\"@type\":\"ReadAction\",\"target\":[[\"\\\/fr\\\/\"]]}]},{\"@type\":\"ImageObject\",\"inLanguage\":\"fr-FR\",\"@id\":\"\\\/fr\\\/#primaryimage\",\"url\":\"https:\\\/\\\/micasatucasaibiza.com\\\/wp-content\\\/uploads\\\/10983821_866537560074184_89254450257431627_n1.jpg\",\"contentUrl\":\"https:\\\/\\\/micasatucasaibiza.com\\\/wp-content\\\/uploads\\\/10983821_866537560074184_89254450257431627_n1.jpg\",\"width\":960,\"height\":720},{\"@type\":\"BreadcrumbList\",\"@id\":\"\\\/fr\\\/#breadcrumb\",\"itemListElement\":[{\"@type\":\"ListItem\",\"position\":1,\"name\":\"Home\",\"item\":\"https:\\\/\\\/micasatucasaibiza.com\\\/fr\\\/\"},{\"@type\":\"ListItem\",\"position\":2,\"name\":\"Ibiza&#8217;s Best Restaurants &#038; Beach Clubs\"}]},{\"@type\":\"WebSite\",\"@id\":\"https:\\\/\\\/micasatucasaibiza.com\\\/fr\\\/#website\",\"url\":\"https:\\\/\\\/micasatucasaibiza.com\\\/fr\\\/\",\"name\":\"Mi Casa Tu Casa Ibiza\",\"description\":\"Special villas. Exclusively managed.\",\"publisher\":{\"@id\":\"https:\\\/\\\/micasatucasaibiza.com\\\/fr\\\/#organization\"},\"potentialAction\":[{\"@type\":\"SearchAction\",\"target\":{\"@type\":\"EntryPoint\",\"urlTemplate\":\"https:\\\/\\\/micasatucasaibiza.com\\\/fr\\\/?s={search_term_string}\"},\"query-input\":{\"@type\":\"PropertyValueSpecification\",\"valueRequired\":true,\"valueName\":\"search_term_string\"}}],\"inLanguage\":\"fr-FR\"},{\"@type\":\"Organization\",\"@id\":\"https:\\\/\\\/micasatucasaibiza.com\\\/fr\\\/#organization\",\"name\":\"Mi Casa Tu Casa Ibiza\",\"url\":\"https:\\\/\\\/micasatucasaibiza.com\\\/fr\\\/\",\"logo\":{\"@type\":\"ImageObject\",\"inLanguage\":\"fr-FR\",\"@id\":\"https:\\\/\\\/micasatucasaibiza.com\\\/fr\\\/#\\\/schema\\\/logo\\\/image\\\/\",\"url\":\"https:\\\/\\\/micasatucasaibiza.com\\\/wp-content\\\/uploads\\\/logo.gif\",\"contentUrl\":\"https:\\\/\\\/micasatucasaibiza.com\\\/wp-content\\\/uploads\\\/logo.gif\",\"width\":226,\"height\":97,\"caption\":\"Mi Casa Tu Casa Ibiza\"},\"image\":{\"@id\":\"https:\\\/\\\/micasatucasaibiza.com\\\/fr\\\/#\\\/schema\\\/logo\\\/image\\\/\"},\"sameAs\":[\"https:\\\/\\\/www.facebook.com\\\/MiCasaTuCasaIbiza\\\/\",\"https:\\\/\\\/www.instagram.com\\\/micasatucasaibiza\\\/\"]}]}<\/script>\n<!-- \/ Yoast SEO plugin. -->","yoast_head_json":{"title":"Ibiza\u2019s Best Beach Restaurants & Clubs | MiCasa TuCasa","description":"Let us help you find the best Ibiza restaurants with a quick guide on the food, location, atmosphere and people across the island.","robots":{"index":"index","follow":"follow","max-snippet":"max-snippet:-1","max-image-preview":"max-image-preview:large","max-video-preview":"max-video-preview:-1"},"canonical":"\/fr\/","og_locale":"fr_FR","og_type":"article","og_title":"Ibiza\u2019s Best Beach Restaurants & Clubs | MiCasa TuCasa","og_description":"Let us help you find the best Ibiza restaurants with a quick guide on the food, location, atmosphere and people across the island.","og_url":"\/fr\/","og_site_name":"Mi Casa Tu Casa Ibiza","article_publisher":"https:\/\/www.facebook.com\/MiCasaTuCasaIbiza\/","article_modified_time":"2022-10-24T08:34:46+00:00","og_image":[{"width":960,"height":720,"url":"https:\/\/micasatucasaibiza.com\/wp-content\/uploads\/10983821_866537560074184_89254450257431627_n1.jpg","type":"image\/jpeg"}],"twitter_misc":{"Dur\u00e9e de lecture estim\u00e9e":"29 minutes"},"schema":{"@context":"https:\/\/schema.org","@graph":[{"@type":"WebPage","@id":"https:\/\/micasatucasaibiza.com\/fr\/best-restaurants-beach-clubs-guide\/","url":"\/fr\/","name":"Ibiza\u2019s Best Beach Restaurants & Clubs | MiCasa TuCasa","isPartOf":{"@id":"https:\/\/micasatucasaibiza.com\/fr\/#website"},"primaryImageOfPage":{"@id":"\/fr\/#primaryimage"},"image":{"@id":"\/#primaryimage"},"thumbnailUrl":"https:\/\/micasatucasaibiza.com\/wp-content\/uploads\/10983821_866537560074184_89254450257431627_n1.jpg","datePublished":"2015-08-14T12:10:46+00:00","dateModified":"2022-10-24T08:34:46+00:00","description":"Let us help you find the best Ibiza restaurants with a quick guide on the food, location, atmosphere and people across the island.","breadcrumb":{"@id":"\/fr\/#breadcrumb"},"inLanguage":"fr-FR","potentialAction":[{"@type":"ReadAction","target":[["\/fr\/"]]}]},{"@type":"ImageObject","inLanguage":"fr-FR","@id":"\/fr\/#primaryimage","url":"https:\/\/micasatucasaibiza.com\/wp-content\/uploads\/10983821_866537560074184_89254450257431627_n1.jpg","contentUrl":"https:\/\/micasatucasaibiza.com\/wp-content\/uploads\/10983821_866537560074184_89254450257431627_n1.jpg","width":960,"height":720},{"@type":"BreadcrumbList","@id":"\/fr\/#breadcrumb","itemListElement":[{"@type":"ListItem","position":1,"name":"Home","item":"https:\/\/micasatucasaibiza.com\/fr\/"},{"@type":"ListItem","position":2,"name":"Ibiza&#8217;s Best Restaurants &#038; Beach Clubs"}]},{"@type":"WebSite","@id":"https:\/\/micasatucasaibiza.com\/fr\/#website","url":"https:\/\/micasatucasaibiza.com\/fr\/","name":"Mi Casa Tu Casa Ibiza","description":"Special villas. Exclusively managed.","publisher":{"@id":"https:\/\/micasatucasaibiza.com\/fr\/#organization"},"potentialAction":[{"@type":"SearchAction","target":{"@type":"EntryPoint","urlTemplate":"https:\/\/micasatucasaibiza.com\/fr\/?s={search_term_string}"},"query-input":{"@type":"PropertyValueSpecification","valueRequired":true,"valueName":"search_term_string"}}],"inLanguage":"fr-FR"},{"@type":"Organization","@id":"https:\/\/micasatucasaibiza.com\/fr\/#organization","name":"Mi Casa Tu Casa Ibiza","url":"https:\/\/micasatucasaibiza.com\/fr\/","logo":{"@type":"ImageObject","inLanguage":"fr-FR","@id":"https:\/\/micasatucasaibiza.com\/fr\/#\/schema\/logo\/image\/","url":"https:\/\/micasatucasaibiza.com\/wp-content\/uploads\/logo.gif","contentUrl":"https:\/\/micasatucasaibiza.com\/wp-content\/uploads\/logo.gif","width":226,"height":97,"caption":"Mi Casa Tu Casa Ibiza"},"image":{"@id":"https:\/\/micasatucasaibiza.com\/fr\/#\/schema\/logo\/image\/"},"sameAs":["https:\/\/www.facebook.com\/MiCasaTuCasaIbiza\/","https:\/\/www.instagram.com\/micasatucasaibiza\/"]}]}},"_links":{"self":[{"href":"https:\/\/micasatucasaibiza.com\/fr\/wp-json\/wp\/v2\/pages\/2605","targetHints":{"allow":["GET"]}}],"collection":[{"href":"https:\/\/micasatucasaibiza.com\/fr\/wp-json\/wp\/v2\/pages"}],"about":[{"href":"https:\/\/micasatucasaibiza.com\/fr\/wp-json\/wp\/v2\/types\/page"}],"author":[{"embeddable":true,"href":"https:\/\/micasatucasaibiza.com\/fr\/wp-json\/wp\/v2\/users\/18"}],"replies":[{"embeddable":true,"href":"https:\/\/micasatucasaibiza.com\/fr\/wp-json\/wp\/v2\/comments?post=2605"}],"version-history":[{"count":10,"href":"https:\/\/micasatucasaibiza.com\/fr\/wp-json\/wp\/v2\/pages\/2605\/revisions"}],"predecessor-version":[{"id":11798,"href":"https:\/\/micasatucasaibiza.com\/fr\/wp-json\/wp\/v2\/pages\/2605\/revisions\/11798"}],"wp:featuredmedia":[{"embeddable":true,"href":"https:\/\/micasatucasaibiza.com\/fr\/wp-json\/wp\/v2\/media\/2517"}],"wp:attachment":[{"href":"https:\/\/micasatucasaibiza.com\/fr\/wp-json\/wp\/v2\/media?parent=2605"}],"curies":[{"name":"wp","href":"https:\/\/api.w.org\/{rel}","templated":true}]}}