{"id":309,"date":"2014-03-12T17:33:28","date_gmt":"2014-03-12T16:33:28","guid":{"rendered":"http:\/\/fixitlab.com\/dev\/mcdemo\/?page_id=309"},"modified":"2026-02-10T21:57:03","modified_gmt":"2026-02-10T20:57:03","slug":"disclaimer","status":"publish","type":"page","link":"https:\/\/micasatucasaibiza.com\/fr\/clause-de-non-responsabilite\/","title":{"rendered":"Clause de non-responsabilit\u00e9"},"content":{"rendered":"<p><\/p>\n<h4>Responsabilit\u00e9 relative au contenu<\/h4>\n<p>En tant que prestataires de services, nous sommes responsables de nos propres contenus sur ces sites web. Cependant, les prestataires de services ne sont pas tenus de surveiller en permanence les informations soumises ou stock\u00e9es, ni de rechercher des preuves d&rsquo;activit\u00e9s ill\u00e9gales.<\/p>\n<p>Les obligations l\u00e9gales de suppression ou de blocage de l&rsquo;utilisation d&rsquo;informations restent inchang\u00e9es. Dans ce cas, la responsabilit\u00e9 n&rsquo;est engag\u00e9e qu&rsquo;\u00e0 partir du moment o\u00f9 une violation sp\u00e9cifique de la loi est port\u00e9e \u00e0 notre connaissance. Les contenus ill\u00e9gaux seront imm\u00e9diatement supprim\u00e9s d\u00e8s que nous en aurons connaissance.<\/p>\n<h4>Responsabilit\u00e9 relative aux liens<\/h4>\n<p>Notre offre comprend des liens vers des sites web tiers externes. Nous n&rsquo;avons aucune influence sur le contenu de ces sites et ne pouvons donc pas en garantir le contenu. Les fournisseurs ou administrateurs des sites li\u00e9s sont toujours responsables de leurs propres contenus.<\/p>\n<p>Les sites li\u00e9s ont \u00e9t\u00e9 v\u00e9rifi\u00e9s quant \u00e0 d&rsquo;\u00e9ventuelles violations de la loi au moment de la cr\u00e9ation du lien. Aucun contenu ill\u00e9gal n&rsquo;a \u00e9t\u00e9 d\u00e9tect\u00e9 au moment de la mise en lien. Une surveillance permanente du contenu des sites li\u00e9s ne peut \u00eatre impos\u00e9e sans indication raisonnable d&rsquo;une violation de la loi. Les liens ill\u00e9gaux seront imm\u00e9diatement supprim\u00e9s d\u00e8s que nous en aurons connaissance.<\/p>\n<h4>Droits d&rsquo;auteur<\/h4>\n<p>Les contenus et compilations publi\u00e9s sur ces sites web par les fournisseurs sont soumis au droit d&rsquo;auteur espagnol. La reproduction, la modification, la distribution ainsi que toute utilisation en dehors du cadre du droit d&rsquo;auteur n\u00e9cessitent l&rsquo;autorisation \u00e9crite de l&rsquo;auteur ou du cr\u00e9ateur. Les t\u00e9l\u00e9chargements et copies de ces sites ne sont autoris\u00e9s qu&rsquo;\u00e0 des fins priv\u00e9es.<br \/>\nL&rsquo;utilisation commerciale de nos contenus sans l&rsquo;autorisation du cr\u00e9ateur est interdite.<\/p>\n<p>Les droits d&rsquo;auteur de tiers sont respect\u00e9s dans la mesure o\u00f9 les contenus de ces sites ne proviennent pas du fournisseur. Les contributions de tiers sur ce site sont signal\u00e9es comme telles. Cependant, si vous constatez une violation du droit d&rsquo;auteur, veuillez nous en informer. Ces contenus seront imm\u00e9diatement supprim\u00e9s.<\/p>","protected":false},"excerpt":{"rendered":"<p>Responsabilit\u00e9 relative au contenu En tant que prestataires de services, nous sommes responsables de nos propres contenus sur ces sites web. Cependant, les prestataires de services ne sont pas tenus &hellip;<\/p>\n","protected":false},"author":1,"featured_media":0,"parent":0,"menu_order":45,"comment_status":"closed","ping_status":"closed","template":"","meta":{"_acf_changed":false,"footnotes":""},"class_list":["post-309","page","type-page","status-publish","hentry"],"acf":[],"yoast_head":"<!-- This site is optimized with the Yoast SEO plugin v27.0 - https:\/\/yoast.com\/product\/yoast-seo-wordpress\/ -->\n<title>Villa Rental Ibiza | Clause de non-responsabilit\u00e9 | Mi Casa Tu Casa Ibiza<\/title>\n<meta name=\"description\" content=\"As service providers, Mi Casa Tu Casa villa rentals Ibiza are liable for own content of the websites but are not obligated to permanently monitor submitted information.\" \/>\n<meta name=\"robots\" content=\"index, follow, max-snippet:-1, max-image-preview:large, max-video-preview:-1\" \/>\n<link rel=\"canonical\" href=\"\/fr\/\" \/>\n<meta property=\"og:locale\" content=\"fr_FR\" \/>\n<meta property=\"og:type\" content=\"article\" \/>\n<meta property=\"og:title\" content=\"Villa Rental Ibiza | Clause de non-responsabilit\u00e9 | Mi Casa Tu Casa Ibiza\" \/>\n<meta property=\"og:description\" content=\"As service providers, Mi Casa Tu Casa villa rentals Ibiza are liable for own content of the websites but are not obligated to permanently monitor submitted information.\" \/>\n<meta property=\"og:url\" content=\"\/fr\/\" \/>\n<meta property=\"og:site_name\" content=\"Mi Casa Tu Casa Ibiza\" \/>\n<meta property=\"article:publisher\" content=\"https:\/\/www.facebook.com\/MiCasaTuCasaIbiza\/\" \/>\n<meta property=\"article:modified_time\" content=\"2026-02-10T20:57:03+00:00\" \/>\n<meta name=\"twitter:label1\" content=\"Dur\u00e9e de lecture estim\u00e9e\" \/>\n\t<meta name=\"twitter:data1\" content=\"2 minutes\" \/>\n<script type=\"application\/ld+json\" class=\"yoast-schema-graph\">{\"@context\":\"https:\/\/schema.org\",\"@graph\":[{\"@type\":\"WebPage\",\"@id\":\"https:\/\/micasatucasaibiza.com\/fr\/disclaimer\/\",\"url\":\"\/fr\/\",\"name\":\"Villa Rental Ibiza | Clause de non-responsabilit\u00e9 | Mi Casa Tu Casa Ibiza\",\"isPartOf\":{\"@id\":\"https:\/\/micasatucasaibiza.com\/fr\/#website\"},\"datePublished\":\"2014-03-12T16:33:28+00:00\",\"dateModified\":\"2026-02-10T20:57:03+00:00\",\"description\":\"As service providers, Mi Casa Tu Casa villa rentals Ibiza are liable for own content of the websites but are not obligated to permanently monitor submitted information.\",\"breadcrumb\":{\"@id\":\"\/fr\/#breadcrumb\"},\"inLanguage\":\"fr-FR\",\"potentialAction\":[{\"@type\":\"ReadAction\",\"target\":[[\"\/fr\/\"]]}]},{\"@type\":\"BreadcrumbList\",\"@id\":\"\/fr\/#breadcrumb\",\"itemListElement\":[{\"@type\":\"ListItem\",\"position\":1,\"name\":\"Home\",\"item\":\"https:\/\/micasatucasaibiza.com\/fr\/\"},{\"@type\":\"ListItem\",\"position\":2,\"name\":\"Disclaimer\"}]},{\"@type\":\"WebSite\",\"@id\":\"https:\/\/micasatucasaibiza.com\/fr\/#website\",\"url\":\"https:\/\/micasatucasaibiza.com\/fr\/\",\"name\":\"Mi Casa Tu Casa Ibiza\",\"description\":\"Special villas. Exclusively managed.\",\"publisher\":{\"@id\":\"https:\/\/micasatucasaibiza.com\/fr\/#organization\"},\"potentialAction\":[{\"@type\":\"SearchAction\",\"target\":{\"@type\":\"EntryPoint\",\"urlTemplate\":\"https:\/\/micasatucasaibiza.com\/fr\/?s={search_term_string}\"},\"query-input\":{\"@type\":\"PropertyValueSpecification\",\"valueRequired\":true,\"valueName\":\"search_term_string\"}}],\"inLanguage\":\"fr-FR\"},{\"@type\":\"Organization\",\"@id\":\"https:\/\/micasatucasaibiza.com\/fr\/#organization\",\"name\":\"Mi Casa Tu Casa Ibiza\",\"url\":\"https:\/\/micasatucasaibiza.com\/fr\/\",\"logo\":{\"@type\":\"ImageObject\",\"inLanguage\":\"fr-FR\",\"@id\":\"https:\/\/micasatucasaibiza.com\/fr\/#\/schema\/logo\/image\/\",\"url\":\"https:\/\/micasatucasaibiza.com\/wp-content\/uploads\/logo.gif\",\"contentUrl\":\"https:\/\/micasatucasaibiza.com\/wp-content\/uploads\/logo.gif\",\"width\":226,\"height\":97,\"caption\":\"Mi Casa Tu Casa Ibiza\"},\"image\":{\"@id\":\"https:\/\/micasatucasaibiza.com\/fr\/#\/schema\/logo\/image\/\"},\"sameAs\":[\"https:\/\/www.facebook.com\/MiCasaTuCasaIbiza\/\",\"https:\/\/www.instagram.com\/micasatucasaibiza\/\"]}]}<\/script>\n<!-- \/ Yoast SEO plugin. -->","yoast_head_json":{"title":"Villa Rental Ibiza | Clause de non-responsabilit\u00e9 | Mi Casa Tu Casa Ibiza","description":"As service providers, Mi Casa Tu Casa villa rentals Ibiza are liable for own content of the websites but are not obligated to permanently monitor submitted information.","robots":{"index":"index","follow":"follow","max-snippet":"max-snippet:-1","max-image-preview":"max-image-preview:large","max-video-preview":"max-video-preview:-1"},"canonical":"\/fr\/","og_locale":"fr_FR","og_type":"article","og_title":"Villa Rental Ibiza | Clause de non-responsabilit\u00e9 | Mi Casa Tu Casa Ibiza","og_description":"As service providers, Mi Casa Tu Casa villa rentals Ibiza are liable for own content of the websites but are not obligated to permanently monitor submitted information.","og_url":"\/fr\/","og_site_name":"Mi Casa Tu Casa Ibiza","article_publisher":"https:\/\/www.facebook.com\/MiCasaTuCasaIbiza\/","article_modified_time":"2026-02-10T20:57:03+00:00","twitter_misc":{"Dur\u00e9e de lecture estim\u00e9e":"2 minutes"},"schema":{"@context":"https:\/\/schema.org","@graph":[{"@type":"WebPage","@id":"https:\/\/micasatucasaibiza.com\/fr\/disclaimer\/","url":"\/fr\/","name":"Villa Rental Ibiza | Clause de non-responsabilit\u00e9 | Mi Casa Tu Casa Ibiza","isPartOf":{"@id":"https:\/\/micasatucasaibiza.com\/fr\/#website"},"datePublished":"2014-03-12T16:33:28+00:00","dateModified":"2026-02-10T20:57:03+00:00","description":"As service providers, Mi Casa Tu Casa villa rentals Ibiza are liable for own content of the websites but are not obligated to permanently monitor submitted information.","breadcrumb":{"@id":"\/fr\/#breadcrumb"},"inLanguage":"fr-FR","potentialAction":[{"@type":"ReadAction","target":[["\/fr\/"]]}]},{"@type":"BreadcrumbList","@id":"\/fr\/#breadcrumb","itemListElement":[{"@type":"ListItem","position":1,"name":"Home","item":"https:\/\/micasatucasaibiza.com\/fr\/"},{"@type":"ListItem","position":2,"name":"Disclaimer"}]},{"@type":"WebSite","@id":"https:\/\/micasatucasaibiza.com\/fr\/#website","url":"https:\/\/micasatucasaibiza.com\/fr\/","name":"Mi Casa Tu Casa Ibiza","description":"Special villas. Exclusively managed.","publisher":{"@id":"https:\/\/micasatucasaibiza.com\/fr\/#organization"},"potentialAction":[{"@type":"SearchAction","target":{"@type":"EntryPoint","urlTemplate":"https:\/\/micasatucasaibiza.com\/fr\/?s={search_term_string}"},"query-input":{"@type":"PropertyValueSpecification","valueRequired":true,"valueName":"search_term_string"}}],"inLanguage":"fr-FR"},{"@type":"Organization","@id":"https:\/\/micasatucasaibiza.com\/fr\/#organization","name":"Mi Casa Tu Casa Ibiza","url":"https:\/\/micasatucasaibiza.com\/fr\/","logo":{"@type":"ImageObject","inLanguage":"fr-FR","@id":"https:\/\/micasatucasaibiza.com\/fr\/#\/schema\/logo\/image\/","url":"https:\/\/micasatucasaibiza.com\/wp-content\/uploads\/logo.gif","contentUrl":"https:\/\/micasatucasaibiza.com\/wp-content\/uploads\/logo.gif","width":226,"height":97,"caption":"Mi Casa Tu Casa Ibiza"},"image":{"@id":"https:\/\/micasatucasaibiza.com\/fr\/#\/schema\/logo\/image\/"},"sameAs":["https:\/\/www.facebook.com\/MiCasaTuCasaIbiza\/","https:\/\/www.instagram.com\/micasatucasaibiza\/"]}]}},"_links":{"self":[{"href":"https:\/\/micasatucasaibiza.com\/fr\/wp-json\/wp\/v2\/pages\/309","targetHints":{"allow":["GET"]}}],"collection":[{"href":"https:\/\/micasatucasaibiza.com\/fr\/wp-json\/wp\/v2\/pages"}],"about":[{"href":"https:\/\/micasatucasaibiza.com\/fr\/wp-json\/wp\/v2\/types\/page"}],"author":[{"embeddable":true,"href":"https:\/\/micasatucasaibiza.com\/fr\/wp-json\/wp\/v2\/users\/1"}],"replies":[{"embeddable":true,"href":"https:\/\/micasatucasaibiza.com\/fr\/wp-json\/wp\/v2\/comments?post=309"}],"version-history":[{"count":6,"href":"https:\/\/micasatucasaibiza.com\/fr\/wp-json\/wp\/v2\/pages\/309\/revisions"}],"predecessor-version":[{"id":18170,"href":"https:\/\/micasatucasaibiza.com\/fr\/wp-json\/wp\/v2\/pages\/309\/revisions\/18170"}],"wp:attachment":[{"href":"https:\/\/micasatucasaibiza.com\/fr\/wp-json\/wp\/v2\/media?parent=309"}],"curies":[{"name":"wp","href":"https:\/\/api.w.org\/{rel}","templated":true}]}}