{"id":3660,"date":"2017-07-07T14:48:22","date_gmt":"2017-07-07T13:48:22","guid":{"rendered":"https:\/\/micasatucasaibiza.com\/?page_id=3660"},"modified":"2026-02-10T21:41:34","modified_gmt":"2026-02-10T20:41:34","slug":"boat-charter","status":"publish","type":"page","link":"https:\/\/micasatucasaibiza.com\/fr\/concierge\/location-de-bateau\/","title":{"rendered":"Location de bateau"},"content":{"rendered":"<p><\/p>\n<h4>O\u00f9 aller<\/h4>\n<p>La sortie est adapt\u00e9e \u00e0 vos envies, mais voici quelques destinations int\u00e9ressantes :<\/p>\n<ul>\n<li>Formentera, avec des arr\u00eats suppl\u00e9mentaires<\/li>\n<li>Cala Jondal \/ Es Torrent (c\u00f4te sud)<\/li>\n<li>Plage de Benirras (c\u00f4te nord-ouest)<\/li>\n<li>Calas et plages de la c\u00f4te ouest (Cala Conte, Cala Tarida, Cala D\u00b4Hort etc.)<\/li>\n<\/ul>\n<p>Terminez votre journ\u00e9e avec le coucher de soleil parfait, tel qu&rsquo;on ne le voit que sur la c\u00f4te ouest.<\/p>\n<h4>Toutes les sorties \u00e0 la journ\u00e9e comprennent :<\/h4>\n<ul>\n<li>Capitaine<\/li>\n<li>Serviettes<\/li>\n<li>2 x paddles<\/li>\n<li>Tubas &amp; masques<\/li>\n<li>En-cas l\u00e9gers &amp; boissons sans alcool, vin et bi\u00e8re offerts<\/li>\n<\/ul>\n<p>&nbsp;<\/p>\n<h4>Suppl\u00e9ments applicables pour :<\/h4>\n<ul>\n<li>Carburant (pour les co\u00fbts de carburant, veuillez nous contacter avec les d\u00e9tails de votre itin\u00e9raire)<\/li>\n<li>Seabobs &#8211; 1 \u00e0 200\u20ac par jour &amp; 2 \u00e0 300\u20ac par jour<\/li>\n<li>Consommations au bar &#8211; les premiers verres sont offerts. Vins et bi\u00e8res suppl\u00e9mentaires disponibles sur demande et factur\u00e9s \u00e0 la consommation<\/li>\n<li>D\u00e9jeuner buffet froid &#8211; 25\u20ac par personne (minimum 4 personnes)<\/li>\n<\/ul>\n<h4>Conditions de r\u00e9servation<\/h4>\n<ul>\n<li>Acompte de 25% \u00e0 la r\u00e9servation, si plus de 6 mois avant la sortie.<\/li>\n<li>Acompte de 50% \u00e0 la r\u00e9servation, si moins de 6 mois avant la sortie.<\/li>\n<li>Solde d\u00fb 1 mois avant la sortie.<\/li>\n<li>Tous les tarifs sont soumis \u00e0 21% d&rsquo;IVA.<\/li>\n<\/ul>\n<p>&nbsp;<\/p>\n<h4>Aurora \u2013 Fjord 40 Caract\u00e9ristiques cl\u00e9s<\/h4>\n<ul>\n<li>10 passagers + skipper<\/li>\n<li>Longueur 13m (40 pieds) bateau de jour<\/li>\n<li>Vitesse max : 35 n\u0153uds<\/li>\n<li>Emplacement : Sant Antonio<\/li>\n<li>Licence de charter : MCA Cat 3<\/li>\n<\/ul>\n<p>&nbsp;<\/p>\n<h4>Tarifs de location<\/h4>\n<ul>\n<li>2150\u20ac par jour Haute saison (1er juillet au 15 septembre)<\/li>\n<li>1750\u20ac par jour Basse saison (reste de l&rsquo;ann\u00e9e)<\/li>\n<li>Tous les tarifs sont soumis \u00e0 21% d&rsquo;IVA<\/li>\n<li>Carburant &#8211; factur\u00e9 le jour m\u00eame aux prix en vigueur, sur la base de :<br \/>\n&#8211; Itin\u00e9raire c\u00f4tier Ibiza : 2 heures de carburant<br \/>\n&#8211; Itin\u00e9raire Formentera : 3 heures de carburant<\/li>\n<\/ul>\n<p><img loading=\"lazy\" decoding=\"async\" class=\"alignnone size-large wp-image-8372\" src=\"https:\/\/micasatucasaibiza.com\/wp-content\/uploads\/2019\/11\/aurora-6-1024x683.jpg\" alt=\"Aurora 6\" width=\"1024\" height=\"683\" srcset=\"https:\/\/micasatucasaibiza.com\/wp-content\/uploads\/2019\/11\/aurora-6-1024x683.jpg 1024w, https:\/\/micasatucasaibiza.com\/wp-content\/uploads\/2019\/11\/aurora-6-300x200.jpg 300w, https:\/\/micasatucasaibiza.com\/wp-content\/uploads\/2019\/11\/aurora-6-768x512.jpg 768w, https:\/\/micasatucasaibiza.com\/wp-content\/uploads\/2019\/11\/aurora-6-375x250.jpg 375w\" sizes=\"auto, (max-width: 1024px) 100vw, 1024px\" \/><\/p>\n<h4>\u00c9quipements du bateau<\/h4>\n<ul>\n<li>Coin repas assis pour 10<\/li>\n<li>2 grands bains de soleil pour 8<\/li>\n<li>Cabine lit double avec WC &amp; kitchenette<\/li>\n<li>Douche eau douce sur le pont<\/li>\n<li>Cuisine ext\u00e9rieure &amp; caves \u00e0 vin r\u00e9frig\u00e9r\u00e9es<\/li>\n<li>Internet Wifi<\/li>\n<li>Syst\u00e8me audio Bluetooth Fusion<\/li>\n<li>Largeur du bateau : 4m<\/li>\n<\/ul>\n<p><img loading=\"lazy\" decoding=\"async\" class=\"alignnone size-large wp-image-8375\" src=\"https:\/\/micasatucasaibiza.com\/wp-content\/uploads\/2019\/11\/aurora-9-1024x683.jpg\" alt=\"Aurora 9\" width=\"1024\" height=\"683\" srcset=\"https:\/\/micasatucasaibiza.com\/wp-content\/uploads\/2019\/11\/aurora-9-1024x683.jpg 1024w, https:\/\/micasatucasaibiza.com\/wp-content\/uploads\/2019\/11\/aurora-9-300x200.jpg 300w, https:\/\/micasatucasaibiza.com\/wp-content\/uploads\/2019\/11\/aurora-9-768x512.jpg 768w, https:\/\/micasatucasaibiza.com\/wp-content\/uploads\/2019\/11\/aurora-9-375x250.jpg 375w\" sizes=\"auto, (max-width: 1024px) 100vw, 1024px\" \/><\/p>","protected":false},"excerpt":{"rendered":"<p>O\u00f9 aller La sortie est adapt\u00e9e \u00e0 vos envies, mais voici quelques destinations int\u00e9ressantes : Formentera, avec des arr\u00eats suppl\u00e9mentaires Cala Jondal \/ Es Torrent (c\u00f4te sud) Plage de Benirras &hellip;<\/p>\n","protected":false},"author":1,"featured_media":8041,"parent":13041,"menu_order":24,"comment_status":"closed","ping_status":"closed","template":"pages\/template-simple.php","meta":{"_acf_changed":false,"footnotes":""},"class_list":["post-3660","page","type-page","status-publish","has-post-thumbnail","hentry"],"acf":[],"yoast_head":"<!-- This site is optimized with the Yoast SEO plugin v27.0 - https:\/\/yoast.com\/product\/yoast-seo-wordpress\/ -->\n<title>Boat Charter Ibiza: Concierge Services | MiCasa TuCasa Rental Villas<\/title>\n<meta name=\"description\" content=\"hen you arrive at one of our exclusive Ibiza villas, we can help out with all aspects of your holiday, like boat rentals.\" \/>\n<meta name=\"robots\" content=\"index, follow, max-snippet:-1, max-image-preview:large, max-video-preview:-1\" \/>\n<link rel=\"canonical\" href=\"\/fr\/\" \/>\n<meta property=\"og:locale\" content=\"fr_FR\" \/>\n<meta property=\"og:type\" content=\"article\" \/>\n<meta property=\"og:title\" content=\"Boat Charter Ibiza: Concierge Services | MiCasa TuCasa Rental Villas\" \/>\n<meta property=\"og:description\" content=\"hen you arrive at one of our exclusive Ibiza villas, we can help out with all aspects of your holiday, like boat rentals.\" \/>\n<meta property=\"og:url\" content=\"\/fr\/\" \/>\n<meta property=\"og:site_name\" content=\"Mi Casa Tu Casa Ibiza\" \/>\n<meta property=\"article:publisher\" content=\"https:\/\/www.facebook.com\/MiCasaTuCasaIbiza\/\" \/>\n<meta property=\"article:modified_time\" content=\"2026-02-10T20:41:34+00:00\" \/>\n<meta property=\"og:image\" content=\"https:\/\/micasatucasaibiza.com\/wp-content\/uploads\/2019\/10\/boat-charter-2.jpg\" \/>\n\t<meta property=\"og:image:width\" content=\"2048\" \/>\n\t<meta property=\"og:image:height\" content=\"1366\" \/>\n\t<meta property=\"og:image:type\" content=\"image\/jpeg\" \/>\n<meta name=\"twitter:label1\" content=\"Dur\u00e9e de lecture estim\u00e9e\" \/>\n\t<meta name=\"twitter:data1\" content=\"2 minutes\" \/>\n<script type=\"application\/ld+json\" class=\"yoast-schema-graph\">{\"@context\":\"https:\/\/schema.org\",\"@graph\":[{\"@type\":\"WebPage\",\"@id\":\"https:\/\/micasatucasaibiza.com\/fr\/ibiza-concierge-services\/boat-charter\/\",\"url\":\"\/fr\/\",\"name\":\"Boat Charter Ibiza: Concierge Services | MiCasa TuCasa Rental Villas\",\"isPartOf\":{\"@id\":\"https:\/\/micasatucasaibiza.com\/fr\/#website\"},\"primaryImageOfPage\":{\"@id\":\"\/fr\/#primaryimage\"},\"image\":{\"@id\":\"\/#primaryimage\"},\"thumbnailUrl\":\"https:\/\/micasatucasaibiza.com\/wp-content\/uploads\/2019\/10\/boat-charter-2.jpg\",\"datePublished\":\"2017-07-07T13:48:22+00:00\",\"dateModified\":\"2026-02-10T20:41:34+00:00\",\"description\":\"hen you arrive at one of our exclusive Ibiza villas, we can help out with all aspects of your holiday, like boat rentals.\",\"breadcrumb\":{\"@id\":\"\/fr\/#breadcrumb\"},\"inLanguage\":\"fr-FR\",\"potentialAction\":[{\"@type\":\"ReadAction\",\"target\":[[\"\/fr\/\"]]}]},{\"@type\":\"ImageObject\",\"inLanguage\":\"fr-FR\",\"@id\":\"\/fr\/#primaryimage\",\"url\":\"https:\/\/micasatucasaibiza.com\/wp-content\/uploads\/2019\/10\/boat-charter-2.jpg\",\"contentUrl\":\"https:\/\/micasatucasaibiza.com\/wp-content\/uploads\/2019\/10\/boat-charter-2.jpg\",\"width\":2048,\"height\":1366,\"caption\":\"Boat Charter 2\"},{\"@type\":\"BreadcrumbList\",\"@id\":\"\/fr\/#breadcrumb\",\"itemListElement\":[{\"@type\":\"ListItem\",\"position\":1,\"name\":\"Home\",\"item\":\"https:\/\/micasatucasaibiza.com\/fr\/\"},{\"@type\":\"ListItem\",\"position\":2,\"name\":\"Concierge\",\"item\":\"https:\/\/micasatucasaibiza.com\/fr\/ibiza-concierge-services\/\"},{\"@type\":\"ListItem\",\"position\":3,\"name\":\"Boat Charter\"}]},{\"@type\":\"WebSite\",\"@id\":\"https:\/\/micasatucasaibiza.com\/fr\/#website\",\"url\":\"https:\/\/micasatucasaibiza.com\/fr\/\",\"name\":\"Mi Casa Tu Casa Ibiza\",\"description\":\"Special villas. Exclusively managed.\",\"publisher\":{\"@id\":\"https:\/\/micasatucasaibiza.com\/fr\/#organization\"},\"potentialAction\":[{\"@type\":\"SearchAction\",\"target\":{\"@type\":\"EntryPoint\",\"urlTemplate\":\"https:\/\/micasatucasaibiza.com\/fr\/?s={search_term_string}\"},\"query-input\":{\"@type\":\"PropertyValueSpecification\",\"valueRequired\":true,\"valueName\":\"search_term_string\"}}],\"inLanguage\":\"fr-FR\"},{\"@type\":\"Organization\",\"@id\":\"https:\/\/micasatucasaibiza.com\/fr\/#organization\",\"name\":\"Mi Casa Tu Casa Ibiza\",\"url\":\"https:\/\/micasatucasaibiza.com\/fr\/\",\"logo\":{\"@type\":\"ImageObject\",\"inLanguage\":\"fr-FR\",\"@id\":\"https:\/\/micasatucasaibiza.com\/fr\/#\/schema\/logo\/image\/\",\"url\":\"https:\/\/micasatucasaibiza.com\/wp-content\/uploads\/logo.gif\",\"contentUrl\":\"https:\/\/micasatucasaibiza.com\/wp-content\/uploads\/logo.gif\",\"width\":226,\"height\":97,\"caption\":\"Mi Casa Tu Casa Ibiza\"},\"image\":{\"@id\":\"https:\/\/micasatucasaibiza.com\/fr\/#\/schema\/logo\/image\/\"},\"sameAs\":[\"https:\/\/www.facebook.com\/MiCasaTuCasaIbiza\/\",\"https:\/\/www.instagram.com\/micasatucasaibiza\/\"]}]}<\/script>\n<!-- \/ Yoast SEO plugin. -->","yoast_head_json":{"title":"Boat Charter Ibiza: Concierge Services | MiCasa TuCasa Rental Villas","description":"hen you arrive at one of our exclusive Ibiza villas, we can help out with all aspects of your holiday, like boat rentals.","robots":{"index":"index","follow":"follow","max-snippet":"max-snippet:-1","max-image-preview":"max-image-preview:large","max-video-preview":"max-video-preview:-1"},"canonical":"\/fr\/","og_locale":"fr_FR","og_type":"article","og_title":"Boat Charter Ibiza: Concierge Services | MiCasa TuCasa Rental Villas","og_description":"hen you arrive at one of our exclusive Ibiza villas, we can help out with all aspects of your holiday, like boat rentals.","og_url":"\/fr\/","og_site_name":"Mi Casa Tu Casa Ibiza","article_publisher":"https:\/\/www.facebook.com\/MiCasaTuCasaIbiza\/","article_modified_time":"2026-02-10T20:41:34+00:00","og_image":[{"width":2048,"height":1366,"url":"https:\/\/micasatucasaibiza.com\/wp-content\/uploads\/2019\/10\/boat-charter-2.jpg","type":"image\/jpeg"}],"twitter_misc":{"Dur\u00e9e de lecture estim\u00e9e":"2 minutes"},"schema":{"@context":"https:\/\/schema.org","@graph":[{"@type":"WebPage","@id":"https:\/\/micasatucasaibiza.com\/fr\/ibiza-concierge-services\/boat-charter\/","url":"\/fr\/","name":"Boat Charter Ibiza: Concierge Services | MiCasa TuCasa Rental Villas","isPartOf":{"@id":"https:\/\/micasatucasaibiza.com\/fr\/#website"},"primaryImageOfPage":{"@id":"\/fr\/#primaryimage"},"image":{"@id":"\/#primaryimage"},"thumbnailUrl":"https:\/\/micasatucasaibiza.com\/wp-content\/uploads\/2019\/10\/boat-charter-2.jpg","datePublished":"2017-07-07T13:48:22+00:00","dateModified":"2026-02-10T20:41:34+00:00","description":"hen you arrive at one of our exclusive Ibiza villas, we can help out with all aspects of your holiday, like boat rentals.","breadcrumb":{"@id":"\/fr\/#breadcrumb"},"inLanguage":"fr-FR","potentialAction":[{"@type":"ReadAction","target":[["\/fr\/"]]}]},{"@type":"ImageObject","inLanguage":"fr-FR","@id":"\/fr\/#primaryimage","url":"https:\/\/micasatucasaibiza.com\/wp-content\/uploads\/2019\/10\/boat-charter-2.jpg","contentUrl":"https:\/\/micasatucasaibiza.com\/wp-content\/uploads\/2019\/10\/boat-charter-2.jpg","width":2048,"height":1366,"caption":"Boat Charter 2"},{"@type":"BreadcrumbList","@id":"\/fr\/#breadcrumb","itemListElement":[{"@type":"ListItem","position":1,"name":"Home","item":"https:\/\/micasatucasaibiza.com\/fr\/"},{"@type":"ListItem","position":2,"name":"Concierge","item":"https:\/\/micasatucasaibiza.com\/fr\/ibiza-concierge-services\/"},{"@type":"ListItem","position":3,"name":"Boat Charter"}]},{"@type":"WebSite","@id":"https:\/\/micasatucasaibiza.com\/fr\/#website","url":"https:\/\/micasatucasaibiza.com\/fr\/","name":"Mi Casa Tu Casa Ibiza","description":"Special villas. Exclusively managed.","publisher":{"@id":"https:\/\/micasatucasaibiza.com\/fr\/#organization"},"potentialAction":[{"@type":"SearchAction","target":{"@type":"EntryPoint","urlTemplate":"https:\/\/micasatucasaibiza.com\/fr\/?s={search_term_string}"},"query-input":{"@type":"PropertyValueSpecification","valueRequired":true,"valueName":"search_term_string"}}],"inLanguage":"fr-FR"},{"@type":"Organization","@id":"https:\/\/micasatucasaibiza.com\/fr\/#organization","name":"Mi Casa Tu Casa Ibiza","url":"https:\/\/micasatucasaibiza.com\/fr\/","logo":{"@type":"ImageObject","inLanguage":"fr-FR","@id":"https:\/\/micasatucasaibiza.com\/fr\/#\/schema\/logo\/image\/","url":"https:\/\/micasatucasaibiza.com\/wp-content\/uploads\/logo.gif","contentUrl":"https:\/\/micasatucasaibiza.com\/wp-content\/uploads\/logo.gif","width":226,"height":97,"caption":"Mi Casa Tu Casa Ibiza"},"image":{"@id":"https:\/\/micasatucasaibiza.com\/fr\/#\/schema\/logo\/image\/"},"sameAs":["https:\/\/www.facebook.com\/MiCasaTuCasaIbiza\/","https:\/\/www.instagram.com\/micasatucasaibiza\/"]}]}},"_links":{"self":[{"href":"https:\/\/micasatucasaibiza.com\/fr\/wp-json\/wp\/v2\/pages\/3660","targetHints":{"allow":["GET"]}}],"collection":[{"href":"https:\/\/micasatucasaibiza.com\/fr\/wp-json\/wp\/v2\/pages"}],"about":[{"href":"https:\/\/micasatucasaibiza.com\/fr\/wp-json\/wp\/v2\/types\/page"}],"author":[{"embeddable":true,"href":"https:\/\/micasatucasaibiza.com\/fr\/wp-json\/wp\/v2\/users\/1"}],"replies":[{"embeddable":true,"href":"https:\/\/micasatucasaibiza.com\/fr\/wp-json\/wp\/v2\/comments?post=3660"}],"version-history":[{"count":10,"href":"https:\/\/micasatucasaibiza.com\/fr\/wp-json\/wp\/v2\/pages\/3660\/revisions"}],"predecessor-version":[{"id":18161,"href":"https:\/\/micasatucasaibiza.com\/fr\/wp-json\/wp\/v2\/pages\/3660\/revisions\/18161"}],"up":[{"embeddable":true,"href":"https:\/\/micasatucasaibiza.com\/fr\/wp-json\/wp\/v2\/pages\/13041"}],"wp:featuredmedia":[{"embeddable":true,"href":"https:\/\/micasatucasaibiza.com\/fr\/wp-json\/wp\/v2\/media\/8041"}],"wp:attachment":[{"href":"https:\/\/micasatucasaibiza.com\/fr\/wp-json\/wp\/v2\/media?parent=3660"}],"curies":[{"name":"wp","href":"https:\/\/api.w.org\/{rel}","templated":true}]}}