{"id":3906,"date":"2017-07-21T17:12:00","date_gmt":"2017-07-21T16:12:00","guid":{"rendered":"https:\/\/micasatucasaibiza.com\/?page_id=3906"},"modified":"2026-02-10T21:50:15","modified_gmt":"2026-02-10T20:50:15","slug":"ibiza-guide","status":"publish","type":"page","link":"https:\/\/micasatucasaibiza.com\/fr\/guide-ibiza\/","title":{"rendered":"Guide de l&rsquo;\u00eele"},"content":{"rendered":"<p>Il y a quelque chose de magique et d&rsquo;unique dans la belle \u00eele d&rsquo;Ibiza. Des vall\u00e9es cach\u00e9es et des collines couvertes de pins rencontrent des baies turquoise paisibles et des plages de sable s\u00e9duisantes. En mati\u00e8re de beaut\u00e9 brute, il est difficile de faire mieux, mais quand on ajoute la cuisine incroyable, les beach bars chics et la vie nocturne mondialement c\u00e9l\u00e8bre, c&rsquo;est un endroit unique au monde. Ibiza est l&rsquo;endroit id\u00e9al pour se d\u00e9tendre, se ressourcer et renouer avec ses amis et sa famille et, bien s\u00fbr, il n&rsquo;y a pas de meilleur endroit o\u00f9 s\u00e9journer que dans l&rsquo;une de nos <a href=\"https:\/\/micasatucasaibiza.com\/ibiza-rental-villas\/\">charmantes villas \u00e0 Ibiza<\/a>. Pour une petite \u00eele, il y a un nombre \u00e9blouissant de plages et litt\u00e9ralement des centaines de restaurants plus app\u00e9tissants les uns que les autres. Le choix dans ce petit pays d&rsquo;abondance peut donc \u00eatre un d\u00e9fi. Pour vous aider \u00e0 passer des vacances inoubliables et \u00e0 profiter de chaque minute de votre pr\u00e9cieux temps sur l&rsquo;\u00eele, nous avons r\u00e9dig\u00e9 notre propre guide personnel de l&rsquo;\u00eele qui couvre tous les meilleurs endroits, les c\u00e9l\u00e8bres comme les p\u00e9pites cach\u00e9es, ainsi que de nombreuses autres exp\u00e9riences insulaires extraordinaires.<\/p>\n<p>Bonnes vacances !<br \/>\nL&rsquo;\u00e9quipe Mi Casa Tu Casa<\/p>","protected":false},"excerpt":{"rendered":"<p>Il y a quelque chose de magique et d&rsquo;unique dans la belle \u00eele d&rsquo;Ibiza. Des vall\u00e9es cach\u00e9es et des collines couvertes de pins rencontrent des baies turquoise paisibles et des &hellip;<\/p>\n","protected":false},"author":1,"featured_media":8331,"parent":0,"menu_order":43,"comment_status":"closed","ping_status":"closed","template":"pages\/template-guide.php","meta":{"_acf_changed":false,"footnotes":""},"class_list":["post-3906","page","type-page","status-publish","has-post-thumbnail","hentry"],"acf":[],"yoast_head":"<!-- This site is optimized with the Yoast SEO plugin v27.0 - https:\/\/yoast.com\/product\/yoast-seo-wordpress\/ -->\n<title>Ibiza Holiday Guide - Best Restaurants &amp; Beach Clubs &amp; Bars<\/title>\n<meta name=\"description\" content=\"THE MOST comprehensive up-to-date 2021 residents and insiders Ibiza holiday guide. Learn more about beaches, clubs and restaurants on the island.\" \/>\n<meta name=\"robots\" content=\"index, follow, max-snippet:-1, max-image-preview:large, max-video-preview:-1\" \/>\n<link rel=\"canonical\" href=\"\/fr\/\" \/>\n<meta property=\"og:locale\" content=\"fr_FR\" \/>\n<meta property=\"og:type\" content=\"article\" \/>\n<meta property=\"og:title\" content=\"Ibiza Holiday Guide - Best Restaurants &amp; Beach Clubs &amp; Bars\" \/>\n<meta property=\"og:description\" content=\"THE MOST comprehensive up-to-date 2021 residents and insiders Ibiza holiday guide. Learn more about beaches, clubs and restaurants on the island.\" \/>\n<meta property=\"og:url\" content=\"\/fr\/\" \/>\n<meta property=\"og:site_name\" content=\"Mi Casa Tu Casa Ibiza\" \/>\n<meta property=\"article:publisher\" content=\"https:\/\/www.facebook.com\/MiCasaTuCasaIbiza\/\" \/>\n<meta property=\"article:modified_time\" content=\"2026-02-10T20:50:15+00:00\" \/>\n<meta property=\"og:image\" content=\"https:\/\/micasatucasaibiza.com\/wp-content\/uploads\/2019\/11\/banner-island-guide-2019.jpg\" \/>\n\t<meta property=\"og:image:width\" content=\"2048\" \/>\n\t<meta property=\"og:image:height\" content=\"1152\" \/>\n\t<meta property=\"og:image:type\" content=\"image\/jpeg\" \/>\n<meta name=\"twitter:label1\" content=\"Dur\u00e9e de lecture estim\u00e9e\" \/>\n\t<meta name=\"twitter:data1\" content=\"2 minutes\" \/>\n<script type=\"application\/ld+json\" class=\"yoast-schema-graph\">{\"@context\":\"https:\/\/schema.org\",\"@graph\":[{\"@type\":\"WebPage\",\"@id\":\"https:\/\/micasatucasaibiza.com\/fr\/ibiza-guide\/\",\"url\":\"\/fr\/\",\"name\":\"Ibiza Holiday Guide - Best Restaurants & Beach Clubs & Bars\",\"isPartOf\":{\"@id\":\"https:\/\/micasatucasaibiza.com\/fr\/#website\"},\"primaryImageOfPage\":{\"@id\":\"\/fr\/#primaryimage\"},\"image\":{\"@id\":\"\/#primaryimage\"},\"thumbnailUrl\":\"https:\/\/micasatucasaibiza.com\/wp-content\/uploads\/2019\/11\/banner-island-guide-2019.jpg\",\"datePublished\":\"2017-07-21T16:12:00+00:00\",\"dateModified\":\"2026-02-10T20:50:15+00:00\",\"description\":\"THE MOST comprehensive up-to-date 2021 residents and insiders Ibiza holiday guide. Learn more about beaches, clubs and restaurants on the island.\",\"breadcrumb\":{\"@id\":\"\/fr\/#breadcrumb\"},\"inLanguage\":\"fr-FR\",\"potentialAction\":[{\"@type\":\"ReadAction\",\"target\":[[\"\/fr\/\"]]}]},{\"@type\":\"ImageObject\",\"inLanguage\":\"fr-FR\",\"@id\":\"\/fr\/#primaryimage\",\"url\":\"https:\/\/micasatucasaibiza.com\/wp-content\/uploads\/2019\/11\/banner-island-guide-2019.jpg\",\"contentUrl\":\"https:\/\/micasatucasaibiza.com\/wp-content\/uploads\/2019\/11\/banner-island-guide-2019.jpg\",\"width\":2048,\"height\":1152,\"caption\":\"Banner Island Guide 2019\"},{\"@type\":\"BreadcrumbList\",\"@id\":\"\/fr\/#breadcrumb\",\"itemListElement\":[{\"@type\":\"ListItem\",\"position\":1,\"name\":\"Home\",\"item\":\"https:\/\/micasatucasaibiza.com\/fr\/\"},{\"@type\":\"ListItem\",\"position\":2,\"name\":\"Island Guide\"}]},{\"@type\":\"WebSite\",\"@id\":\"https:\/\/micasatucasaibiza.com\/fr\/#website\",\"url\":\"https:\/\/micasatucasaibiza.com\/fr\/\",\"name\":\"Mi Casa Tu Casa Ibiza\",\"description\":\"Special villas. Exclusively managed.\",\"publisher\":{\"@id\":\"https:\/\/micasatucasaibiza.com\/fr\/#organization\"},\"potentialAction\":[{\"@type\":\"SearchAction\",\"target\":{\"@type\":\"EntryPoint\",\"urlTemplate\":\"https:\/\/micasatucasaibiza.com\/fr\/?s={search_term_string}\"},\"query-input\":{\"@type\":\"PropertyValueSpecification\",\"valueRequired\":true,\"valueName\":\"search_term_string\"}}],\"inLanguage\":\"fr-FR\"},{\"@type\":\"Organization\",\"@id\":\"https:\/\/micasatucasaibiza.com\/fr\/#organization\",\"name\":\"Mi Casa Tu Casa Ibiza\",\"url\":\"https:\/\/micasatucasaibiza.com\/fr\/\",\"logo\":{\"@type\":\"ImageObject\",\"inLanguage\":\"fr-FR\",\"@id\":\"https:\/\/micasatucasaibiza.com\/fr\/#\/schema\/logo\/image\/\",\"url\":\"https:\/\/micasatucasaibiza.com\/wp-content\/uploads\/logo.gif\",\"contentUrl\":\"https:\/\/micasatucasaibiza.com\/wp-content\/uploads\/logo.gif\",\"width\":226,\"height\":97,\"caption\":\"Mi Casa Tu Casa Ibiza\"},\"image\":{\"@id\":\"https:\/\/micasatucasaibiza.com\/fr\/#\/schema\/logo\/image\/\"},\"sameAs\":[\"https:\/\/www.facebook.com\/MiCasaTuCasaIbiza\/\",\"https:\/\/www.instagram.com\/micasatucasaibiza\/\"]}]}<\/script>\n<!-- \/ Yoast SEO plugin. -->","yoast_head_json":{"title":"Ibiza Holiday Guide - Best Restaurants & Beach Clubs & Bars","description":"THE MOST comprehensive up-to-date 2021 residents and insiders Ibiza holiday guide. Learn more about beaches, clubs and restaurants on the island.","robots":{"index":"index","follow":"follow","max-snippet":"max-snippet:-1","max-image-preview":"max-image-preview:large","max-video-preview":"max-video-preview:-1"},"canonical":"\/fr\/","og_locale":"fr_FR","og_type":"article","og_title":"Ibiza Holiday Guide - Best Restaurants & Beach Clubs & Bars","og_description":"THE MOST comprehensive up-to-date 2021 residents and insiders Ibiza holiday guide. Learn more about beaches, clubs and restaurants on the island.","og_url":"\/fr\/","og_site_name":"Mi Casa Tu Casa Ibiza","article_publisher":"https:\/\/www.facebook.com\/MiCasaTuCasaIbiza\/","article_modified_time":"2026-02-10T20:50:15+00:00","og_image":[{"width":2048,"height":1152,"url":"https:\/\/micasatucasaibiza.com\/wp-content\/uploads\/2019\/11\/banner-island-guide-2019.jpg","type":"image\/jpeg"}],"twitter_misc":{"Dur\u00e9e de lecture estim\u00e9e":"2 minutes"},"schema":{"@context":"https:\/\/schema.org","@graph":[{"@type":"WebPage","@id":"https:\/\/micasatucasaibiza.com\/fr\/ibiza-guide\/","url":"\/fr\/","name":"Ibiza Holiday Guide - Best Restaurants & Beach Clubs & Bars","isPartOf":{"@id":"https:\/\/micasatucasaibiza.com\/fr\/#website"},"primaryImageOfPage":{"@id":"\/fr\/#primaryimage"},"image":{"@id":"\/#primaryimage"},"thumbnailUrl":"https:\/\/micasatucasaibiza.com\/wp-content\/uploads\/2019\/11\/banner-island-guide-2019.jpg","datePublished":"2017-07-21T16:12:00+00:00","dateModified":"2026-02-10T20:50:15+00:00","description":"THE MOST comprehensive up-to-date 2021 residents and insiders Ibiza holiday guide. Learn more about beaches, clubs and restaurants on the island.","breadcrumb":{"@id":"\/fr\/#breadcrumb"},"inLanguage":"fr-FR","potentialAction":[{"@type":"ReadAction","target":[["\/fr\/"]]}]},{"@type":"ImageObject","inLanguage":"fr-FR","@id":"\/fr\/#primaryimage","url":"https:\/\/micasatucasaibiza.com\/wp-content\/uploads\/2019\/11\/banner-island-guide-2019.jpg","contentUrl":"https:\/\/micasatucasaibiza.com\/wp-content\/uploads\/2019\/11\/banner-island-guide-2019.jpg","width":2048,"height":1152,"caption":"Banner Island Guide 2019"},{"@type":"BreadcrumbList","@id":"\/fr\/#breadcrumb","itemListElement":[{"@type":"ListItem","position":1,"name":"Home","item":"https:\/\/micasatucasaibiza.com\/fr\/"},{"@type":"ListItem","position":2,"name":"Island Guide"}]},{"@type":"WebSite","@id":"https:\/\/micasatucasaibiza.com\/fr\/#website","url":"https:\/\/micasatucasaibiza.com\/fr\/","name":"Mi Casa Tu Casa Ibiza","description":"Special villas. Exclusively managed.","publisher":{"@id":"https:\/\/micasatucasaibiza.com\/fr\/#organization"},"potentialAction":[{"@type":"SearchAction","target":{"@type":"EntryPoint","urlTemplate":"https:\/\/micasatucasaibiza.com\/fr\/?s={search_term_string}"},"query-input":{"@type":"PropertyValueSpecification","valueRequired":true,"valueName":"search_term_string"}}],"inLanguage":"fr-FR"},{"@type":"Organization","@id":"https:\/\/micasatucasaibiza.com\/fr\/#organization","name":"Mi Casa Tu Casa Ibiza","url":"https:\/\/micasatucasaibiza.com\/fr\/","logo":{"@type":"ImageObject","inLanguage":"fr-FR","@id":"https:\/\/micasatucasaibiza.com\/fr\/#\/schema\/logo\/image\/","url":"https:\/\/micasatucasaibiza.com\/wp-content\/uploads\/logo.gif","contentUrl":"https:\/\/micasatucasaibiza.com\/wp-content\/uploads\/logo.gif","width":226,"height":97,"caption":"Mi Casa Tu Casa Ibiza"},"image":{"@id":"https:\/\/micasatucasaibiza.com\/fr\/#\/schema\/logo\/image\/"},"sameAs":["https:\/\/www.facebook.com\/MiCasaTuCasaIbiza\/","https:\/\/www.instagram.com\/micasatucasaibiza\/"]}]}},"_links":{"self":[{"href":"https:\/\/micasatucasaibiza.com\/fr\/wp-json\/wp\/v2\/pages\/3906","targetHints":{"allow":["GET"]}}],"collection":[{"href":"https:\/\/micasatucasaibiza.com\/fr\/wp-json\/wp\/v2\/pages"}],"about":[{"href":"https:\/\/micasatucasaibiza.com\/fr\/wp-json\/wp\/v2\/types\/page"}],"author":[{"embeddable":true,"href":"https:\/\/micasatucasaibiza.com\/fr\/wp-json\/wp\/v2\/users\/1"}],"replies":[{"embeddable":true,"href":"https:\/\/micasatucasaibiza.com\/fr\/wp-json\/wp\/v2\/comments?post=3906"}],"version-history":[{"count":10,"href":"https:\/\/micasatucasaibiza.com\/fr\/wp-json\/wp\/v2\/pages\/3906\/revisions"}],"predecessor-version":[{"id":18166,"href":"https:\/\/micasatucasaibiza.com\/fr\/wp-json\/wp\/v2\/pages\/3906\/revisions\/18166"}],"wp:featuredmedia":[{"embeddable":true,"href":"https:\/\/micasatucasaibiza.com\/fr\/wp-json\/wp\/v2\/media\/8331"}],"wp:attachment":[{"href":"https:\/\/micasatucasaibiza.com\/fr\/wp-json\/wp\/v2\/media?parent=3906"}],"curies":[{"name":"wp","href":"https:\/\/api.w.org\/{rel}","templated":true}]}}