{"id":6,"date":"2014-02-28T19:51:00","date_gmt":"2014-02-28T18:51:00","guid":{"rendered":"http:\/\/pc-808:8081\/micasatucasaibiza.com\/site\/?page_id=6"},"modified":"2026-03-31T11:02:49","modified_gmt":"2026-03-31T09:02:49","slug":"home","status":"publish","type":"page","link":"https:\/\/micasatucasaibiza.com\/fr\/","title":{"rendered":"Accueil"},"content":{"rendered":"<p>Mi Casa Tu Casa vous propose une collection soigneusement s\u00e9lectionn\u00e9e des plus belles villas de vacances \u00e0 Ibiza. Nos villas en location \u00e0 Ibiza sont situ\u00e9es dans les endroits les plus spectaculaires de l\u2019\u00eele : merveilleusement priv\u00e9es et paisibles, tout en restant \u00e0 quelques minutes en voiture de superbes criques et plages.<\/p>\n<p>Nous sommes des sp\u00e9cialistes de la location de villas de luxe \u00e0 Ibiza et g\u00e9rons toutes nos propri\u00e9t\u00e9s en exclusivit\u00e9. Cela signifie que votre villa est impeccablement pr\u00e9par\u00e9e pour votre arriv\u00e9e et que vous b\u00e9n\u00e9ficiez d\u2019une assistance discr\u00e8te et efficace tout au long de votre s\u00e9jour, assur\u00e9e par une personne r\u00e9elle qui conna\u00eet votre villa, vos projets et votre rythme.<\/p>\n<p><strong>Que vos vacances en villa \u00e0 Ibiza commencent.<\/strong><\/p>","protected":false},"excerpt":{"rendered":"<p>Mi Casa Tu Casa vous propose une collection soigneusement s\u00e9lectionn\u00e9e des plus belles villas de vacances \u00e0 Ibiza. Nos villas en location \u00e0 Ibiza sont situ\u00e9es dans les endroits les &hellip;<\/p>\n","protected":false},"author":1,"featured_media":6593,"parent":0,"menu_order":2,"comment_status":"closed","ping_status":"closed","template":"pages\/template-home.php","meta":{"_acf_changed":false,"footnotes":""},"class_list":["post-6","page","type-page","status-publish","has-post-thumbnail","hentry"],"acf":[],"yoast_head":"<!-- This site is optimized with the Yoast SEO plugin v27.0 - https:\/\/yoast.com\/product\/yoast-seo-wordpress\/ -->\n<title>Ibiza Villa Holidays | Luxury Ibiza Villas | Mi Casa Tu Casa<\/title>\n<meta name=\"description\" content=\"Discover luxury Ibiza villa holidays with Mi Casa Tu Casa. Hand-picked villas, exclusive service, and unforgettable island experiences.\" \/>\n<meta name=\"robots\" content=\"index, follow, max-snippet:-1, max-image-preview:large, max-video-preview:-1\" \/>\n<link rel=\"canonical\" href=\"\/fr\/\" \/>\n<meta property=\"og:locale\" content=\"fr_FR\" \/>\n<meta property=\"og:type\" content=\"article\" \/>\n<meta property=\"og:title\" content=\"Ibiza Villa Holidays | Luxury Ibiza Villas | Mi Casa Tu Casa\" \/>\n<meta property=\"og:description\" content=\"Discover luxury Ibiza villa holidays with Mi Casa Tu Casa. Hand-picked villas, exclusive service, and unforgettable island experiences.\" \/>\n<meta property=\"og:url\" content=\"\/fr\/\" \/>\n<meta property=\"og:site_name\" content=\"Mi Casa Tu Casa Ibiza\" \/>\n<meta property=\"article:publisher\" content=\"https:\/\/www.facebook.com\/MiCasaTuCasaIbiza\/\" \/>\n<meta property=\"article:modified_time\" content=\"2026-03-31T09:02:49+00:00\" \/>\n<meta property=\"og:image\" content=\"https:\/\/micasatucasaibiza.com\/wp-content\/uploads\/2019\/06\/cala-tarida-007-2000-px.jpg\" \/>\n\t<meta property=\"og:image:width\" content=\"1813\" \/>\n\t<meta property=\"og:image:height\" content=\"944\" \/>\n\t<meta property=\"og:image:type\" content=\"image\/jpeg\" \/>\n<meta name=\"twitter:label1\" content=\"Dur\u00e9e de lecture estim\u00e9e\" \/>\n\t<meta name=\"twitter:data1\" content=\"1 minute\" \/>\n<script type=\"application\/ld+json\" class=\"yoast-schema-graph\">{\"@context\":\"https:\/\/schema.org\",\"@graph\":[{\"@type\":\"WebPage\",\"@id\":\"https:\/\/micasatucasaibiza.com\/fr\/\",\"url\":\"\/fr\/\",\"name\":\"Ibiza Villa Holidays | Luxury Ibiza Villas | Mi Casa Tu Casa\",\"isPartOf\":{\"@id\":\"https:\/\/micasatucasaibiza.com\/fr\/#website\"},\"primaryImageOfPage\":{\"@id\":\"\/fr\/#primaryimage\"},\"image\":{\"@id\":\"\/#primaryimage\"},\"thumbnailUrl\":\"https:\/\/micasatucasaibiza.com\/wp-content\/uploads\/2019\/06\/cala-tarida-007-2000-px.jpg\",\"datePublished\":\"2014-02-28T18:51:00+00:00\",\"dateModified\":\"2026-03-31T09:02:49+00:00\",\"description\":\"Discover luxury Ibiza villa holidays with Mi Casa Tu Casa. Hand-picked villas, exclusive service, and unforgettable island experiences.\",\"breadcrumb\":{\"@id\":\"\/fr\/#breadcrumb\"},\"inLanguage\":\"fr-FR\",\"potentialAction\":[{\"@type\":\"ReadAction\",\"target\":[[\"\/fr\/\"]]}]},{\"@type\":\"ImageObject\",\"inLanguage\":\"fr-FR\",\"@id\":\"\/fr\/#primaryimage\",\"url\":\"https:\/\/micasatucasaibiza.com\/wp-content\/uploads\/2019\/06\/cala-tarida-007-2000-px.jpg\",\"contentUrl\":\"https:\/\/micasatucasaibiza.com\/wp-content\/uploads\/2019\/06\/cala-tarida-007-2000-px.jpg\",\"width\":1813,\"height\":944,\"caption\":\"Cala Tarida 007 2000 Px\"},{\"@type\":\"BreadcrumbList\",\"@id\":\"\/fr\/#breadcrumb\",\"itemListElement\":[{\"@type\":\"ListItem\",\"position\":1,\"name\":\"Home\",\"item\":\"https:\/\/micasatucasaibiza.com\/fr\/\"},{\"@type\":\"ListItem\",\"position\":2,\"name\":\"Home\"}]},{\"@type\":\"WebSite\",\"@id\":\"https:\/\/micasatucasaibiza.com\/fr\/#website\",\"url\":\"https:\/\/micasatucasaibiza.com\/fr\/\",\"name\":\"Mi Casa Tu Casa Ibiza\",\"description\":\"Special villas. Exclusively managed.\",\"publisher\":{\"@id\":\"https:\/\/micasatucasaibiza.com\/fr\/#organization\"},\"potentialAction\":[{\"@type\":\"SearchAction\",\"target\":{\"@type\":\"EntryPoint\",\"urlTemplate\":\"https:\/\/micasatucasaibiza.com\/fr\/?s={search_term_string}\"},\"query-input\":{\"@type\":\"PropertyValueSpecification\",\"valueRequired\":true,\"valueName\":\"search_term_string\"}}],\"inLanguage\":\"fr-FR\"},{\"@type\":\"Organization\",\"@id\":\"https:\/\/micasatucasaibiza.com\/fr\/#organization\",\"name\":\"Mi Casa Tu Casa Ibiza\",\"url\":\"https:\/\/micasatucasaibiza.com\/fr\/\",\"logo\":{\"@type\":\"ImageObject\",\"inLanguage\":\"fr-FR\",\"@id\":\"https:\/\/micasatucasaibiza.com\/fr\/#\/schema\/logo\/image\/\",\"url\":\"https:\/\/micasatucasaibiza.com\/wp-content\/uploads\/logo.gif\",\"contentUrl\":\"https:\/\/micasatucasaibiza.com\/wp-content\/uploads\/logo.gif\",\"width\":226,\"height\":97,\"caption\":\"Mi Casa Tu Casa Ibiza\"},\"image\":{\"@id\":\"https:\/\/micasatucasaibiza.com\/fr\/#\/schema\/logo\/image\/\"},\"sameAs\":[\"https:\/\/www.facebook.com\/MiCasaTuCasaIbiza\/\",\"https:\/\/www.instagram.com\/micasatucasaibiza\/\"]}]}<\/script>\n<!-- \/ Yoast SEO plugin. -->","yoast_head_json":{"title":"Ibiza Villa Holidays | Luxury Ibiza Villas | Mi Casa Tu Casa","description":"Discover luxury Ibiza villa holidays with Mi Casa Tu Casa. Hand-picked villas, exclusive service, and unforgettable island experiences.","robots":{"index":"index","follow":"follow","max-snippet":"max-snippet:-1","max-image-preview":"max-image-preview:large","max-video-preview":"max-video-preview:-1"},"canonical":"\/fr\/","og_locale":"fr_FR","og_type":"article","og_title":"Ibiza Villa Holidays | Luxury Ibiza Villas | Mi Casa Tu Casa","og_description":"Discover luxury Ibiza villa holidays with Mi Casa Tu Casa. Hand-picked villas, exclusive service, and unforgettable island experiences.","og_url":"\/fr\/","og_site_name":"Mi Casa Tu Casa Ibiza","article_publisher":"https:\/\/www.facebook.com\/MiCasaTuCasaIbiza\/","article_modified_time":"2026-03-31T09:02:49+00:00","og_image":[{"width":1813,"height":944,"url":"https:\/\/micasatucasaibiza.com\/wp-content\/uploads\/2019\/06\/cala-tarida-007-2000-px.jpg","type":"image\/jpeg"}],"twitter_misc":{"Dur\u00e9e de lecture estim\u00e9e":"1 minute"},"schema":{"@context":"https:\/\/schema.org","@graph":[{"@type":"WebPage","@id":"https:\/\/micasatucasaibiza.com\/fr\/","url":"\/fr\/","name":"Ibiza Villa Holidays | Luxury Ibiza Villas | Mi Casa Tu Casa","isPartOf":{"@id":"https:\/\/micasatucasaibiza.com\/fr\/#website"},"primaryImageOfPage":{"@id":"\/fr\/#primaryimage"},"image":{"@id":"\/#primaryimage"},"thumbnailUrl":"https:\/\/micasatucasaibiza.com\/wp-content\/uploads\/2019\/06\/cala-tarida-007-2000-px.jpg","datePublished":"2014-02-28T18:51:00+00:00","dateModified":"2026-03-31T09:02:49+00:00","description":"Discover luxury Ibiza villa holidays with Mi Casa Tu Casa. Hand-picked villas, exclusive service, and unforgettable island experiences.","breadcrumb":{"@id":"\/fr\/#breadcrumb"},"inLanguage":"fr-FR","potentialAction":[{"@type":"ReadAction","target":[["\/fr\/"]]}]},{"@type":"ImageObject","inLanguage":"fr-FR","@id":"\/fr\/#primaryimage","url":"https:\/\/micasatucasaibiza.com\/wp-content\/uploads\/2019\/06\/cala-tarida-007-2000-px.jpg","contentUrl":"https:\/\/micasatucasaibiza.com\/wp-content\/uploads\/2019\/06\/cala-tarida-007-2000-px.jpg","width":1813,"height":944,"caption":"Cala Tarida 007 2000 Px"},{"@type":"BreadcrumbList","@id":"\/fr\/#breadcrumb","itemListElement":[{"@type":"ListItem","position":1,"name":"Home","item":"https:\/\/micasatucasaibiza.com\/fr\/"},{"@type":"ListItem","position":2,"name":"Home"}]},{"@type":"WebSite","@id":"https:\/\/micasatucasaibiza.com\/fr\/#website","url":"https:\/\/micasatucasaibiza.com\/fr\/","name":"Mi Casa Tu Casa Ibiza","description":"Special villas. Exclusively managed.","publisher":{"@id":"https:\/\/micasatucasaibiza.com\/fr\/#organization"},"potentialAction":[{"@type":"SearchAction","target":{"@type":"EntryPoint","urlTemplate":"https:\/\/micasatucasaibiza.com\/fr\/?s={search_term_string}"},"query-input":{"@type":"PropertyValueSpecification","valueRequired":true,"valueName":"search_term_string"}}],"inLanguage":"fr-FR"},{"@type":"Organization","@id":"https:\/\/micasatucasaibiza.com\/fr\/#organization","name":"Mi Casa Tu Casa Ibiza","url":"https:\/\/micasatucasaibiza.com\/fr\/","logo":{"@type":"ImageObject","inLanguage":"fr-FR","@id":"https:\/\/micasatucasaibiza.com\/fr\/#\/schema\/logo\/image\/","url":"https:\/\/micasatucasaibiza.com\/wp-content\/uploads\/logo.gif","contentUrl":"https:\/\/micasatucasaibiza.com\/wp-content\/uploads\/logo.gif","width":226,"height":97,"caption":"Mi Casa Tu Casa Ibiza"},"image":{"@id":"https:\/\/micasatucasaibiza.com\/fr\/#\/schema\/logo\/image\/"},"sameAs":["https:\/\/www.facebook.com\/MiCasaTuCasaIbiza\/","https:\/\/www.instagram.com\/micasatucasaibiza\/"]}]}},"_links":{"self":[{"href":"https:\/\/micasatucasaibiza.com\/fr\/wp-json\/wp\/v2\/pages\/6","targetHints":{"allow":["GET"]}}],"collection":[{"href":"https:\/\/micasatucasaibiza.com\/fr\/wp-json\/wp\/v2\/pages"}],"about":[{"href":"https:\/\/micasatucasaibiza.com\/fr\/wp-json\/wp\/v2\/types\/page"}],"author":[{"embeddable":true,"href":"https:\/\/micasatucasaibiza.com\/fr\/wp-json\/wp\/v2\/users\/1"}],"replies":[{"embeddable":true,"href":"https:\/\/micasatucasaibiza.com\/fr\/wp-json\/wp\/v2\/comments?post=6"}],"version-history":[{"count":10,"href":"https:\/\/micasatucasaibiza.com\/fr\/wp-json\/wp\/v2\/pages\/6\/revisions"}],"predecessor-version":[{"id":18516,"href":"https:\/\/micasatucasaibiza.com\/fr\/wp-json\/wp\/v2\/pages\/6\/revisions\/18516"}],"wp:featuredmedia":[{"embeddable":true,"href":"https:\/\/micasatucasaibiza.com\/fr\/wp-json\/wp\/v2\/media\/6593"}],"wp:attachment":[{"href":"https:\/\/micasatucasaibiza.com\/fr\/wp-json\/wp\/v2\/media?parent=6"}],"curies":[{"name":"wp","href":"https:\/\/api.w.org\/{rel}","templated":true}]}}