{"id":7383,"date":"2019-09-25T12:59:50","date_gmt":"2019-09-25T10:59:50","guid":{"rendered":"https:\/\/micasatucasaibiza.com\/?page_id=7383"},"modified":"2026-02-10T21:09:03","modified_gmt":"2026-02-10T20:09:03","slug":"ibiza-villa-sustainability-2","status":"publish","type":"page","link":"https:\/\/micasatucasaibiza.com\/fr\/villas-a-ibiza-durabilite\/","title":{"rendered":"Durabilit\u00e9"},"content":{"rendered":"<p>Nous sommes fiers de collaborer avec Ibiza Preservation, une organisation environnementale \u00e0 but non lucratif, dont l&rsquo;objectif est de pr\u00e9server la beaut\u00e9 naturelle de l&rsquo;\u00eele gr\u00e2ce \u00e0 des initiatives durables. Notre ambition est de r\u00e9duire consid\u00e9rablement l&rsquo;impact environnemental d&rsquo;une villa lorsqu&rsquo;elle est occup\u00e9e. Pr\u00e8s de 30 % des touristes d&rsquo;Ibiza s\u00e9journent dans des h\u00e9bergements locatifs et les villas de campagne consomment de grandes quantit\u00e9s d&rsquo;\u00e9nergie et d&rsquo;eau. L&rsquo;\u00eele est un paradis fragile qui est devenu trop sollicit\u00e9 et qui doit \u00eatre prot\u00e9g\u00e9.<\/p>\n<p>Nous sommes \u00e0 la pointe du secteur des villas sur l&rsquo;\u00eele en mati\u00e8re de d\u00e9veloppement durable et nous conseillons l&rsquo;AVAT (l&rsquo;association des propri\u00e9taires de villas et des agences de location) en collaboration avec Ibiza Preservation. Nous souhaitons toucher toutes les parties prenantes : les clients des villas, les propri\u00e9taires, les prestataires de services et les organismes gouvernementaux. Nous avons commenc\u00e9 \u00e0 travailler avec chaque propri\u00e9taire de villa pour cr\u00e9er un plan d&rsquo;action sur 5 ans afin de rendre leur propri\u00e9t\u00e9 plus durable. Nous encourageons tous nos clients \u00e0 utiliser les villas de mani\u00e8re responsable pendant leurs vacances et \u00e0 comprendre que leur empreinte environnementale marque l&rsquo;\u00eele bien apr\u00e8s leur d\u00e9part. Nous continuons \u00e9galement \u00e0 faire \u00e9voluer nos propres pratiques en tant que gestionnaires de villas.<\/p>\n<p>Cela ne se fait pas du jour au lendemain, mais ensemble nous pouvons faire une grande diff\u00e9rence pour pr\u00e9server la beaut\u00e9 de notre \u00eele afin que les enfants de nos enfants puissent en profiter comme nous le faisons aujourd&rsquo;hui.<\/p>\n<div class=\"d-flex\" style=\"gap: 2.5rem; max-width: 42rem; margin: 1rem auto;\"><a style=\"flex-basis: 100%;\" href=\"https:\/\/ibizapreservation.org\/project\/plastic-free-ibiza-and-formentera\/\" target=\"_blank\" rel=\"noopener noreferrer\" class=\"bpp bpp-contain\"><img decoding=\"async\" src=\"https:\/\/ibizapreservation.org\/wp-content\/uploads\/2018\/11\/Logo_PlasticFree-EF-color.png\" alt=\"Logo sans plastique\" loading=\"lazy\"><\/a><a style=\"flex-basis: 100%;\" href=\"https:\/\/ibizapreservation.org\/\" target=\"_blank\" rel=\"noopener noreferrer\" class=\"bpp bpp-contain\"><img decoding=\"async\" src=\"https:\/\/ibizapreservation.org\/wp-content\/uploads\/2020\/02\/IbizaPreservation_Logo.png\" alt=\"Logo Ibiza Preservation\" loading=\"lazy\"><\/a><\/div>\n<h3>Nos 5 domaines d&rsquo;action<\/h3>\n<h4>1. Recyclage<\/h4>\n<p>Toutes nos villas disposent de poubelles de tri s\u00e9lectif \u00e0 l&rsquo;usage des clients, accompagn\u00e9es d&rsquo;instructions claires sur leur utilisation.<\/p>\n<h4>2. \u00c9conomiser l&rsquo;eau<\/h4>\n<p>Ibiza souffre d&rsquo;une p\u00e9nurie d&rsquo;eau chronique et de nombreux aquif\u00e8res, la seule source d&rsquo;eau naturelle de l&rsquo;\u00eele, se sont ass\u00e9ch\u00e9s. Nous cherchons des moyens de r\u00e9duire la consommation dans chaque villa gr\u00e2ce \u00e0 son infrastructure et \u00e0 une utilisation plus responsable de la part des clients.<\/p>\n<h4>3. Acheter local<\/h4>\n<p>Nous fournissons \u00e0 nos clients une liste des meilleurs endroits pour acheter des <a href=\"\/ibiza-guide\/\">produits biologiques locaux<\/a> afin qu&rsquo;ils puissent profiter des vrais fruits de l&rsquo;\u00eele. Pour commencer, nos packs de bienvenue sont remplis de produits d&rsquo;origine locale.<\/p>\n<h4>4. R\u00e9duire la consommation d&rsquo;\u00e9nergie<\/h4>\n<p>Nous cherchons des moyens de r\u00e9duire la consommation d&rsquo;\u00e9nergie dans chaque villa gr\u00e2ce \u00e0 son infrastructure et \u00e0 une utilisation plus responsable de la part des clients. Nous \u00e9tudions et mettons en place de meilleures sources d&rsquo;\u00e9nergie comme le solaire et les pompes \u00e0 chaleur, et r\u00e9duisons la consommation gr\u00e2ce \u00e0 la modernisation des appareils \u00e9lectrom\u00e9nagers, des capteurs de luminosit\u00e9 pour l&rsquo;\u00e9clairage ext\u00e9rieur, etc.<\/p>\n<h4>5. R\u00e9duire le plastique<\/h4>\n<p>Nous avons install\u00e9 des filtres \u00e0 osmose dans les \u00e9viers de cuisine de la plupart des villas pour fournir de l&rsquo;eau potable, \u00e9liminant ainsi le besoin pour les clients d&rsquo;acheter de l&rsquo;eau en bouteille. Nous fournissons de grands sacs de courses r\u00e9utilisables et solides afin que les clients puissent les utiliser au lieu d&rsquo;acheter des sacs en plastique au supermarch\u00e9. Nous avons supprim\u00e9 les petites bouteilles en plastique \u00e0 usage unique de shampoing et de gel douche et les avons remplac\u00e9es par de plus grands flacons rechargeables \u00e0 l&rsquo;usage des clients. Nous continuons \u00e0 chercher des moyens d&rsquo;aider les clients \u00e0 r\u00e9duire leur besoin d&rsquo;acheter du plastique.<\/p>\n<p>Consultez notre <a href=\"\/wp-content\/uploads\/2019\/11\/guest-communication.pdf\" target=\"_blank\" rel=\"noopener noreferrer\">PDF de communication aux clients<\/a>.<\/p>\n<p>D\u00e9couvrez le travail remarquable de l&rsquo;<a href=\"https:\/\/ibizapreservation.org\/\" target=\"_blank\" rel=\"noopener noreferrer\">Ibiza Preservation Fund<\/a>.<br \/>\n<\/p>","protected":false},"excerpt":{"rendered":"<p>Nous sommes fiers de collaborer avec Ibiza Preservation, une organisation environnementale \u00e0 but non lucratif, dont l&rsquo;objectif est de pr\u00e9server la beaut\u00e9 naturelle de l&rsquo;\u00eele gr\u00e2ce \u00e0 des initiatives durables. &hellip;<\/p>\n","protected":false},"author":1,"featured_media":8529,"parent":0,"menu_order":20,"comment_status":"closed","ping_status":"closed","template":"pages\/template-simple.php","meta":{"_acf_changed":false,"footnotes":""},"class_list":["post-7383","page","type-page","status-publish","has-post-thumbnail","hentry"],"acf":[],"yoast_head":"<!-- This site is optimized with the Yoast SEO plugin v27.0 - https:\/\/yoast.com\/product\/yoast-seo-wordpress\/ -->\n<title>Ibiza Villas | Durabilit\u00e9 | Mi Casa Tu Casa Ibiza<\/title>\n<meta name=\"description\" content=\"All our Ibiza Villas have recycling bins for the guests to use and clear instructions on how to use them. We continue to look for ways to help guests reduce their need to purchase plastic.\" \/>\n<meta name=\"robots\" content=\"index, follow, max-snippet:-1, max-image-preview:large, max-video-preview:-1\" \/>\n<link rel=\"canonical\" href=\"\/fr\/\" \/>\n<meta property=\"og:locale\" content=\"fr_FR\" \/>\n<meta property=\"og:type\" content=\"article\" \/>\n<meta property=\"og:title\" content=\"Ibiza Villas | Durabilit\u00e9 | Mi Casa Tu Casa Ibiza\" \/>\n<meta property=\"og:description\" content=\"All our Ibiza Villas have recycling bins for the guests to use and clear instructions on how to use them. We continue to look for ways to help guests reduce their need to purchase plastic.\" \/>\n<meta property=\"og:url\" content=\"\/fr\/\" \/>\n<meta property=\"og:site_name\" content=\"Mi Casa Tu Casa Ibiza\" \/>\n<meta property=\"article:publisher\" content=\"https:\/\/www.facebook.com\/MiCasaTuCasaIbiza\/\" \/>\n<meta property=\"article:modified_time\" content=\"2026-02-10T20:09:03+00:00\" \/>\n<meta property=\"og:image\" content=\"https:\/\/micasatucasaibiza.com\/wp-content\/uploads\/2019\/12\/yondal-seaview.jpg\" \/>\n\t<meta property=\"og:image:width\" content=\"1812\" \/>\n\t<meta property=\"og:image:height\" content=\"815\" \/>\n\t<meta property=\"og:image:type\" content=\"image\/jpeg\" \/>\n<meta name=\"twitter:label1\" content=\"Dur\u00e9e de lecture estim\u00e9e\" \/>\n\t<meta name=\"twitter:data1\" content=\"3 minutes\" \/>\n<script type=\"application\/ld+json\" class=\"yoast-schema-graph\">{\"@context\":\"https:\/\/schema.org\",\"@graph\":[{\"@type\":\"WebPage\",\"@id\":\"https:\/\/micasatucasaibiza.com\/fr\/ibiza-villa-sustainability\/\",\"url\":\"\/fr\/\",\"name\":\"Ibiza Villas | Durabilit\u00e9 | Mi Casa Tu Casa Ibiza\",\"isPartOf\":{\"@id\":\"https:\/\/micasatucasaibiza.com\/fr\/#website\"},\"primaryImageOfPage\":{\"@id\":\"\/fr\/#primaryimage\"},\"image\":{\"@id\":\"\/#primaryimage\"},\"thumbnailUrl\":\"https:\/\/micasatucasaibiza.com\/wp-content\/uploads\/2019\/12\/yondal-seaview.jpg\",\"datePublished\":\"2019-09-25T10:59:50+00:00\",\"dateModified\":\"2026-02-10T20:09:03+00:00\",\"description\":\"All our Ibiza Villas have recycling bins for the guests to use and clear instructions on how to use them. We continue to look for ways to help guests reduce their need to purchase plastic.\",\"breadcrumb\":{\"@id\":\"\/fr\/#breadcrumb\"},\"inLanguage\":\"fr-FR\",\"potentialAction\":[{\"@type\":\"ReadAction\",\"target\":[[\"\/fr\/\"]]}]},{\"@type\":\"ImageObject\",\"inLanguage\":\"fr-FR\",\"@id\":\"\/fr\/#primaryimage\",\"url\":\"https:\/\/micasatucasaibiza.com\/wp-content\/uploads\/2019\/12\/yondal-seaview.jpg\",\"contentUrl\":\"https:\/\/micasatucasaibiza.com\/wp-content\/uploads\/2019\/12\/yondal-seaview.jpg\",\"width\":1812,\"height\":815,\"caption\":\"Yondal Seaview\"},{\"@type\":\"BreadcrumbList\",\"@id\":\"\/fr\/#breadcrumb\",\"itemListElement\":[{\"@type\":\"ListItem\",\"position\":1,\"name\":\"Home\",\"item\":\"https:\/\/micasatucasaibiza.com\/fr\/\"},{\"@type\":\"ListItem\",\"position\":2,\"name\":\"Sustainability\"}]},{\"@type\":\"WebSite\",\"@id\":\"https:\/\/micasatucasaibiza.com\/fr\/#website\",\"url\":\"https:\/\/micasatucasaibiza.com\/fr\/\",\"name\":\"Mi Casa Tu Casa Ibiza\",\"description\":\"Special villas. Exclusively managed.\",\"publisher\":{\"@id\":\"https:\/\/micasatucasaibiza.com\/fr\/#organization\"},\"potentialAction\":[{\"@type\":\"SearchAction\",\"target\":{\"@type\":\"EntryPoint\",\"urlTemplate\":\"https:\/\/micasatucasaibiza.com\/fr\/?s={search_term_string}\"},\"query-input\":{\"@type\":\"PropertyValueSpecification\",\"valueRequired\":true,\"valueName\":\"search_term_string\"}}],\"inLanguage\":\"fr-FR\"},{\"@type\":\"Organization\",\"@id\":\"https:\/\/micasatucasaibiza.com\/fr\/#organization\",\"name\":\"Mi Casa Tu Casa Ibiza\",\"url\":\"https:\/\/micasatucasaibiza.com\/fr\/\",\"logo\":{\"@type\":\"ImageObject\",\"inLanguage\":\"fr-FR\",\"@id\":\"https:\/\/micasatucasaibiza.com\/fr\/#\/schema\/logo\/image\/\",\"url\":\"https:\/\/micasatucasaibiza.com\/wp-content\/uploads\/logo.gif\",\"contentUrl\":\"https:\/\/micasatucasaibiza.com\/wp-content\/uploads\/logo.gif\",\"width\":226,\"height\":97,\"caption\":\"Mi Casa Tu Casa Ibiza\"},\"image\":{\"@id\":\"https:\/\/micasatucasaibiza.com\/fr\/#\/schema\/logo\/image\/\"},\"sameAs\":[\"https:\/\/www.facebook.com\/MiCasaTuCasaIbiza\/\",\"https:\/\/www.instagram.com\/micasatucasaibiza\/\"]}]}<\/script>\n<!-- \/ Yoast SEO plugin. -->","yoast_head_json":{"title":"Ibiza Villas | Durabilit\u00e9 | Mi Casa Tu Casa Ibiza","description":"All our Ibiza Villas have recycling bins for the guests to use and clear instructions on how to use them. We continue to look for ways to help guests reduce their need to purchase plastic.","robots":{"index":"index","follow":"follow","max-snippet":"max-snippet:-1","max-image-preview":"max-image-preview:large","max-video-preview":"max-video-preview:-1"},"canonical":"\/fr\/","og_locale":"fr_FR","og_type":"article","og_title":"Ibiza Villas | Durabilit\u00e9 | Mi Casa Tu Casa Ibiza","og_description":"All our Ibiza Villas have recycling bins for the guests to use and clear instructions on how to use them. We continue to look for ways to help guests reduce their need to purchase plastic.","og_url":"\/fr\/","og_site_name":"Mi Casa Tu Casa Ibiza","article_publisher":"https:\/\/www.facebook.com\/MiCasaTuCasaIbiza\/","article_modified_time":"2026-02-10T20:09:03+00:00","og_image":[{"width":1812,"height":815,"url":"https:\/\/micasatucasaibiza.com\/wp-content\/uploads\/2019\/12\/yondal-seaview.jpg","type":"image\/jpeg"}],"twitter_misc":{"Dur\u00e9e de lecture estim\u00e9e":"3 minutes"},"schema":{"@context":"https:\/\/schema.org","@graph":[{"@type":"WebPage","@id":"https:\/\/micasatucasaibiza.com\/fr\/ibiza-villa-sustainability\/","url":"\/fr\/","name":"Ibiza Villas | Durabilit\u00e9 | Mi Casa Tu Casa Ibiza","isPartOf":{"@id":"https:\/\/micasatucasaibiza.com\/fr\/#website"},"primaryImageOfPage":{"@id":"\/fr\/#primaryimage"},"image":{"@id":"\/#primaryimage"},"thumbnailUrl":"https:\/\/micasatucasaibiza.com\/wp-content\/uploads\/2019\/12\/yondal-seaview.jpg","datePublished":"2019-09-25T10:59:50+00:00","dateModified":"2026-02-10T20:09:03+00:00","description":"All our Ibiza Villas have recycling bins for the guests to use and clear instructions on how to use them. We continue to look for ways to help guests reduce their need to purchase plastic.","breadcrumb":{"@id":"\/fr\/#breadcrumb"},"inLanguage":"fr-FR","potentialAction":[{"@type":"ReadAction","target":[["\/fr\/"]]}]},{"@type":"ImageObject","inLanguage":"fr-FR","@id":"\/fr\/#primaryimage","url":"https:\/\/micasatucasaibiza.com\/wp-content\/uploads\/2019\/12\/yondal-seaview.jpg","contentUrl":"https:\/\/micasatucasaibiza.com\/wp-content\/uploads\/2019\/12\/yondal-seaview.jpg","width":1812,"height":815,"caption":"Yondal Seaview"},{"@type":"BreadcrumbList","@id":"\/fr\/#breadcrumb","itemListElement":[{"@type":"ListItem","position":1,"name":"Home","item":"https:\/\/micasatucasaibiza.com\/fr\/"},{"@type":"ListItem","position":2,"name":"Sustainability"}]},{"@type":"WebSite","@id":"https:\/\/micasatucasaibiza.com\/fr\/#website","url":"https:\/\/micasatucasaibiza.com\/fr\/","name":"Mi Casa Tu Casa Ibiza","description":"Special villas. Exclusively managed.","publisher":{"@id":"https:\/\/micasatucasaibiza.com\/fr\/#organization"},"potentialAction":[{"@type":"SearchAction","target":{"@type":"EntryPoint","urlTemplate":"https:\/\/micasatucasaibiza.com\/fr\/?s={search_term_string}"},"query-input":{"@type":"PropertyValueSpecification","valueRequired":true,"valueName":"search_term_string"}}],"inLanguage":"fr-FR"},{"@type":"Organization","@id":"https:\/\/micasatucasaibiza.com\/fr\/#organization","name":"Mi Casa Tu Casa Ibiza","url":"https:\/\/micasatucasaibiza.com\/fr\/","logo":{"@type":"ImageObject","inLanguage":"fr-FR","@id":"https:\/\/micasatucasaibiza.com\/fr\/#\/schema\/logo\/image\/","url":"https:\/\/micasatucasaibiza.com\/wp-content\/uploads\/logo.gif","contentUrl":"https:\/\/micasatucasaibiza.com\/wp-content\/uploads\/logo.gif","width":226,"height":97,"caption":"Mi Casa Tu Casa Ibiza"},"image":{"@id":"https:\/\/micasatucasaibiza.com\/fr\/#\/schema\/logo\/image\/"},"sameAs":["https:\/\/www.facebook.com\/MiCasaTuCasaIbiza\/","https:\/\/www.instagram.com\/micasatucasaibiza\/"]}]}},"_links":{"self":[{"href":"https:\/\/micasatucasaibiza.com\/fr\/wp-json\/wp\/v2\/pages\/7383","targetHints":{"allow":["GET"]}}],"collection":[{"href":"https:\/\/micasatucasaibiza.com\/fr\/wp-json\/wp\/v2\/pages"}],"about":[{"href":"https:\/\/micasatucasaibiza.com\/fr\/wp-json\/wp\/v2\/types\/page"}],"author":[{"embeddable":true,"href":"https:\/\/micasatucasaibiza.com\/fr\/wp-json\/wp\/v2\/users\/1"}],"replies":[{"embeddable":true,"href":"https:\/\/micasatucasaibiza.com\/fr\/wp-json\/wp\/v2\/comments?post=7383"}],"version-history":[{"count":11,"href":"https:\/\/micasatucasaibiza.com\/fr\/wp-json\/wp\/v2\/pages\/7383\/revisions"}],"predecessor-version":[{"id":18158,"href":"https:\/\/micasatucasaibiza.com\/fr\/wp-json\/wp\/v2\/pages\/7383\/revisions\/18158"}],"wp:featuredmedia":[{"embeddable":true,"href":"https:\/\/micasatucasaibiza.com\/fr\/wp-json\/wp\/v2\/media\/8529"}],"wp:attachment":[{"href":"https:\/\/micasatucasaibiza.com\/fr\/wp-json\/wp\/v2\/media?parent=7383"}],"curies":[{"name":"wp","href":"https:\/\/api.w.org\/{rel}","templated":true}]}}