{"id":8907,"date":"2020-04-17T14:08:17","date_gmt":"2020-04-17T12:08:17","guid":{"rendered":"https:\/\/micasatucasaibiza.com\/?page_id=8907"},"modified":"2026-02-10T20:46:25","modified_gmt":"2026-02-10T19:46:25","slug":"booking-conditions","status":"publish","type":"page","link":"https:\/\/micasatucasaibiza.com\/fr\/conditions-de-reservation\/","title":{"rendered":"Conditions de r\u00e9servation"},"content":{"rendered":"<p>Nous avons travaill\u00e9 avec les propri\u00e9taires des villas afin de convenir de conditions de r\u00e9servation flexibles pour nos clients. Veuillez consulter ci-dessous nos conditions de r\u00e9servation standard.<br \/>\nToutefois, veuillez vous r\u00e9f\u00e9rer \u00e0 votre contrat de location de villa pour conna\u00eetre les d\u00e9tails d\u00e9finitifs, car ceux-ci peuvent varier.<\/p>\n<ul>\n<li>Acompte de 30 % vers\u00e9 \u00e0 la r\u00e9servation, solde de 70 % vers\u00e9 8 semaines avant l&rsquo;arriv\u00e9e.<\/li>\n<li>Vous pouvez annuler, pour quelque raison que ce soit, et \u00eatre rembours\u00e9 (moins 5 % de frais administratifs) jusqu&rsquo;\u00e0 4 mois avant la date de d\u00e9but de votre s\u00e9jour (certaines villas peuvent varier).<\/li>\n<li>Dommages pendant votre s\u00e9jour &#8211; Nous pr\u00e9levons une caution (dont le montant varie selon la villa) qui est bloqu\u00e9e sur votre carte de cr\u00e9dit avant votre s\u00e9jour, puis, en l&rsquo;absence de dommages, d\u00e9bloqu\u00e9e cinq jours apr\u00e8s la date de fin de votre s\u00e9jour.<\/li>\n<\/ul>\n<p><strong>Notre \u00e9quipe est locale et experte<\/strong><br \/>\nNous sommes pr\u00e9sents \u00e0 Ibiza toute l&rsquo;ann\u00e9e pour vous aider \u00e0 r\u00e9soudre tout probl\u00e8me pouvant survenir avant, pendant ou apr\u00e8s vos vacances. Notre \u00e9quipe multilingue conna\u00eet l&rsquo;\u00eele comme sa poche et vous offre une assistance 24h\/24 et 7j\/7 pendant votre s\u00e9jour.<\/p>\n<p><strong>Les avantages de s\u00e9journer dans une villa g\u00e9r\u00e9e en exclusivit\u00e9<\/strong><br \/>\nNous ne g\u00e9rons qu&rsquo;un petit nombre de villas de luxe \u00e0 Ibiza. Cela signifie que nous connaissons parfaitement les villas et que nous connaissons bien leurs propri\u00e9taires, ce qui nous permet de r\u00e9soudre rapidement et efficacement les situations impr\u00e9vues.<\/p>\n<p><strong>Normes strictes en mati\u00e8re de nettoyage et d&rsquo;hygi\u00e8ne<\/strong><br \/>\nNous avons toujours maintenu des normes de nettoyage tr\u00e8s \u00e9lev\u00e9es et suivons scrupuleusement les protocoles de nettoyage et d&rsquo;hygi\u00e8ne.<\/p>","protected":false},"excerpt":{"rendered":"<p>Nous avons travaill\u00e9 avec les propri\u00e9taires des villas afin de convenir de conditions de r\u00e9servation flexibles pour nos clients. Veuillez consulter ci-dessous nos conditions de r\u00e9servation standard. Toutefois, veuillez vous &hellip;<\/p>\n","protected":false},"author":1,"featured_media":14380,"parent":0,"menu_order":18,"comment_status":"closed","ping_status":"closed","template":"pages\/template-simple.php","meta":{"_acf_changed":false,"footnotes":""},"class_list":["post-8907","page","type-page","status-publish","has-post-thumbnail","hentry"],"acf":[],"yoast_head":"<!-- This site is optimized with the Yoast SEO plugin v27.0 - https:\/\/yoast.com\/product\/yoast-seo-wordpress\/ -->\n<title>Ibiza Holiday Booking | Mi Casa Tu Casa Ibiza<\/title>\n<meta name=\"description\" content=\"Our Ibiza holiday booking conditions give you more flexibility and more peace of mind and we offer you the best in holiday booking conditions.\" \/>\n<meta name=\"robots\" content=\"index, follow, max-snippet:-1, max-image-preview:large, max-video-preview:-1\" \/>\n<link rel=\"canonical\" href=\"\/fr\/\" \/>\n<meta property=\"og:locale\" content=\"fr_FR\" \/>\n<meta property=\"og:type\" content=\"article\" \/>\n<meta property=\"og:title\" content=\"Ibiza Holiday Booking | Mi Casa Tu Casa Ibiza\" \/>\n<meta property=\"og:description\" content=\"Our Ibiza holiday booking conditions give you more flexibility and more peace of mind and we offer you the best in holiday booking conditions.\" \/>\n<meta property=\"og:url\" content=\"\/fr\/\" \/>\n<meta property=\"og:site_name\" content=\"Mi Casa Tu Casa Ibiza\" \/>\n<meta property=\"article:publisher\" content=\"https:\/\/www.facebook.com\/MiCasaTuCasaIbiza\/\" \/>\n<meta property=\"article:modified_time\" content=\"2026-02-10T19:46:25+00:00\" \/>\n<meta property=\"og:image\" content=\"https:\/\/micasatucasaibiza.com\/wp-content\/uploads\/2023\/06\/booking-conditions.jpg\" \/>\n\t<meta property=\"og:image:width\" content=\"2048\" \/>\n\t<meta property=\"og:image:height\" content=\"1453\" \/>\n\t<meta property=\"og:image:type\" content=\"image\/jpeg\" \/>\n<meta name=\"twitter:label1\" content=\"Dur\u00e9e de lecture estim\u00e9e\" \/>\n\t<meta name=\"twitter:data1\" content=\"2 minutes\" \/>\n<script type=\"application\/ld+json\" class=\"yoast-schema-graph\">{\"@context\":\"https:\/\/schema.org\",\"@graph\":[{\"@type\":\"WebPage\",\"@id\":\"https:\/\/micasatucasaibiza.com\/fr\/booking-conditions\/\",\"url\":\"\/fr\/\",\"name\":\"Ibiza Holiday Booking | Mi Casa Tu Casa Ibiza\",\"isPartOf\":{\"@id\":\"https:\/\/micasatucasaibiza.com\/fr\/#website\"},\"primaryImageOfPage\":{\"@id\":\"\/fr\/#primaryimage\"},\"image\":{\"@id\":\"\/#primaryimage\"},\"thumbnailUrl\":\"https:\/\/micasatucasaibiza.com\/wp-content\/uploads\/2023\/06\/booking-conditions.jpg\",\"datePublished\":\"2020-04-17T12:08:17+00:00\",\"dateModified\":\"2026-02-10T19:46:25+00:00\",\"description\":\"Our Ibiza holiday booking conditions give you more flexibility and more peace of mind and we offer you the best in holiday booking conditions.\",\"breadcrumb\":{\"@id\":\"\/fr\/#breadcrumb\"},\"inLanguage\":\"fr-FR\",\"potentialAction\":[{\"@type\":\"ReadAction\",\"target\":[[\"\/fr\/\"]]}]},{\"@type\":\"ImageObject\",\"inLanguage\":\"fr-FR\",\"@id\":\"\/fr\/#primaryimage\",\"url\":\"https:\/\/micasatucasaibiza.com\/wp-content\/uploads\/2023\/06\/booking-conditions.jpg\",\"contentUrl\":\"https:\/\/micasatucasaibiza.com\/wp-content\/uploads\/2023\/06\/booking-conditions.jpg\",\"width\":2048,\"height\":1453,\"caption\":\"booking conditions\"},{\"@type\":\"BreadcrumbList\",\"@id\":\"\/fr\/#breadcrumb\",\"itemListElement\":[{\"@type\":\"ListItem\",\"position\":1,\"name\":\"Home\",\"item\":\"https:\/\/micasatucasaibiza.com\/fr\/\"},{\"@type\":\"ListItem\",\"position\":2,\"name\":\"Book with confidence &#8211; Our villa holiday booking conditions\"}]},{\"@type\":\"WebSite\",\"@id\":\"https:\/\/micasatucasaibiza.com\/fr\/#website\",\"url\":\"https:\/\/micasatucasaibiza.com\/fr\/\",\"name\":\"Mi Casa Tu Casa Ibiza\",\"description\":\"Special villas. Exclusively managed.\",\"publisher\":{\"@id\":\"https:\/\/micasatucasaibiza.com\/fr\/#organization\"},\"potentialAction\":[{\"@type\":\"SearchAction\",\"target\":{\"@type\":\"EntryPoint\",\"urlTemplate\":\"https:\/\/micasatucasaibiza.com\/fr\/?s={search_term_string}\"},\"query-input\":{\"@type\":\"PropertyValueSpecification\",\"valueRequired\":true,\"valueName\":\"search_term_string\"}}],\"inLanguage\":\"fr-FR\"},{\"@type\":\"Organization\",\"@id\":\"https:\/\/micasatucasaibiza.com\/fr\/#organization\",\"name\":\"Mi Casa Tu Casa Ibiza\",\"url\":\"https:\/\/micasatucasaibiza.com\/fr\/\",\"logo\":{\"@type\":\"ImageObject\",\"inLanguage\":\"fr-FR\",\"@id\":\"https:\/\/micasatucasaibiza.com\/fr\/#\/schema\/logo\/image\/\",\"url\":\"https:\/\/micasatucasaibiza.com\/wp-content\/uploads\/logo.gif\",\"contentUrl\":\"https:\/\/micasatucasaibiza.com\/wp-content\/uploads\/logo.gif\",\"width\":226,\"height\":97,\"caption\":\"Mi Casa Tu Casa Ibiza\"},\"image\":{\"@id\":\"https:\/\/micasatucasaibiza.com\/fr\/#\/schema\/logo\/image\/\"},\"sameAs\":[\"https:\/\/www.facebook.com\/MiCasaTuCasaIbiza\/\",\"https:\/\/www.instagram.com\/micasatucasaibiza\/\"]}]}<\/script>\n<!-- \/ Yoast SEO plugin. -->","yoast_head_json":{"title":"Ibiza Holiday Booking | Mi Casa Tu Casa Ibiza","description":"Our Ibiza holiday booking conditions give you more flexibility and more peace of mind and we offer you the best in holiday booking conditions.","robots":{"index":"index","follow":"follow","max-snippet":"max-snippet:-1","max-image-preview":"max-image-preview:large","max-video-preview":"max-video-preview:-1"},"canonical":"\/fr\/","og_locale":"fr_FR","og_type":"article","og_title":"Ibiza Holiday Booking | Mi Casa Tu Casa Ibiza","og_description":"Our Ibiza holiday booking conditions give you more flexibility and more peace of mind and we offer you the best in holiday booking conditions.","og_url":"\/fr\/","og_site_name":"Mi Casa Tu Casa Ibiza","article_publisher":"https:\/\/www.facebook.com\/MiCasaTuCasaIbiza\/","article_modified_time":"2026-02-10T19:46:25+00:00","og_image":[{"width":2048,"height":1453,"url":"https:\/\/micasatucasaibiza.com\/wp-content\/uploads\/2023\/06\/booking-conditions.jpg","type":"image\/jpeg"}],"twitter_misc":{"Dur\u00e9e de lecture estim\u00e9e":"2 minutes"},"schema":{"@context":"https:\/\/schema.org","@graph":[{"@type":"WebPage","@id":"https:\/\/micasatucasaibiza.com\/fr\/booking-conditions\/","url":"\/fr\/","name":"Ibiza Holiday Booking | Mi Casa Tu Casa Ibiza","isPartOf":{"@id":"https:\/\/micasatucasaibiza.com\/fr\/#website"},"primaryImageOfPage":{"@id":"\/fr\/#primaryimage"},"image":{"@id":"\/#primaryimage"},"thumbnailUrl":"https:\/\/micasatucasaibiza.com\/wp-content\/uploads\/2023\/06\/booking-conditions.jpg","datePublished":"2020-04-17T12:08:17+00:00","dateModified":"2026-02-10T19:46:25+00:00","description":"Our Ibiza holiday booking conditions give you more flexibility and more peace of mind and we offer you the best in holiday booking conditions.","breadcrumb":{"@id":"\/fr\/#breadcrumb"},"inLanguage":"fr-FR","potentialAction":[{"@type":"ReadAction","target":[["\/fr\/"]]}]},{"@type":"ImageObject","inLanguage":"fr-FR","@id":"\/fr\/#primaryimage","url":"https:\/\/micasatucasaibiza.com\/wp-content\/uploads\/2023\/06\/booking-conditions.jpg","contentUrl":"https:\/\/micasatucasaibiza.com\/wp-content\/uploads\/2023\/06\/booking-conditions.jpg","width":2048,"height":1453,"caption":"booking conditions"},{"@type":"BreadcrumbList","@id":"\/fr\/#breadcrumb","itemListElement":[{"@type":"ListItem","position":1,"name":"Home","item":"https:\/\/micasatucasaibiza.com\/fr\/"},{"@type":"ListItem","position":2,"name":"Book with confidence &#8211; Our villa holiday booking conditions"}]},{"@type":"WebSite","@id":"https:\/\/micasatucasaibiza.com\/fr\/#website","url":"https:\/\/micasatucasaibiza.com\/fr\/","name":"Mi Casa Tu Casa Ibiza","description":"Special villas. Exclusively managed.","publisher":{"@id":"https:\/\/micasatucasaibiza.com\/fr\/#organization"},"potentialAction":[{"@type":"SearchAction","target":{"@type":"EntryPoint","urlTemplate":"https:\/\/micasatucasaibiza.com\/fr\/?s={search_term_string}"},"query-input":{"@type":"PropertyValueSpecification","valueRequired":true,"valueName":"search_term_string"}}],"inLanguage":"fr-FR"},{"@type":"Organization","@id":"https:\/\/micasatucasaibiza.com\/fr\/#organization","name":"Mi Casa Tu Casa Ibiza","url":"https:\/\/micasatucasaibiza.com\/fr\/","logo":{"@type":"ImageObject","inLanguage":"fr-FR","@id":"https:\/\/micasatucasaibiza.com\/fr\/#\/schema\/logo\/image\/","url":"https:\/\/micasatucasaibiza.com\/wp-content\/uploads\/logo.gif","contentUrl":"https:\/\/micasatucasaibiza.com\/wp-content\/uploads\/logo.gif","width":226,"height":97,"caption":"Mi Casa Tu Casa Ibiza"},"image":{"@id":"https:\/\/micasatucasaibiza.com\/fr\/#\/schema\/logo\/image\/"},"sameAs":["https:\/\/www.facebook.com\/MiCasaTuCasaIbiza\/","https:\/\/www.instagram.com\/micasatucasaibiza\/"]}]}},"_links":{"self":[{"href":"https:\/\/micasatucasaibiza.com\/fr\/wp-json\/wp\/v2\/pages\/8907","targetHints":{"allow":["GET"]}}],"collection":[{"href":"https:\/\/micasatucasaibiza.com\/fr\/wp-json\/wp\/v2\/pages"}],"about":[{"href":"https:\/\/micasatucasaibiza.com\/fr\/wp-json\/wp\/v2\/types\/page"}],"author":[{"embeddable":true,"href":"https:\/\/micasatucasaibiza.com\/fr\/wp-json\/wp\/v2\/users\/1"}],"replies":[{"embeddable":true,"href":"https:\/\/micasatucasaibiza.com\/fr\/wp-json\/wp\/v2\/comments?post=8907"}],"version-history":[{"count":10,"href":"https:\/\/micasatucasaibiza.com\/fr\/wp-json\/wp\/v2\/pages\/8907\/revisions"}],"predecessor-version":[{"id":18154,"href":"https:\/\/micasatucasaibiza.com\/fr\/wp-json\/wp\/v2\/pages\/8907\/revisions\/18154"}],"wp:featuredmedia":[{"embeddable":true,"href":"https:\/\/micasatucasaibiza.com\/fr\/wp-json\/wp\/v2\/media\/14380"}],"wp:attachment":[{"href":"https:\/\/micasatucasaibiza.com\/fr\/wp-json\/wp\/v2\/media?parent=8907"}],"curies":[{"name":"wp","href":"https:\/\/api.w.org\/{rel}","templated":true}]}}